{"id":4146,"date":"2025-11-24T15:09:08","date_gmt":"2025-11-24T14:09:08","guid":{"rendered":"https:\/\/ferqui.com\/?page_id=4146"},"modified":"2025-11-24T16:07:33","modified_gmt":"2025-11-24T15:07:33","slug":"desconexion-digital","status":"publish","type":"page","link":"https:\/\/ferqui.com\/en\/desconexion-digital\/","title":{"rendered":"Desconexi\u00f3n Digital"},"content":{"rendered":"\n<p>En cumplimiento del art\u00edculo 88 de la Ley Org\u00e1nica 3\/2018, de Protecci\u00f3n de Datos Personales y garant\u00eda de los derechos digitales, del art\u00edculo 20 bis del Estatuto de los Trabajadores y del art\u00edculo 18 de la Ley 10\/2021 de Trabajo a Distancia, CARROCER\u00cdAS FERQUI, S.L., mercantil dedicada a la fabricaci\u00f3n de minibuses y midibuses en el Principado de Asturias, establece el presente Protocolo de Desconexi\u00f3n Digital, como instrumento para proteger el derecho al descanso, la intimidad y la salud de su equipo humano.<\/p>\n\n\n\n<div data-wp-interactive=\"core\/file\" class=\"wp-block-file\"><object data-wp-bind--hidden=\"!state.hasPdfPreview\" hidden class=\"wp-block-file__embed\" data=\"https:\/\/ferqui.com\/wp-content\/uploads\/2025\/11\/251112_PROTOCOLO-DESCONEXION-DIGITAL.pdf\" type=\"application\/pdf\" style=\"width:100%;height:600px\" aria-label=\"Embed of 251112_PROTOCOLO DESCONEXIO\u0301N DIGITAL.\"><\/object><a id=\"wp-block-file--media-442066dd-9616-4d3e-befb-2cdb72bf1ee9\" href=\"https:\/\/ferqui.com\/wp-content\/uploads\/2025\/11\/251112_PROTOCOLO-DESCONEXION-DIGITAL.pdf\">251112_PROTOCOLO DESCONEXIO\u0301N DIGITAL<\/a><a href=\"https:\/\/ferqui.com\/wp-content\/uploads\/2025\/11\/251112_PROTOCOLO-DESCONEXION-DIGITAL.pdf\" class=\"wp-block-file__button wp-element-button\" download aria-describedby=\"wp-block-file--media-442066dd-9616-4d3e-befb-2cdb72bf1ee9\">Descarga<\/a><\/div>\n","protected":false},"excerpt":{"rendered":"<p>En cumplimiento del art\u00edculo 88 de la Ley Org\u00e1nica 3\/2018, de Protecci\u00f3n de Datos Personales y garant\u00eda de los derechos digitales, del art\u00edculo 20 bis del Estatuto de los Trabajadores y del art\u00edculo 18 de la Ley 10\/2021 de Trabajo a Distancia, CARROCER\u00cdAS FERQUI, S.L., mercantil dedicada a la fabricaci\u00f3n de minibuses y midibuses en [&hellip;]<\/p>\n","protected":false},"author":1,"featured_media":0,"parent":0,"menu_order":0,"comment_status":"closed","ping_status":"closed","template":"","meta":{"footnotes":""},"class_list":["post-4146","page","type-page","status-publish","hentry"],"_links":{"self":[{"href":"https:\/\/ferqui.com\/en\/wp-json\/wp\/v2\/pages\/4146","targetHints":{"allow":["GET"]}}],"collection":[{"href":"https:\/\/ferqui.com\/en\/wp-json\/wp\/v2\/pages"}],"about":[{"href":"https:\/\/ferqui.com\/en\/wp-json\/wp\/v2\/types\/page"}],"author":[{"embeddable":true,"href":"https:\/\/ferqui.com\/en\/wp-json\/wp\/v2\/users\/1"}],"replies":[{"embeddable":true,"href":"https:\/\/ferqui.com\/en\/wp-json\/wp\/v2\/comments?post=4146"}],"version-history":[{"count":2,"href":"https:\/\/ferqui.com\/en\/wp-json\/wp\/v2\/pages\/4146\/revisions"}],"predecessor-version":[{"id":4156,"href":"https:\/\/ferqui.com\/en\/wp-json\/wp\/v2\/pages\/4146\/revisions\/4156"}],"wp:attachment":[{"href":"https:\/\/ferqui.com\/en\/wp-json\/wp\/v2\/media?parent=4146"}],"curies":[{"name":"wp","href":"https:\/\/api.w.org\/{rel}","templated":true}]}}