{"id":2293,"date":"2023-10-06T14:19:29","date_gmt":"2023-10-06T12:19:29","guid":{"rendered":"https:\/\/ferqui.com\/sunrise-f2-pmr-pt\/"},"modified":"2024-03-01T12:45:20","modified_gmt":"2024-03-01T11:45:20","slug":"sunrise-f2-pmr-pt","status":"publish","type":"page","link":"https:\/\/ferqui.com\/fr\/sunrise-f2-pmr-pt\/","title":{"rendered":"SUNRISE F2 PMR PT"},"content":{"rendered":"\n<div data-slider-type=\"slider\" data-per-view=\"1\" data-focus-at=\"center\" data-gap=\"10\" data-autoplay=\"5000\" data-hoverpause=\"true\" data-animation-duration=\"400\" data-animation-timing-func=\"cubic-bezier(0.165, 0.840, 0.440, 1.000)\" data-peek-before=\"0\" data-peek-after=\"0\" data-breakpoints=\"\" class=\"wp-block-sci-blocks-sci-slider sci-blocks-slider glide\"><div class=\"glide__track\" data-glide-el=\"track\"><div class=\"glide__slides is-layout-flow wp-block-sci-slider-is-layout-flow\">\n<figure class=\"wp-block-image size-full\"><img loading=\"lazy\" decoding=\"async\" width=\"1600\" height=\"434\" src=\"https:\/\/ferqui.com\/wp-content\/uploads\/2023\/10\/pmrpt.jpg\" alt=\"\" class=\"wp-image-768\" srcset=\"https:\/\/ferqui.com\/wp-content\/uploads\/2023\/10\/pmrpt.jpg 1600w, https:\/\/ferqui.com\/wp-content\/uploads\/2023\/10\/pmrpt-800x217.jpg 800w, https:\/\/ferqui.com\/wp-content\/uploads\/2023\/10\/pmrpt-768x208.jpg 768w, https:\/\/ferqui.com\/wp-content\/uploads\/2023\/10\/pmrpt-1536x417.jpg 1536w\" sizes=\"auto, (max-width: 1600px) 100vw, 1600px\" \/><\/figure><\/div><\/div><div class=\"glide__bullets\" data-glide-el=\"controls[nav]\"><button class=\"glide__bullet\" data-glide-dir=\"=0\"><\/button><\/div><div class=\"glide__arrows\" data-glide-el=\"controls\"><button class=\"glide__arrow glide__arrow--left\" data-glide-dir=\"<\"><span class=\"screen-reader-text\">Anterior<\/span><div><svg xmlns=\"http:\/\/www.w3.org\/2000\/svg\" width=\"18\" height=\"18\" viewBox=\"0 0 24 24\"><path fill=\"#fff\" d=\"M0 12l10.975 11 2.848-2.828-6.176-6.176H24v-3.992H7.646l6.176-6.176L10.975 1 0 12z\"><\/path><\/svg><\/div><\/button><button class=\"glide__arrow glide__arrow--right\" data-glide-dir=\"&gt;\"><span class=\"screen-reader-text\">Siguiente<\/span><div><svg xmlns=\"http:\/\/www.w3.org\/2000\/svg\" width=\"18\" height=\"18\" viewBox=\"0 0 24 24\"><path fill=\"#fff\" d=\"M24 12l-10.975 11-2.848-2.828 6.176-6.176H0v-3.992h16.354l-6.176-6.176L13.025 1 24 12z\"><\/path><\/svg><\/div><\/button><\/div><\/div>\n\n<div class=\"wp-block-columns is-layout-flex wp-container-core-columns-is-layout-28f84493 wp-block-columns-is-layout-flex\">\n<div class=\"wp-block-column is-layout-flow wp-block-column-is-layout-flow\">\n<div style=\"height:63px\" aria-hidden=\"true\" class=\"wp-block-spacer\"><\/div>\n\n\n\n<figure class=\"wp-block-image aligncenter size-full is-resized\"><img loading=\"lazy\" decoding=\"async\" src=\"https:\/\/ferqui.com\/wp-content\/uploads\/2023\/10\/1-1.png\" alt=\"\" class=\"wp-image-767\" style=\"width:561px;height:266px\" width=\"561\" height=\"266\"><\/figure><\/div>\n\n\n\n<div class=\"wp-block-column is-layout-flow wp-block-column-is-layout-flow\">\n<div style=\"height:42px\" aria-hidden=\"true\" class=\"wp-block-spacer\"><\/div>\n\n\n\n<p class=\"has-white-color has-primary-background-color has-text-color has-background\">IVECO DAILY &#8211; FERQUI SUNRISE F2<\/p>\n\n\n\n<p>Carrosserie polyvalente et tr\u00e8s commerciale, adapt\u00e9e \u00e0 tout type de service de transport de personnes, con\u00e7ue sur les ch\u00e2ssis Iveco Daily 70C, en version Diesel, et Iveco 70C14 en version GNC (Gaz Naturel Comprim\u00e9), et d\u2019une longueur de 8,5 m.<br\/><br\/>\u00c9galement polyvalent et commercial gr\u00e2ce aux diff\u00e9rentes versions, \u00e0 la fois en diesel et en GNC : STANDARD avec des capacit\u00e9s maximales de 24, 28, 32 ou 33 places assises ; PMR pouvant accueillir jusqu\u2019\u00e0 8 fauteuils roulants ; SEMI-URBAIN avec plate-forme \u00e0 plancher bas \u00e0 l\u2019arri\u00e8re et GRAND COFFRE de 24 places (Diesel uniquement).<\/p>\n<\/div>\n<\/div>\n\n<div class=\"wp-block-columns is-layout-flex wp-container-core-columns-is-layout-28f84493 wp-block-columns-is-layout-flex\">\n<div class=\"wp-block-column is-layout-flow wp-block-column-is-layout-flow\"><\/div>\n<\/div>\n\n<figure class=\"wp-block-image aligncenter size-full is-resized\"><img loading=\"lazy\" decoding=\"async\" src=\"https:\/\/ferqui.com\/wp-content\/uploads\/2023\/10\/CENTRO-3.jpg\" alt=\"\" class=\"wp-image-769\" style=\"width:1151px;height:485px\" width=\"1151\" height=\"485\"><\/figure>\n<div class=\"wp-block-columns alignfull has-text-color has-background is-layout-flex wp-container-core-columns-is-layout-28f84493 wp-block-columns-is-layout-flex\" style=\"color:#000000;background-color:#ffffff\">\n<div class=\"wp-block-column is-layout-flow wp-block-column-is-layout-flow\">\n<ul class=\"wp-block-list\">\n<li>Carrosserie sur ch\u00e2ssis lveco Daily 70C<\/li>\n\n\n\n<li>28 si\u00e8ges inclinables<\/li>\n\n\n\n<li>Si\u00e8ge conducteur lveco d\u2019origine<\/li>\n\n\n\n<li>Si\u00e8ge de guidage<\/li>\n\n\n\n<li>Double vitrage double face teint\u00e9 fonc\u00e9<\/li>\n\n\n\n<li>1 porte de service \u00e9lectrique<\/li>\n\n\n\n<li>1 porte de secours c\u00f4t\u00e9 droit<\/li>\n\n\n\n<li>1 plate-forme pour personnes \u00e0 mobilit\u00e9 r\u00e9duite \u00e0 l\u2019arri\u00e8re, type colonne<\/li>\n<\/ul>\n<\/div>\n\n\n\n<div class=\"wp-block-column is-layout-flow wp-block-column-is-layout-flow\">\n<ul class=\"wp-block-list\">\n<li>2 coffres lat\u00e9raux et un compartiment pour la roue de secours<\/li>\n\n\n\n<li>Chauffage par convecteur, des deux c\u00f4t\u00e9s.<\/li>\n\n\n\n<li>Porte-bagages avec bouche d\u2019a\u00e9ration et lampes de lecture individuelles<\/li>\n\n\n\n<li>Climatisation au plafond<\/li>\n\n\n\n<li>Convient pour jusqu\u2019\u00e0 8 fauteuils roulants<\/li>\n\n\n\n<li>1 jeu d\u2019ancrages pour 1 fauteuil roulant<\/li>\n\n\n\n<li>2 trappes de toit<\/li>\n\n\n\n<li>Radio avec connexion USB<\/li>\n<\/ul>\n<\/div>\n\n\n\n<div class=\"wp-block-column is-layout-flow wp-block-column-is-layout-flow\">\n<p class=\"has-white-color has-primary-background-color has-text-color has-background\"><strong>\u00c9QUIPEMENT STANDARD<\/strong><\/p>\n\n\n\n<ul class=\"wp-block-list\">\n<li>Microphone du conducteur<\/li>\n\n\n\n<li>Conducteur de l\u00e8ve-vitre \u00e9lectrique.<\/li>\n\n\n\n<li>Tapis de protection du conducteur<\/li>\n\n\n\n<li>Pare-soleil \u00e0 commande manuelle sur la vitre avant<\/li>\n\n\n\n<li>Peinture acrylique, 1 couleur non m\u00e9tallique<\/li>\n\n\n\n<li>Enjoliveurs de roues<\/li>\n\n\n\n<li>Adapt\u00e9 \u00e0 la r\u00e9glementation espagnole en mati\u00e8re de transport scolaire<\/li>\n<\/ul>\n<\/div>\n<\/div>\n\n<div style=\"height:72px\" aria-hidden=\"true\" class=\"wp-block-spacer\"><\/div>\n","protected":false},"excerpt":{"rendered":"<p>IVECO DAILY &#8211; FERQUI SUNRISE F2 Carrosserie polyvalente et tr\u00e8s commerciale, adapt\u00e9e \u00e0 tout type de service de transport de personnes, con\u00e7ue sur les ch\u00e2ssis Iveco Daily 70C, en version Diesel, et Iveco 70C14 en version GNC (Gaz Naturel Comprim\u00e9), et d\u2019une longueur de 8,5 m. \u00c9galement polyvalent et commercial gr\u00e2ce aux diff\u00e9rentes versions, \u00e0 [&hellip;]<\/p>\n","protected":false},"author":1,"featured_media":0,"parent":0,"menu_order":0,"comment_status":"closed","ping_status":"closed","template":"","meta":{"footnotes":""},"class_list":["post-2293","page","type-page","status-publish","hentry"],"_links":{"self":[{"href":"https:\/\/ferqui.com\/fr\/wp-json\/wp\/v2\/pages\/2293","targetHints":{"allow":["GET"]}}],"collection":[{"href":"https:\/\/ferqui.com\/fr\/wp-json\/wp\/v2\/pages"}],"about":[{"href":"https:\/\/ferqui.com\/fr\/wp-json\/wp\/v2\/types\/page"}],"author":[{"embeddable":true,"href":"https:\/\/ferqui.com\/fr\/wp-json\/wp\/v2\/users\/1"}],"replies":[{"embeddable":true,"href":"https:\/\/ferqui.com\/fr\/wp-json\/wp\/v2\/comments?post=2293"}],"version-history":[{"count":2,"href":"https:\/\/ferqui.com\/fr\/wp-json\/wp\/v2\/pages\/2293\/revisions"}],"predecessor-version":[{"id":2495,"href":"https:\/\/ferqui.com\/fr\/wp-json\/wp\/v2\/pages\/2293\/revisions\/2495"}],"wp:attachment":[{"href":"https:\/\/ferqui.com\/fr\/wp-json\/wp\/v2\/media?parent=2293"}],"curies":[{"name":"wp","href":"https:\/\/api.w.org\/{rel}","templated":true}]}}