{"id":2301,"date":"2023-10-05T23:40:56","date_gmt":"2023-10-05T21:40:56","guid":{"rendered":"https:\/\/ferqui.com\/nora\/"},"modified":"2024-03-01T12:45:10","modified_gmt":"2024-03-01T11:45:10","slug":"nora","status":"publish","type":"page","link":"https:\/\/ferqui.com\/fr\/nora\/","title":{"rendered":"NORA"},"content":{"rendered":"\n<div data-slider-type=\"slider\" data-per-view=\"1\" data-focus-at=\"center\" data-gap=\"10\" data-autoplay=\"5000\" data-hoverpause=\"true\" data-animation-duration=\"400\" data-animation-timing-func=\"cubic-bezier(0.165, 0.840, 0.440, 1.000)\" data-peek-before=\"0\" data-peek-after=\"0\" data-breakpoints=\"\" class=\"wp-block-sci-blocks-sci-slider sci-blocks-slider glide\"><div class=\"glide__track\" data-glide-el=\"track\"><div class=\"glide__slides is-layout-flow wp-block-sci-slider-is-layout-flow\">\n<figure class=\"wp-block-image size-large\"><img loading=\"lazy\" decoding=\"async\" width=\"1600\" height=\"428\" src=\"https:\/\/ferqui.com\/wp-content\/uploads\/2023\/10\/NORAC1-1600x428.jpg\" alt=\"\" class=\"wp-image-565\" srcset=\"https:\/\/ferqui.com\/wp-content\/uploads\/2023\/10\/NORAC1-1600x428.jpg 1600w, https:\/\/ferqui.com\/wp-content\/uploads\/2023\/10\/NORAC1-800x214.jpg 800w, https:\/\/ferqui.com\/wp-content\/uploads\/2023\/10\/NORAC1-768x205.jpg 768w, https:\/\/ferqui.com\/wp-content\/uploads\/2023\/10\/NORAC1-1536x411.jpg 1536w, https:\/\/ferqui.com\/wp-content\/uploads\/2023\/10\/NORAC1.jpg 1900w\" sizes=\"auto, (max-width: 1600px) 100vw, 1600px\" \/><\/figure><\/div><\/div><div class=\"glide__bullets\" data-glide-el=\"controls[nav]\"><button class=\"glide__bullet\" data-glide-dir=\"=0\"><\/button><\/div><div class=\"glide__arrows\" data-glide-el=\"controls\"><button class=\"glide__arrow glide__arrow--left\" data-glide-dir=\"<\"><span class=\"screen-reader-text\">Anterior<\/span><div><svg xmlns=\"http:\/\/www.w3.org\/2000\/svg\" width=\"18\" height=\"18\" viewBox=\"0 0 24 24\"><path fill=\"#fff\" d=\"M0 12l10.975 11 2.848-2.828-6.176-6.176H24v-3.992H7.646l6.176-6.176L10.975 1 0 12z\"><\/path><\/svg><\/div><\/button><button class=\"glide__arrow glide__arrow--right\" data-glide-dir=\"&gt;\"><span class=\"screen-reader-text\">Siguiente<\/span><div><svg xmlns=\"http:\/\/www.w3.org\/2000\/svg\" width=\"18\" height=\"18\" viewBox=\"0 0 24 24\"><path fill=\"#fff\" d=\"M24 12l-10.975 11-2.848-2.828 6.176-6.176H0v-3.992h16.354l-6.176-6.176L13.025 1 24 12z\"><\/path><\/svg><\/div><\/button><\/div><\/div>\n\n<div class=\"wp-block-columns is-layout-flex wp-container-core-columns-is-layout-28f84493 wp-block-columns-is-layout-flex\">\n<div class=\"wp-block-column is-layout-flow wp-block-column-is-layout-flow\">\n<div style=\"height:100px\" aria-hidden=\"true\" class=\"wp-block-spacer\"><\/div>\n\n\n\n<figure class=\"wp-block-image aligncenter size-full is-resized\"><img loading=\"lazy\" decoding=\"async\" width=\"638\" height=\"432\" src=\"https:\/\/ferqui.com\/wp-content\/uploads\/2023\/10\/NORAES-1.png\" alt=\"\" class=\"wp-image-569\" style=\"width:504px;height:341px\"><\/figure><\/div>\n\n\n\n<div class=\"wp-block-column is-layout-flow wp-block-column-is-layout-flow\">\n<div style=\"height:42px\" aria-hidden=\"true\" class=\"wp-block-spacer\"><\/div>\n\n\n\n<p class=\"has-white-color has-primary-background-color has-text-color has-background\">IVECO EUROCARGO CC100 &#8211; FERQUI NORA<\/p>\n\n\n\n<p>Ce midibus est pr\u00e9sent\u00e9 avec une configuration maximale de 37 places plus le conducteur, sur un ch\u00e2ssis IVECO CC100 Eurocargo, avec un moteur de 220 ch. Dans sa version, PMR propose une configuration de 36 places plus conducteur, avec une capacit\u00e9 de charge allant jusqu\u2019\u00e0 8 fauteuils roulants.<\/p>\n\n\n\n<p>De nouveaux alliages d\u2019acier plus l\u00e9gers ont \u00e9t\u00e9 utilis\u00e9s dans sa construction, ce qui permet de r\u00e9duire jusqu\u2019\u00e0 20 % le poids de la structure, par rapport aux pr\u00e9c\u00e9dents, ce qui permet de r\u00e9duire la consommation, \u00e9galement en respectant les exigences de la nouvelle norme R.66.02, qui d\u00e9termine avec pr\u00e9cision \u00ab\u00a0l\u2019espace de survie\u00a0\u00bb que la structure de la carrosserie doit garantir en cas de retournement.<\/p>\n\n\n\n<p>De m\u00eame, l\u2019ensemble du rev\u00eatement ext\u00e9rieur est compos\u00e9 de panneaux de fibre de verre, ce qui offre une r\u00e9sistance in\u00e9gal\u00e9e aux chocs, aux intemp\u00e9ries et aux effets abrasifs, tout en offrant une apparence et une durabilit\u00e9 sup\u00e9rieures.<\/p>\n\n\n\n<p>Ils offrent \u00e9galement une valeur ajout\u00e9e en raison de leur faible co\u00fbt d\u2019entretien, combin\u00e9 \u00e0 des \u00e9conomies de consommation de carburant.<\/p>\n\n\n\n<p>Il est d\u00e9velopp\u00e9 en trois versions :<\/p>\n\n\n\n<ul class=\"wp-block-list\">\n<li>STANDARD NORA<\/li>\n\n\n\n<li>NORA PMR<\/li>\n<\/ul>\n<\/div>\n<\/div>\n\n<div class=\"wp-block-columns is-layout-flex wp-container-core-columns-is-layout-28f84493 wp-block-columns-is-layout-flex\">\n<div class=\"wp-block-column is-layout-flow wp-block-column-is-layout-flow\"><\/div>\n<\/div>\n\n<figure class=\"wp-block-image aligncenter size-large\"><img loading=\"lazy\" decoding=\"async\" width=\"1600\" height=\"383\" src=\"https:\/\/ferqui.com\/wp-content\/uploads\/2023\/10\/CENTRO-1-1600x383.jpg\" alt=\"\" class=\"wp-image-570\" srcset=\"https:\/\/ferqui.com\/wp-content\/uploads\/2023\/10\/CENTRO-1-1600x383.jpg 1600w, https:\/\/ferqui.com\/wp-content\/uploads\/2023\/10\/CENTRO-1-800x192.jpg 800w, https:\/\/ferqui.com\/wp-content\/uploads\/2023\/10\/CENTRO-1-768x184.jpg 768w, https:\/\/ferqui.com\/wp-content\/uploads\/2023\/10\/CENTRO-1-1536x368.jpg 1536w, https:\/\/ferqui.com\/wp-content\/uploads\/2023\/10\/CENTRO-1.jpg 1900w\" sizes=\"auto, (max-width: 1600px) 100vw, 1600px\" \/><\/figure>\n<div style=\"height:72px\" aria-hidden=\"true\" class=\"wp-block-spacer\"><\/div>\n\n<div class=\"wp-block-columns alignfull has-text-color has-background is-layout-flex wp-container-core-columns-is-layout-28f84493 wp-block-columns-is-layout-flex\" style=\"color:#000000;background-color:#ffffff\">\n<div class=\"wp-block-column is-layout-flow wp-block-column-is-layout-flow\"><\/div>\n\n\n\n<div class=\"wp-block-column is-layout-flow wp-block-column-is-layout-flow\">\n<figure class=\"wp-block-image size-full\"><a href=\"https:\/\/ferqui.com\/fr\/norapmr\/\"><img loading=\"lazy\" decoding=\"async\" width=\"425\" height=\"180\" src=\"https:\/\/ferqui.com\/wp-content\/uploads\/2023\/10\/norapmr.jpg\" alt=\"\" class=\"wp-image-571\"><\/a><\/figure><\/div>\n\n\n\n<div class=\"wp-block-column is-layout-flow wp-block-column-is-layout-flow\"><\/div>\n<\/div>\n\n<div class=\"wp-block-buttons has-custom-font-size has-large-font-size is-content-justification-center is-layout-flex wp-container-core-buttons-is-layout-acf7dc97 wp-block-buttons-is-layout-flex\" style=\"margin-top:0;margin-bottom:0\">\n<div class=\"wp-block-button has-custom-font-size is-style-fill has-medium-font-size\"><a class=\"wp-block-button__link has-primary-background-color has-background wp-element-button\" href=\"https:\/\/ferqui.com\/wp-content\/uploads\/2023\/12\/FOLLETO-NORA-TRAVEL-2022.pdf\" style=\"border-style:none;border-width:0px;border-radius:12px;padding-right:var(--wp--preset--spacing--30);padding-left:var(--wp--preset--spacing--30)\" target=\"_blank\" rel=\"noreferrer noopener\">T\u00e9l\u00e9charger le catalogue<\/a><\/div>\n<\/div>\n","protected":false},"excerpt":{"rendered":"<p>IVECO EUROCARGO CC100 &#8211; FERQUI NORA Ce midibus est pr\u00e9sent\u00e9 avec une configuration maximale de 37 places plus le conducteur, sur un ch\u00e2ssis IVECO CC100 Eurocargo, avec un moteur de 220 ch. Dans sa version, PMR propose une configuration de 36 places plus conducteur, avec une capacit\u00e9 de charge allant jusqu\u2019\u00e0 8 fauteuils roulants. De [&hellip;]<\/p>\n","protected":false},"author":1,"featured_media":0,"parent":0,"menu_order":0,"comment_status":"closed","ping_status":"closed","template":"","meta":{"footnotes":""},"class_list":["post-2301","page","type-page","status-publish","hentry"],"_links":{"self":[{"href":"https:\/\/ferqui.com\/fr\/wp-json\/wp\/v2\/pages\/2301","targetHints":{"allow":["GET"]}}],"collection":[{"href":"https:\/\/ferqui.com\/fr\/wp-json\/wp\/v2\/pages"}],"about":[{"href":"https:\/\/ferqui.com\/fr\/wp-json\/wp\/v2\/types\/page"}],"author":[{"embeddable":true,"href":"https:\/\/ferqui.com\/fr\/wp-json\/wp\/v2\/users\/1"}],"replies":[{"embeddable":true,"href":"https:\/\/ferqui.com\/fr\/wp-json\/wp\/v2\/comments?post=2301"}],"version-history":[{"count":2,"href":"https:\/\/ferqui.com\/fr\/wp-json\/wp\/v2\/pages\/2301\/revisions"}],"predecessor-version":[{"id":2538,"href":"https:\/\/ferqui.com\/fr\/wp-json\/wp\/v2\/pages\/2301\/revisions\/2538"}],"wp:attachment":[{"href":"https:\/\/ferqui.com\/fr\/wp-json\/wp\/v2\/media?parent=2301"}],"curies":[{"name":"wp","href":"https:\/\/api.w.org\/{rel}","templated":true}]}}