{"id":2303,"date":"2023-10-05T22:50:40","date_gmt":"2023-10-05T20:50:40","guid":{"rendered":"https:\/\/ferqui.com\/especiales\/"},"modified":"2025-03-28T11:29:22","modified_gmt":"2025-03-28T10:29:22","slug":"especiales","status":"publish","type":"page","link":"https:\/\/ferqui.com\/fr\/especiales\/","title":{"rendered":"SP\u00c9CIAL"},"content":{"rendered":"\n<div data-slider-type=\"slider\" data-per-view=\"1\" data-focus-at=\"center\" data-gap=\"10\" data-autoplay=\"5000\" data-hoverpause=\"true\" data-animation-duration=\"400\" data-animation-timing-func=\"cubic-bezier(0.165, 0.840, 0.440, 1.000)\" data-peek-before=\"0\" data-peek-after=\"0\" data-breakpoints=\"\" class=\"wp-block-sci-blocks-sci-slider sci-blocks-slider glide\"><div class=\"glide__track\" data-glide-el=\"track\"><div class=\"glide__slides is-layout-flow wp-block-sci-slider-is-layout-flow\">\n<figure class=\"wp-block-image size-large\" style=\"margin-top:0;margin-bottom:0\"><img loading=\"lazy\" decoding=\"async\" width=\"1600\" height=\"429\" src=\"https:\/\/ferqui.com\/wp-content\/uploads\/2025\/03\/VEHICULOS-ESPECIALES-FERQUI-IMAGEN-01-1600x429.jpg\" alt=\"\" class=\"wp-image-3403\" srcset=\"https:\/\/ferqui.com\/wp-content\/uploads\/2025\/03\/VEHICULOS-ESPECIALES-FERQUI-IMAGEN-01-1600x429.jpg 1600w, https:\/\/ferqui.com\/wp-content\/uploads\/2025\/03\/VEHICULOS-ESPECIALES-FERQUI-IMAGEN-01-800x214.jpg 800w, https:\/\/ferqui.com\/wp-content\/uploads\/2025\/03\/VEHICULOS-ESPECIALES-FERQUI-IMAGEN-01-768x206.jpg 768w, https:\/\/ferqui.com\/wp-content\/uploads\/2025\/03\/VEHICULOS-ESPECIALES-FERQUI-IMAGEN-01-1536x411.jpg 1536w, https:\/\/ferqui.com\/wp-content\/uploads\/2025\/03\/VEHICULOS-ESPECIALES-FERQUI-IMAGEN-01-2048x549.jpg 2048w\" sizes=\"auto, (max-width: 1600px) 100vw, 1600px\" \/><\/figure>\n\n\n\n<figure class=\"wp-block-image size-large\" style=\"margin-top:0;margin-bottom:0\"><img loading=\"lazy\" decoding=\"async\" width=\"1600\" height=\"429\" src=\"https:\/\/ferqui.com\/wp-content\/uploads\/2025\/03\/VEHICULOS-ESPECIALES-FERQUI-IMAGEN-02-1600x429.jpg\" alt=\"\" class=\"wp-image-3407\" srcset=\"https:\/\/ferqui.com\/wp-content\/uploads\/2025\/03\/VEHICULOS-ESPECIALES-FERQUI-IMAGEN-02-1600x429.jpg 1600w, https:\/\/ferqui.com\/wp-content\/uploads\/2025\/03\/VEHICULOS-ESPECIALES-FERQUI-IMAGEN-02-800x214.jpg 800w, https:\/\/ferqui.com\/wp-content\/uploads\/2025\/03\/VEHICULOS-ESPECIALES-FERQUI-IMAGEN-02-768x206.jpg 768w, https:\/\/ferqui.com\/wp-content\/uploads\/2025\/03\/VEHICULOS-ESPECIALES-FERQUI-IMAGEN-02-1536x411.jpg 1536w, https:\/\/ferqui.com\/wp-content\/uploads\/2025\/03\/VEHICULOS-ESPECIALES-FERQUI-IMAGEN-02-2048x549.jpg 2048w\" sizes=\"auto, (max-width: 1600px) 100vw, 1600px\" \/><\/figure>\n\n\n\n<figure class=\"wp-block-image size-large\" style=\"margin-top:0;margin-bottom:0\"><img loading=\"lazy\" decoding=\"async\" width=\"1600\" height=\"429\" src=\"https:\/\/ferqui.com\/wp-content\/uploads\/2025\/03\/VEHICULOS-ESPECIALES-FERQUI-IMAGEN-03-1600x429.jpg\" alt=\"\" class=\"wp-image-3411\" srcset=\"https:\/\/ferqui.com\/wp-content\/uploads\/2025\/03\/VEHICULOS-ESPECIALES-FERQUI-IMAGEN-03-1600x429.jpg 1600w, https:\/\/ferqui.com\/wp-content\/uploads\/2025\/03\/VEHICULOS-ESPECIALES-FERQUI-IMAGEN-03-800x214.jpg 800w, https:\/\/ferqui.com\/wp-content\/uploads\/2025\/03\/VEHICULOS-ESPECIALES-FERQUI-IMAGEN-03-768x206.jpg 768w, https:\/\/ferqui.com\/wp-content\/uploads\/2025\/03\/VEHICULOS-ESPECIALES-FERQUI-IMAGEN-03-1536x411.jpg 1536w, https:\/\/ferqui.com\/wp-content\/uploads\/2025\/03\/VEHICULOS-ESPECIALES-FERQUI-IMAGEN-03-2048x549.jpg 2048w\" sizes=\"auto, (max-width: 1600px) 100vw, 1600px\" \/><\/figure>\n\n\n\n<figure class=\"wp-block-image size-large\" style=\"margin-top:0;margin-bottom:0\"><img loading=\"lazy\" decoding=\"async\" width=\"1600\" height=\"429\" src=\"https:\/\/ferqui.com\/wp-content\/uploads\/2025\/03\/VEHICULOS-ESPECIALES-FERQUI-IMAGEN-04-1600x429.jpg\" alt=\"\" class=\"wp-image-3415\" srcset=\"https:\/\/ferqui.com\/wp-content\/uploads\/2025\/03\/VEHICULOS-ESPECIALES-FERQUI-IMAGEN-04-1600x429.jpg 1600w, https:\/\/ferqui.com\/wp-content\/uploads\/2025\/03\/VEHICULOS-ESPECIALES-FERQUI-IMAGEN-04-800x214.jpg 800w, https:\/\/ferqui.com\/wp-content\/uploads\/2025\/03\/VEHICULOS-ESPECIALES-FERQUI-IMAGEN-04-768x206.jpg 768w, https:\/\/ferqui.com\/wp-content\/uploads\/2025\/03\/VEHICULOS-ESPECIALES-FERQUI-IMAGEN-04-1536x411.jpg 1536w, https:\/\/ferqui.com\/wp-content\/uploads\/2025\/03\/VEHICULOS-ESPECIALES-FERQUI-IMAGEN-04-2048x549.jpg 2048w\" sizes=\"auto, (max-width: 1600px) 100vw, 1600px\" \/><\/figure>\n<\/div><\/div><div class=\"glide__bullets\" data-glide-el=\"controls[nav]\"><button class=\"glide__bullet\" data-glide-dir=\"=0\"><\/button><button class=\"glide__bullet\" data-glide-dir=\"=1\"><\/button><button class=\"glide__bullet\" data-glide-dir=\"=2\"><\/button><button class=\"glide__bullet\" data-glide-dir=\"=3\"><\/button><\/div><div class=\"glide__arrows\" data-glide-el=\"controls\"><button class=\"glide__arrow glide__arrow--left\" data-glide-dir=\"<\"><span class=\"screen-reader-text\">Anterior<\/span><div><svg xmlns=\"http:\/\/www.w3.org\/2000\/svg\" width=\"18\" height=\"18\" viewBox=\"0 0 24 24\"><path fill=\"#fff\" d=\"M0 12l10.975 11 2.848-2.828-6.176-6.176H24v-3.992H7.646l6.176-6.176L10.975 1 0 12z\"><\/path><\/svg><\/div><\/button><button class=\"glide__arrow glide__arrow--right\" data-glide-dir=\"&gt;\"><span class=\"screen-reader-text\">Siguiente<\/span><div><svg xmlns=\"http:\/\/www.w3.org\/2000\/svg\" width=\"18\" height=\"18\" viewBox=\"0 0 24 24\"><path fill=\"#fff\" d=\"M24 12l-10.975 11-2.848-2.828 6.176-6.176H0v-3.992h16.354l-6.176-6.176L13.025 1 24 12z\"><\/path><\/svg><\/div><\/button><\/div><\/div>\n\n\n\n<div class=\"wp-block-columns is-layout-flex wp-container-core-columns-is-layout-28f84493 wp-block-columns-is-layout-flex\">\n<div class=\"wp-block-column is-layout-flow wp-block-column-is-layout-flow\">\n<div style=\"height:22px\" aria-hidden=\"true\" class=\"wp-block-spacer\"><\/div>\n\n\n\n<p class=\"has-white-color has-primary-background-color has-text-color has-background\">IVECO CC100 NORA CUSTOM VEHICLE<\/p>\n\n\n\n<p>Les Bibliobus, qui entrent dans la cat\u00e9gorie des v\u00e9hicules sp\u00e9ciaux, sont construits sur un ch\u00e2ssis Iveco, mod\u00e8le CC 100, avec un empattement de 4 815 mm et une longueur totale de 9 m. Ils sont con\u00e7us en format biblioth\u00e8que mobile et ont une capacit\u00e9 allant jusqu\u2019\u00e0 3 000 volumes, ainsi que de nombreuses documentations au format num\u00e9rique.<\/p>\n\n\n\n<p>Parmi ses caract\u00e9ristiques m\u00e9caniques les plus remarquables, citons le moteur de 220 ch, Euro VI step E, avec une bo\u00eete de vitesses automatique, une suspension pneumatique sur les deux essieux, un frein \u00e9lectrique et des syst\u00e8mes ABS, ASR, WDLS, EABS, qui contribuent \u00e0 une plus grande s\u00e9curit\u00e9 du v\u00e9hicule, \u00e0 la fois actif et passif.<\/p>\n\n\n\n<p>Son int\u00e9rieur, en plus des \u00e9tag\u00e8res pour les livres, les DVD, etc., est compl\u00e9t\u00e9 par un espace d\u2019accueil et d\u2019assistance aux citoyens, \u00e9quip\u00e9 des derniers syst\u00e8mes de bureau.<br>Une plate-forme \u00e9l\u00e9vatrice pour les personnes \u00e0 mobilit\u00e9 r\u00e9duite et les fauteuils roulants, install\u00e9e sur le c\u00f4t\u00e9 droit, donne au v\u00e9hicule son sceau d\u2019accessibilit\u00e9.<\/p>\n<\/div>\n<\/div>\n\n\n\n<div class=\"wp-block-columns is-layout-flex wp-container-core-columns-is-layout-28f84493 wp-block-columns-is-layout-flex\">\n<div class=\"wp-block-column is-layout-flow wp-block-column-is-layout-flow\"><\/div>\n<\/div>\n\n\n\n<div style=\"height:72px\" aria-hidden=\"true\" class=\"wp-block-spacer\"><\/div>\n","protected":false},"excerpt":{"rendered":"<p>IVECO CC100 NORA CUSTOM VEHICLE Les Bibliobus, qui entrent dans la cat\u00e9gorie des v\u00e9hicules sp\u00e9ciaux, sont construits sur un ch\u00e2ssis Iveco, mod\u00e8le CC 100, avec un empattement de 4 815 mm et une longueur totale de 9 m. Ils sont con\u00e7us en format biblioth\u00e8que mobile et ont une capacit\u00e9 allant jusqu\u2019\u00e0 3 000 volumes, ainsi [&hellip;]<\/p>\n","protected":false},"author":1,"featured_media":0,"parent":0,"menu_order":0,"comment_status":"closed","ping_status":"closed","template":"","meta":{"footnotes":""},"class_list":["post-2303","page","type-page","status-publish","hentry"],"_links":{"self":[{"href":"https:\/\/ferqui.com\/fr\/wp-json\/wp\/v2\/pages\/2303","targetHints":{"allow":["GET"]}}],"collection":[{"href":"https:\/\/ferqui.com\/fr\/wp-json\/wp\/v2\/pages"}],"about":[{"href":"https:\/\/ferqui.com\/fr\/wp-json\/wp\/v2\/types\/page"}],"author":[{"embeddable":true,"href":"https:\/\/ferqui.com\/fr\/wp-json\/wp\/v2\/users\/1"}],"replies":[{"embeddable":true,"href":"https:\/\/ferqui.com\/fr\/wp-json\/wp\/v2\/comments?post=2303"}],"version-history":[{"count":4,"href":"https:\/\/ferqui.com\/fr\/wp-json\/wp\/v2\/pages\/2303\/revisions"}],"predecessor-version":[{"id":3421,"href":"https:\/\/ferqui.com\/fr\/wp-json\/wp\/v2\/pages\/2303\/revisions\/3421"}],"wp:attachment":[{"href":"https:\/\/ferqui.com\/fr\/wp-json\/wp\/v2\/media?parent=2303"}],"curies":[{"name":"wp","href":"https:\/\/api.w.org\/{rel}","templated":true}]}}