{"id":2307,"date":"2023-10-05T16:07:37","date_gmt":"2023-10-05T14:07:37","guid":{"rendered":"https:\/\/ferqui.com\/sunsets4pmr\/"},"modified":"2025-03-28T17:36:01","modified_gmt":"2025-03-28T16:36:01","slug":"sunsets4pmr","status":"publish","type":"page","link":"https:\/\/ferqui.com\/fr\/sunsets4pmr\/","title":{"rendered":"COUCHER DE SOLEIL4PMR"},"content":{"rendered":"\n<div data-slider-type=\"slider\" data-per-view=\"1\" data-focus-at=\"center\" data-gap=\"10\" data-autoplay=\"5000\" data-hoverpause=\"true\" data-animation-duration=\"400\" data-animation-timing-func=\"cubic-bezier(0.165, 0.840, 0.440, 1.000)\" data-peek-before=\"0\" data-peek-after=\"0\" data-breakpoints=\"\" class=\"wp-block-sci-blocks-sci-slider sci-blocks-slider glide\"><div class=\"glide__track\" data-glide-el=\"track\"><div class=\"glide__slides is-layout-flow wp-block-sci-slider-is-layout-flow\">\n<figure class=\"wp-block-image size-large\"><img loading=\"lazy\" decoding=\"async\" width=\"1600\" height=\"429\" src=\"https:\/\/ferqui.com\/wp-content\/uploads\/2025\/03\/SUNSET-S4-PMR-1600x429.jpg\" alt=\"\" class=\"wp-image-3372\" srcset=\"https:\/\/ferqui.com\/wp-content\/uploads\/2025\/03\/SUNSET-S4-PMR-1600x429.jpg 1600w, https:\/\/ferqui.com\/wp-content\/uploads\/2025\/03\/SUNSET-S4-PMR-800x214.jpg 800w, https:\/\/ferqui.com\/wp-content\/uploads\/2025\/03\/SUNSET-S4-PMR-768x206.jpg 768w, https:\/\/ferqui.com\/wp-content\/uploads\/2025\/03\/SUNSET-S4-PMR-1536x411.jpg 1536w, https:\/\/ferqui.com\/wp-content\/uploads\/2025\/03\/SUNSET-S4-PMR-2048x549.jpg 2048w\" sizes=\"auto, (max-width: 1600px) 100vw, 1600px\" \/><\/figure>\n<\/div><\/div><div class=\"glide__bullets\" data-glide-el=\"controls[nav]\"><button class=\"glide__bullet\" data-glide-dir=\"=0\"><\/button><\/div><div class=\"glide__arrows\" data-glide-el=\"controls\"><button class=\"glide__arrow glide__arrow--left\" data-glide-dir=\"<\"><span class=\"screen-reader-text\">Anterior<\/span><div><svg xmlns=\"http:\/\/www.w3.org\/2000\/svg\" width=\"18\" height=\"18\" viewBox=\"0 0 24 24\"><path fill=\"#fff\" d=\"M0 12l10.975 11 2.848-2.828-6.176-6.176H24v-3.992H7.646l6.176-6.176L10.975 1 0 12z\"><\/path><\/svg><\/div><\/button><button class=\"glide__arrow glide__arrow--right\" data-glide-dir=\"&gt;\"><span class=\"screen-reader-text\">Siguiente<\/span><div><svg xmlns=\"http:\/\/www.w3.org\/2000\/svg\" width=\"18\" height=\"18\" viewBox=\"0 0 24 24\"><path fill=\"#fff\" d=\"M24 12l-10.975 11-2.848-2.828 6.176-6.176H0v-3.992h16.354l-6.176-6.176L13.025 1 24 12z\"><\/path><\/svg><\/div><\/button><\/div><\/div>\n\n<div class=\"wp-block-columns is-layout-flex wp-container-core-columns-is-layout-28f84493 wp-block-columns-is-layout-flex\">\n<div class=\"wp-block-column is-layout-flow wp-block-column-is-layout-flow\">\n<div style=\"height:49px\" aria-hidden=\"true\" class=\"wp-block-spacer\"><\/div>\n\n\n\n<figure class=\"wp-block-image size-full\"><img loading=\"lazy\" decoding=\"async\" width=\"503\" height=\"216\" src=\"https:\/\/ferqui.com\/wp-content\/uploads\/2023\/10\/s41-2.jpg\" alt=\"\" class=\"wp-image-506\" srcset=\"https:\/\/ferqui.com\/wp-content\/uploads\/2023\/10\/s41-2.jpg 503w, https:\/\/ferqui.com\/wp-content\/uploads\/2023\/10\/s41-2-500x216.jpg 500w\" sizes=\"auto, (max-width: 503px) 100vw, 503px\" \/><\/figure>\n<\/div>\n\n\n\n<div class=\"wp-block-column is-layout-flow wp-block-column-is-layout-flow\">\n<div style=\"height:42px\" aria-hidden=\"true\" class=\"wp-block-spacer\"><\/div>\n\n\n\n<p class=\"has-white-color has-primary-background-color has-text-color has-background\">MERCEDES-BENZ SPRINTER &#8211; FERQUI SUNSET S4 PMR<\/p>\n\n\n\n<p>Sunset S4 PMR, V\u00e9hicule destin\u00e9 au transport de personnes \u00e0 mobilit\u00e9 r\u00e9duite. Gr\u00e2ce \u00e0 leur \u00e9quipement et \u00e0 leur fonctionnalit\u00e9, ils peuvent combiner des passagers et des personnes en fauteuil roulant.<\/p>\n\n\n\n<p><\/p>\n<\/div>\n<\/div>\n\n<div class=\"wp-block-columns is-layout-flex wp-container-core-columns-is-layout-28f84493 wp-block-columns-is-layout-flex\">\n<div class=\"wp-block-column is-layout-flow wp-block-column-is-layout-flow\"><\/div>\n<\/div>\n\n<figure class=\"wp-block-image aligncenter size-large\"><img loading=\"lazy\" decoding=\"async\" width=\"1600\" height=\"1168\" src=\"https:\/\/ferqui.com\/wp-content\/uploads\/2023\/10\/PMR-1600x1168.jpg\" alt=\"\" class=\"wp-image-511\" srcset=\"https:\/\/ferqui.com\/wp-content\/uploads\/2023\/10\/PMR-1600x1168.jpg 1600w, https:\/\/ferqui.com\/wp-content\/uploads\/2023\/10\/PMR-800x584.jpg 800w, https:\/\/ferqui.com\/wp-content\/uploads\/2023\/10\/PMR-768x561.jpg 768w, https:\/\/ferqui.com\/wp-content\/uploads\/2023\/10\/PMR-1536x1121.jpg 1536w, https:\/\/ferqui.com\/wp-content\/uploads\/2023\/10\/PMR.jpg 1900w\" sizes=\"auto, (max-width: 1600px) 100vw, 1600px\" \/><\/figure>\n\n<div class=\"wp-block-columns alignfull has-text-color has-background is-layout-flex wp-container-core-columns-is-layout-28f84493 wp-block-columns-is-layout-flex\" style=\"color:#000000;background-color:#ffffff\">\n<div class=\"wp-block-column is-layout-flow wp-block-column-is-layout-flow\">\n<ul class=\"wp-block-list\">\n<li>Carrosserie Sunset S4 sur ch\u00e2ssis Mercedes Benz Sprinter<\/li>\n\n\n\n<li>Structure galvanis\u00e9e avec traitement anticorrosion longue dur\u00e9e<\/li>\n\n\n\n<li>Rev\u00eatement ext\u00e9rieur avec panneaux en fibre de verre de 4 mm d\u2019\u00e9paisseur<\/li>\n\n\n\n<li>Configuration : 19 si\u00e8ges inclinables + conducteur<\/li>\n\n\n\n<li>Vitre avant panoramique<\/li>\n\n\n\n<li>Vitre avant panoramique<\/li>\n\n\n\n<li>Vitrage lat\u00e9ral teint\u00e9 simple<\/li>\n\n\n\n<li>Climatisation au plafond<\/li>\n<\/ul>\n<\/div>\n\n\n\n<div class=\"wp-block-column is-layout-flow wp-block-column-is-layout-flow\">\n<ul class=\"wp-block-list\">\n<li>Chauffage par convecteur<\/li>\n\n\n\n<li>1 Coffre arri\u00e8re<\/li>\n\n\n\n<li>2 Coffres lat\u00e9raux<\/li>\n\n\n\n<li>Porte de service \u00e9lectrique<\/li>\n\n\n\n<li>Porte conducteur Mercedes d\u2019origine<\/li>\n\n\n\n<li>Porte-bagages c\u00f4t\u00e9 conducteur<\/li>\n\n\n\n<li>Canal d\u2019air avec lumi\u00e8res et sorties individuelles, sur le c\u00f4t\u00e9 oppos\u00e9<\/li>\n\n\n\n<li>\u00c9clairage int\u00e9rieur \u00e0 base de barres LED<\/li>\n<\/ul>\n<\/div>\n\n\n\n<div class=\"wp-block-column is-layout-flow wp-block-column-is-layout-flow\">\n<p class=\"has-white-color has-primary-background-color has-text-color has-background\"><strong>\u00c9QUIPEMENT STANDARD<\/strong><\/p>\n\n\n\n<ul class=\"wp-block-list\">\n<li>Plateforme pour personnes \u00e0 mobilit\u00e9 r\u00e9duite<\/li>\n\n\n\n<li>Nombre maximum de fauteuils roulants<\/li>\n\n\n\n<li>Peinture ext\u00e9rieure, acrylique 1 couleur<\/li>\n\n\n\n<li>Adapt\u00e9 \u00e0 la r\u00e9glementation de l\u2019\u00e9cole<\/li>\n\n\n\n<li>Syst\u00e8me d\u2019avertissement de sortie de voie<\/li>\n<\/ul>\n<\/div>\n<\/div>\n\n<div class=\"wp-block-columns alignfull has-text-color has-background is-layout-flex wp-container-core-columns-is-layout-b6100464 wp-block-columns-is-layout-flex\" style=\"color:#000000;background-color:#ffffff\">\n<div class=\"wp-block-column is-layout-flow wp-block-column-is-layout-flow\"><\/div>\n\n\n\n<div class=\"wp-block-column is-layout-flow wp-block-column-is-layout-flow\">\n<p class=\"autobus__ficha-tecnica has-white-color has-primary-background-color has-text-color has-background\" style=\"margin-top:var(--wp--preset--spacing--40);padding-top:0.25em;padding-right:1em;padding-bottom:0.25em;padding-left:1em\"><a href=\"https:\/\/ferqui.com\/wp-content\/uploads\/2025\/03\/FICHA_SUNSET_S4_ESP.pdf\" target=\"_blank\" rel=\"noreferrer noopener\"><strong>FEUILLE<\/strong> <img loading=\"lazy\" decoding=\"async\" width=\"40\" height=\"40\" class=\"wp-image-3453\" style=\"width: 40px;\" src=\"https:\/\/ferqui.com\/wp-content\/uploads\/2025\/03\/pdf.png\" alt=\"\" srcset=\"https:\/\/ferqui.com\/wp-content\/uploads\/2025\/03\/pdf.png 512w, https:\/\/ferqui.com\/wp-content\/uploads\/2025\/03\/pdf-500x500.png 500w\" sizes=\"auto, (max-width: 40px) 100vw, 40px\" \/><\/a><\/p>\n\n\n\n<p class=\"autobus__video has-white-color has-primary-background-color has-text-color has-background\" style=\"margin-top:var(--wp--preset--spacing--40);padding-top:0.25em;padding-right:1em;padding-bottom:0.25em;padding-left:1em\"><a href=\"https:\/\/ferqui.com\/wp-content\/uploads\/2025\/03\/ferqui_sunset_s4_esp.mp4\" target=\"_blank\" rel=\"noreferrer noopener\"><strong>VOIR LA VID\u00c9O<\/strong> <img loading=\"lazy\" decoding=\"async\" width=\"40\" height=\"40\" class=\"wp-image-3457\" style=\"width: 40px;\" src=\"https:\/\/ferqui.com\/wp-content\/uploads\/2025\/03\/boton-de-play.png\" alt=\"\" srcset=\"https:\/\/ferqui.com\/wp-content\/uploads\/2025\/03\/boton-de-play.png 512w, https:\/\/ferqui.com\/wp-content\/uploads\/2025\/03\/boton-de-play-500x500.png 500w\" sizes=\"auto, (max-width: 40px) 100vw, 40px\" \/><\/a><\/p>\n<\/div>\n<\/div>\n","protected":false},"excerpt":{"rendered":"<p>MERCEDES-BENZ SPRINTER &#8211; FERQUI SUNSET S4 PMR Sunset S4 PMR, V\u00e9hicule destin\u00e9 au transport de personnes \u00e0 mobilit\u00e9 r\u00e9duite. Gr\u00e2ce \u00e0 leur \u00e9quipement et \u00e0 leur fonctionnalit\u00e9, ils peuvent combiner des passagers et des personnes en fauteuil roulant. \u00c9QUIPEMENT STANDARD FEUILLE VOIR LA VID\u00c9O<\/p>\n","protected":false},"author":1,"featured_media":0,"parent":0,"menu_order":0,"comment_status":"closed","ping_status":"closed","template":"","meta":{"footnotes":""},"class_list":["post-2307","page","type-page","status-publish","hentry"],"_links":{"self":[{"href":"https:\/\/ferqui.com\/fr\/wp-json\/wp\/v2\/pages\/2307","targetHints":{"allow":["GET"]}}],"collection":[{"href":"https:\/\/ferqui.com\/fr\/wp-json\/wp\/v2\/pages"}],"about":[{"href":"https:\/\/ferqui.com\/fr\/wp-json\/wp\/v2\/types\/page"}],"author":[{"embeddable":true,"href":"https:\/\/ferqui.com\/fr\/wp-json\/wp\/v2\/users\/1"}],"replies":[{"embeddable":true,"href":"https:\/\/ferqui.com\/fr\/wp-json\/wp\/v2\/comments?post=2307"}],"version-history":[{"count":7,"href":"https:\/\/ferqui.com\/fr\/wp-json\/wp\/v2\/pages\/2307\/revisions"}],"predecessor-version":[{"id":3578,"href":"https:\/\/ferqui.com\/fr\/wp-json\/wp\/v2\/pages\/2307\/revisions\/3578"}],"wp:attachment":[{"href":"https:\/\/ferqui.com\/fr\/wp-json\/wp\/v2\/media?parent=2307"}],"curies":[{"name":"wp","href":"https:\/\/api.w.org\/{rel}","templated":true}]}}