{"id":2309,"date":"2023-10-05T15:33:27","date_gmt":"2023-10-05T13:33:27","guid":{"rendered":"https:\/\/ferqui.com\/sunset\/"},"modified":"2025-03-28T17:34:04","modified_gmt":"2025-03-28T16:34:04","slug":"sunset","status":"publish","type":"page","link":"https:\/\/ferqui.com\/fr\/sunset\/","title":{"rendered":"SUNSETS4"},"content":{"rendered":"\n<div data-slider-type=\"slider\" data-per-view=\"1\" data-focus-at=\"center\" data-gap=\"10\" data-autoplay=\"5000\" data-hoverpause=\"true\" data-animation-duration=\"400\" data-animation-timing-func=\"cubic-bezier(0.165, 0.840, 0.440, 1.000)\" data-peek-before=\"0\" data-peek-after=\"0\" data-breakpoints=\"\" class=\"wp-block-sci-blocks-sci-slider sci-blocks-slider glide\"><div class=\"glide__track\" data-glide-el=\"track\"><div class=\"glide__slides is-layout-flow wp-block-sci-slider-is-layout-flow\">\n<figure class=\"wp-block-image size-large\"><img loading=\"lazy\" decoding=\"async\" width=\"1600\" height=\"429\" src=\"https:\/\/ferqui.com\/wp-content\/uploads\/2023\/10\/ese-1600x429.jpg\" alt=\"\" class=\"wp-image-501\" srcset=\"https:\/\/ferqui.com\/wp-content\/uploads\/2023\/10\/ese-1600x429.jpg 1600w, https:\/\/ferqui.com\/wp-content\/uploads\/2023\/10\/ese-800x214.jpg 800w, https:\/\/ferqui.com\/wp-content\/uploads\/2023\/10\/ese-768x206.jpg 768w, https:\/\/ferqui.com\/wp-content\/uploads\/2023\/10\/ese-1536x411.jpg 1536w, https:\/\/ferqui.com\/wp-content\/uploads\/2023\/10\/ese.jpg 1900w\" sizes=\"auto, (max-width: 1600px) 100vw, 1600px\" \/><\/figure>\n\n\n\n<figure class=\"wp-block-image size-large\"><img loading=\"lazy\" decoding=\"async\" width=\"1600\" height=\"429\" src=\"https:\/\/ferqui.com\/wp-content\/uploads\/2023\/11\/SUNSET-S4-01M_web-1600x429.jpg\" alt=\"\" class=\"wp-image-875\" srcset=\"https:\/\/ferqui.com\/wp-content\/uploads\/2023\/11\/SUNSET-S4-01M_web-1600x429.jpg 1600w, https:\/\/ferqui.com\/wp-content\/uploads\/2023\/11\/SUNSET-S4-01M_web-800x214.jpg 800w, https:\/\/ferqui.com\/wp-content\/uploads\/2023\/11\/SUNSET-S4-01M_web-768x206.jpg 768w, https:\/\/ferqui.com\/wp-content\/uploads\/2023\/11\/SUNSET-S4-01M_web-1536x411.jpg 1536w, https:\/\/ferqui.com\/wp-content\/uploads\/2023\/11\/SUNSET-S4-01M_web.jpg 1904w\" sizes=\"auto, (max-width: 1600px) 100vw, 1600px\" \/><\/figure>\n\n\n\n<figure class=\"wp-block-image size-large\"><img loading=\"lazy\" decoding=\"async\" width=\"1600\" height=\"429\" src=\"https:\/\/ferqui.com\/wp-content\/uploads\/2023\/11\/SUNSET-S4-02M_web-1600x429.jpg\" alt=\"\" class=\"wp-image-881\" srcset=\"https:\/\/ferqui.com\/wp-content\/uploads\/2023\/11\/SUNSET-S4-02M_web-1600x429.jpg 1600w, https:\/\/ferqui.com\/wp-content\/uploads\/2023\/11\/SUNSET-S4-02M_web-800x214.jpg 800w, https:\/\/ferqui.com\/wp-content\/uploads\/2023\/11\/SUNSET-S4-02M_web-768x206.jpg 768w, https:\/\/ferqui.com\/wp-content\/uploads\/2023\/11\/SUNSET-S4-02M_web-1536x411.jpg 1536w, https:\/\/ferqui.com\/wp-content\/uploads\/2023\/11\/SUNSET-S4-02M_web.jpg 1904w\" sizes=\"auto, (max-width: 1600px) 100vw, 1600px\" \/><\/figure>\n\n\n\n<figure class=\"wp-block-image size-large\"><img loading=\"lazy\" decoding=\"async\" width=\"1600\" height=\"429\" src=\"https:\/\/ferqui.com\/wp-content\/uploads\/2023\/11\/FERQUI-SUNSET-S4-03M_actualizado_dentro-1600x429.jpg\" alt=\"\" class=\"wp-image-886\" srcset=\"https:\/\/ferqui.com\/wp-content\/uploads\/2023\/11\/FERQUI-SUNSET-S4-03M_actualizado_dentro-1600x429.jpg 1600w, https:\/\/ferqui.com\/wp-content\/uploads\/2023\/11\/FERQUI-SUNSET-S4-03M_actualizado_dentro-800x214.jpg 800w, https:\/\/ferqui.com\/wp-content\/uploads\/2023\/11\/FERQUI-SUNSET-S4-03M_actualizado_dentro-768x206.jpg 768w, https:\/\/ferqui.com\/wp-content\/uploads\/2023\/11\/FERQUI-SUNSET-S4-03M_actualizado_dentro-1536x411.jpg 1536w, https:\/\/ferqui.com\/wp-content\/uploads\/2023\/11\/FERQUI-SUNSET-S4-03M_actualizado_dentro.jpg 1904w\" sizes=\"auto, (max-width: 1600px) 100vw, 1600px\" \/><\/figure>\n<\/div><\/div><div class=\"glide__bullets\" data-glide-el=\"controls[nav]\"><button class=\"glide__bullet\" data-glide-dir=\"=0\"><\/button><button class=\"glide__bullet\" data-glide-dir=\"=1\"><\/button><button class=\"glide__bullet\" data-glide-dir=\"=2\"><\/button><button class=\"glide__bullet\" data-glide-dir=\"=3\"><\/button><\/div><div class=\"glide__arrows\" data-glide-el=\"controls\"><button class=\"glide__arrow glide__arrow--left\" data-glide-dir=\"<\"><span class=\"screen-reader-text\">Anterior<\/span><div><svg xmlns=\"http:\/\/www.w3.org\/2000\/svg\" width=\"18\" height=\"18\" viewBox=\"0 0 24 24\"><path fill=\"#fff\" d=\"M0 12l10.975 11 2.848-2.828-6.176-6.176H24v-3.992H7.646l6.176-6.176L10.975 1 0 12z\"><\/path><\/svg><\/div><\/button><button class=\"glide__arrow glide__arrow--right\" data-glide-dir=\"&gt;\"><span class=\"screen-reader-text\">Siguiente<\/span><div><svg xmlns=\"http:\/\/www.w3.org\/2000\/svg\" width=\"18\" height=\"18\" viewBox=\"0 0 24 24\"><path fill=\"#fff\" d=\"M24 12l-10.975 11-2.848-2.828 6.176-6.176H0v-3.992h16.354l-6.176-6.176L13.025 1 24 12z\"><\/path><\/svg><\/div><\/button><\/div><\/div>\n\n<div class=\"wp-block-columns is-layout-flex wp-container-core-columns-is-layout-28f84493 wp-block-columns-is-layout-flex\">\n<div class=\"wp-block-column is-layout-flow wp-block-column-is-layout-flow\">\n<div style=\"height:100px\" aria-hidden=\"true\" class=\"wp-block-spacer\"><\/div>\n\n\n\n<figure class=\"wp-block-image aligncenter size-full is-resized\"><img loading=\"lazy\" decoding=\"async\" width=\"692\" height=\"565\" src=\"https:\/\/ferqui.com\/wp-content\/uploads\/2023\/10\/s41.jpg\" alt=\"\" class=\"wp-image-499\" style=\"width:481px;height:393px\"><\/figure>\n<\/div>\n\n\n\n<div class=\"wp-block-column is-layout-flow wp-block-column-is-layout-flow\">\n<div style=\"height:42px\" aria-hidden=\"true\" class=\"wp-block-spacer\"><\/div>\n\n\n\n<p class=\"has-white-color has-primary-background-color has-text-color has-background\">MERCEDES-BENZ SPRINTER 516 &#8211; FERQUI SUNSET S4R (11+C )<\/p>\n\n\n\n<p>Carrosserie \u00c9L\u00c9GANTE par son design aux lignes douces ; CONFORTABLE gr\u00e2ce \u00e0 son grand espace int\u00e9rieur dans le couloir et entre les si\u00e8ges, ce qui se traduit par une plus grande habitabilit\u00e9 et FONCTIONNEL gr\u00e2ce \u00e0 son grand volume de coffres, tant \u00e0 l\u2019arri\u00e8re que sur les c\u00f4t\u00e9s.<br\/>Cette carrosserie, mont\u00e9e sur un ch\u00e2ssis Mercedes-Benz Sprinter, conf\u00e8re au v\u00e9hicule une grande solidit\u00e9, flexibilit\u00e9 et inalt\u00e9rabilit\u00e9.<br\/>Cette version de haute qualit\u00e9 est con\u00e7ue pour effectuer le transport optimal des passagers les plus exigeants, \u00e9tant l\u2019un des minibus les plus confortables du march\u00e9, en raison de son design int\u00e9rieur, qui offre de grands espaces et un grand confort \u00e0 ses passagers.<br\/><br\/>Les variantes suivantes sont \u00e9galement fabriqu\u00e9es sur ce ch\u00e2ssis Mercedes-Benz :<\/p>\n\n\n\n<ul class=\"wp-block-list\">\n<li>22 places assises plus chauffeur.<\/li>\n\n\n\n<li>19 si\u00e8ges, plus guide et plus de chauffeur.<\/li>\n\n\n\n<li>19 places assises plus conducteur et plate-forme \u00e9l\u00e9vatrice pouvant accueillir jusqu\u2019\u00e0 6 PMR.<br\/>De plus, il dispose d\u2019une version semi-urbaine avec un maximum de 15 passagers assis et 5 debout ou 15 assis avec 1 passager debout plus 1 fauteuil roulant.<\/li>\n<\/ul>\n\n\n\n<p>Il est d\u00e9velopp\u00e9 en trois versions :<\/p>\n\n\n\n<ul class=\"wp-block-list\">\n<li>Coucher de soleil S4 STANDARD<\/li>\n\n\n\n<li>Sunset S4 PMR<\/li>\n\n\n\n<li>Coucher de soleil S4 SEMI-URBAIN.<\/li>\n<\/ul>\n\n\n\n<p>Il a une longueur de 7 730 mm et un empattement de 4 325 mm.<\/p>\n<\/div>\n<\/div>\n\n<div class=\"wp-block-columns is-layout-flex wp-container-core-columns-is-layout-28f84493 wp-block-columns-is-layout-flex\">\n<div class=\"wp-block-column is-layout-flow wp-block-column-is-layout-flow\"><\/div>\n<\/div>\n\n<figure class=\"wp-block-image aligncenter size-large\"><img loading=\"lazy\" decoding=\"async\" width=\"1600\" height=\"531\" src=\"https:\/\/ferqui.com\/wp-content\/uploads\/2023\/10\/centro-1600x531.jpg\" alt=\"\" class=\"wp-image-503\" srcset=\"https:\/\/ferqui.com\/wp-content\/uploads\/2023\/10\/centro-1600x531.jpg 1600w, https:\/\/ferqui.com\/wp-content\/uploads\/2023\/10\/centro-800x266.jpg 800w, https:\/\/ferqui.com\/wp-content\/uploads\/2023\/10\/centro-768x255.jpg 768w, https:\/\/ferqui.com\/wp-content\/uploads\/2023\/10\/centro-1536x510.jpg 1536w, https:\/\/ferqui.com\/wp-content\/uploads\/2023\/10\/centro.jpg 1900w\" sizes=\"auto, (max-width: 1600px) 100vw, 1600px\" \/><\/figure>\n\n<div class=\"wp-block-columns alignfull has-text-color has-background is-layout-flex wp-container-core-columns-is-layout-28f84493 wp-block-columns-is-layout-flex\" style=\"color:#000000;background-color:#ffffff\">\n<div class=\"wp-block-column is-layout-flow wp-block-column-is-layout-flow\">\n<ul class=\"wp-block-list\">\n<li>Climatisation au plafond<\/li>\n\n\n\n<li>Chauffage par convecteur<\/li>\n\n\n\n<li>Porte-bagages \u00e0 main avec bouches d\u2019a\u00e9ration individuelles et<\/li>\n\n\n\n<li>Lampes de lecture individuelles<\/li>\n\n\n\n<li>Grand coffre arri\u00e8re<\/li>\n\n\n\n<li>2 Coffres lat\u00e9raux<\/li>\n<\/ul>\n<\/div>\n\n\n\n<div class=\"wp-block-column is-layout-flow wp-block-column-is-layout-flow\"><\/div>\n\n\n\n<div class=\"wp-block-column is-layout-flow wp-block-column-is-layout-flow\">\n<p class=\"has-white-color has-primary-background-color has-text-color has-background\"><strong>\u00c9QUIPEMENT STANDARD<\/strong><\/p>\n\n\n\n<ul class=\"wp-block-list\">\n<li>Microphone du conducteur<\/li>\n\n\n\n<li>Verrouillage centralis\u00e9<\/li>\n\n\n\n<li>Activation automatique des lumi\u00e8res<\/li>\n\n\n\n<li>Adapt\u00e9 \u00e0 la r\u00e9glementation des transports scolaires<\/li>\n\n\n\n<li>Syst\u00e8me d\u2019avertissement de sortie de voie (LDWS)<\/li>\n\n\n\n<li>Possibilit\u00e9 de mettre en place des tables (consulter)<\/li>\n<\/ul>\n<\/div>\n<\/div>\n\n<div class=\"wp-block-columns alignfull has-text-color has-background is-layout-flex wp-container-core-columns-is-layout-b6100464 wp-block-columns-is-layout-flex\" style=\"color:#000000;background-color:#ffffff\">\n<div class=\"wp-block-column is-layout-flow wp-block-column-is-layout-flow\"><\/div>\n\n\n\n<div class=\"wp-block-column is-layout-flow wp-block-column-is-layout-flow\">\n<p class=\"autobus__ficha-tecnica has-white-color has-primary-background-color has-text-color has-background\" style=\"margin-top:var(--wp--preset--spacing--40);padding-top:0.25em;padding-right:1em;padding-bottom:0.25em;padding-left:1em\"><a href=\"https:\/\/ferqui.com\/wp-content\/uploads\/2025\/03\/FICHA_SUNSET_S4_ESP.pdf\" target=\"_blank\" rel=\"noreferrer noopener\"><strong>FEUILLE<\/strong> <img loading=\"lazy\" decoding=\"async\" width=\"40\" height=\"40\" class=\"wp-image-3453\" style=\"width: 40px;\" src=\"https:\/\/ferqui.com\/wp-content\/uploads\/2025\/03\/pdf.png\" alt=\"\" srcset=\"https:\/\/ferqui.com\/wp-content\/uploads\/2025\/03\/pdf.png 512w, https:\/\/ferqui.com\/wp-content\/uploads\/2025\/03\/pdf-500x500.png 500w\" sizes=\"auto, (max-width: 40px) 100vw, 40px\" \/><\/a><\/p>\n\n\n\n<p class=\"autobus__video has-white-color has-primary-background-color has-text-color has-background\" style=\"margin-top:var(--wp--preset--spacing--40);padding-top:0.25em;padding-right:1em;padding-bottom:0.25em;padding-left:1em\"><a href=\"https:\/\/ferqui.com\/wp-content\/uploads\/2025\/03\/ferqui_sunset_s4_esp.mp4\" target=\"_blank\" rel=\"noreferrer noopener\"><strong>VOIR LA VID\u00c9O<\/strong> <img loading=\"lazy\" decoding=\"async\" width=\"40\" height=\"40\" class=\"wp-image-3457\" style=\"width: 40px;\" src=\"https:\/\/ferqui.com\/wp-content\/uploads\/2025\/03\/boton-de-play.png\" alt=\"\" srcset=\"https:\/\/ferqui.com\/wp-content\/uploads\/2025\/03\/boton-de-play.png 512w, https:\/\/ferqui.com\/wp-content\/uploads\/2025\/03\/boton-de-play-500x500.png 500w\" sizes=\"auto, (max-width: 40px) 100vw, 40px\" \/><\/a><\/p>\n<\/div>\n<\/div>\n\n<div style=\"height:72px\" aria-hidden=\"true\" class=\"wp-block-spacer\"><\/div>\n\n<div class=\"wp-block-columns is-layout-flex wp-container-core-columns-is-layout-28f84493 wp-block-columns-is-layout-flex\">\n<div class=\"wp-block-column is-layout-flow wp-block-column-is-layout-flow\">\n<figure class=\"wp-block-image aligncenter size-full is-resized\"><a href=\"https:\/\/ferqui.com\/fr\/sunsets4pmr\/\"><img loading=\"lazy\" decoding=\"async\" width=\"503\" height=\"216\" src=\"https:\/\/ferqui.com\/wp-content\/uploads\/2023\/10\/s41-2.jpg\" alt=\"\" class=\"wp-image-506\" style=\"width:387px;height:166px\" srcset=\"https:\/\/ferqui.com\/wp-content\/uploads\/2023\/10\/s41-2.jpg 503w, https:\/\/ferqui.com\/wp-content\/uploads\/2023\/10\/s41-2-500x216.jpg 500w\" sizes=\"auto, (max-width: 503px) 100vw, 503px\" \/><\/a><\/figure>\n<\/div>\n\n\n\n<div class=\"wp-block-column is-layout-flow wp-block-column-is-layout-flow\">\n<figure class=\"wp-block-image aligncenter size-full is-resized\"><a href=\"https:\/\/ferqui.com\/fr\/sunsets4semiurbano\/\"><img loading=\"lazy\" decoding=\"async\" width=\"503\" height=\"216\" src=\"https:\/\/ferqui.com\/wp-content\/uploads\/2023\/10\/s42.jpg\" alt=\"\" class=\"wp-image-507\" style=\"width:379px;height:163px\" srcset=\"https:\/\/ferqui.com\/wp-content\/uploads\/2023\/10\/s42.jpg 503w, https:\/\/ferqui.com\/wp-content\/uploads\/2023\/10\/s42-500x216.jpg 500w\" sizes=\"auto, (max-width: 503px) 100vw, 503px\" \/><\/a><\/figure>\n<\/div>\n<\/div>\n\n<div style=\"height:72px\" aria-hidden=\"true\" class=\"wp-block-spacer\"><\/div>\n\n<div class=\"wp-block-buttons is-content-justification-center is-layout-flex wp-container-core-buttons-is-layout-a89b3969 wp-block-buttons-is-layout-flex\">\n<div class=\"wp-block-button\"><a class=\"wp-block-button__link has-primary-background-color has-background wp-element-button\" href=\"https:\/\/ferqui.com\/wp-content\/uploads\/2023\/12\/23-07-27-FOLLETO-SUNSET-S4-2023-FERQUI.pdf\" style=\"border-radius:12px\" target=\"_blank\" rel=\"noreferrer noopener\">T\u00e9l\u00e9charger le catalogue<\/a><\/div>\n<\/div>\n","protected":false},"excerpt":{"rendered":"<p>MERCEDES-BENZ SPRINTER 516 &#8211; FERQUI SUNSET S4R (11+C ) Carrosserie \u00c9L\u00c9GANTE par son design aux lignes douces ; CONFORTABLE gr\u00e2ce \u00e0 son grand espace int\u00e9rieur dans le couloir et entre les si\u00e8ges, ce qui se traduit par une plus grande habitabilit\u00e9 et FONCTIONNEL gr\u00e2ce \u00e0 son grand volume de coffres, tant \u00e0 l\u2019arri\u00e8re que sur [&hellip;]<\/p>\n","protected":false},"author":1,"featured_media":0,"parent":0,"menu_order":0,"comment_status":"closed","ping_status":"closed","template":"","meta":{"footnotes":""},"class_list":["post-2309","page","type-page","status-publish","hentry"],"_links":{"self":[{"href":"https:\/\/ferqui.com\/fr\/wp-json\/wp\/v2\/pages\/2309","targetHints":{"allow":["GET"]}}],"collection":[{"href":"https:\/\/ferqui.com\/fr\/wp-json\/wp\/v2\/pages"}],"about":[{"href":"https:\/\/ferqui.com\/fr\/wp-json\/wp\/v2\/types\/page"}],"author":[{"embeddable":true,"href":"https:\/\/ferqui.com\/fr\/wp-json\/wp\/v2\/users\/1"}],"replies":[{"embeddable":true,"href":"https:\/\/ferqui.com\/fr\/wp-json\/wp\/v2\/comments?post=2309"}],"version-history":[{"count":3,"href":"https:\/\/ferqui.com\/fr\/wp-json\/wp\/v2\/pages\/2309\/revisions"}],"predecessor-version":[{"id":3575,"href":"https:\/\/ferqui.com\/fr\/wp-json\/wp\/v2\/pages\/2309\/revisions\/3575"}],"wp:attachment":[{"href":"https:\/\/ferqui.com\/fr\/wp-json\/wp\/v2\/media?parent=2309"}],"curies":[{"name":"wp","href":"https:\/\/api.w.org\/{rel}","templated":true}]}}