{"id":2315,"date":"2023-10-05T12:17:53","date_gmt":"2023-10-05T10:17:53","guid":{"rendered":"https:\/\/ferqui.com\/dino-2\/"},"modified":"2024-03-01T12:45:25","modified_gmt":"2024-03-01T11:45:25","slug":"dino-2","status":"publish","type":"page","link":"https:\/\/ferqui.com\/fr\/dino-2\/","title":{"rendered":"DINO"},"content":{"rendered":"\n<div data-slider-type=\"slider\" data-per-view=\"1\" data-focus-at=\"center\" data-gap=\"10\" data-autoplay=\"5000\" data-hoverpause=\"true\" data-animation-duration=\"400\" data-animation-timing-func=\"cubic-bezier(0.165, 0.840, 0.440, 1.000)\" data-peek-before=\"0\" data-peek-after=\"0\" data-breakpoints=\"\" class=\"wp-block-sci-blocks-sci-slider sci-blocks-slider glide\"><div class=\"glide__track\" data-glide-el=\"track\"><div class=\"glide__slides is-layout-flow wp-block-sci-slider-is-layout-flow\">\n<figure class=\"wp-block-image size-large\"><img loading=\"lazy\" decoding=\"async\" width=\"1600\" height=\"434\" src=\"https:\/\/ferqui.com\/wp-content\/uploads\/2023\/10\/car_DINO-1600x434.jpg\" alt=\"\" class=\"wp-image-464\" srcset=\"https:\/\/ferqui.com\/wp-content\/uploads\/2023\/10\/car_DINO-1600x434.jpg 1600w, https:\/\/ferqui.com\/wp-content\/uploads\/2023\/10\/car_DINO-800x217.jpg 800w, https:\/\/ferqui.com\/wp-content\/uploads\/2023\/10\/car_DINO-768x209.jpg 768w, https:\/\/ferqui.com\/wp-content\/uploads\/2023\/10\/car_DINO-1536x417.jpg 1536w, https:\/\/ferqui.com\/wp-content\/uploads\/2023\/10\/car_DINO.jpg 2000w\" sizes=\"auto, (max-width: 1600px) 100vw, 1600px\" \/><\/figure><\/div><\/div><div class=\"glide__bullets\" data-glide-el=\"controls[nav]\"><button class=\"glide__bullet\" data-glide-dir=\"=0\"><\/button><\/div><div class=\"glide__arrows\" data-glide-el=\"controls\"><button class=\"glide__arrow glide__arrow--left\" data-glide-dir=\"<\"><span class=\"screen-reader-text\">Anterior<\/span><div><svg xmlns=\"http:\/\/www.w3.org\/2000\/svg\" width=\"18\" height=\"18\" viewBox=\"0 0 24 24\"><path fill=\"#fff\" d=\"M0 12l10.975 11 2.848-2.828-6.176-6.176H24v-3.992H7.646l6.176-6.176L10.975 1 0 12z\"><\/path><\/svg><\/div><\/button><button class=\"glide__arrow glide__arrow--right\" data-glide-dir=\"&gt;\"><span class=\"screen-reader-text\">Siguiente<\/span><div><svg xmlns=\"http:\/\/www.w3.org\/2000\/svg\" width=\"18\" height=\"18\" viewBox=\"0 0 24 24\"><path fill=\"#fff\" d=\"M24 12l-10.975 11-2.848-2.828 6.176-6.176H0v-3.992h16.354l-6.176-6.176L13.025 1 24 12z\"><\/path><\/svg><\/div><\/button><\/div><\/div>\n\n<div class=\"wp-block-columns is-layout-flex wp-container-core-columns-is-layout-28f84493 wp-block-columns-is-layout-flex\">\n<div class=\"wp-block-column is-layout-flow wp-block-column-is-layout-flow\">\n<div style=\"height:100px\" aria-hidden=\"true\" class=\"wp-block-spacer\"><\/div>\n\n\n\n<figure class=\"wp-block-image aligncenter size-full\"><img loading=\"lazy\" decoding=\"async\" width=\"475\" height=\"215\" src=\"https:\/\/ferqui.com\/wp-content\/uploads\/2023\/10\/DINO.jpg\" alt=\"\" class=\"wp-image-467\"><\/figure><\/div>\n\n\n\n<div class=\"wp-block-column is-layout-flow wp-block-column-is-layout-flow\">\n<div style=\"height:42px\" aria-hidden=\"true\" class=\"wp-block-spacer\"><\/div>\n\n\n\n<p class=\"has-white-color has-primary-background-color has-text-color has-background\">CONVERSION SUR IVECO DAILY 50C18 OU 60C18 VAN<\/p>\n\n\n\n<p>Transformation qui s\u2019effectue sur la base des fourgons Iveco 50C, en les transformant en un minibus multifonctionnel accrocheur (\u00e9coliers, transferts, lignes r\u00e9guli\u00e8res et services de transport de courte distance) avec le confort d\u2019\u00e9quiper des doubles vitres lat\u00e9rales panoramiques, des si\u00e8ges inclinables, de la climatisation, du chauffage par convecteur et de la possibilit\u00e9 d\u2019int\u00e9grer une plate-forme \u00e9l\u00e9vatrice pour les personnes \u00e0 mobilit\u00e9 r\u00e9duite.  pouvant accueillir jusqu\u2019\u00e0 un maximum de 4 fauteuils roulants \u00e0 l\u2019int\u00e9rieur.<br\/><br\/><strong>Il est d\u00e9velopp\u00e9 en trois versions :<\/strong><\/p>\n\n\n\n<ul class=\"wp-block-list\">\n<li>Norme DINO<\/li>\n\n\n\n<li>Colonne DINO PMR<\/li>\n\n\n\n<li>DINO PMR Cassete<\/li>\n<\/ul>\n<\/div>\n<\/div>\n\n<div class=\"wp-block-columns is-layout-flex wp-container-core-columns-is-layout-28f84493 wp-block-columns-is-layout-flex\">\n<div class=\"wp-block-column is-layout-flow wp-block-column-is-layout-flow\"><\/div>\n<\/div>\n\n<figure class=\"wp-block-image size-large\"><img loading=\"lazy\" decoding=\"async\" width=\"1600\" height=\"534\" src=\"https:\/\/ferqui.com\/wp-content\/uploads\/2023\/10\/ESQ.-DINO-ESTANDAR--1600x534.jpg\" alt=\"\" class=\"wp-image-468\" srcset=\"https:\/\/ferqui.com\/wp-content\/uploads\/2023\/10\/ESQ.-DINO-ESTANDAR--1600x534.jpg 1600w, https:\/\/ferqui.com\/wp-content\/uploads\/2023\/10\/ESQ.-DINO-ESTANDAR--800x267.jpg 800w, https:\/\/ferqui.com\/wp-content\/uploads\/2023\/10\/ESQ.-DINO-ESTANDAR--768x256.jpg 768w, https:\/\/ferqui.com\/wp-content\/uploads\/2023\/10\/ESQ.-DINO-ESTANDAR--1536x513.jpg 1536w, https:\/\/ferqui.com\/wp-content\/uploads\/2023\/10\/ESQ.-DINO-ESTANDAR-.jpg 1680w\" sizes=\"auto, (max-width: 1600px) 100vw, 1600px\" \/><\/figure>\n<div class=\"wp-block-columns alignfull has-text-color has-background is-layout-flex wp-container-core-columns-is-layout-28f84493 wp-block-columns-is-layout-flex\" style=\"color:#000000;background-color:#ffffff\">\n<div class=\"wp-block-column is-layout-flow wp-block-column-is-layout-flow\">\n<ul class=\"wp-block-list\">\n<li>22 si\u00e8ges inclinables + conducteur<\/li>\n\n\n\n<li>Double vitre lat\u00e9rale panoramique teint\u00e9e fonc\u00e9e<\/li>\n\n\n\n<li>Porte-bagages avec bouches d\u2019a\u00e9ration et lampes de lecture individuelles c\u00f4t\u00e9 conducteur et canal d\u2019a\u00e9ration c\u00f4t\u00e9 porte de service<\/li>\n<\/ul>\n<\/div>\n\n\n\n<div class=\"wp-block-column is-layout-flow wp-block-column-is-layout-flow\">\n<ul class=\"wp-block-list\">\n<li>Climatisation au plafond<\/li>\n\n\n\n<li>Chauffage par convecteur<\/li>\n\n\n\n<li>Radio<\/li>\n<\/ul>\n<\/div>\n\n\n\n<div class=\"wp-block-column is-layout-flow wp-block-column-is-layout-flow\">\n<p class=\"has-white-color has-primary-background-color has-text-color has-background\"><strong>\u00c9QUIPEMENT STANDARD<\/strong><\/p>\n\n\n\n<ul class=\"wp-block-list\">\n<li>Microphone du conducteur<\/li>\n\n\n\n<li>Adapt\u00e9 \u00e0 la r\u00e9glementation des transports scolaires<\/li>\n<\/ul>\n<\/div>\n<\/div>\n\n<div style=\"height:72px\" aria-hidden=\"true\" class=\"wp-block-spacer\"><\/div>\n\n<div class=\"wp-block-columns is-layout-flex wp-container-core-columns-is-layout-28f84493 wp-block-columns-is-layout-flex\">\n<div class=\"wp-block-column is-layout-flow wp-block-column-is-layout-flow\">\n<figure class=\"wp-block-image aligncenter size-full is-resized\"><a href=\"https:\/\/ferqui.com\/fr\/dino19\/\"><img loading=\"lazy\" decoding=\"async\" width=\"442\" height=\"274\" src=\"https:\/\/ferqui.com\/wp-content\/uploads\/2023\/10\/dino19.jpg\" alt=\"\" class=\"wp-image-473\" style=\"width:284px;height:176px\"><\/a><\/figure><\/div>\n\n\n\n<div class=\"wp-block-column is-layout-flow wp-block-column-is-layout-flow\">\n<figure class=\"wp-block-image aligncenter size-full is-resized\"><a href=\"https:\/\/ferqui.com\/fr\/dino-3\/\"><img loading=\"lazy\" decoding=\"async\" width=\"442\" height=\"274\" src=\"https:\/\/ferqui.com\/wp-content\/uploads\/2023\/10\/dino22.jpg\" alt=\"\" class=\"wp-image-474\" style=\"width:294px;height:182px\"><\/a><\/figure><\/div>\n<\/div>\n\n<div class=\"wp-block-buttons is-content-justification-center is-layout-flex wp-container-core-buttons-is-layout-a89b3969 wp-block-buttons-is-layout-flex\">\n<div class=\"wp-block-button\"><a class=\"wp-block-button__link has-primary-background-color has-background wp-element-button\" href=\"https:\/\/ferqui.com\/wp-content\/uploads\/2023\/12\/FOLLETO-DINO-2023.pdf\" style=\"border-radius:12px\" target=\"_blank\" rel=\"noreferrer noopener\">T\u00e9l\u00e9charger le catalogue<\/a><\/div>\n<\/div>\n","protected":false},"excerpt":{"rendered":"<p>CONVERSION SUR IVECO DAILY 50C18 OU 60C18 VAN Transformation qui s\u2019effectue sur la base des fourgons Iveco 50C, en les transformant en un minibus multifonctionnel accrocheur (\u00e9coliers, transferts, lignes r\u00e9guli\u00e8res et services de transport de courte distance) avec le confort d\u2019\u00e9quiper des doubles vitres lat\u00e9rales panoramiques, des si\u00e8ges inclinables, de la climatisation, du chauffage par [&hellip;]<\/p>\n","protected":false},"author":1,"featured_media":0,"parent":0,"menu_order":0,"comment_status":"closed","ping_status":"closed","template":"","meta":{"footnotes":""},"class_list":["post-2315","page","type-page","status-publish","hentry"],"_links":{"self":[{"href":"https:\/\/ferqui.com\/fr\/wp-json\/wp\/v2\/pages\/2315","targetHints":{"allow":["GET"]}}],"collection":[{"href":"https:\/\/ferqui.com\/fr\/wp-json\/wp\/v2\/pages"}],"about":[{"href":"https:\/\/ferqui.com\/fr\/wp-json\/wp\/v2\/types\/page"}],"author":[{"embeddable":true,"href":"https:\/\/ferqui.com\/fr\/wp-json\/wp\/v2\/users\/1"}],"replies":[{"embeddable":true,"href":"https:\/\/ferqui.com\/fr\/wp-json\/wp\/v2\/comments?post=2315"}],"version-history":[{"count":2,"href":"https:\/\/ferqui.com\/fr\/wp-json\/wp\/v2\/pages\/2315\/revisions"}],"predecessor-version":[{"id":2577,"href":"https:\/\/ferqui.com\/fr\/wp-json\/wp\/v2\/pages\/2315\/revisions\/2577"}],"wp:attachment":[{"href":"https:\/\/ferqui.com\/fr\/wp-json\/wp\/v2\/media?parent=2315"}],"curies":[{"name":"wp","href":"https:\/\/api.w.org\/{rel}","templated":true}]}}