{"id":2317,"date":"2023-10-05T10:50:41","date_gmt":"2023-10-05T08:50:41","guid":{"rendered":"https:\/\/ferqui.com\/cares\/"},"modified":"2025-03-28T17:24:46","modified_gmt":"2025-03-28T16:24:46","slug":"cares","status":"publish","type":"page","link":"https:\/\/ferqui.com\/fr\/cares\/","title":{"rendered":"Se soucie"},"content":{"rendered":"\n<div data-slider-type=\"slider\" data-per-view=\"1\" data-focus-at=\"center\" data-gap=\"10\" data-autoplay=\"5000\" data-hoverpause=\"true\" data-animation-duration=\"400\" data-animation-timing-func=\"cubic-bezier(0.165, 0.840, 0.440, 1.000)\" data-peek-before=\"0\" data-peek-after=\"0\" data-breakpoints=\"\" class=\"wp-block-sci-blocks-sci-slider sci-blocks-slider glide\"><div class=\"glide__track\" data-glide-el=\"track\"><div class=\"glide__slides is-layout-flow wp-block-sci-slider-is-layout-flow\">\n<figure class=\"wp-block-image aligncenter size-large\"><img loading=\"lazy\" decoding=\"async\" width=\"1600\" height=\"428\" src=\"https:\/\/ferqui.com\/wp-content\/uploads\/2023\/10\/CONTENIDO-SLIDER-03-1600x428.jpg\" alt=\"\" class=\"wp-image-470\" srcset=\"https:\/\/ferqui.com\/wp-content\/uploads\/2023\/10\/CONTENIDO-SLIDER-03-1600x428.jpg 1600w, https:\/\/ferqui.com\/wp-content\/uploads\/2023\/10\/CONTENIDO-SLIDER-03-800x214.jpg 800w, https:\/\/ferqui.com\/wp-content\/uploads\/2023\/10\/CONTENIDO-SLIDER-03-768x205.jpg 768w, https:\/\/ferqui.com\/wp-content\/uploads\/2023\/10\/CONTENIDO-SLIDER-03-1536x411.jpg 1536w, https:\/\/ferqui.com\/wp-content\/uploads\/2023\/10\/CONTENIDO-SLIDER-03.jpg 1900w\" sizes=\"auto, (max-width: 1600px) 100vw, 1600px\" \/><\/figure>\n\n\n\n<figure class=\"wp-block-image aligncenter size-large\"><img loading=\"lazy\" decoding=\"async\" width=\"1600\" height=\"429\" src=\"https:\/\/ferqui.com\/wp-content\/uploads\/2023\/11\/CARES-F2-01M_web-1600x429.jpg\" alt=\"\" class=\"wp-image-861\" srcset=\"https:\/\/ferqui.com\/wp-content\/uploads\/2023\/11\/CARES-F2-01M_web-1600x429.jpg 1600w, https:\/\/ferqui.com\/wp-content\/uploads\/2023\/11\/CARES-F2-01M_web-800x214.jpg 800w, https:\/\/ferqui.com\/wp-content\/uploads\/2023\/11\/CARES-F2-01M_web-768x206.jpg 768w, https:\/\/ferqui.com\/wp-content\/uploads\/2023\/11\/CARES-F2-01M_web-1536x411.jpg 1536w, https:\/\/ferqui.com\/wp-content\/uploads\/2023\/11\/CARES-F2-01M_web.jpg 1904w\" sizes=\"auto, (max-width: 1600px) 100vw, 1600px\" \/><\/figure>\n\n\n\n<figure class=\"wp-block-image aligncenter size-large\"><img loading=\"lazy\" decoding=\"async\" width=\"1600\" height=\"429\" src=\"https:\/\/ferqui.com\/wp-content\/uploads\/2023\/11\/CARES-F2-02M_web-1-1600x429.jpg\" alt=\"\" class=\"wp-image-873\" srcset=\"https:\/\/ferqui.com\/wp-content\/uploads\/2023\/11\/CARES-F2-02M_web-1-1600x429.jpg 1600w, https:\/\/ferqui.com\/wp-content\/uploads\/2023\/11\/CARES-F2-02M_web-1-800x214.jpg 800w, https:\/\/ferqui.com\/wp-content\/uploads\/2023\/11\/CARES-F2-02M_web-1-768x206.jpg 768w, https:\/\/ferqui.com\/wp-content\/uploads\/2023\/11\/CARES-F2-02M_web-1-1536x411.jpg 1536w, https:\/\/ferqui.com\/wp-content\/uploads\/2023\/11\/CARES-F2-02M_web-1.jpg 1904w\" sizes=\"auto, (max-width: 1600px) 100vw, 1600px\" \/><\/figure>\n<\/div><\/div><div class=\"glide__bullets\" data-glide-el=\"controls[nav]\"><button class=\"glide__bullet\" data-glide-dir=\"=0\"><\/button><button class=\"glide__bullet\" data-glide-dir=\"=1\"><\/button><button class=\"glide__bullet\" data-glide-dir=\"=2\"><\/button><\/div><div class=\"glide__arrows\" data-glide-el=\"controls\"><button class=\"glide__arrow glide__arrow--left\" data-glide-dir=\"<\"><span class=\"screen-reader-text\">Anterior<\/span><div><svg xmlns=\"http:\/\/www.w3.org\/2000\/svg\" width=\"18\" height=\"18\" viewBox=\"0 0 24 24\"><path fill=\"#fff\" d=\"M0 12l10.975 11 2.848-2.828-6.176-6.176H24v-3.992H7.646l6.176-6.176L10.975 1 0 12z\"><\/path><\/svg><\/div><\/button><button class=\"glide__arrow glide__arrow--right\" data-glide-dir=\"&gt;\"><span class=\"screen-reader-text\">Siguiente<\/span><div><svg xmlns=\"http:\/\/www.w3.org\/2000\/svg\" width=\"18\" height=\"18\" viewBox=\"0 0 24 24\"><path fill=\"#fff\" d=\"M24 12l-10.975 11-2.848-2.828 6.176-6.176H0v-3.992h16.354l-6.176-6.176L13.025 1 24 12z\"><\/path><\/svg><\/div><\/button><\/div><\/div>\n\n<div style=\"height:57px\" aria-hidden=\"true\" class=\"wp-block-spacer\"><\/div>\n\n<div class=\"wp-block-columns is-layout-flex wp-container-core-columns-is-layout-28f84493 wp-block-columns-is-layout-flex\">\n<div class=\"wp-block-column is-layout-flow wp-block-column-is-layout-flow\">\n<div style=\"height:57px\" aria-hidden=\"true\" class=\"wp-block-spacer\"><\/div>\n\n\n\n<figure class=\"wp-block-image aligncenter size-full is-resized\"><img loading=\"lazy\" decoding=\"async\" width=\"579\" height=\"223\" src=\"https:\/\/ferqui.com\/wp-content\/uploads\/2023\/10\/ferqui_cares.jpg\" alt=\"\" class=\"wp-image-435\" style=\"width:595px;height:229px\"><\/figure>\n<\/div>\n\n\n\n<div class=\"wp-block-column is-layout-flow wp-block-column-is-layout-flow\">\n<p class=\"has-white-color has-primary-background-color has-text-color has-background\"><strong>FORD E-TRANSIT &#8211; FERQUI CARES (13 + C)<\/strong><\/p>\n\n\n\n<p>Premier minibus \u00e9lectrique sur fourgon Ford E-Transit, d\u2019une capacit\u00e9 de 13 passagers plus le chauffeur, avec le nom commercial Cares.<br\/>Il int\u00e8gre un coffre \u00e0 l\u2019arri\u00e8re avec une capacit\u00e9 pour les chariots passagers, dispose d\u2019un excellent acc\u00e8s par une large porte \u00e9lectrique et des marchepieds confortables, ainsi que d\u2019une hauteur int\u00e9rieure de 1 940 mm qui permet une mobilit\u00e9 confortable dans l\u2019espace passager, ce qui en fait un v\u00e9hicule spacieux et tr\u00e8s confortable. Il int\u00e8gre une batterie de 75 kWh, atteint une autonomie allant jusqu\u2019\u00e0 317 km.<\/p>\n\n\n\n<p>V\u00e9hicule avec les derni\u00e8res innovations technologiques appliqu\u00e9es pour donner au voyageur un haut degr\u00e9 de s\u00e9curit\u00e9 et de confort, ainsi qu\u2019un grand respect de l\u2019environnement avec z\u00e9ro \u00e9mission.<br\/>Il a b\u00e9n\u00e9fici\u00e9 de l\u2019excellente coop\u00e9ration de l\u2019\u00e9quipe Ford Otosan.<\/p>\n\n\n\n<div style=\"height:57px\" aria-hidden=\"true\" class=\"wp-block-spacer\"><\/div>\n<\/div>\n<\/div>\n\n<div class=\"wp-block-columns is-layout-flex wp-container-core-columns-is-layout-28f84493 wp-block-columns-is-layout-flex\">\n<div class=\"wp-block-column is-layout-flow wp-block-column-is-layout-flow\">\n<figure class=\"wp-block-image size-full\"><img loading=\"lazy\" decoding=\"async\" width=\"1379\" height=\"657\" src=\"https:\/\/ferqui.com\/wp-content\/uploads\/2023\/10\/CARES-FERQUI-SEC.-01.png\" alt=\"\" class=\"wp-image-438\" srcset=\"https:\/\/ferqui.com\/wp-content\/uploads\/2023\/10\/CARES-FERQUI-SEC.-01.png 1379w, https:\/\/ferqui.com\/wp-content\/uploads\/2023\/10\/CARES-FERQUI-SEC.-01-800x381.png 800w, https:\/\/ferqui.com\/wp-content\/uploads\/2023\/10\/CARES-FERQUI-SEC.-01-768x366.png 768w\" sizes=\"auto, (max-width: 1379px) 100vw, 1379px\" \/><\/figure>\n<\/div>\n\n\n\n<div class=\"wp-block-column is-layout-flow wp-block-column-is-layout-flow\">\n<figure class=\"wp-block-image size-full\"><img loading=\"lazy\" decoding=\"async\" width=\"1379\" height=\"657\" src=\"https:\/\/ferqui.com\/wp-content\/uploads\/2023\/10\/CARES-FERQUI-SEC.-02.png\" alt=\"\" class=\"wp-image-439\" srcset=\"https:\/\/ferqui.com\/wp-content\/uploads\/2023\/10\/CARES-FERQUI-SEC.-02.png 1379w, https:\/\/ferqui.com\/wp-content\/uploads\/2023\/10\/CARES-FERQUI-SEC.-02-800x381.png 800w, https:\/\/ferqui.com\/wp-content\/uploads\/2023\/10\/CARES-FERQUI-SEC.-02-768x366.png 768w\" sizes=\"auto, (max-width: 1379px) 100vw, 1379px\" \/><\/figure>\n<\/div>\n<\/div>\n\n<div style=\"height:57px\" aria-hidden=\"true\" class=\"wp-block-spacer\"><\/div>\n\n<div class=\"wp-block-columns is-layout-flex wp-container-core-columns-is-layout-28f84493 wp-block-columns-is-layout-flex\">\n<div class=\"wp-block-column is-layout-flow wp-block-column-is-layout-flow\">\n<div style=\"height:69px\" aria-hidden=\"true\" class=\"wp-block-spacer\"><\/div>\n\n\n\n<ul class=\"wp-block-list\">\n<li>Jusqu\u2019\u00e0 13 si\u00e8ges plus le conducteur<\/li>\n\n\n\n<li>Moteur \u00e9lectrique 430 Nm<\/li>\n\n\n\n<li>Transmission automatique avec bouton rotatif<\/li>\n\n\n\n<li>Propulsion arri\u00e8re<\/li>\n\n\n\n<li>D\u00e9marrage sans cl\u00e9<\/li>\n\n\n\n<li>Frein \u00e0 main \u00e9lectrique<\/li>\n\n\n\n<li>Batterie situ\u00e9e sous le plancher du v\u00e9hicule et prot\u00e9g\u00e9e par une structure p\u00e9rim\u00e9trique contre d\u2019\u00e9ventuels chocs<\/li>\n<\/ul>\n<\/div>\n\n\n\n<div class=\"wp-block-column is-layout-flow wp-block-column-is-layout-flow\">\n<div style=\"height:69px\" aria-hidden=\"true\" class=\"wp-block-spacer\"><\/div>\n\n\n\n<ul class=\"wp-block-list\">\n<li>Batterie de 75 Kwh (68 Kwh utilisables)<\/li>\n\n\n\n<li>Charge altern\u00e9e de 11 kW, passant de 10 % \u00e0 100 % en 7 heures<\/li>\n\n\n\n<li>Charge rapide continue de 115 kW, passant de 15 % \u00e0 80 % en 34 minutes<\/li>\n\n\n\n<li>Autonomie jusqu\u2019\u00e0 317 Kms.<\/li>\n\n\n\n<li>Garantie batterie : 8 ans \/ 160 000 Kms.<\/li>\n\n\n\n<li>Porte de service coulissante \u00e9lectrique<\/li>\n\n\n\n<li>Pare-brise avant chauffant<\/li>\n\n\n\n<li>Vitres lat\u00e9rales teint\u00e9es<\/li>\n<\/ul>\n<\/div>\n\n\n\n<div class=\"wp-block-column is-layout-flow wp-block-column-is-layout-flow\">\n<p class=\"has-white-color has-primary-background-color has-text-color has-background\"><strong>\u00c9QUIPEMENT STANDARD<\/strong><\/p>\n\n\n\n<ul class=\"wp-block-list\">\n<li>Si\u00e8ges chauffants pour le conducteur et le passager avant<\/li>\n\n\n\n<li>Si\u00e8ge conducteur \u00e0 r\u00e9glage \u00e9lectrique<\/li>\n\n\n\n<li>\u00c9cran de 12 pouces avec climatisation et navigation int\u00e9gr\u00e9es<\/li>\n\n\n\n<li>Cam\u00e9ra 360\u00b0<\/li>\n\n\n\n<li>D\u00e9tection des angles morts avec maintien dans la voie<\/li>\n\n\n\n<li>Assistance pr\u00e9collision aux intersections et \u00e0 l\u2019arri\u00e8re<\/li>\n\n\n\n<li>Assistance et alerte de sortie de voie<\/li>\n\n\n\n<li>V\u00e9hicule connect\u00e9 avec des solutions t\u00e9l\u00e9matiques<\/li>\n<\/ul>\n<\/div>\n<\/div>\n\n<div class=\"wp-block-columns alignfull has-text-color has-background is-layout-flex wp-container-core-columns-is-layout-b6100464 wp-block-columns-is-layout-flex\" style=\"color:#000000;background-color:#ffffff\">\n<div class=\"wp-block-column is-layout-flow wp-block-column-is-layout-flow\"><\/div>\n\n\n\n<div class=\"wp-block-column is-layout-flow wp-block-column-is-layout-flow\">\n<p class=\"autobus__ficha-tecnica has-white-color has-primary-background-color has-text-color has-background\" style=\"margin-top:var(--wp--preset--spacing--40);padding-top:0.25em;padding-right:1em;padding-bottom:0.25em;padding-left:1em\"><a href=\"https:\/\/ferqui.com\/wp-content\/uploads\/2025\/03\/FICHA_CARES_ESP.pdf\" target=\"_blank\" rel=\"noreferrer noopener\"><strong>FEUILLE<\/strong> <img loading=\"lazy\" decoding=\"async\" width=\"40\" height=\"40\" class=\"wp-image-3453\" style=\"width: 40px;\" src=\"https:\/\/ferqui.com\/wp-content\/uploads\/2025\/03\/pdf.png\" alt=\"\" srcset=\"https:\/\/ferqui.com\/wp-content\/uploads\/2025\/03\/pdf.png 512w, https:\/\/ferqui.com\/wp-content\/uploads\/2025\/03\/pdf-500x500.png 500w\" sizes=\"auto, (max-width: 40px) 100vw, 40px\" \/><\/a><\/p>\n\n\n\n<p class=\"autobus__video has-white-color has-primary-background-color has-text-color has-background\" style=\"margin-top:var(--wp--preset--spacing--40);padding-top:0.25em;padding-right:1em;padding-bottom:0.25em;padding-left:1em\"><a href=\"https:\/\/ferqui.com\/wp-content\/uploads\/2025\/03\/ferqui_cares_esp.mp4\" target=\"_blank\" rel=\"noreferrer noopener\"><strong>VOIR LA VID\u00c9O<\/strong> <img loading=\"lazy\" decoding=\"async\" width=\"40\" height=\"40\" class=\"wp-image-3457\" style=\"width: 40px;\" src=\"https:\/\/ferqui.com\/wp-content\/uploads\/2025\/03\/boton-de-play.png\" alt=\"\" srcset=\"https:\/\/ferqui.com\/wp-content\/uploads\/2025\/03\/boton-de-play.png 512w, https:\/\/ferqui.com\/wp-content\/uploads\/2025\/03\/boton-de-play-500x500.png 500w\" sizes=\"auto, (max-width: 40px) 100vw, 40px\" \/><\/a><\/p>\n<\/div>\n<\/div>\n","protected":false},"excerpt":{"rendered":"<p>FORD E-TRANSIT &#8211; FERQUI CARES (13 + C) Premier minibus \u00e9lectrique sur fourgon Ford E-Transit, d\u2019une capacit\u00e9 de 13 passagers plus le chauffeur, avec le nom commercial Cares.Il int\u00e8gre un coffre \u00e0 l\u2019arri\u00e8re avec une capacit\u00e9 pour les chariots passagers, dispose d\u2019un excellent acc\u00e8s par une large porte \u00e9lectrique et des marchepieds confortables, ainsi que [&hellip;]<\/p>\n","protected":false},"author":1,"featured_media":0,"parent":0,"menu_order":0,"comment_status":"closed","ping_status":"closed","template":"","meta":{"footnotes":""},"class_list":["post-2317","page","type-page","status-publish","hentry"],"_links":{"self":[{"href":"https:\/\/ferqui.com\/fr\/wp-json\/wp\/v2\/pages\/2317","targetHints":{"allow":["GET"]}}],"collection":[{"href":"https:\/\/ferqui.com\/fr\/wp-json\/wp\/v2\/pages"}],"about":[{"href":"https:\/\/ferqui.com\/fr\/wp-json\/wp\/v2\/types\/page"}],"author":[{"embeddable":true,"href":"https:\/\/ferqui.com\/fr\/wp-json\/wp\/v2\/users\/1"}],"replies":[{"embeddable":true,"href":"https:\/\/ferqui.com\/fr\/wp-json\/wp\/v2\/comments?post=2317"}],"version-history":[{"count":4,"href":"https:\/\/ferqui.com\/fr\/wp-json\/wp\/v2\/pages\/2317\/revisions"}],"predecessor-version":[{"id":3557,"href":"https:\/\/ferqui.com\/fr\/wp-json\/wp\/v2\/pages\/2317\/revisions\/3557"}],"wp:attachment":[{"href":"https:\/\/ferqui.com\/fr\/wp-json\/wp\/v2\/media?parent=2317"}],"curies":[{"name":"wp","href":"https:\/\/api.w.org\/{rel}","templated":true}]}}