{"id":2331,"date":"2023-10-03T16:12:53","date_gmt":"2023-10-03T14:12:53","guid":{"rendered":"https:\/\/ferqui.com\/nuevo-nora-travel\/"},"modified":"2024-03-01T12:46:00","modified_gmt":"2024-03-01T11:46:00","slug":"nuevo-nora-travel","status":"publish","type":"page","link":"https:\/\/ferqui.com\/fr\/vehiculos\/midibuses\/nuevo-nora-travel\/","title":{"rendered":"Nouveau Nora Travel"},"content":{"rendered":"\n<div data-slider-type=\"slider\" data-per-view=\"1\" data-focus-at=\"center\" data-gap=\"10\" data-autoplay=\"5000\" data-hoverpause=\"true\" data-animation-duration=\"400\" data-animation-timing-func=\"cubic-bezier(0.165, 0.840, 0.440, 1.000)\" data-peek-before=\"0\" data-peek-after=\"0\" data-breakpoints=\"\" class=\"wp-block-sci-blocks-sci-slider sci-blocks-slider glide\"><div class=\"glide__track\" data-glide-el=\"track\"><div class=\"glide__slides is-layout-flow wp-block-sci-slider-is-layout-flow\">\n<figure class=\"wp-block-gallery has-nested-images columns-6 is-cropped wp-block-gallery-1 is-layout-flex wp-block-gallery-is-layout-flex\">\n<figure class=\"wp-block-image size-large\"><a href=\"https:\/\/ferqui.com\/wp-content\/uploads\/2023\/10\/2MR0204-1024x683-1.jpg\"><img loading=\"lazy\" decoding=\"async\" width=\"1024\" height=\"683\" data-id=\"383\" src=\"https:\/\/ferqui.com\/wp-content\/uploads\/2023\/10\/2MR0204-1024x683-1.jpg\" alt=\"\" class=\"wp-image-383\" srcset=\"https:\/\/ferqui.com\/wp-content\/uploads\/2023\/10\/2MR0204-1024x683-1.jpg 1024w, https:\/\/ferqui.com\/wp-content\/uploads\/2023\/10\/2MR0204-1024x683-1-800x534.jpg 800w, https:\/\/ferqui.com\/wp-content\/uploads\/2023\/10\/2MR0204-1024x683-1-768x512.jpg 768w\" sizes=\"auto, (max-width: 1024px) 100vw, 1024px\" \/><\/a><\/figure>\n\n\n<figure class=\"wp-block-image size-large\"><a href=\"https:\/\/ferqui.com\/wp-content\/uploads\/2023\/10\/2MR0211-1024x683-1.jpg\"><img loading=\"lazy\" decoding=\"async\" width=\"1024\" height=\"683\" data-id=\"381\" src=\"https:\/\/ferqui.com\/wp-content\/uploads\/2023\/10\/2MR0211-1024x683-1.jpg\" alt=\"\" class=\"wp-image-381\" srcset=\"https:\/\/ferqui.com\/wp-content\/uploads\/2023\/10\/2MR0211-1024x683-1.jpg 1024w, https:\/\/ferqui.com\/wp-content\/uploads\/2023\/10\/2MR0211-1024x683-1-800x534.jpg 800w, https:\/\/ferqui.com\/wp-content\/uploads\/2023\/10\/2MR0211-1024x683-1-768x512.jpg 768w\" sizes=\"auto, (max-width: 1024px) 100vw, 1024px\" \/><\/a><\/figure>\n\n\n<figure class=\"wp-block-image size-large\"><a href=\"https:\/\/ferqui.com\/wp-content\/uploads\/2023\/10\/2MR0214-1024x754-1.jpg\"><img loading=\"lazy\" decoding=\"async\" width=\"1024\" height=\"754\" data-id=\"373\" src=\"https:\/\/ferqui.com\/wp-content\/uploads\/2023\/10\/2MR0214-1024x754-1.jpg\" alt=\"\" class=\"wp-image-373\" srcset=\"https:\/\/ferqui.com\/wp-content\/uploads\/2023\/10\/2MR0214-1024x754-1.jpg 1024w, https:\/\/ferqui.com\/wp-content\/uploads\/2023\/10\/2MR0214-1024x754-1-800x589.jpg 800w, https:\/\/ferqui.com\/wp-content\/uploads\/2023\/10\/2MR0214-1024x754-1-768x566.jpg 768w\" sizes=\"auto, (max-width: 1024px) 100vw, 1024px\" \/><\/a><\/figure>\n\n\n<figure class=\"wp-block-image size-large\"><a href=\"https:\/\/ferqui.com\/wp-content\/uploads\/2023\/10\/2MR0218-1024x736-1.jpg\"><img loading=\"lazy\" decoding=\"async\" width=\"1024\" height=\"736\" data-id=\"375\" src=\"https:\/\/ferqui.com\/wp-content\/uploads\/2023\/10\/2MR0218-1024x736-1.jpg\" alt=\"\" class=\"wp-image-375\" srcset=\"https:\/\/ferqui.com\/wp-content\/uploads\/2023\/10\/2MR0218-1024x736-1.jpg 1024w, https:\/\/ferqui.com\/wp-content\/uploads\/2023\/10\/2MR0218-1024x736-1-800x575.jpg 800w, https:\/\/ferqui.com\/wp-content\/uploads\/2023\/10\/2MR0218-1024x736-1-768x552.jpg 768w\" sizes=\"auto, (max-width: 1024px) 100vw, 1024px\" \/><\/a><\/figure>\n\n\n<figure class=\"wp-block-image size-large\"><a href=\"https:\/\/ferqui.com\/wp-content\/uploads\/2023\/10\/2MR0232-683x1024-1.jpg\"><img loading=\"lazy\" decoding=\"async\" width=\"683\" height=\"1024\" data-id=\"377\" src=\"https:\/\/ferqui.com\/wp-content\/uploads\/2023\/10\/2MR0232-683x1024-1.jpg\" alt=\"\" class=\"wp-image-377\" srcset=\"https:\/\/ferqui.com\/wp-content\/uploads\/2023\/10\/2MR0232-683x1024-1.jpg 683w, https:\/\/ferqui.com\/wp-content\/uploads\/2023\/10\/2MR0232-683x1024-1-534x800.jpg 534w\" sizes=\"auto, (max-width: 683px) 100vw, 683px\" \/><\/a><\/figure>\n\n\n<figure class=\"wp-block-image size-large\"><a href=\"https:\/\/ferqui.com\/wp-content\/uploads\/2023\/10\/2MR0235-836x1024-1.jpg\"><img loading=\"lazy\" decoding=\"async\" width=\"836\" height=\"1024\" data-id=\"380\" src=\"https:\/\/ferqui.com\/wp-content\/uploads\/2023\/10\/2MR0235-836x1024-1.jpg\" alt=\"\" class=\"wp-image-380\" srcset=\"https:\/\/ferqui.com\/wp-content\/uploads\/2023\/10\/2MR0235-836x1024-1.jpg 836w, https:\/\/ferqui.com\/wp-content\/uploads\/2023\/10\/2MR0235-836x1024-1-653x800.jpg 653w, https:\/\/ferqui.com\/wp-content\/uploads\/2023\/10\/2MR0235-836x1024-1-768x941.jpg 768w\" sizes=\"auto, (max-width: 836px) 100vw, 836px\" \/><\/a><\/figure>\n\n\n<figure class=\"wp-block-image size-large\"><a href=\"https:\/\/ferqui.com\/wp-content\/uploads\/2023\/10\/2MR0237-1024x698-1.jpg\"><img loading=\"lazy\" decoding=\"async\" width=\"1024\" height=\"698\" data-id=\"378\" src=\"https:\/\/ferqui.com\/wp-content\/uploads\/2023\/10\/2MR0237-1024x698-1.jpg\" alt=\"\" class=\"wp-image-378\" srcset=\"https:\/\/ferqui.com\/wp-content\/uploads\/2023\/10\/2MR0237-1024x698-1.jpg 1024w, https:\/\/ferqui.com\/wp-content\/uploads\/2023\/10\/2MR0237-1024x698-1-800x545.jpg 800w, https:\/\/ferqui.com\/wp-content\/uploads\/2023\/10\/2MR0237-1024x698-1-768x524.jpg 768w\" sizes=\"auto, (max-width: 1024px) 100vw, 1024px\" \/><\/a><\/figure>\n\n\n<figure class=\"wp-block-image size-large\"><a href=\"https:\/\/ferqui.com\/wp-content\/uploads\/2023\/10\/2MR0253-823x1024-1.jpg\"><img loading=\"lazy\" decoding=\"async\" width=\"823\" height=\"1024\" data-id=\"382\" src=\"https:\/\/ferqui.com\/wp-content\/uploads\/2023\/10\/2MR0253-823x1024-1.jpg\" alt=\"\" class=\"wp-image-382\" srcset=\"https:\/\/ferqui.com\/wp-content\/uploads\/2023\/10\/2MR0253-823x1024-1.jpg 823w, https:\/\/ferqui.com\/wp-content\/uploads\/2023\/10\/2MR0253-823x1024-1-643x800.jpg 643w, https:\/\/ferqui.com\/wp-content\/uploads\/2023\/10\/2MR0253-823x1024-1-768x956.jpg 768w\" sizes=\"auto, (max-width: 823px) 100vw, 823px\" \/><\/a><\/figure>\n\n\n<figure class=\"wp-block-image size-large\"><a href=\"https:\/\/ferqui.com\/wp-content\/uploads\/2023\/10\/2MR0264-683x1024-1.jpg\"><img loading=\"lazy\" decoding=\"async\" width=\"683\" height=\"1024\" data-id=\"376\" src=\"https:\/\/ferqui.com\/wp-content\/uploads\/2023\/10\/2MR0264-683x1024-1.jpg\" alt=\"\" class=\"wp-image-376\" srcset=\"https:\/\/ferqui.com\/wp-content\/uploads\/2023\/10\/2MR0264-683x1024-1.jpg 683w, https:\/\/ferqui.com\/wp-content\/uploads\/2023\/10\/2MR0264-683x1024-1-534x800.jpg 534w\" sizes=\"auto, (max-width: 683px) 100vw, 683px\" \/><\/a><\/figure>\n\n\n<figure class=\"wp-block-image size-large\"><a href=\"https:\/\/ferqui.com\/wp-content\/uploads\/2023\/10\/2MR0269-851x1024-1.jpg\"><img loading=\"lazy\" decoding=\"async\" width=\"851\" height=\"1024\" data-id=\"374\" src=\"https:\/\/ferqui.com\/wp-content\/uploads\/2023\/10\/2MR0269-851x1024-1.jpg\" alt=\"\" class=\"wp-image-374\" srcset=\"https:\/\/ferqui.com\/wp-content\/uploads\/2023\/10\/2MR0269-851x1024-1.jpg 851w, https:\/\/ferqui.com\/wp-content\/uploads\/2023\/10\/2MR0269-851x1024-1-665x800.jpg 665w, https:\/\/ferqui.com\/wp-content\/uploads\/2023\/10\/2MR0269-851x1024-1-768x924.jpg 768w\" sizes=\"auto, (max-width: 851px) 100vw, 851px\" \/><\/a><\/figure>\n\n\n<figure class=\"wp-block-image size-large\"><a href=\"https:\/\/ferqui.com\/wp-content\/uploads\/2023\/10\/PORTADA-NORA-TRAVEL-02-1024x732-1.jpg\"><img loading=\"lazy\" decoding=\"async\" width=\"1024\" height=\"732\" data-id=\"379\" src=\"https:\/\/ferqui.com\/wp-content\/uploads\/2023\/10\/PORTADA-NORA-TRAVEL-02-1024x732-1.jpg\" alt=\"\" class=\"wp-image-379\" srcset=\"https:\/\/ferqui.com\/wp-content\/uploads\/2023\/10\/PORTADA-NORA-TRAVEL-02-1024x732-1.jpg 1024w, https:\/\/ferqui.com\/wp-content\/uploads\/2023\/10\/PORTADA-NORA-TRAVEL-02-1024x732-1-800x572.jpg 800w, https:\/\/ferqui.com\/wp-content\/uploads\/2023\/10\/PORTADA-NORA-TRAVEL-02-1024x732-1-768x549.jpg 768w\" sizes=\"auto, (max-width: 1024px) 100vw, 1024px\" \/><\/a><\/figure><\/figure>\n<\/div><\/div><div class=\"glide__bullets\" data-glide-el=\"controls[nav]\"><button class=\"glide__bullet\" data-glide-dir=\"=0\"><\/button><\/div><div class=\"glide__arrows\" data-glide-el=\"controls\"><button class=\"glide__arrow glide__arrow--left\" data-glide-dir=\"<\"><span class=\"screen-reader-text\">Anterior<\/span><div><svg xmlns=\"http:\/\/www.w3.org\/2000\/svg\" width=\"18\" height=\"18\" viewBox=\"0 0 24 24\"><path fill=\"#fff\" d=\"M0 12l10.975 11 2.848-2.828-6.176-6.176H24v-3.992H7.646l6.176-6.176L10.975 1 0 12z\"><\/path><\/svg><\/div><\/button><button class=\"glide__arrow glide__arrow--right\" data-glide-dir=\"&gt;\"><span class=\"screen-reader-text\">Siguiente<\/span><div><svg xmlns=\"http:\/\/www.w3.org\/2000\/svg\" width=\"18\" height=\"18\" viewBox=\"0 0 24 24\"><path fill=\"#fff\" d=\"M24 12l-10.975 11-2.848-2.828 6.176-6.176H0v-3.992h16.354l-6.176-6.176L13.025 1 24 12z\"><\/path><\/svg><\/div><\/button><\/div><\/div>\n\n<p>C\u2019est le fruit de 60 ans d\u2019exp\u00e9rience dans l\u2019univers du midibus, avec une version restyl\u00e9e lanc\u00e9e sur le march\u00e9 en 2022.<\/p>\n\n<p>N\u00e9 pour effectuer efficacement de multiples services.<\/p>\n\n<p>Ce midibus est livr\u00e9 avec une configuration maximale<a href=\"https:\/\/ferqui.com\/noralargo\"> <\/a>37 places plus conducteur, sur un ch\u00e2ssis IVECO Eurocargo CC100, avec un moteur de 220 ch. Dans sa version, PMR propose une configuration de 36 places plus conducteur, avec une capacit\u00e9 de charge allant jusqu\u2019\u00e0 8 fauteuils roulants.<\/p>\n\n<p>De nouveaux alliages d\u2019acier plus l\u00e9gers ont \u00e9t\u00e9 utilis\u00e9s dans sa construction, ce qui permet de r\u00e9duire jusqu\u2019\u00e0 20 % le poids de la structure, par rapport aux pr\u00e9c\u00e9dents, ce qui permet de r\u00e9duire la consommation, \u00e9galement en respectant les exigences de la nouvelle norme R.66.02, qui d\u00e9termine avec pr\u00e9cision \u00ab\u00a0l\u2019espace de survie\u00a0\u00bb que la structure de la carrosserie doit garantir en cas de retournement.<\/p>\n\n<p>De m\u00eame, l\u2019ensemble du rev\u00eatement ext\u00e9rieur est compos\u00e9 de panneaux de fibre de verre, ce qui offre une r\u00e9sistance in\u00e9gal\u00e9e aux chocs, aux intemp\u00e9ries et aux effets abrasifs, tout en offrant une apparence et une durabilit\u00e9 sup\u00e9rieures.<\/p>\n\n<p>Ils offrent \u00e9galement une valeur ajout\u00e9e en raison de leur faible co\u00fbt d\u2019entretien, combin\u00e9 \u00e0 des \u00e9conomies de consommation de carburant.<\/p>\n\n<figure class=\"wp-block-image size-full\"><img loading=\"lazy\" decoding=\"async\" width=\"1456\" height=\"365\" src=\"https:\/\/ferqui.com\/wp-content\/uploads\/2023\/10\/tecniconora.jpg\" alt=\"\" class=\"wp-image-387\" srcset=\"https:\/\/ferqui.com\/wp-content\/uploads\/2023\/10\/tecniconora.jpg 1456w, https:\/\/ferqui.com\/wp-content\/uploads\/2023\/10\/tecniconora-800x201.jpg 800w, https:\/\/ferqui.com\/wp-content\/uploads\/2023\/10\/tecniconora-768x193.jpg 768w\" sizes=\"auto, (max-width: 1456px) 100vw, 1456px\" \/><\/figure>","protected":false},"excerpt":{"rendered":"<p>C\u2019est le fruit de 60 ans d\u2019exp\u00e9rience dans l\u2019univers du midibus, avec une version restyl\u00e9e lanc\u00e9e sur le march\u00e9 en 2022. N\u00e9 pour effectuer efficacement de multiples services. Ce midibus est livr\u00e9 avec une configuration maximale 37 places plus conducteur, sur un ch\u00e2ssis IVECO Eurocargo CC100, avec un moteur de 220 ch. Dans sa version, [&hellip;]<\/p>\n","protected":false},"author":1,"featured_media":0,"parent":2357,"menu_order":0,"comment_status":"closed","ping_status":"closed","template":"","meta":{"footnotes":""},"class_list":["post-2331","page","type-page","status-publish","hentry"],"_links":{"self":[{"href":"https:\/\/ferqui.com\/fr\/wp-json\/wp\/v2\/pages\/2331","targetHints":{"allow":["GET"]}}],"collection":[{"href":"https:\/\/ferqui.com\/fr\/wp-json\/wp\/v2\/pages"}],"about":[{"href":"https:\/\/ferqui.com\/fr\/wp-json\/wp\/v2\/types\/page"}],"author":[{"embeddable":true,"href":"https:\/\/ferqui.com\/fr\/wp-json\/wp\/v2\/users\/1"}],"replies":[{"embeddable":true,"href":"https:\/\/ferqui.com\/fr\/wp-json\/wp\/v2\/comments?post=2331"}],"version-history":[{"count":3,"href":"https:\/\/ferqui.com\/fr\/wp-json\/wp\/v2\/pages\/2331\/revisions"}],"predecessor-version":[{"id":2643,"href":"https:\/\/ferqui.com\/fr\/wp-json\/wp\/v2\/pages\/2331\/revisions\/2643"}],"up":[{"embeddable":true,"href":"https:\/\/ferqui.com\/fr\/wp-json\/wp\/v2\/pages\/2357"}],"wp:attachment":[{"href":"https:\/\/ferqui.com\/fr\/wp-json\/wp\/v2\/media?parent=2331"}],"curies":[{"name":"wp","href":"https:\/\/api.w.org\/{rel}","templated":true}]}}