{"id":2345,"date":"2023-09-29T13:59:33","date_gmt":"2023-09-29T11:59:33","guid":{"rendered":"https:\/\/ferqui.com\/politica-de-igualdad\/"},"modified":"2025-02-20T11:05:44","modified_gmt":"2025-02-20T10:05:44","slug":"politica-de-igualdad","status":"publish","type":"page","link":"https:\/\/ferqui.com\/fr\/politica-de-igualdad\/","title":{"rendered":"\u00c9galit\u00e9"},"content":{"rendered":"\n<p>La direction de CARROCER\u00cdAS FERQUI, S.L., fonde sa politique d\u2019\u00e9galit\u00e9 sur les principes et les engagements suivants :<\/p>\n\n<p><br\/>\u25aa Tous les employ\u00e9s ont le droit au respect de leur dignit\u00e9, ainsi que l\u2019obligation de traiter avec respect les personnes avec lesquelles ils interagissent pour des raisons professionnelles (clients, fournisseurs, etc.). Par cons\u00e9quent, la direction de l\u2019entreprise d\u00e9clare que le harc\u00e8lement sexuel et\/ou le harc\u00e8lement sexuel ne seront en aucun cas autoris\u00e9s ou tol\u00e9r\u00e9s. Il ne faut pas les ignorer. Et ils seront s\u00e9v\u00e8rement punis.<\/p>\n\n<p><br\/>\u25aa L\u2019entreprise s\u2019engage \u00e0 mettre en place des m\u00e9canismes de d\u00e9tection de nouvelles in\u00e9galit\u00e9s, ainsi qu\u2019\u00e0 mettre en \u0153uvre les proc\u00e9dures n\u00e9cessaires qui contribuent \u00e0 l\u2019am\u00e9lioration continue en mati\u00e8re d\u2019\u00e9galit\u00e9.<\/p>\n\n<p><br\/>\u25aa CARROCER\u00cdAS FERQUI, S.L. est l\u2019un des groupes d\u2019entreprises comptant plus de 50 travailleurs, c\u2019est pourquoi elle a \u00e9labor\u00e9 et met en \u0153uvre un Plan d\u2019Egalit\u00e9 avec la port\u00e9e et le contenu \u00e9tablis par la loi, qui a fait l\u2019objet de n\u00e9gociations avec la Repr\u00e9sentation Sociale, et exprime donc l\u2019obligation r\u00e9glementaire et aussi l\u2019obligation morale et sociale.  pour s\u2019y conformer.<\/p>\n\n<p><br\/>\u25aa La nouvelle r\u00e9glementation est tr\u00e8s active en termes de dispositions suppl\u00e9mentaires sur le travail et la s\u00e9curit\u00e9 sociale, le respect des r\u00e9glementations l\u00e9gales et le r\u00e8glement int\u00e9rieur de l\u2019entreprise, qui sont l\u2019un des objectifs prioritaires de l\u2019entreprise, en termes d\u2019\u00e9galit\u00e9 et de violence de genre.<\/p>\n\n<p><br\/>\u25aa Instaurer une culture d\u2019am\u00e9lioration continue, par l\u2019\u00e9tablissement d\u2019objectifs d\u2019\u00e9galit\u00e9 qui seront p\u00e9riodiquement r\u00e9vis\u00e9s.<br\/>Afin de continuer \u00e0 progresser dans la gestion de l\u2019\u00e9galit\u00e9, cette politique sera r\u00e9vis\u00e9e p\u00e9riodiquement pour son adaptation continue, elle est communiqu\u00e9e et communiqu\u00e9e \u00e0 toutes les personnes qui travaillent pour l\u2019organisation et elle est mise \u00e0 la disposition des parties int\u00e9ress\u00e9es.<\/p>\n\n<p><br\/><strong>Sign\u00e9 \u00e0 Nore\u00f1a, le 12 f\u00e9vrier 2024.<\/strong><\/p>\n\n<div style=\"height:100px\" aria-hidden=\"true\" class=\"wp-block-spacer\"><\/div>\n\n<div class=\"wp-block-columns is-layout-flex wp-container-core-columns-is-layout-28f84493 wp-block-columns-is-layout-flex\">\n<div class=\"wp-block-column is-layout-flow wp-block-column-is-layout-flow\">\n<div class=\"wp-block-file alignright\"><a id=\"wp-block-file--media-64a3041e-8975-4e7f-8017-7c274a2382de\" href=\"https:\/\/ferqui.com\/wp-content\/uploads\/2024\/02\/24-02-12-Politica_Igualdad.pdf\">Politique d\u2019\u00e9galit\u00e9<\/a><a href=\"https:\/\/ferqui.com\/wp-content\/uploads\/2024\/02\/24-02-12-Politica_Igualdad.pdf\" class=\"wp-block-file__button wp-element-button\" download=\"\" aria-describedby=\"wp-block-file--media-64a3041e-8975-4e7f-8017-7c274a2382de\">D\u00e9charge<\/a><\/div>\n<\/div>\n\n\n\n<div class=\"wp-block-column is-layout-flow wp-block-column-is-layout-flow\">\n<div class=\"wp-block-file alignright\"><a id=\"wp-block-file--media-6aa94b02-de9f-41a6-9da4-ac0e75cd258f\" href=\"https:\/\/ferqui.com\/wp-content\/uploads\/2025\/02\/H.-PROTOCOLO-CONTRA-EL-ACOSO-SEXUAL.pdf\">H.- PROTOCOLE CONTRE LE HARC\u00c8LEMENT SEXUEL<\/a><a href=\"https:\/\/ferqui.com\/wp-content\/uploads\/2025\/02\/H.-PROTOCOLO-CONTRA-EL-ACOSO-SEXUAL.pdf\" class=\"wp-block-file__button wp-element-button\" download=\"\" aria-describedby=\"wp-block-file--media-6aa94b02-de9f-41a6-9da4-ac0e75cd258f\">D\u00e9charge<\/a><\/div>\n<\/div>\n\n\n\n<div class=\"wp-block-column is-layout-flow wp-block-column-is-layout-flow\">\n<div class=\"wp-block-file alignright\"><a id=\"wp-block-file--media-7b1b45b9-702c-4beb-ab6a-92ef1f5678db\" href=\"https:\/\/ferqui.com\/wp-content\/uploads\/2025\/02\/K.-PROTOCOLO-CONTRA-EL-ACOSO-POR-ORIENTACION-SEXUAL.pdf\">K.- PROTOCOLE CONTRE LE HARC\u00c8LEMENT &#8211; ORIENTATION SEXUELLE<\/a><a href=\"https:\/\/ferqui.com\/wp-content\/uploads\/2025\/02\/K.-PROTOCOLO-CONTRA-EL-ACOSO-POR-ORIENTACION-SEXUAL.pdf\" class=\"wp-block-file__button wp-element-button\" download=\"\" aria-describedby=\"wp-block-file--media-7b1b45b9-702c-4beb-ab6a-92ef1f5678db\">D\u00e9charge<\/a><\/div>\n<\/div>\n<\/div>\n\n<p><\/p>\n","protected":false},"excerpt":{"rendered":"<p>La direction de CARROCER\u00cdAS FERQUI, S.L., fonde sa politique d\u2019\u00e9galit\u00e9 sur les principes et les engagements suivants : \u25aa Tous les employ\u00e9s ont le droit au respect de leur dignit\u00e9, ainsi que l\u2019obligation de traiter avec respect les personnes avec lesquelles ils interagissent pour des raisons professionnelles (clients, fournisseurs, etc.). Par cons\u00e9quent, la direction de [&hellip;]<\/p>\n","protected":false},"author":1,"featured_media":0,"parent":0,"menu_order":0,"comment_status":"closed","ping_status":"closed","template":"","meta":{"footnotes":""},"class_list":["post-2345","page","type-page","status-publish","hentry"],"_links":{"self":[{"href":"https:\/\/ferqui.com\/fr\/wp-json\/wp\/v2\/pages\/2345","targetHints":{"allow":["GET"]}}],"collection":[{"href":"https:\/\/ferqui.com\/fr\/wp-json\/wp\/v2\/pages"}],"about":[{"href":"https:\/\/ferqui.com\/fr\/wp-json\/wp\/v2\/types\/page"}],"author":[{"embeddable":true,"href":"https:\/\/ferqui.com\/fr\/wp-json\/wp\/v2\/users\/1"}],"replies":[{"embeddable":true,"href":"https:\/\/ferqui.com\/fr\/wp-json\/wp\/v2\/comments?post=2345"}],"version-history":[{"count":5,"href":"https:\/\/ferqui.com\/fr\/wp-json\/wp\/v2\/pages\/2345\/revisions"}],"predecessor-version":[{"id":3115,"href":"https:\/\/ferqui.com\/fr\/wp-json\/wp\/v2\/pages\/2345\/revisions\/3115"}],"wp:attachment":[{"href":"https:\/\/ferqui.com\/fr\/wp-json\/wp\/v2\/media?parent=2345"}],"curies":[{"name":"wp","href":"https:\/\/api.w.org\/{rel}","templated":true}]}}