{"id":2347,"date":"2023-09-29T13:45:53","date_gmt":"2023-09-29T11:45:53","guid":{"rendered":"https:\/\/ferqui.com\/politica-integrada\/"},"modified":"2025-05-08T14:02:10","modified_gmt":"2025-05-08T12:02:10","slug":"politica-integrada","status":"publish","type":"page","link":"https:\/\/ferqui.com\/fr\/politica-integrada\/","title":{"rendered":"Politique int\u00e9gr\u00e9e"},"content":{"rendered":"\n<h2 class=\"wp-block-heading\">(Sant\u00e9 et s\u00e9curit\u00e9 au travail, qualit\u00e9 et environnement)<\/h2>\n\n<p>CARROCER\u00cdAS FERQUI S.L. est une entreprise du secteur m\u00e9tallurgique \/ automobile qui d\u00e9veloppe des activit\u00e9s de conception et de fabrication de carrosseries pour minibus et midibus.<\/p>\n\n<p>La politique de gestion int\u00e9gr\u00e9e fournit un cadre pour \u00e9tablir les objectifs et les principes de gestion de la cybers\u00e9curit\u00e9 dans tous les processus li\u00e9s au cycle de vie des produits qui int\u00e8grent les syst\u00e8mes \u00e9lectroniques et \u00e9lectriques des v\u00e9hicules.<\/p>\n\n<p>L\u2019Organisation s\u2019engage \u00e0 satisfaire ses clients en assurant la plus haute qualit\u00e9 dans tous ses processus de production, \u00e0 fournir un environnement et des conditions de travail plus s\u00fbrs et plus sains, en \u00e9liminant les dangers et en r\u00e9duisant les risques pour la SST, ainsi que la d\u00e9t\u00e9rioration de la sant\u00e9 de son personnel et \u00e0 mettre en \u0153uvre des mesures pour pr\u00e9venir la pollution et l\u2019utilisation durable des ressources. De m\u00eame, la Direction s\u2019engage \u00e0 garantir des ressources ad\u00e9quates, \u00e0 respecter les exigences r\u00e9glementaires et \u00e0 promouvoir une culture de la cybers\u00e9curit\u00e9. <\/p>\n\n<p>Les piliers sur lesquels repose la politique int\u00e9gr\u00e9e de CARROCERIAS FERQUI, S.L. sont les suivants :<\/p>\n\n<ul class=\"wp-block-list\">\n<li>R\u00e9aliser notre travail quotidien, avec la plus haute qualit\u00e9 en innovation permanente, afin d\u2019offrir \u00e0 nos clients s\u00e9curit\u00e9, confort et rentabilit\u00e9 dans leurs investissements en carrosserie.<\/li>\n\n\n\n<li>Garantir un service apr\u00e8s-vente agile qui r\u00e9sout les demandes de nos clients, en offrant les conseils d\u2019une \u00e9quipe de professionnels hautement exp\u00e9riment\u00e9s.<\/li>\n\n\n\n<li>Identifier, communiquer et se conformer aux exigences l\u00e9gales ou r\u00e9glementaires applicables, ainsi qu\u2019aux propres exigences du client et aux autres exigences auxquelles l\u2019organisation souscrit.<\/li>\n\n\n\n<li>Mettre en place des processus qui favorisent la pr\u00e9vention des dommages et de la d\u00e9t\u00e9rioration de la sant\u00e9 de son personnel et des personnes qui acc\u00e8dent au lieu de travail.<\/li>\n\n\n\n<li>Promouvoir la formation et la sensibilisation du personnel aux aspects li\u00e9s \u00e0 la sant\u00e9 et \u00e0 la s\u00e9curit\u00e9 au travail et aux aspects environnementaux li\u00e9s \u00e0 notre activit\u00e9. Informer et former largement nos collaborateurs sur les risques li\u00e9s \u00e0 notre activit\u00e9 et \u00e0 leurs fonctions. Promouvoir une coordination interne et externe efficace sur les aspects critiques de la cybers\u00e9curit\u00e9 et fournir une formation continue au personnel concern\u00e9 sur les menaces, les risques et les mesures d\u2019att\u00e9nuation.<\/li>\n\n\n\n<li>Promouvoir les activit\u00e9s de consultation et de participation du personnel et de ses repr\u00e9sentants.<\/li>\n\n\n\n<li>R\u00e9duire les impacts environnementaux g\u00e9n\u00e9r\u00e9s par l\u2019utilisation et la manipulation de substances chimiques et dangereuses, la consommation d\u2019eau et d\u2019\u00e9nergie, la consommation de carburant, la production d\u2019\u00e9missions, le bruit et les rejets et par une gestion inad\u00e9quate des d\u00e9chets.<\/li>\n\n\n\n<li>Rechercher une plus grande compatibilit\u00e9 environnementale des mat\u00e9riaux utilis\u00e9s, en tenant compte de leur cycle de vie et en utilisant les mati\u00e8res premi\u00e8res, l\u2019\u00e9nergie et l\u2019eau avec la plus grande parcimonie possible. Exiger de nos fournisseurs qu\u2019ils respectent des normes environnementales particuli\u00e8res.<\/li>\n\n\n\n<li>Am\u00e9liorer continuellement la gestion de la Qualit\u00e9, de la Sant\u00e9 et S\u00e9curit\u00e9 au Travail et de l\u2019Environnement ainsi que la performance de l\u2019organisation dans tous les sens du terme.<\/li>\n\n\n\n<li>Mettre en place et maintenir un syst\u00e8me de management de la cybers\u00e9curit\u00e9 conforme \u00e0 la r\u00e9glementation qui permet de d\u00e9velopper des mesures de s\u00e9curit\u00e9 tout au long du cycle de vie des syst\u00e8mes du v\u00e9hicule.<\/li>\n\n\n\n<li>Identifier, \u00e9valuer et traiter les risques de cybers\u00e9curit\u00e9 \u00e0 l\u2019aide de la m\u00e9thodologie TARA sur une base continue.<\/li>\n\n\n\n<li>\u00c9tablissez des proc\u00e9dures de signalement et de r\u00e9ponse aux incidents et aux vuln\u00e9rabilit\u00e9s d\u00e9tect\u00e9es.<\/li>\n<\/ul>\n\n<p>La Direction reconna\u00eet comme objectif ultime l\u2019am\u00e9lioration continue du Syst\u00e8me de Gestion, l\u2019am\u00e9lioration de la satisfaction des clients, la pr\u00e9vention des dommages et de la d\u00e9t\u00e9rioration de la sant\u00e9, la protection de l\u2019environnement et la pr\u00e9vention de la pollution et la cybers\u00e9curit\u00e9 de ses produits. Par cons\u00e9quent, les objectifs fix\u00e9s chercheront \u00e0 s\u2019am\u00e9liorer dans ces quatre aspects, en tenant compte de l\u2019ad\u00e9quation du produit avec les attentes du client. <\/p>\n\n<p><br\/><strong>15 avril 2025<\/strong><\/p>\n\n<div class=\"wp-block-file alignright\"><a id=\"wp-block-file--media-a5284597-9f2c-488d-9508-1d6d87fb3eb7\" href=\"https:\/\/ferqui.com\/wp-content\/uploads\/2025\/05\/Politica_Integrada_ferqui-Abril-2025.pdf\">Politique int\u00e9gr\u00e9e<\/a><a href=\"https:\/\/ferqui.com\/wp-content\/uploads\/2025\/05\/Politica_Integrada_ferqui-Abril-2025.pdf\" class=\"wp-block-file__button wp-element-button\" download=\"\" aria-describedby=\"wp-block-file--media-a5284597-9f2c-488d-9508-1d6d87fb3eb7\">D\u00e9charge<\/a><\/div>\n\n<div class=\"wp-block-file alignright\"><a id=\"wp-block-file--media-c8273a34-f59c-44d8-8671-195c21d72f45\" href=\"https:\/\/ferqui.com\/wp-content\/uploads\/2024\/11\/CARROCERIAS-FERQUI_ISO45001_2024-01.pdf\">CARROSSERIES FERQUI_ISO45001_2024-01<\/a><a href=\"https:\/\/ferqui.com\/wp-content\/uploads\/2024\/11\/CARROCERIAS-FERQUI_ISO45001_2024-01.pdf\" class=\"wp-block-file__button wp-element-button\" download=\"\" aria-describedby=\"wp-block-file--media-c8273a34-f59c-44d8-8671-195c21d72f45\">D\u00e9charge<\/a><\/div>\n\n<div class=\"wp-block-file alignright\"><a id=\"wp-block-file--media-878076b5-f10a-4221-9ebd-b69633042413\" href=\"https:\/\/ferqui.com\/wp-content\/uploads\/2024\/11\/CARROCERIAS-FERQUI_ISO9001_2024-01.pdf\">CARROSSERIES FERQUI_ISO9001_2024-01<\/a><a href=\"https:\/\/ferqui.com\/wp-content\/uploads\/2024\/11\/CARROCERIAS-FERQUI_ISO9001_2024-01.pdf\" class=\"wp-block-file__button wp-element-button\" download=\"\" aria-describedby=\"wp-block-file--media-878076b5-f10a-4221-9ebd-b69633042413\">D\u00e9charge<\/a><\/div>\n\n<div class=\"wp-block-file alignright\"><a id=\"wp-block-file--media-d0c8e508-f1c5-4f13-9258-9608a8b6e4aa\" href=\"https:\/\/ferqui.com\/wp-content\/uploads\/2024\/11\/CARROCERIAS-FERQUI_ISO14001_2024-01.pdf\">CARROSSERIES FERQUI_ISO14001_2024-01<\/a><a href=\"https:\/\/ferqui.com\/wp-content\/uploads\/2024\/11\/CARROCERIAS-FERQUI_ISO14001_2024-01.pdf\" class=\"wp-block-file__button wp-element-button\" download=\"\" aria-describedby=\"wp-block-file--media-d0c8e508-f1c5-4f13-9258-9608a8b6e4aa\">D\u00e9charge<\/a><\/div>\n","protected":false},"excerpt":{"rendered":"<p>(Sant\u00e9 et s\u00e9curit\u00e9 au travail, qualit\u00e9 et environnement) CARROCER\u00cdAS FERQUI S.L. est une entreprise du secteur m\u00e9tallurgique \/ automobile qui d\u00e9veloppe des activit\u00e9s de conception et de fabrication de carrosseries pour minibus et midibus. La politique de gestion int\u00e9gr\u00e9e fournit un cadre pour \u00e9tablir les objectifs et les principes de gestion de la cybers\u00e9curit\u00e9 dans [&hellip;]<\/p>\n","protected":false},"author":1,"featured_media":0,"parent":0,"menu_order":0,"comment_status":"closed","ping_status":"closed","template":"","meta":{"footnotes":""},"class_list":["post-2347","page","type-page","status-publish","hentry"],"_links":{"self":[{"href":"https:\/\/ferqui.com\/fr\/wp-json\/wp\/v2\/pages\/2347","targetHints":{"allow":["GET"]}}],"collection":[{"href":"https:\/\/ferqui.com\/fr\/wp-json\/wp\/v2\/pages"}],"about":[{"href":"https:\/\/ferqui.com\/fr\/wp-json\/wp\/v2\/types\/page"}],"author":[{"embeddable":true,"href":"https:\/\/ferqui.com\/fr\/wp-json\/wp\/v2\/users\/1"}],"replies":[{"embeddable":true,"href":"https:\/\/ferqui.com\/fr\/wp-json\/wp\/v2\/comments?post=2347"}],"version-history":[{"count":6,"href":"https:\/\/ferqui.com\/fr\/wp-json\/wp\/v2\/pages\/2347\/revisions"}],"predecessor-version":[{"id":3997,"href":"https:\/\/ferqui.com\/fr\/wp-json\/wp\/v2\/pages\/2347\/revisions\/3997"}],"wp:attachment":[{"href":"https:\/\/ferqui.com\/fr\/wp-json\/wp\/v2\/media?parent=2347"}],"curies":[{"name":"wp","href":"https:\/\/api.w.org\/{rel}","templated":true}]}}