{"id":2349,"date":"2023-09-28T17:21:07","date_gmt":"2023-09-28T15:21:07","guid":{"rendered":"https:\/\/ferqui.com\/responsabilidad-social-corporativa\/canal-etico\/"},"modified":"2024-03-01T12:46:18","modified_gmt":"2024-03-01T11:46:18","slug":"canal-etico","status":"publish","type":"page","link":"https:\/\/ferqui.com\/fr\/responsabilidad-social-corporativa\/canal-etico\/","title":{"rendered":"Cha\u00eene d\u2019\u00e9thique &#8211; Cha\u00eene de d\u00e9nonciation"},"content":{"rendered":"\n<p>L\u2019objectif du canal de plaintes corporelles Ferqui est de prot\u00e9ger les lanceurs d\u2019alerte contre d\u2019\u00e9ventuelles infractions administratives graves ou tr\u00e8s graves ou des infractions dont ils auraient eu connaissance sur le lieu de travail, ainsi que d\u2019am\u00e9liorer la transparence et l\u2019\u00e9thique qui devraient r\u00e9gir le comportement des personnes et des entreprises dans la soci\u00e9t\u00e9.<\/p>\n\n<p>Le canal d\u2019alerte est le m\u00e9canisme confidentiel mis \u00e0 la disposition des employ\u00e9s de l\u2019entreprise inclus dans le champ subjectif d\u00e9crit \u00e0 l\u2019article 3 de la loi 2\/2023, du 20 f\u00e9vrier 2023, r\u00e9glementant la protection des personnes qui signalent des violations de la r\u00e9glementation et de la lutte contre la corruption, en particulier sur d\u2019\u00e9ventuels crimes ou infractions \u00e9tablis \u00e0 l\u2019article 2 de la loi susmentionn\u00e9e<\/p>\n\n<p>L\u2019entreprise a mis en place un Syst\u00e8me d\u2019Information Interne, identifiant une personne responsable de celui-ci, et a r\u00e9dig\u00e9 une Politique Interne du Syst\u00e8me, bas\u00e9e sur les principes de confidentialit\u00e9 et d\u2019anonymat, de transparence et d\u2019accessibilit\u00e9, de respect de la pr\u00e9somption d\u2019innocence, de confidentialit\u00e9, de protection du lanceur d\u2019alerte et d\u2019am\u00e9lioration continue.<\/p>\n\n<p>A cet effet, la soci\u00e9t\u00e9 a mis en place un Canal d\u2019Alerte compos\u00e9 de l\u2019adresse email suivante :<\/p>\n\n<p class=\"has-text-align-center\"><strong><a href=\"mailto:canaletico@ferqui.com\">canaletico@ferqui.com<\/a><\/strong><\/p>\n\n<p>Une plainte peut \u00e9galement \u00eatre d\u00e9pos\u00e9e verbalement, par appel t\u00e9l\u00e9phonique demandant \u00e0 parler \u00e0 la personne responsable du syst\u00e8me par t\u00e9l\u00e9phone 985740420, ou elle peut \u00e9galement \u00eatre demand\u00e9e d\u2019\u00eatre d\u00e9pos\u00e9e en personne devant la personne responsable du syst\u00e8me. S\u2019il souhaite rester anonyme, le plaignant qui envoie sa plainte par courrier \u00e9lectronique le fera \u00e0 partir d\u2019une adresse qui ne l\u2019identifie pas, en \u00e9vitant l\u2019apparition de noms, pr\u00e9noms ou donn\u00e9es alphanum\u00e9riques permettant de d\u00e9duire son identit\u00e9.<\/p>\n\n<p>L\u2019e-mail sera r\u00e9pondu dans un d\u00e9lai maximum de 7 jours demandant des informations sur les aspects fondamentaux de la r\u00e9clamation.<\/p>\n\n<p>Une fois les donn\u00e9es n\u00e9cessaires collect\u00e9es, la plainte fera l\u2019objet d\u2019une enqu\u00eate au sein du syst\u00e8me d\u2019information interne, garantissant la confidentialit\u00e9, l\u2019anonymat le cas \u00e9ch\u00e9ant, la protection des donn\u00e9es personnelles et le respect de la pr\u00e9somption d\u2019innocence. L\u2019absence de repr\u00e9sailles \u00e0 l\u2019encontre du lanceur d\u2019alerte est \u00e9galement garantie, pour laquelle elles doivent \u00eatre d\u00e9pos\u00e9es de bonne foi et avec des indications de v\u00e9racit\u00e9. L\u2019enqu\u00eate peut durer 3 mois, voire jusqu\u2019\u00e0 six mois dans les cas les plus difficiles.<\/p>\n\n<p>De m\u00eame, vous avez le droit de recourir \u00e0 d\u2019autres canaux d\u2019information externes qui peuvent \u00eatre activ\u00e9s \u00e0 cette fin par les diff\u00e9rents organismes publics et, le cas \u00e9ch\u00e9ant, aupr\u00e8s des institutions, organes ou agences de l\u2019Union europ\u00e9enne.<\/p>\n\n<p><\/p>\n\n<p><\/p>\n\n<p><strong>Informations concernant les donn\u00e9es personnelles, les droits, le traitement et la confidentialit\u00e9 :<\/strong><\/p>\n\n<figure class=\"wp-block-table\"><table><tbody><tr><td><strong>Responsable<\/strong><\/td><td>Carrocer\u00edas Ferqui S.L<\/td><\/tr><tr><td><strong>Donn\u00e9es faisant l\u2019objet du traitement et origine<\/strong><\/td><td>Nous traiterons les donn\u00e9es que vous nous avez fournies et qui sont n\u00e9cessaires pour enqu\u00eater sur le fait signal\u00e9.<br\/><br\/>En tant qu\u2019informateur, vous ne devez fournir que les donn\u00e9es ad\u00e9quates, minimales, pertinentes et strictement li\u00e9es au fait que vous avez l\u2019intention de communiquer.<\/td><\/tr><tr><td><strong>Finalit\u00e9s et base juridique du traitement<\/strong><\/td><td>Finalit\u00e9 : -Traiter la communication et d\u00e9cider de son admission ou de son irrecevabilit\u00e9 et, en cas d\u2019admission, enqu\u00eater de mani\u00e8re confidentielle sur les plaintes relatives \u00e0 d\u2019\u00e9ventuels manquements et adopter les mesures correctives et disciplinaires correspondantes<br\/><br\/>Base l\u00e9gitime : respect d\u2019une obligation l\u00e9gale, en vertu de la loi 2\/2023 et de la directive 2019\/1937<\/td><\/tr><tr><td><strong>Destinataires des donn\u00e9es<\/strong><\/td><td>Les destinataires sont les personnes identifi\u00e9es dans le syst\u00e8me d\u2019information de l\u2019entreprise comme responsables de la mise en \u0153uvre du syst\u00e8me et ses collaborateurs, ainsi que celles identifi\u00e9es \u00e0 l\u2019article 32 de la loi 2\/2023.<br\/><br\/>Seules les donn\u00e9es minimales et essentielles et les personnes n\u00e9cessaires \u00e0 la r\u00e9alisation de l\u2019enqu\u00eate seront communiqu\u00e9es.<\/td><\/tr><tr><td><strong>Droits de la personne concern\u00e9e<\/strong><\/td><td>Les parties int\u00e9ress\u00e9es peuvent exercer leurs droits d\u2019acc\u00e8s, de rectification, d\u2019opposition, de suppression, de limitation du traitement, de portabilit\u00e9 ou tout autre droit de protection des donn\u00e9es reconnu par la r\u00e9glementation. Vous pouvez exercer ces droits en envoyant une communication au d\u00e9l\u00e9gu\u00e9 \u00e0 la protection des donn\u00e9es \u00e0 <a href=\"mailto:protecci%C3%B3ndatos@ferqui.com\">l\u2019adresse protecci\u00f3ndatos@ferqui.com<\/a>. Vous pouvez \u00e9galement d\u00e9poser une plainte aupr\u00e8s de l\u2019Autorit\u00e9 de contr\u00f4le \u00e0 tout moment.<br\/><br\/>Dans tous les cas, nous vous informons que, si vous pr\u00e9f\u00e9rez, vous avez \u00e9galement le droit de soumettre votre communication, alternativement, aux autorit\u00e9s comp\u00e9tentes par le biais des canaux externes existants.<\/td><\/tr><tr><td><strong>Dur\u00e9e du traitement<\/strong><\/td><td>Les donn\u00e9es personnelles ne seront conserv\u00e9es dans le canal que pendant le temps n\u00e9cessaire pour d\u00e9cider de l\u2019opportunit\u00e9 d\u2019ouvrir une enqu\u00eate sur les faits signal\u00e9s. Dans tous les cas, ils seront retir\u00e9s du syst\u00e8me de plaintes au bout de trois mois si aucune proc\u00e9dure d\u2019enqu\u00eate n\u2019a \u00e9t\u00e9 engag\u00e9e.<br\/><br\/>Si la communication est admise, les donn\u00e9es peuvent continuer \u00e0 \u00eatre trait\u00e9es par l\u2019\u00e9quipe charg\u00e9e de l\u2019enqu\u00eate. Une fois l\u2019enqu\u00eate termin\u00e9e, nous les conserverons pendant le temps n\u00e9cessaire \u00e0 l\u2019adoption et \u00e0 l\u2019ex\u00e9cution des mesures correspondantes et, apr\u00e8s cela, elles seront bloqu\u00e9es, pour le d\u00e9lai de prescription des responsabilit\u00e9s p\u00e9nales, civiles, commerciales, du travail et\/ou administratives. En aucun cas, les donn\u00e9es ne seront conserv\u00e9es pendant une dur\u00e9e sup\u00e9rieure \u00e0 10 ans.<\/td><\/tr><\/tbody><\/table><\/figure>\n<p class=\"has-text-align-center\"><strong>Carrocer\u00edas Ferqui S.L<\/strong>.<\/p>\n\n<p class=\"has-text-align-center\">Pol. Ind. La Barreda, parcelle 15<\/p>\n\n<p class=\"has-text-align-center\">33180 \u2013 Nore\u00f1a \u2013 Asturies<\/p>\n","protected":false},"excerpt":{"rendered":"<p>L\u2019objectif du canal de plaintes corporelles Ferqui est de prot\u00e9ger les lanceurs d\u2019alerte contre d\u2019\u00e9ventuelles infractions administratives graves ou tr\u00e8s graves ou des infractions dont ils auraient eu connaissance sur le lieu de travail, ainsi que d\u2019am\u00e9liorer la transparence et l\u2019\u00e9thique qui devraient r\u00e9gir le comportement des personnes et des entreprises dans la soci\u00e9t\u00e9. Le [&hellip;]<\/p>\n","protected":false},"author":1,"featured_media":0,"parent":2341,"menu_order":0,"comment_status":"closed","ping_status":"closed","template":"","meta":{"footnotes":""},"class_list":["post-2349","page","type-page","status-publish","hentry"],"_links":{"self":[{"href":"https:\/\/ferqui.com\/fr\/wp-json\/wp\/v2\/pages\/2349","targetHints":{"allow":["GET"]}}],"collection":[{"href":"https:\/\/ferqui.com\/fr\/wp-json\/wp\/v2\/pages"}],"about":[{"href":"https:\/\/ferqui.com\/fr\/wp-json\/wp\/v2\/types\/page"}],"author":[{"embeddable":true,"href":"https:\/\/ferqui.com\/fr\/wp-json\/wp\/v2\/users\/1"}],"replies":[{"embeddable":true,"href":"https:\/\/ferqui.com\/fr\/wp-json\/wp\/v2\/comments?post=2349"}],"version-history":[{"count":3,"href":"https:\/\/ferqui.com\/fr\/wp-json\/wp\/v2\/pages\/2349\/revisions"}],"predecessor-version":[{"id":2661,"href":"https:\/\/ferqui.com\/fr\/wp-json\/wp\/v2\/pages\/2349\/revisions\/2661"}],"up":[{"embeddable":true,"href":"https:\/\/ferqui.com\/fr\/wp-json\/wp\/v2\/pages\/2341"}],"wp:attachment":[{"href":"https:\/\/ferqui.com\/fr\/wp-json\/wp\/v2\/media?parent=2349"}],"curies":[{"name":"wp","href":"https:\/\/api.w.org\/{rel}","templated":true}]}}