{"id":2376,"date":"2023-09-22T11:48:43","date_gmt":"2023-09-22T09:48:43","guid":{"rendered":"https:\/\/ferqui.com\/politica-de-cookies\/"},"modified":"2024-03-01T12:46:42","modified_gmt":"2024-03-01T11:46:42","slug":"politica-de-cookies","status":"publish","type":"page","link":"https:\/\/ferqui.com\/fr\/politica-de-cookies\/","title":{"rendered":"Politique en mati\u00e8re de cookies"},"content":{"rendered":"\n<p>Conform\u00e9ment \u00e0 l\u2019article 22 de la loi 34\/2002, du 11 juillet, sur les services de la soci\u00e9t\u00e9 de l\u2019information et du commerce \u00e9lectronique (LSSI), relative au r\u00e8glement (UE) 2016\/679 du Parlement europ\u00e9en et du Conseil, du 27 avril 2016, au r\u00e8glement g\u00e9n\u00e9ral sur la protection des donn\u00e9es (RGPD) et \u00e0 la loi organique 3\/2018,  du 5 d\u00e9cembre, de Protection des donn\u00e9es et garantie des droits num\u00e9riques (LOPDGDD), CARROCER\u00cdAS FERQUI, S.L. met \u00e0 la disposition des utilisateurs la Politique de collecte et de traitement des cookies sur le site web.<\/p>\n\n<p><strong>Qu\u2019est-ce qu\u2019un cookie ?<\/strong><\/p>\n\n<p>Un cookie est un fichier qui est t\u00e9l\u00e9charg\u00e9 sur votre ordinateur lorsque vous visitez certains sites Web. Les cookies permettent \u00e0 un site web, entre autres, de stocker et de r\u00e9cup\u00e9rer des informations sur vos habitudes de navigation et, en fonction des informations qu\u2019ils contiennent et de la fa\u00e7on dont vous utilisez votre ordinateur, ils peuvent \u00eatre utilis\u00e9s pour vous identifier.<\/p>\n\n<p><strong>Cookies utilis\u00e9s sur le site web<\/strong><\/p>\n\n<p>Voici une classification des cookies utilis\u00e9s par le site web : <a href=\"https:\/\/ferqui.com\/fr\/\">https:\/\/ferqui.com\/<\/a> <\/p>\n\n<p><strong>Selon l\u2019entit\u00e9 qui les g\u00e8re :<\/strong><\/p>\n\n<ul class=\"wp-block-list\">\n<li><strong>Cookies internes :<\/strong> Il s\u2019agit de celles envoy\u00e9es et g\u00e9r\u00e9es directement par CARROCER\u00cdAS FERQUI, S.L.<\/li>\n<\/ul>\n\n<p><strong>En fonction de sa finalit\u00e9 :<\/strong><\/p>\n\n<ul class=\"wp-block-list\">\n<li><strong>Cookies techniques :<\/strong> Il s\u2019agit de ceux qui permettent aux utilisateurs enregistr\u00e9s de naviguer sur le site web, la zone restreinte et d\u2019utiliser ses diff\u00e9rentes fonctions, telles que, par exemple, le syst\u00e8me de commentaires ou le moteur de recherche.<\/li>\n\n\n\n<li><strong>Cookies de personnalisation :<\/strong>  Il s\u2019agit de ceux qui permettent aux utilisateurs d\u2019acc\u00e9der au Service avec certaines caract\u00e9ristiques g\u00e9n\u00e9rales pr\u00e9d\u00e9finies bas\u00e9es sur une s\u00e9rie de crit\u00e8res \u00e9tablis par l\u2019utilisateur, tels que la langue ou le type de navigateur par lequel il se connecte \u00e0 ce site Web.<\/li>\n\n\n\n<li><strong>Cookies sociaux :<\/strong> Ils sont mis en place par les plateformes de m\u00e9dias sociaux pour permettre aux utilisateurs de partager du contenu avec leurs amis et leurs r\u00e9seaux.<\/li>\n<\/ul>\n\n<p><strong>En fonction de sa dur\u00e9e :<\/strong><\/p>\n\n<ul class=\"wp-block-list\">\n<li><strong>Cookies de session :<\/strong> Il s\u2019agit de ceux con\u00e7us pour collecter et stocker des donn\u00e9es pendant que l\u2019utilisateur acc\u00e8de au site web.<\/li>\n\n\n\n<li><strong>Cookies persistants :<\/strong> Il s\u2019agit de ceux dans lesquels les donn\u00e9es sont encore stock\u00e9es sur le terminal de l\u2019utilisateur et peuvent \u00eatre consult\u00e9es et trait\u00e9es pendant une p\u00e9riode d\u00e9finie par le responsable du cookie.<\/li>\n<\/ul>\n\n<p><strong>Liste des cookies utilis\u00e9s<\/strong><\/p>\n\n<p>Ce site web peut installer les cookies suivants :<\/p>\n\n<p><strong>Cookies techniques<\/strong><\/p>\n\n<ul class=\"wp-block-list\">\n<li><strong>wp-settings-{user_id} :<\/strong> Un cookie technique utilis\u00e9 pour maintenir les param\u00e8tres de l\u2019utilisateur dans wp-admin. Il est persistant et dure 1 an.<\/li>\n\n\n\n<li><strong>sciCookies<\/strong>\u00a0: Stocke le consentement de l\u2019utilisateur \u00e0 la politique de cookies.<\/li>\n\n\n\n<li><strong>sciCookiesConf<\/strong> : Stocke les param\u00e8tres des types de cookies accept\u00e9s.<\/li>\n\n\n\n<li><strong>_GRECAPTCHA<\/strong> : Permet d\u2019identifier les utilisateurs qui passent le filtre reCaptcha (et qui ne sont donc pas des robots)<\/li>\n<\/ul>\n\n<p><strong>Cookies sociaux<\/strong><\/p>\n\n<ul class=\"wp-block-list\">\n<li>Le Site Web comprend d\u2019autres fonctionnalit\u00e9s fournies par des services tiers et des r\u00e9seaux sociaux afin d\u2019am\u00e9liorer l\u2019exp\u00e9rience du visiteur. Vous pouvez partager le contenu sur leurs r\u00e9seaux sociaux tels que \u00ab Facebook \u00bb, \u00ab Twitter \u00bb, \u00ab Instagram \u00bb, \u00ab Vimeo \u00bb ou \u00ab YouTube \u00bb avec les boutons pr\u00e9vus \u00e0 cet effet ou avec les outils de partage des r\u00e9seaux sociaux. Par cons\u00e9quent, ces services peuvent installer des cookies et les utiliser pour suivre votre activit\u00e9 en ligne. Nous n\u2019avons aucun contr\u00f4le direct sur les informations collect\u00e9es par ces cookies.<\/li>\n<\/ul>\n\n<p><strong>Param\u00e9trage des cookies<br\/><\/strong>Vous pouvez d\u00e9finir vos pr\u00e9f\u00e9rences en mati\u00e8re de cookies \u00e0 partir du <a href=\"https:\/\/ferqui.com\/fr\/politica-de-cookies\/#\">lien ci-dessous<\/a><\/p>\n\n<p><strong>Suppression des cookies<\/strong><\/p>\n\n<p>Vous pouvez accepter, bloquer ou supprimer les cookies install\u00e9s sur votre ordinateur en configurant les options de votre navigateur, mais une partie du site ne fonctionnera pas correctement ou sa qualit\u00e9 peut \u00eatre affect\u00e9e.<\/p>\n\n<p>Dans les liens suivants, vous trouverez des instructions sur la fa\u00e7on d\u2019activer ou de d\u00e9sactiver les cookies dans les navigateurs les plus courants.<\/p>\n\n<ul class=\"wp-block-list\">\n<li><strong>Firefox<\/strong> <a href=\"http:\/\/support.mozilla.org\/es\/kb\/habilitar-y-deshabilitar-cookies-que-los-sitios-we\" target=\"_blank\" rel=\"noreferrer noopener nofollow\">http:\/\/support.mozilla.org\/es\/kb\/habilitar-y-deshabilitar-cookies-que-los-sitios-we<\/a><\/li>\n\n\n\n<li><strong>Google Chrome<\/strong> <a href=\"https:\/\/support.google.com\/chrome\/answer\/95647?hl=es\" target=\"_blank\" rel=\"noreferrer noopener nofollow\">https:\/\/support.google.com\/chrome\/answer\/95647?hl=es<\/a><\/li>\n\n\n\n<li><strong>Internet Explorer<\/strong> <a href=\"https:\/\/support.microsoft.com\/es-es\/help\/17442\/windows-internet-explorer-delete-manage-cookies#ie=%22ie-10%22\" target=\"_blank\" rel=\"noreferrer noopener nofollow\">https:\/\/support.microsoft.com\/es-es\/help\/17442\/windows-internet-explorer-delete-manage-cookies#ie=\u00a0\u00bbie-10\u00a0\u00bb<\/a><\/li>\n\n\n\n<li><strong>Microsoft Edge<\/strong> <a href=\"https:\/\/support.microsoft.com\/es-es\/help\/4468242\/microsoft-edge-browsing-data-and-privacy\" target=\"_blank\" rel=\"noreferrer noopener nofollow\">https:\/\/support.microsoft.com\/es-es\/help\/4468242\/microsoft-edge-browsing-data-and-privacy<\/a><\/li>\n\n\n\n<li><strong>Safari<\/strong> <a href=\"http:\/\/support.apple.com\/kb\/HT1677?viewlocale=es_ES\" target=\"_blank\" rel=\"noreferrer noopener nofollow\">http:\/\/support.apple.com\/kb\/HT1677?viewlocale=es_ES<\/a><\/li>\n<\/ul>\n\n<p><strong>Traitement des donn\u00e9es \u00e0 caract\u00e8re personnel<\/strong><\/p>\n\n<p>CARROCER\u00cdAS FERQUI, S.L. est responsable du traitement des donn\u00e9es personnelles de l\u2019utilisateur. Vous pouvez consulter toutes les informations relatives au traitement des donn\u00e9es personnelles collect\u00e9es par le Propri\u00e9taire sur la page <a href=\"https:\/\/ferqui.com\/fr\/politica-de-privacidad\/\">Politique de confidentialit\u00e9<\/a>.<\/p>\n\n<p><strong>Contact<\/strong><\/p>\n\n<p>Si vous avez des questions sur cette politique de cookies ou si vous souhaitez faire des commentaires sur ce site web, vous pouvez envoyer un e-mail \u00e0 <a href=\"mailto:protecci%C3%B3ndatos@ferqui.com\">l\u2019adresse protecci\u00f3ndatos@ferqui.com<\/a><\/p>\n","protected":false},"excerpt":{"rendered":"<p>Conform\u00e9ment \u00e0 l\u2019article 22 de la loi 34\/2002, du 11 juillet, sur les services de la soci\u00e9t\u00e9 de l\u2019information et du commerce \u00e9lectronique (LSSI), relative au r\u00e8glement (UE) 2016\/679 du Parlement europ\u00e9en et du Conseil, du 27 avril 2016, au r\u00e8glement g\u00e9n\u00e9ral sur la protection des donn\u00e9es (RGPD) et \u00e0 la loi organique 3\/2018, du [&hellip;]<\/p>\n","protected":false},"author":1,"featured_media":0,"parent":0,"menu_order":0,"comment_status":"closed","ping_status":"closed","template":"","meta":{"footnotes":""},"class_list":["post-2376","page","type-page","status-publish","hentry"],"_links":{"self":[{"href":"https:\/\/ferqui.com\/fr\/wp-json\/wp\/v2\/pages\/2376","targetHints":{"allow":["GET"]}}],"collection":[{"href":"https:\/\/ferqui.com\/fr\/wp-json\/wp\/v2\/pages"}],"about":[{"href":"https:\/\/ferqui.com\/fr\/wp-json\/wp\/v2\/types\/page"}],"author":[{"embeddable":true,"href":"https:\/\/ferqui.com\/fr\/wp-json\/wp\/v2\/users\/1"}],"replies":[{"embeddable":true,"href":"https:\/\/ferqui.com\/fr\/wp-json\/wp\/v2\/comments?post=2376"}],"version-history":[{"count":3,"href":"https:\/\/ferqui.com\/fr\/wp-json\/wp\/v2\/pages\/2376\/revisions"}],"predecessor-version":[{"id":2669,"href":"https:\/\/ferqui.com\/fr\/wp-json\/wp\/v2\/pages\/2376\/revisions\/2669"}],"wp:attachment":[{"href":"https:\/\/ferqui.com\/fr\/wp-json\/wp\/v2\/media?parent=2376"}],"curies":[{"name":"wp","href":"https:\/\/api.w.org\/{rel}","templated":true}]}}