{"id":2378,"date":"2023-09-22T11:48:34","date_gmt":"2023-09-22T09:48:34","guid":{"rendered":"https:\/\/ferqui.com\/politica-de-privacidad\/"},"modified":"2024-03-01T12:46:42","modified_gmt":"2024-03-01T11:46:42","slug":"politica-de-privacidad","status":"publish","type":"page","link":"https:\/\/ferqui.com\/fr\/politica-de-privacidad\/","title":{"rendered":"Politique de confidentialit\u00e9"},"content":{"rendered":"\n<p>CARROCER\u00cdAS FERQUI, S.L. vous informe de sa politique de confidentialit\u00e9 concernant le traitement et la protection des donn\u00e9es personnelles des utilisateurs qui peuvent \u00eatre collect\u00e9es lors de la navigation sur le site Web <a href=\"https:\/\/ferqui.com\/fr\/\">https:\/\/ferqui.com\/<\/a><\/p>\n\n<p>En ce sens, CARROCER\u00cdAS FERQUI, S.L. garantit le respect de la r\u00e9glementation en vigueur en mati\u00e8re de protection des donn\u00e9es personnelles, refl\u00e9t\u00e9e dans la loi organique 3\/2018, du 5 d\u00e9cembre, sur la protection des donn\u00e9es personnelles et la garantie des droits num\u00e9riques (LOPD GDD). Il est \u00e9galement conforme au R\u00e8glement (UE) 2016\/679 du Parlement europ\u00e9en et du Conseil du 27 avril 2016 relatif \u00e0 la protection des personnes physiques (RGPD).<\/p>\n\n<p>L\u2019utilisation du site web implique l\u2019acceptation de la pr\u00e9sente politique de confidentialit\u00e9 ainsi que des conditions incluses dans les <a href=\"https:\/\/ferqui.com\/fr\/aviso-legal\/\">mentions l\u00e9gales<\/a>.<\/p>\n\n<h3 class=\"wp-block-heading\">Identit\u00e9 du responsable du traitement<\/h3>\n\n<ul class=\"wp-block-list\">\n<li><strong>Titulaire:<\/strong> CARROCER\u00cdAS FERQUI, S.L.<\/li>\n\n\n\n<li><strong>NIF :<\/strong> B33011644<\/li>\n\n\n\n<li><strong>Domicile:<\/strong> Pol\u00edgono de la Barreda, Parcela 15, 33180 \u2013 Nore\u00f1a, Asturies, Espagne.<\/li>\n\n\n\n<li><strong>Courriel :<\/strong> <a href=\"mailto:protecci%C3%B3ndatos@ferqui.com\">protecci\u00f3ndatos@ferqui.com<\/a><\/li>\n\n\n\n<li><strong>Site Web :<\/strong> <a href=\"https:\/\/ferqui.com\/fr\/\">https:\/\/ferqui.com\/<\/a><\/li>\n\n\n\n<li>\u00a0<\/li>\n<\/ul>\n\n<h3 class=\"wp-block-heading\">Principes appliqu\u00e9s au traitement des donn\u00e9es<\/h3>\n\n<p>Dans le traitement de vos donn\u00e9es personnelles, le responsable du traitement appliquera les principes suivants, conformes aux exigences du nouveau r\u00e8glement europ\u00e9en sur la protection des donn\u00e9es (RGPD) :<\/p>\n\n<ul class=\"wp-block-list\">\n<li><strong>Principe de lic\u00e9it\u00e9, d\u2019\u00e9quit\u00e9 et de transparence :<\/strong> Le Propri\u00e9taire exigera toujours le consentement pour le traitement des donn\u00e9es personnelles, qui peut \u00eatre \u00e0 une ou plusieurs fins sp\u00e9cifiques, dont le Propri\u00e9taire informera l\u2019Utilisateur \u00e0 l\u2019avance avec une transparence absolue.<\/li>\n\n\n\n<li><strong>Principe de minimisation des donn\u00e9es :<\/strong> Le responsable du traitement ne demandera que les donn\u00e9es strictement n\u00e9cessaires \u00e0 la ou aux finalit\u00e9s pour lesquelles elles sont demand\u00e9es.<\/li>\n\n\n\n<li><strong>Principe de limitation de la dur\u00e9e de conservation :<\/strong> Le responsable du traitement conservera les donn\u00e9es \u00e0 caract\u00e8re personnel collect\u00e9es pendant la dur\u00e9e strictement n\u00e9cessaire \u00e0 la ou aux finalit\u00e9s du traitement. Le Propri\u00e9taire informera l\u2019Utilisateur de la p\u00e9riode de conservation correspondante en fonction de la finalit\u00e9.<br\/>Dans le cas d\u2019abonnements, le Propri\u00e9taire examinera p\u00e9riodiquement les listes et supprimera les inscriptions qui ont \u00e9t\u00e9 inactives pendant une p\u00e9riode de temps consid\u00e9rable.<\/li>\n\n\n\n<li><strong>Principe d\u2019int\u00e9grit\u00e9 et de confidentialit\u00e9 :<\/strong> Les donn\u00e9es personnelles collect\u00e9es seront trait\u00e9es de mani\u00e8re \u00e0 garantir leur s\u00e9curit\u00e9, leur confidentialit\u00e9 et leur int\u00e9grit\u00e9.<br\/>Le Propri\u00e9taire prend les pr\u00e9cautions n\u00e9cessaires pour emp\u00eacher l\u2019acc\u00e8s non autoris\u00e9 ou l\u2019utilisation abusive des donn\u00e9es de ses utilisateurs par des tiers.<\/li>\n<\/ul>\n\n<h3 class=\"wp-block-heading\">Collecte de donn\u00e9es \u00e0 caract\u00e8re personnel<\/h3>\n\n<p>Pour naviguer <a href=\"https:\/\/ferqui.com\/fr\/\">https:\/\/ferqui.com\/<\/a> vous n\u2019avez pas besoin de fournir de donn\u00e9es personnelles.<\/p>\n\n<p>Les cas dans lesquels vous fournissez vos donn\u00e9es personnelles sont les suivants :<\/p>\n\n<ul class=\"wp-block-list\">\n<li>En nous contactant via les formulaires de contact ou en envoyant un e-mail.<\/li>\n<\/ul>\n\n<h3 class=\"wp-block-heading\">Droits<\/h3>\n\n<p>Le Responsable du traitement vous informe que vous avez le droit de :<\/p>\n\n<ul class=\"wp-block-list\">\n<li>Demander l\u2019acc\u00e8s aux donn\u00e9es stock\u00e9es.<\/li>\n\n\n\n<li>Demander une rectification ou une annulation.<\/li>\n\n\n\n<li>Demander la limitation de votre traitement.<\/li>\n\n\n\n<li>S\u2019opposer au traitement.<\/li>\n<\/ul>\n\n<p>Vous ne pouvez pas exercer le droit \u00e0 la portabilit\u00e9 des donn\u00e9es.<\/p>\n\n<p>L\u2019exercice de ces droits est personnel et, par cons\u00e9quent, doit \u00eatre exerc\u00e9 directement par l\u2019int\u00e9ress\u00e9, en le demandant directement au Propri\u00e9taire, ce qui signifie que tout client, abonn\u00e9 ou collaborateur qui a fourni ses donn\u00e9es \u00e0 tout moment, peut contacter CARROCER\u00cdAS FERQUI, S.L. et demander des informations sur les donn\u00e9es qu\u2019il a stock\u00e9es et comment il les a obtenues.  demander la rectification de ceux-ci, s\u2019opposer au traitement, limiter leur utilisation ou demander l\u2019annulation de ces donn\u00e9es dans les fichiers du Propri\u00e9taire.<\/p>\n\n<p>Pour exercer vos droits d\u2019acc\u00e8s, de rectification, d\u2019annulation et d\u2019opposition, vous <a href=\"mailto:protecci%C3%B3ndatos@ferqui.com\">devez protecci\u00f3ndatos@ferqui.com envoyer<\/a> un e-mail accompagn\u00e9 d\u2019un justificatif l\u00e9gal valable tel qu\u2019une photocopie de votre carte d\u2019identit\u00e9 ou \u00e9quivalent.<\/p>\n\n<p>Vous avez le droit de b\u00e9n\u00e9ficier d\u2019une protection juridictionnelle effective et de d\u00e9poser une plainte aupr\u00e8s de l\u2019autorit\u00e9 de contr\u00f4le, en l\u2019occurrence l\u2019Agence espagnole de protection des donn\u00e9es, si elle consid\u00e8re que le traitement des donn\u00e9es personnelles vous concernant enfreint le R\u00e8glement.<\/p>\n\n<h3 class=\"wp-block-heading\">Finalit\u00e9 du traitement des donn\u00e9es \u00e0 caract\u00e8re personnel<\/h3>\n\n<p>Lorsque vous vous connectez au site Web pour envoyer un e-mail au Propri\u00e9taire, vous fournissez des informations personnelles dont CARROCER\u00cdAS FERQUI, S.L. est responsable. Ces informations peuvent inclure des donn\u00e9es personnelles telles que votre adresse IP, votre pr\u00e9nom et votre nom, votre adresse physique, votre adresse e-mail, votre num\u00e9ro de t\u00e9l\u00e9phone et d\u2019autres informations. En fournissant ces informations, vous consentez \u00e0 ce que vos informations soient collect\u00e9es, utilis\u00e9es, g\u00e9r\u00e9es et stock\u00e9es par Ferqui uniquement de la mani\u00e8re d\u00e9crite dans les <a href=\"https:\/\/ferqui.com\/fr\/aviso-legal\/\">mentions l\u00e9gales<\/a> et la pr\u00e9sente politique de confidentialit\u00e9.<\/p>\n\n<p>Les donn\u00e9es \u00e0 caract\u00e8re personnel et la finalit\u00e9 du traitement par le responsable du traitement sont diff\u00e9rentes selon le syst\u00e8me de saisie d\u2019informations :<\/p>\n\n<ul class=\"wp-block-list\">\n<li><strong>Formulaires de contact :<\/strong> Le Propri\u00e9taire demande des donn\u00e9es personnelles, qui peuvent inclure : le nom et le pr\u00e9nom, l\u2019adresse e-mail, le num\u00e9ro de t\u00e9l\u00e9phone et l\u2019adresse du site Web afin de r\u00e9pondre aux questions des utilisateurs.<br\/>Par exemple, CARROCER\u00cdAS FERQUI, S.L. utilise ces donn\u00e9es pour r\u00e9pondre aux messages, doutes, plaintes, commentaires ou pr\u00e9occupations que les utilisateurs peuvent avoir concernant les informations incluses dans le site Web, le traitement des donn\u00e9es personnelles, les questions li\u00e9es aux textes juridiques inclus dans le site Web, ainsi que toute autre question que l\u2019utilisateur peut avoir et qui n\u2019est pas soumise aux conditions du site Web.<\/li>\n<\/ul>\n\n<p>Il existe d\u2019autres finalit\u00e9s pour lesquelles le responsable du traitement traite des donn\u00e9es \u00e0 caract\u00e8re personnel :<\/p>\n\n<ul class=\"wp-block-list\">\n<li>Assurer le respect des conditions \u00e9nonc\u00e9es dans les <a href=\"https:\/\/ferqui.com\/fr\/aviso-legal\/\">mentions l\u00e9gales<\/a> et dans la loi applicable. Cela peut inclure le d\u00e9veloppement d\u2019outils et d\u2019algorithmes qui aident ce site Web \u00e0 garantir la confidentialit\u00e9 des donn\u00e9es personnelles qu\u2019il collecte.<\/li>\n\n\n\n<li>Pour soutenir et am\u00e9liorer les services offerts par ce site web.<\/li>\n\n\n\n<li>Analyser la navigation de l\u2019utilisateur. Le Propri\u00e9taire collecte d\u2019autres donn\u00e9es non identifiantes obtenues gr\u00e2ce \u00e0 l\u2019utilisation de cookies qui sont t\u00e9l\u00e9charg\u00e9s sur l\u2019ordinateur de l\u2019Utilisateur lors de la navigation sur le Site Web, dont les caract\u00e9ristiques et la finalit\u00e9 sont d\u00e9taill\u00e9es dans la <a href=\"https:\/\/ferqui.com\/fr\/politica-de-cookies\/\">Politique de cookies<\/a>.<\/li>\n\n\n\n<li>Pour g\u00e9rer les m\u00e9dias sociaux. CARROCER\u00cdAS FERQUI, S.L. est pr\u00e9sent sur les r\u00e9seaux sociaux. Si vous devenez abonn\u00e9 sur les r\u00e9seaux sociaux du Propri\u00e9taire, le traitement des donn\u00e9es personnelles sera r\u00e9gi par la pr\u00e9sente section, ainsi que par les conditions d\u2019utilisation, les politiques de confidentialit\u00e9 et les r\u00e8gles d\u2019acc\u00e8s qui appartiennent au r\u00e9seau social concern\u00e9 dans chaque cas et que vous avez pr\u00e9alablement accept\u00e9es.<\/li>\n\n\n\n<li>Vous pouvez consulter les politiques de confidentialit\u00e9 des principaux r\u00e9seaux sociaux \u00e0 ces liens :\n<ol class=\"wp-block-list\">\n<li><a href=\"https:\/\/www.facebook.com\/help\/cookies\" target=\"_blank\" rel=\"noreferrer noopener nofollow\">Facebook (en anglais seulement<\/a><\/li>\n\n\n\n<li><a href=\"https:\/\/twitter.com\/privacy\" target=\"_blank\" rel=\"noreferrer noopener nofollow\">Gazouiller<\/a><\/li>\n\n\n\n<li><a href=\"https:\/\/www.linkedin.com\/legal\/cookie-policy\" target=\"_blank\" rel=\"noreferrer noopener nofollow\">Linkedin (en anglais seulement)<\/a><\/li>\n\n\n\n<li><a href=\"https:\/\/www.youtube.com\/privacy\" target=\"_blank\" rel=\"noreferrer noopener nofollow\">Youtube<\/a><\/li>\n\n\n\n<li><a href=\"https:\/\/www.instagram.com\/legal\/privacy\/\" target=\"_blank\" rel=\"noreferrer noopener nofollow\">Sur Instagram<\/a><\/li>\n<\/ol>\n<\/li>\n<\/ul>\n\n<p>Le Propri\u00e9taire traitera vos donn\u00e9es personnelles afin de g\u00e9rer correctement votre pr\u00e9sence sur le r\u00e9seau social, de vous informer de ses activit\u00e9s, ainsi qu\u2019\u00e0 toute autre fin permise par la r\u00e9glementation des r\u00e9seaux sociaux.<\/p>\n\n<p>En aucun cas, le Propri\u00e9taire n\u2019utilisera les profils des abonn\u00e9s sur les r\u00e9seaux sociaux pour envoyer de la publicit\u00e9 sur une base individuelle.<\/p>\n\n<h3 class=\"wp-block-heading\">S\u00e9curit\u00e9 des donn\u00e9es personnelles<\/h3>\n\n<p>Pour prot\u00e9ger vos donn\u00e9es personnelles, la personne concern\u00e9e prend toutes les pr\u00e9cautions raisonnables et suit les meilleures pratiques de l\u2019industrie pour \u00e9viter leur perte, leur mauvaise utilisation, leur acc\u00e8s inappropri\u00e9, leur divulgation, leur alt\u00e9ration ou leur destruction.<\/p>\n\n<p>Le site est h\u00e9berg\u00e9 par Common Sense Internet. La s\u00e9curit\u00e9 des donn\u00e9es est garantie, car ils prennent toutes les mesures de s\u00e9curit\u00e9 n\u00e9cessaires pour cela. Vous pouvez vous r\u00e9f\u00e9rer \u00e0 leur politique de confidentialit\u00e9 pour plus d\u2019informations.<\/p>\n\n<h3 class=\"wp-block-heading\">Contenu provenant d\u2019autres sites Web<\/h3>\n\n<p>Les pages de ce site Web peuvent inclure du contenu int\u00e9gr\u00e9 (par exemple, des vid\u00e9os, des images, des articles, etc.). Le contenu int\u00e9gr\u00e9 d\u2019autres sites Web se comporte exactement de la m\u00eame mani\u00e8re que si vous aviez visit\u00e9 l\u2019autre site Web.<\/p>\n\n<p>Ces sites Web peuvent collecter des donn\u00e9es vous concernant, utiliser des cookies, int\u00e9grer un code de suivi tiers suppl\u00e9mentaire et surveiller votre interaction \u00e0 l\u2019aide de ce code.<\/p>\n\n<h3 class=\"wp-block-heading\">Politique d\u2019utilisation des cookies<\/h3>\n\n<p>Pour que ce site web fonctionne correctement, vous devez utiliser des cookies, qui sont des informations stock\u00e9es dans votre navigateur web.<\/p>\n\n<p>Sur la page <a href=\"https:\/\/ferqui.com\/fr\/politica-de-cookies\/\">Politique de cookies<\/a> , vous trouverez toutes les informations concernant la politique de collecte, la finalit\u00e9 et le traitement des cookies.<\/p>\n\n<h3 class=\"wp-block-heading\">L\u00e9gitimit\u00e9 du traitement des donn\u00e9es<\/h3>\n\n<p>La base juridique du traitement de vos donn\u00e9es est le consentement.<\/p>\n\n<p>Afin de contacter le propri\u00e9taire, de vous abonner \u00e0 une newsletter ou de faire des commentaires sur ce site Web, vous devez accepter cette politique de confidentialit\u00e9.<\/p>\n\n<h3 class=\"wp-block-heading\">Cat\u00e9gories de donn\u00e9es \u00e0 caract\u00e8re personnel<\/h3>\n\n<p>Les cat\u00e9gories de donn\u00e9es \u00e0 caract\u00e8re personnel trait\u00e9es par le Responsable du traitement sont les suivantes :<\/p>\n\n<ul class=\"wp-block-list\">\n<li>Donn\u00e9es d\u2019identification.<\/li>\n\n\n\n<li>Les cat\u00e9gories de donn\u00e9es sp\u00e9cialement prot\u00e9g\u00e9es ne sont pas trait\u00e9es.<\/li>\n<\/ul>\n\n<h3 class=\"wp-block-heading\">Conservation des donn\u00e9es \u00e0 caract\u00e8re personnel<\/h3>\n\n<p>Les donn\u00e9es personnelles que vous fournissez au responsable du traitement seront conserv\u00e9es jusqu\u2019\u00e0 ce que vous demandiez leur suppression.<\/p>\n\n<h3 class=\"wp-block-heading\">Navigation sur le Web<\/h3>\n\n<p>Lorsque vous naviguez <a href=\"https:\/\/ferqui.com\/fr\/\">https:\/\/ferqui.com\/<\/a> des donn\u00e9es non identifiantes peuvent \u00eatre collect\u00e9es, qui peuvent inclure l\u2019adresse IP, la g\u00e9olocalisation, un enregistrement de la fa\u00e7on dont les services et les sites sont utilis\u00e9s, les habitudes de navigation et d\u2019autres donn\u00e9es qui ne peuvent pas \u00eatre utilis\u00e9es pour vous identifier.<\/p>\n\n<p>Le site Web utilise les services d\u2019analyse tiers suivants :<\/p>\n\n<p>Le Propri\u00e9taire utilise les informations obtenues pour obtenir des donn\u00e9es statistiques, analyser les tendances, administrer le site, \u00e9tudier les habitudes de navigation et recueillir des informations d\u00e9mographiques.<\/p>\n\n<p>Le Propri\u00e9taire n\u2019est pas responsable du traitement des donn\u00e9es personnelles effectu\u00e9 par les pages Web auxquelles il est possible d\u2019acc\u00e9der par le biais des diff\u00e9rents liens contenus dans le site Web.<\/p>\n\n<h3 class=\"wp-block-heading\">Exactitude et v\u00e9racit\u00e9 des donn\u00e9es personnelles<\/h3>\n\n<p>Il s\u2019engage \u00e0 s\u2019assurer que les donn\u00e9es fournies au Propri\u00e9taire sont correctes, compl\u00e8tes, exactes et \u00e0 jour, ainsi qu\u2019\u00e0 les maintenir d\u00fbment mises \u00e0 jour.<\/p>\n\n<p>En tant qu\u2019utilisateur du site web, vous \u00eates seul responsable de la v\u00e9racit\u00e9 et de l\u2019exactitude des donn\u00e9es envoy\u00e9es au site web, exon\u00e9rant CARROCER\u00cdAS FERQUI, S.L. de toute responsabilit\u00e9 \u00e0 cet \u00e9gard.<\/p>\n\n<h3 class=\"wp-block-heading\">Acceptation et consentement<\/h3>\n\n<p>En tant qu\u2019utilisateur du site Web, il d\u00e9clare avoir \u00e9t\u00e9 inform\u00e9 des conditions de protection des donn\u00e9es personnelles, accepte et consent au traitement de celles-ci par CARROCER\u00cdAS FERQUI, S.L. de la mani\u00e8re et aux fins indiqu\u00e9es dans la pr\u00e9sente politique de confidentialit\u00e9.<\/p>\n\n<h3 class=\"wp-block-heading\">R\u00e9vocabilit\u00e9<\/h3>\n\n<p>Pour exercer vos droits d\u2019acc\u00e8s, de rectification, d\u2019annulation et d\u2019opposition, vous <a href=\"https:\/\/ferqui.com\/fr\/\">devez https:\/\/ferqui.com\/ envoyer<\/a> un e-mail accompagn\u00e9 d\u2019un justificatif valide tel qu\u2019une photocopie de votre carte d\u2019identit\u00e9 ou \u00e9quivalent.<\/p>\n\n<p>L\u2019exercice de ces droits n\u2019inclut pas les donn\u00e9es que CARROCER\u00cdAS FERQUI, S.L. est oblig\u00e9e de conserver \u00e0 des fins administratives, juridiques ou de s\u00e9curit\u00e9.<\/p>\n\n<h3 class=\"wp-block-heading\">Modifications de la politique de confidentialit\u00e9<\/h3>\n\n<p>Le Propri\u00e9taire se r\u00e9serve le droit de modifier la pr\u00e9sente Politique de confidentialit\u00e9 afin de l\u2019adapter \u00e0 la nouvelle l\u00e9gislation ou jurisprudence, ainsi qu\u2019aux pratiques de l\u2019industrie.<\/p>\n\n<p>Ces politiques resteront en vigueur jusqu\u2019\u00e0 ce qu\u2019elles soient modifi\u00e9es par d\u2019autres politiques d\u00fbment publi\u00e9es.<\/p>\n","protected":false},"excerpt":{"rendered":"<p>CARROCER\u00cdAS FERQUI, S.L. vous informe de sa politique de confidentialit\u00e9 concernant le traitement et la protection des donn\u00e9es personnelles des utilisateurs qui peuvent \u00eatre collect\u00e9es lors de la navigation sur le site Web https:\/\/ferqui.com\/ En ce sens, CARROCER\u00cdAS FERQUI, S.L. garantit le respect de la r\u00e9glementation en vigueur en mati\u00e8re de protection des donn\u00e9es personnelles, [&hellip;]<\/p>\n","protected":false},"author":1,"featured_media":0,"parent":0,"menu_order":0,"comment_status":"closed","ping_status":"closed","template":"","meta":{"footnotes":""},"class_list":["post-2378","page","type-page","status-publish","hentry"],"_links":{"self":[{"href":"https:\/\/ferqui.com\/fr\/wp-json\/wp\/v2\/pages\/2378","targetHints":{"allow":["GET"]}}],"collection":[{"href":"https:\/\/ferqui.com\/fr\/wp-json\/wp\/v2\/pages"}],"about":[{"href":"https:\/\/ferqui.com\/fr\/wp-json\/wp\/v2\/types\/page"}],"author":[{"embeddable":true,"href":"https:\/\/ferqui.com\/fr\/wp-json\/wp\/v2\/users\/1"}],"replies":[{"embeddable":true,"href":"https:\/\/ferqui.com\/fr\/wp-json\/wp\/v2\/comments?post=2378"}],"version-history":[{"count":4,"href":"https:\/\/ferqui.com\/fr\/wp-json\/wp\/v2\/pages\/2378\/revisions"}],"predecessor-version":[{"id":2690,"href":"https:\/\/ferqui.com\/fr\/wp-json\/wp\/v2\/pages\/2378\/revisions\/2690"}],"wp:attachment":[{"href":"https:\/\/ferqui.com\/fr\/wp-json\/wp\/v2\/media?parent=2378"}],"curies":[{"name":"wp","href":"https:\/\/api.w.org\/{rel}","templated":true}]}}