{"id":2380,"date":"2023-09-22T11:48:23","date_gmt":"2023-09-22T09:48:23","guid":{"rendered":"https:\/\/ferqui.com\/aviso-legal\/"},"modified":"2024-03-01T12:46:31","modified_gmt":"2024-03-01T11:46:31","slug":"aviso-legal","status":"publish","type":"page","link":"https:\/\/ferqui.com\/fr\/aviso-legal\/","title":{"rendered":"Mentions l\u00e9gales"},"content":{"rendered":"\n<h3 class=\"wp-block-heading\">Identification et propri\u00e9t\u00e9<\/h3>\n\n<p>Conform\u00e9ment \u00e0 l\u2019article 10 de la loi 34\/2002, du 11 juillet, sur les services de la soci\u00e9t\u00e9 de l\u2019information et du commerce \u00e9lectronique, le Propri\u00e9taire expose ses donn\u00e9es d\u2019identification.<\/p>\n\n<ul class=\"wp-block-list\">\n<li><strong>Titulaire:<\/strong> CARROCER\u00cdAS FERQUI, S.L.<\/li>\n\n\n\n<li><strong>NIF :<\/strong> B33011644<\/li>\n\n\n\n<li><strong>Domicile:<\/strong> Pol\u00edgono de la Barreda, Parcela 15, 33180 \u2013 Nore\u00f1a, Asturies, Espagne.<\/li>\n\n\n\n<li><strong>Courriel :<\/strong> <a href=\"mailto:protecci%C3%B3ndatos@ferqui.com\">protecci\u00f3ndatos@ferqui.com<\/a><\/li>\n\n\n\n<li><strong>Site Web :<\/strong> <a href=\"https:\/\/ferqui.com\/fr\/\">https:\/\/ferqui.com\/<\/a><\/li>\n\n\n\n<li>\u00a0<\/li>\n<\/ul>\n\n<h3 class=\"wp-block-heading\">But<\/h3>\n\n<p>L\u2019objectif du <a href=\"https:\/\/ferqui.com\/fr\/\">site web https:\/\/ferqui.com\/<\/a> est de promouvoir, d\u2019informer et de diffuser des contenus li\u00e9s \u00e0 l\u2019objet social de CARROCER\u00cdAS FERQUI, S.L.  <\/p>\n\n<h3 class=\"wp-block-heading\">Conditions d&rsquo;utilisation<\/h3>\n\n<p>L\u2019utilisation du site web vous conf\u00e8re le statut d\u2019utilisateur, et implique l\u2019acceptation compl\u00e8te de toutes les clauses et conditions d\u2019utilisation incluses dans les pages\u00a0:<\/p>\n\n<ul class=\"wp-block-list\">\n<li><a href=\"https:\/\/ferqui.com\/fr\/aviso-legal\/\">Mentions l\u00e9gales<\/a><\/li>\n\n\n\n<li><a href=\"https:\/\/ferqui.com\/fr\/politica-de-privacidad\/\">Politique de confidentialit\u00e9<\/a><\/li>\n\n\n\n<li><a href=\"https:\/\/ferqui.com\/fr\/politica-de-cookies\/\">Politique d\u2019utilisation des cookies<\/a><\/li>\n<\/ul>\n\n<p>Si vous n\u2019\u00eates pas d\u2019accord avec chacune de ces conditions g\u00e9n\u00e9rales, vous vous abstiendrez d\u2019utiliser ce site Web.<\/p>\n\n<p>L\u2019acc\u00e8s \u00e0 ce site web n\u2019implique en aucun cas le d\u00e9but d\u2019une relation commerciale avec CARROCER\u00cdAS FERQUI, S.L.<\/p>\n\n<p>Par le biais de ce site web, le propri\u00e9taire fournit l\u2019acc\u00e8s et l\u2019utilisation de divers contenus que le propri\u00e9taire ou ses collaborateurs ont publi\u00e9s sur Internet.<\/p>\n\n<p>\u00c0 cette fin, il s\u2019engage \u00e0 NE PAS utiliser les contenus du site web \u00e0 des fins ou effets illicites, interdits dans le pr\u00e9sent avis juridique ou par la l\u00e9gislation en vigueur, pr\u00e9judiciables aux droits et int\u00e9r\u00eats de tiers, ou qui, de quelque mani\u00e8re que ce soit, peuvent endommager, d\u00e9sactiver, surcharger, d\u00e9t\u00e9riorer ou emp\u00eacher l\u2019utilisation normale des contenus.  mat\u00e9riel informatique ou documents, fichiers et tout type de contenu stock\u00e9 dans tout \u00e9quipement informatique appartenant ou contract\u00e9 par CARROCER\u00cdAS FERQUI, S.L., aupr\u00e8s d\u2019autres utilisateurs ou de tout utilisateur d\u2019Internet.<\/p>\n\n<h3 class=\"wp-block-heading\">Mesures de s\u00e9curit\u00e9<\/h3>\n\n<p>Les donn\u00e9es personnelles fournies au Propri\u00e9taire peuvent \u00eatre stock\u00e9es dans des bases de donn\u00e9es automatis\u00e9es ou non automatis\u00e9es, dont la propri\u00e9t\u00e9 exclusive est d\u00e9tenue par CARROCER\u00cdAS FERQUI, S.L., qui assume toutes les mesures techniques, organisationnelles et de s\u00e9curit\u00e9 qui garantissent la confidentialit\u00e9, l\u2019int\u00e9grit\u00e9 et la qualit\u00e9 des informations qu\u2019elles contiennent, conform\u00e9ment aux dispositions de la r\u00e9glementation en vigueur en mati\u00e8re de protection des donn\u00e9es.<\/p>\n\n<p>Cependant, vous devez \u00eatre conscient que les mesures de s\u00e9curit\u00e9 des syst\u00e8mes informatiques sur Internet ne sont pas enti\u00e8rement fiables et que, par cons\u00e9quent, le Propri\u00e9taire ne peut pas garantir l\u2019absence de virus ou d\u2019autres \u00e9l\u00e9ments susceptibles de provoquer des alt\u00e9rations dans les syst\u00e8mes informatiques (logiciels et mat\u00e9riels) de l\u2019Utilisateur ou dans ses documents \u00e9lectroniques et les fichiers qu\u2019ils contiennent.  bien que le Propri\u00e9taire mette en \u0153uvre tous les moyens n\u00e9cessaires et prenne les mesures de s\u00e9curit\u00e9 appropri\u00e9es pour \u00e9viter la pr\u00e9sence de ces \u00e9l\u00e9ments nuisibles.<\/p>\n\n<h3 class=\"wp-block-heading\">Traitement des donn\u00e9es \u00e0 caract\u00e8re personnel<\/h3>\n\n<p>Vous pouvez consulter toutes les informations relatives au traitement des donn\u00e9es personnelles collect\u00e9es par le Propri\u00e9taire sur la page Politique de confidentialit\u00e9.<\/p>\n\n<h3 class=\"wp-block-heading\">Contenu<\/h3>\n\n<p>Le Propri\u00e9taire a obtenu les informations, les contenus multim\u00e9dias et les documents inclus sur le site Web aupr\u00e8s de sources qu\u2019il consid\u00e8re comme fiables, mais, bien qu\u2019il ait pris toutes les mesures raisonnables pour s\u2019assurer que les informations contenues sont correctes, le Propri\u00e9taire ne garantit pas qu\u2019elles sont exactes, compl\u00e8tes ou \u00e0 jour. CARROCER\u00cdAS FERQUI, S.L. d\u00e9cline express\u00e9ment toute responsabilit\u00e9 en cas d\u2019erreurs ou d\u2019omissions dans les informations contenues dans les pages de ce site web.<\/p>\n\n<p>Il est interdit de transmettre ou d\u2019envoyer par le biais du site Web tout contenu ill\u00e9gal ou illicite, virus informatique ou messages qui, en g\u00e9n\u00e9ral, affectent ou violent les droits du propri\u00e9taire ou de tiers.<\/p>\n\n<p>Le contenu de <a href=\"https:\/\/ferqui.com\/fr\/\">https:\/\/ferqui.com\/<\/a> est fourni \u00e0 titre informatif uniquement et ne doit en aucun cas \u00eatre utilis\u00e9 ou consid\u00e9r\u00e9 comme une offre de vente, une sollicitation d\u2019une offre d\u2019achat ou une recommandation de r\u00e9aliser toute autre transaction, sauf indication expresse.<\/p>\n\n<p>CARROCER\u00cdAS FERQUI, S.L. se r\u00e9serve le droit de modifier, suspendre, annuler ou restreindre le contenu de <a href=\"https:\/\/ferqui.com\/fr\/\">https:\/\/ferqui.com\/<\/a> liens ou des informations obtenues par le biais du site web, sans pr\u00e9avis.<\/p>\n\n<p>CARROCER\u00cdAS FERQUI, S.L. n\u2019est pas responsable des dommages qui pourraient d\u00e9couler de l\u2019utilisation des informations du site web ou contenues dans les r\u00e9seaux sociaux du propri\u00e9taire.<\/p>\n\n<h3 class=\"wp-block-heading\">Politique en mati\u00e8re de cookies<\/h3>\n\n<p>Sur la page <a href=\"http:\/\/%22https\/\/ferqui.com\/politica-de-cookies\">Politique de cookies<\/a> , vous pouvez consulter toutes les informations concernant la politique de collecte et de traitement des cookies.<\/p>\n\n<h3 class=\"wp-block-heading\">Liens vers d\u2019autres sites Web<\/h3>\n\n<p>Le Propri\u00e9taire peut vous donner acc\u00e8s \u00e0 des sites Web de tiers par le biais de liens dans le seul but de vous informer de l\u2019existence d\u2019autres sources d\u2019information sur Internet dans lesquelles vous pouvez d\u00e9velopper les donn\u00e9es propos\u00e9es sur le site Web.<\/p>\n\n<p>Ces liens vers d\u2019autres sites Web n\u2019impliquent en aucun cas une suggestion ou une recommandation pour vous de visiter les sites Web de destination, qui sont hors du contr\u00f4le du Propri\u00e9taire, de sorte que CARROCER\u00cdAS FERQUI S.L. n\u2019est pas responsable du contenu des sites Web li\u00e9s ou du r\u00e9sultat que vous obtenez en suivant les liens.<\/p>\n\n<p>De m\u00eame, CARROCER\u00cdAS FERQUI, S.L. n\u2019est pas responsable des liens situ\u00e9s sur les sites Web li\u00e9s auxquels elle vous donne acc\u00e8s.<\/p>\n\n<p>L\u2019\u00e9tablissement du lien n\u2019implique en aucun cas l\u2019existence d\u2019une relation entre CARROCER\u00cdAS FERQUI, S.L. et le propri\u00e9taire du site sur lequel le lien est \u00e9tabli, ni l\u2019acceptation ou l\u2019approbation par le propri\u00e9taire de ses contenus ou services.<\/p>\n\n<p>Si vous acc\u00e9dez \u00e0 un site Web externe \u00e0 partir <a href=\"https:\/\/ferqui.com\/fr\/\">d\u2019un<\/a> lien que vous trouvez sur https:\/\/ferqui.com\/ vous devez lire la politique de confidentialit\u00e9 de l\u2019autre site Web, qui peut \u00eatre diff\u00e9rente de celle de ce site Web.<\/p>\n\n<h3 class=\"wp-block-heading\">Propri\u00e9t\u00e9 intellectuelle et industrielle<\/h3>\n\n<p>Tous droits r\u00e9serv\u00e9s.<\/p>\n\n<p>Tout acc\u00e8s \u00e0 ce site web est soumis aux conditions suivantes : la reproduction, le stockage permanent et la diffusion des contenus ou toute autre utilisation \u00e0 des fins publiques ou commerciales sont express\u00e9ment interdits sans l\u2019autorisation \u00e9crite pr\u00e9alable expresse de CARROCER\u00cdAS FERQUI, S.L.<\/p>\n\n<h3 class=\"wp-block-heading\">Limitation de responsabilit\u00e9<\/h3>\n\n<p>CARROCER\u00cdAS FERQUI, S.L. d\u00e9cline toute responsabilit\u00e9 en cas d\u2019interruption ou de dysfonctionnement des Services ou des contenus propos\u00e9s sur Internet, quelle qu\u2019en soit la cause. De m\u00eame, le Propri\u00e9taire n\u2019est pas responsable des d\u00e9faillances du r\u00e9seau, des pertes d\u2019exploitation r\u00e9sultant de telles d\u00e9faillances, des interruptions temporaires de l\u2019\u00e9lectricit\u00e9 ou de tout autre type de dommage indirect pouvant \u00eatre caus\u00e9 par des causes ind\u00e9pendantes de la volont\u00e9 du Propri\u00e9taire.<\/p>\n\n<p>Avant de prendre des d\u00e9cisions et\/ou des actions sur la base des informations contenues sur le site web, le Propri\u00e9taire vous recommande de v\u00e9rifier et de comparer les informations re\u00e7ues avec d\u2019autres sources.<\/p>\n\n<h3 class=\"wp-block-heading\">Juridiction<\/h3>\n\n<p>Le pr\u00e9sent avis juridique est enti\u00e8rement r\u00e9gi par la loi espagnole.<\/p>\n\n<h3 class=\"wp-block-heading\">Contact<\/h3>\n\n<p>Si vous avez des questions sur les pr\u00e9sentes conditions g\u00e9n\u00e9rales ou si vous souhaitez faire des commentaires sur ce site Web, vous pouvez envoyer un e-mail \u00e0 <a href=\"mailto:protecci%C3%B3ndatos@ferqui.com\">l\u2019adresse protecci\u00f3ndatos@ferqui.com<\/a><\/p>\n","protected":false},"excerpt":{"rendered":"<p>Identification et propri\u00e9t\u00e9 Conform\u00e9ment \u00e0 l\u2019article 10 de la loi 34\/2002, du 11 juillet, sur les services de la soci\u00e9t\u00e9 de l\u2019information et du commerce \u00e9lectronique, le Propri\u00e9taire expose ses donn\u00e9es d\u2019identification. But L\u2019objectif du site web https:\/\/ferqui.com\/ est de promouvoir, d\u2019informer et de diffuser des contenus li\u00e9s \u00e0 l\u2019objet social de CARROCER\u00cdAS FERQUI, S.L. [&hellip;]<\/p>\n","protected":false},"author":1,"featured_media":0,"parent":0,"menu_order":0,"comment_status":"closed","ping_status":"closed","template":"","meta":{"footnotes":""},"class_list":["post-2380","page","type-page","status-publish","hentry"],"_links":{"self":[{"href":"https:\/\/ferqui.com\/fr\/wp-json\/wp\/v2\/pages\/2380","targetHints":{"allow":["GET"]}}],"collection":[{"href":"https:\/\/ferqui.com\/fr\/wp-json\/wp\/v2\/pages"}],"about":[{"href":"https:\/\/ferqui.com\/fr\/wp-json\/wp\/v2\/types\/page"}],"author":[{"embeddable":true,"href":"https:\/\/ferqui.com\/fr\/wp-json\/wp\/v2\/users\/1"}],"replies":[{"embeddable":true,"href":"https:\/\/ferqui.com\/fr\/wp-json\/wp\/v2\/comments?post=2380"}],"version-history":[{"count":3,"href":"https:\/\/ferqui.com\/fr\/wp-json\/wp\/v2\/pages\/2380\/revisions"}],"predecessor-version":[{"id":2668,"href":"https:\/\/ferqui.com\/fr\/wp-json\/wp\/v2\/pages\/2380\/revisions\/2668"}],"wp:attachment":[{"href":"https:\/\/ferqui.com\/fr\/wp-json\/wp\/v2\/media?parent=2380"}],"curies":[{"name":"wp","href":"https:\/\/api.w.org\/{rel}","templated":true}]}}