{"id":2387,"date":"2023-09-22T11:47:26","date_gmt":"2023-09-22T09:47:26","guid":{"rendered":"https:\/\/ferqui.com\/postventa\/"},"modified":"2025-05-12T11:33:45","modified_gmt":"2025-05-12T09:33:45","slug":"postventa","status":"publish","type":"page","link":"https:\/\/ferqui.com\/fr\/postventa\/","title":{"rendered":"Ventes"},"content":{"rendered":"\n<div class=\"wp-block-columns is-layout-flex wp-container-core-columns-is-layout-7fc3d43a wp-block-columns-is-layout-flex\">\n<div class=\"wp-block-column is-layout-flow wp-block-column-is-layout-flow\" style=\"flex-basis:50%\">\n<p class=\"has-text-align-left has-primary-color has-text-color has-link-color has-large-font-size wp-elements-443b4927770f9551e2500df6191ae380\"><strong>Notre engagement<\/strong> <strong>ne s\u2019arr\u00eate pas \u00e0 la vente<\/strong><\/p>\n\n\n\n<p>Chez CARROCER\u00cdAS FERQUI, nous comprenons qu\u2019un excellent service apr\u00e8s-vente est essentiel. C\u2019est pourquoi nous mettons \u00e0 disposition nos canaux de service (t\u00e9l\u00e9phone et e-mail) pour r\u00e9pondre \u00e0 toutes les questions relatives aux v\u00e9hicules FERQUI tout au long de leur dur\u00e9e de vie.<\/p>\n\n\n\n<p>Nous disposons d\u2019un d\u00e9partement sp\u00e9cialis\u00e9 dans les homologations, qui vous aidera \u00e0 r\u00e9soudre tous les doutes qui pourraient survenir lors des processus d\u2019inspection (ITV) ou avec d\u2019\u00e9ventuelles modifications ou adaptations de votre v\u00e9hicule.<\/p>\n\n\n\n<p class=\"has-primary-color has-text-color has-link-color wp-elements-095117e94a6ca505e8a2a3a1171a917f\" style=\"text-decoration:underline\"><strong>Contact apr\u00e8s-vente<\/strong><\/p>\n\n\n\n<ul class=\"wp-block-list\">\n<li><strong>Dami\u00e1n L\u00f3pez Giuliboni<\/strong><\/li>\n\n\n\n<li><strong>Email:<\/strong> <a href=\"mailto:postventa@ferqui.com\">postventa@ferqui.com<\/a><\/li>\n\n\n\n<li><strong>T\u00e9l\u00e9phone portable :<\/strong> <a href=\"tel:649549617\" data-type=\"tel\" data-id=\"tel:649549617\">649 549 617<\/a><\/li>\n<\/ul>\n\n\n\n<p class=\"has-primary-color has-text-color has-link-color wp-elements-639b5e0bbbf61f09281b0f2fffa212d0\" style=\"text-decoration:underline\"><strong>Contact Pi\u00e8ces de rechange<\/strong><\/p>\n\n\n\n<ul class=\"wp-block-list\">\n<li><strong>Rebeca Orviz Palacios<\/strong><\/li>\n\n\n\n<li><strong>Email:<\/strong> <a href=\"mailto:recambios@ferqui.com\">recambios@ferqui.com<\/a><\/li>\n\n\n\n<li><strong>Cellulaire :<\/strong> <a href=\"tel:649549617\" data-type=\"tel\" data-id=\"tel:649549617\">689 484 253<\/a><\/li>\n<\/ul>\n\n\n\n<p>De plus, nous offrons un certain nombre de services suppl\u00e9mentaires :<\/p>\n\n\n\n<ul class=\"wp-block-list\">\n<li>Gestion des garanties<\/li>\n\n\n\n<li>Service de pi\u00e8ces de rechange<\/li>\n\n\n\n<li>Attention aux demandes de r\u00e9paration et\/ou techniques<\/li>\n\n\n\n<li>R\u00e9seau concert\u00e9 d\u2019ateliers<\/li>\n<\/ul>\n<\/div>\n\n\n\n<div class=\"wp-block-column is-layout-flow wp-block-column-is-layout-flow\" style=\"flex-basis:50%\"><p><iframe loading=\"lazy\" src=\"https:\/\/www.google.com\/maps\/d\/embed?mid=1_EyGfEj2ZQA8XQoE9CyeNW15YK8&#038;ehbc=2E312F\" width=\"640\" height=\"480\"><\/iframe><\/p>\n<\/div>\n<\/div>\n\n<div class=\"wp-block-group has-global-padding is-layout-constrained wp-container-core-group-is-layout-96aa63fa wp-block-group-is-layout-constrained\" style=\"margin-top:var(--wp--preset--spacing--50);padding-right:0;padding-left:0\">\n<div class=\"wp-block-group alignwide is-layout-flow wp-block-group-is-layout-flow\">\n<p class=\"has-primary-color has-text-color has-link-color has-large-font-size wp-elements-1b0b3feeecfec73307d8461e7a98f6ad\"><strong>Ateliers<\/strong><\/p>\n<\/div>\n\n\n\n<div class=\"wp-block-group alignwide is-layout-grid wp-container-core-group-is-layout-ba38e3dd wp-block-group-is-layout-grid\" style=\"margin-top:var(--wp--preset--spacing--30);padding-right:0;padding-left:0\">\n<div class=\"wp-block-group has-global-padding is-layout-constrained wp-block-group-is-layout-constrained\">\n<p><strong>Carrocer\u00edas La Llana, S.L.<\/strong><br\/>C\/ Ing. Juan de la Cierva, S\/N<br\/>14013 C\u00f3rdoba<br\/>957 20 17 03<\/p>\n<\/div>\n\n\n\n<div class=\"wp-block-group has-global-padding is-layout-constrained wp-block-group-is-layout-constrained\">\n<p><strong>Talleres F. Fern\u00e1ndez, S.L.U.<\/strong><br\/>C\/ Oro, N\u00ba 52<br\/>47012 Valladolid<br\/>983 20 53 77<\/p>\n<\/div>\n\n\n\n<div class=\"wp-block-group has-global-padding is-layout-constrained wp-block-group-is-layout-constrained\">\n<p><strong>Dercar<\/strong><br\/>Carrer de l&rsquo;Energia, 107<br\/>08940 Cornell\u00e0 de Llobregat, Barcelona<br\/>933 15 48 95<\/p>\n<\/div>\n\n\n\n<div class=\"wp-block-group has-global-padding is-layout-constrained wp-block-group-is-layout-constrained\">\n<p><strong>Electro Frio Motor<br\/><\/strong>Av. Villa Rosa, 19<br\/>29004 Churriana, M\u00e1laga<br\/>952 23 84 77<\/p>\n<\/div>\n\n\n\n<div class=\"wp-block-group has-global-padding is-layout-constrained wp-block-group-is-layout-constrained\">\n<p><strong>Carrocer\u00edas Bus<br\/><\/strong>Av. Torres Quevedo, 16<br\/>28984 Parla, Madrid<br\/>916 42 26 11<\/p>\n<\/div>\n\n\n\n<div class=\"wp-block-group has-global-padding is-layout-constrained wp-block-group-is-layout-constrained\">\n<p><strong>Auto Electricidad Polo<\/strong><br\/>C\/ Villares, 43 Bajo<br\/>37188 \u2013 Carbajosa de la Sagrada, Salamanca<br\/>658 66 03 05<\/p>\n<\/div>\n\n\n\n<div class=\"wp-block-group has-global-padding is-layout-constrained wp-block-group-is-layout-constrained\">\n<p><strong>BusAuto 2013, S.L.<\/strong><br\/>C\/ Alfaz del Pi, 2, Nave 2 &#8211; Pol\u00edgono La Alberca<br\/>03530 La Nuc\u00eda, Alicante<br\/>617 34 12 79<\/p>\n<\/div>\n<\/div>\n<\/div>\n","protected":false},"excerpt":{"rendered":"<p>Notre engagement ne s\u2019arr\u00eate pas \u00e0 la vente Chez CARROCER\u00cdAS FERQUI, nous comprenons qu\u2019un excellent service apr\u00e8s-vente est essentiel. C\u2019est pourquoi nous mettons \u00e0 disposition nos canaux de service (t\u00e9l\u00e9phone et e-mail) pour r\u00e9pondre \u00e0 toutes les questions relatives aux v\u00e9hicules FERQUI tout au long de leur dur\u00e9e de vie. Nous disposons d\u2019un d\u00e9partement sp\u00e9cialis\u00e9 [&hellip;]<\/p>\n","protected":false},"author":1,"featured_media":0,"parent":0,"menu_order":0,"comment_status":"closed","ping_status":"closed","template":"","meta":{"footnotes":""},"class_list":["post-2387","page","type-page","status-publish","hentry"],"_links":{"self":[{"href":"https:\/\/ferqui.com\/fr\/wp-json\/wp\/v2\/pages\/2387","targetHints":{"allow":["GET"]}}],"collection":[{"href":"https:\/\/ferqui.com\/fr\/wp-json\/wp\/v2\/pages"}],"about":[{"href":"https:\/\/ferqui.com\/fr\/wp-json\/wp\/v2\/types\/page"}],"author":[{"embeddable":true,"href":"https:\/\/ferqui.com\/fr\/wp-json\/wp\/v2\/users\/1"}],"replies":[{"embeddable":true,"href":"https:\/\/ferqui.com\/fr\/wp-json\/wp\/v2\/comments?post=2387"}],"version-history":[{"count":4,"href":"https:\/\/ferqui.com\/fr\/wp-json\/wp\/v2\/pages\/2387\/revisions"}],"predecessor-version":[{"id":3675,"href":"https:\/\/ferqui.com\/fr\/wp-json\/wp\/v2\/pages\/2387\/revisions\/3675"}],"wp:attachment":[{"href":"https:\/\/ferqui.com\/fr\/wp-json\/wp\/v2\/media?parent=2387"}],"curies":[{"name":"wp","href":"https:\/\/api.w.org\/{rel}","templated":true}]}}