{"id":3332,"date":"2025-03-17T11:06:39","date_gmt":"2025-03-17T10:06:39","guid":{"rendered":"https:\/\/ferqui.com\/dinteret\/"},"modified":"2025-03-21T15:46:08","modified_gmt":"2025-03-21T14:46:08","slug":"dinteret","status":"publish","type":"page","link":"https:\/\/ferqui.com\/fr\/dinteret\/","title":{"rendered":"D\u2019int\u00e9r\u00eat"},"content":{"rendered":"\n<div class=\"wp-block-group has-global-padding is-layout-constrained wp-container-core-group-is-layout-219e95f2 wp-block-group-is-layout-constrained\" style=\"margin-top:var(--wp--preset--spacing--40)\">\n<div class=\"wp-block-group alignwide has-global-padding is-layout-constrained wp-block-group-is-layout-constrained\" id=\"ferias\">\n<h2 class=\"wp-block-heading alignwide has-primary-color has-text-color has-link-color has-large-font-size wp-elements-8a1a92af55f6c263fcfb0f04774ce0a7\" style=\"font-style:normal;font-weight:700\">Foires<\/h2>\n\n\n\n<div class=\"wp-block-query alignwide is-layout-flow wp-block-query-is-layout-flow\"><ul class=\"wp-block-post-template is-layout-flow wp-container-core-post-template-is-layout-5291b468 wp-block-post-template-is-layout-flow\"><li class=\"wp-block-post post-2966 post type-post status-publish format-standard has-post-thumbnail hentry category-ferias\">\n\n<div class=\"wp-block-columns alignwide is-layout-flex wp-container-core-columns-is-layout-7fc3d43a wp-block-columns-is-layout-flex\">\n<div class=\"wp-block-column is-layout-flow wp-block-column-is-layout-flow\" style=\"flex-basis:30%\"><figure style=\"aspect-ratio:16\/9;\" class=\"wp-block-post-featured-image\"><a href=\"https:\/\/ferqui.com\/fr\/ferqui-en-la-fiaa-2024\/\" target=\"_self\"><img loading=\"lazy\" decoding=\"async\" width=\"1940\" height=\"690\" src=\"https:\/\/ferqui.com\/wp-content\/uploads\/2024\/10\/Banner-FIA-2024.jpg\" class=\"attachment-post-thumbnail size-post-thumbnail wp-post-image\" alt=\"FERQUI EN LA \u00abFIAA 2024\u00bb\" style=\"width:100%;height:100%;object-fit:cover;\" srcset=\"https:\/\/ferqui.com\/wp-content\/uploads\/2024\/10\/Banner-FIA-2024.jpg 1940w, https:\/\/ferqui.com\/wp-content\/uploads\/2024\/10\/Banner-FIA-2024-800x285.jpg 800w, https:\/\/ferqui.com\/wp-content\/uploads\/2024\/10\/Banner-FIA-2024-1600x569.jpg 1600w, https:\/\/ferqui.com\/wp-content\/uploads\/2024\/10\/Banner-FIA-2024-768x273.jpg 768w, https:\/\/ferqui.com\/wp-content\/uploads\/2024\/10\/Banner-FIA-2024-1536x546.jpg 1536w\" sizes=\"auto, (max-width: 1940px) 100vw, 1940px\" \/><\/a><\/figure><\/div>\n\n\n\n<div class=\"wp-block-column is-layout-flow wp-block-column-is-layout-flow\" style=\"flex-basis:70%\"><h3 class=\"wp-block-post-title has-large-font-size\"><a href=\"https:\/\/ferqui.com\/fr\/ferqui-en-la-fiaa-2024\/\" target=\"_self\">FERQUI EN LA \u00abFIAA 2024\u00bb<\/a><\/h3>\n\n<div style=\"font-style:normal;font-weight:700;\" class=\"has-link-color wp-elements-4c638ba0b3ff95fca407c6b6023faee0 wp-block-post-date has-text-color has-primary-color has-small-font-size\"><time datetime=\"2024-10-09T10:58:01+02:00\">09\/10\/2024<\/time><\/div>\n\n<div class=\"wp-block-post-excerpt\"><p class=\"wp-block-post-excerpt__excerpt\">Este a\u00f1o Ferqui asistir\u00e1 del d\u00eda 22 al 25 de octubre, a la Feria Internacional del Autob\u00fas y Autocar (Feria FIAA) celebrada en Madrid. En su stand ubicado a la entrada del Pabell\u00f3n 8, los asistentes podr\u00e1n disfrutar de su gama completa de veh\u00edculos, as\u00ed como sus \u00faltimas novedades e innovaciones que presentar\u00e1n al sector\u2026 <\/p><\/div><\/div>\n<\/div>\n\n<\/li><li class=\"wp-block-post post-2285 post type-post status-publish format-standard has-post-thumbnail hentry category-ferias-fr\">\n\n<div class=\"wp-block-columns alignwide is-layout-flex wp-container-core-columns-is-layout-7fc3d43a wp-block-columns-is-layout-flex\">\n<div class=\"wp-block-column is-layout-flow wp-block-column-is-layout-flow\" style=\"flex-basis:30%\"><figure style=\"aspect-ratio:16\/9;\" class=\"wp-block-post-featured-image\"><a href=\"https:\/\/ferqui.com\/fr\/ferqui-en-expobus-iberia\/\" target=\"_self\"><img loading=\"lazy\" decoding=\"async\" width=\"2625\" height=\"834\" src=\"https:\/\/ferqui.com\/wp-content\/uploads\/2023\/11\/BANNER-EXPOBUS-2023.png\" class=\"attachment-post-thumbnail size-post-thumbnail wp-post-image\" alt=\"FERQUI \u00c0 EXPOBUS IBERIA\" style=\"width:100%;height:100%;object-fit:cover;\" srcset=\"https:\/\/ferqui.com\/wp-content\/uploads\/2023\/11\/BANNER-EXPOBUS-2023.png 2625w, https:\/\/ferqui.com\/wp-content\/uploads\/2023\/11\/BANNER-EXPOBUS-2023-800x254.png 800w, https:\/\/ferqui.com\/wp-content\/uploads\/2023\/11\/BANNER-EXPOBUS-2023-1600x508.png 1600w, https:\/\/ferqui.com\/wp-content\/uploads\/2023\/11\/BANNER-EXPOBUS-2023-768x244.png 768w, https:\/\/ferqui.com\/wp-content\/uploads\/2023\/11\/BANNER-EXPOBUS-2023-1536x488.png 1536w, https:\/\/ferqui.com\/wp-content\/uploads\/2023\/11\/BANNER-EXPOBUS-2023-2048x651.png 2048w\" sizes=\"auto, (max-width: 2625px) 100vw, 2625px\" \/><\/a><\/figure><\/div>\n\n\n\n<div class=\"wp-block-column is-layout-flow wp-block-column-is-layout-flow\" style=\"flex-basis:70%\"><h3 class=\"wp-block-post-title has-large-font-size\"><a href=\"https:\/\/ferqui.com\/fr\/ferqui-en-expobus-iberia\/\" target=\"_self\">FERQUI \u00c0 EXPOBUS IBERIA<\/a><\/h3>\n\n<div style=\"font-style:normal;font-weight:700;\" class=\"has-link-color wp-elements-4c638ba0b3ff95fca407c6b6023faee0 wp-block-post-date has-text-color has-primary-color has-small-font-size\"><time datetime=\"2023-11-09T19:33:18+01:00\">09\/11\/2023<\/time><\/div>\n\n<div class=\"wp-block-post-excerpt\"><p class=\"wp-block-post-excerpt__excerpt\">Pour la deuxi\u00e8me \u00e9dition cons\u00e9cutive, Ferqui sera pr\u00e9sent \u00e0 Expobus Iberia 2023, un salon du transport routier de passagers. Il se tiendra dans la ville de Silleda, Pontevedra (Galice), du 16 au 18 novembre inclus. Sur notre stand, situ\u00e9 \u00e0 l\u2019entr\u00e9e du Hall 2, nous pr\u00e9senterons les derniers d\u00e9veloppements de notre gamme vari\u00e9e de minibus\u2026 <\/p><\/div><\/div>\n<\/div>\n\n<\/li><li class=\"wp-block-post post-2287 post type-post status-publish format-standard has-post-thumbnail hentry category-ferias-fr\">\n\n<div class=\"wp-block-columns alignwide is-layout-flex wp-container-core-columns-is-layout-7fc3d43a wp-block-columns-is-layout-flex\">\n<div class=\"wp-block-column is-layout-flow wp-block-column-is-layout-flow\" style=\"flex-basis:30%\"><figure style=\"aspect-ratio:16\/9;\" class=\"wp-block-post-featured-image\"><a href=\"https:\/\/ferqui.com\/fr\/actividad-ferqui-busworld-bruselas-2023\/\" target=\"_self\"><img loading=\"lazy\" decoding=\"async\" width=\"2560\" height=\"2037\" src=\"https:\/\/ferqui.com\/wp-content\/uploads\/2023\/10\/editada-scaled.jpg\" class=\"attachment-post-thumbnail size-post-thumbnail wp-post-image\" alt=\"Ferqui pr\u00e9sent \u00e0 Busworld Brussels 2023\" style=\"width:100%;height:100%;object-fit:cover;\" srcset=\"https:\/\/ferqui.com\/wp-content\/uploads\/2023\/10\/editada-scaled.jpg 2560w, https:\/\/ferqui.com\/wp-content\/uploads\/2023\/10\/editada-800x637.jpg 800w, https:\/\/ferqui.com\/wp-content\/uploads\/2023\/10\/editada-1600x1273.jpg 1600w, https:\/\/ferqui.com\/wp-content\/uploads\/2023\/10\/editada-768x611.jpg 768w, https:\/\/ferqui.com\/wp-content\/uploads\/2023\/10\/editada-1536x1222.jpg 1536w, https:\/\/ferqui.com\/wp-content\/uploads\/2023\/10\/editada-2048x1630.jpg 2048w\" sizes=\"auto, (max-width: 2560px) 100vw, 2560px\" \/><\/a><\/figure><\/div>\n\n\n\n<div class=\"wp-block-column is-layout-flow wp-block-column-is-layout-flow\" style=\"flex-basis:70%\"><h3 class=\"wp-block-post-title has-large-font-size\"><a href=\"https:\/\/ferqui.com\/fr\/actividad-ferqui-busworld-bruselas-2023\/\" target=\"_self\">Ferqui pr\u00e9sent \u00e0 Busworld Brussels 2023<\/a><\/h3>\n\n<div style=\"font-style:normal;font-weight:700;\" class=\"has-link-color wp-elements-4c638ba0b3ff95fca407c6b6023faee0 wp-block-post-date has-text-color has-primary-color has-small-font-size\"><time datetime=\"2023-10-12T15:02:12+02:00\">12\/10\/2023<\/time><\/div>\n\n<div class=\"wp-block-post-excerpt\"><p class=\"wp-block-post-excerpt__excerpt\">Ferqui est pr\u00e9sent au salon \u00ab Busworld Europe 2023 \u00bb avec ses mod\u00e8les Sunset S4R, Sunrise F2 et son premier nouveau minibus \u00e9lectrique, Cares. Ces carrosseries sont construites sur des ch\u00e2ssis Mercedes-Benz Sprinter 516, Iveco 70C21 et Ford E-Transit, respectivement. Le stand de Ferqui est situ\u00e9 dans le Hall 11 stand 09. \u00a0 MERCEDES-BENZ SPRINTER\u2026 <\/p><\/div><\/div>\n<\/div>\n\n<\/li><li class=\"wp-block-post post-2333 post type-post status-publish format-standard has-post-thumbnail hentry category-ferias-fr\">\n\n<div class=\"wp-block-columns alignwide is-layout-flex wp-container-core-columns-is-layout-7fc3d43a wp-block-columns-is-layout-flex\">\n<div class=\"wp-block-column is-layout-flow wp-block-column-is-layout-flow\" style=\"flex-basis:30%\"><figure style=\"aspect-ratio:16\/9;\" class=\"wp-block-post-featured-image\"><a href=\"https:\/\/ferqui.com\/fr\/ferqui-estara-en-busworld-europe-2023\/\" target=\"_self\"><img loading=\"lazy\" decoding=\"async\" width=\"1269\" height=\"828\" src=\"https:\/\/ferqui.com\/wp-content\/uploads\/2022\/10\/Ferqui-en-la-Busworld-Europe-2023.jpg\" class=\"attachment-post-thumbnail size-post-thumbnail wp-post-image\" alt=\"Ferqui sera pr\u00e9sent \u00e0 \u00ab Busworld Europe 2023 \u00bb\" style=\"width:100%;height:100%;object-fit:cover;\" srcset=\"https:\/\/ferqui.com\/wp-content\/uploads\/2022\/10\/Ferqui-en-la-Busworld-Europe-2023.jpg 1269w, https:\/\/ferqui.com\/wp-content\/uploads\/2022\/10\/Ferqui-en-la-Busworld-Europe-2023-800x522.jpg 800w, https:\/\/ferqui.com\/wp-content\/uploads\/2022\/10\/Ferqui-en-la-Busworld-Europe-2023-768x501.jpg 768w\" sizes=\"auto, (max-width: 1269px) 100vw, 1269px\" \/><\/a><\/figure><\/div>\n\n\n\n<div class=\"wp-block-column is-layout-flow wp-block-column-is-layout-flow\" style=\"flex-basis:70%\"><h3 class=\"wp-block-post-title has-large-font-size\"><a href=\"https:\/\/ferqui.com\/fr\/ferqui-estara-en-busworld-europe-2023\/\" target=\"_self\">Ferqui sera pr\u00e9sent \u00e0 \u00ab Busworld Europe 2023 \u00bb<\/a><\/h3>\n\n<div style=\"font-style:normal;font-weight:700;\" class=\"has-link-color wp-elements-4c638ba0b3ff95fca407c6b6023faee0 wp-block-post-date has-text-color has-primary-color has-small-font-size\"><time datetime=\"2023-10-02T17:01:00+02:00\">02\/10\/2023<\/time><\/div>\n\n<div class=\"wp-block-post-excerpt\"><p class=\"wp-block-post-excerpt__excerpt\">Le fabricant espagnol de carrosseries pour minibus et midibus, Ferqui, est pr\u00e9sent au salon \u00ab Busworld Europe 2023 \u00bb du 7 au 12 octobre 2023 avec ses mod\u00e8les Sunset S4R, Sunrise F2 et son nouveau minibus \u00e9lectrique, Cares. <\/p><\/div><\/div>\n<\/div>\n\n<\/li><\/ul><\/div>\n<\/div>\n\n\n\n<div class=\"wp-block-group alignwide has-global-padding is-layout-constrained wp-block-group-is-layout-constrained\" id=\"novedades\">\n<h2 class=\"wp-block-heading alignwide has-primary-color has-text-color has-link-color has-large-font-size wp-elements-42cb4d78b47a96c5c8bb6c3b03ec93bc\" style=\"font-style:normal;font-weight:700\">Nouvelles<\/h2>\n\n\n\n<div class=\"wp-block-query alignwide is-layout-flow wp-block-query-is-layout-flow\"><\/div>\n<\/div>\n\n\n\n<div class=\"wp-block-group alignwide has-global-padding is-layout-constrained wp-block-group-is-layout-constrained\" id=\"entregas\">\n<h2 class=\"wp-block-heading alignwide has-primary-color has-text-color has-link-color has-large-font-size wp-elements-a9a136354bbcbd4beb5bb4edbf1c7452\" style=\"font-style:normal;font-weight:700\">Livraisons<\/h2>\n\n\n\n<div class=\"wp-block-query alignwide is-layout-flow wp-block-query-is-layout-flow\"><\/div>\n<\/div>\n<\/div>\n","protected":false},"excerpt":{"rendered":"<p>Foires Nouvelles Livraisons<\/p>\n","protected":false},"author":1,"featured_media":0,"parent":0,"menu_order":0,"comment_status":"closed","ping_status":"closed","template":"","meta":{"footnotes":""},"class_list":["post-3332","page","type-page","status-publish","hentry"],"_links":{"self":[{"href":"https:\/\/ferqui.com\/fr\/wp-json\/wp\/v2\/pages\/3332","targetHints":{"allow":["GET"]}}],"collection":[{"href":"https:\/\/ferqui.com\/fr\/wp-json\/wp\/v2\/pages"}],"about":[{"href":"https:\/\/ferqui.com\/fr\/wp-json\/wp\/v2\/types\/page"}],"author":[{"embeddable":true,"href":"https:\/\/ferqui.com\/fr\/wp-json\/wp\/v2\/users\/1"}],"replies":[{"embeddable":true,"href":"https:\/\/ferqui.com\/fr\/wp-json\/wp\/v2\/comments?post=3332"}],"version-history":[{"count":1,"href":"https:\/\/ferqui.com\/fr\/wp-json\/wp\/v2\/pages\/3332\/revisions"}],"predecessor-version":[{"id":3333,"href":"https:\/\/ferqui.com\/fr\/wp-json\/wp\/v2\/pages\/3332\/revisions\/3333"}],"wp:attachment":[{"href":"https:\/\/ferqui.com\/fr\/wp-json\/wp\/v2\/media?parent=3332"}],"curies":[{"name":"wp","href":"https:\/\/api.w.org\/{rel}","templated":true}]}}