{"id":3482,"date":"2025-03-28T12:39:05","date_gmt":"2025-03-28T11:39:05","guid":{"rendered":"https:\/\/ferqui.com\/sunrisef3\/"},"modified":"2025-03-28T14:19:47","modified_gmt":"2025-03-28T13:19:47","slug":"sunrisef3","status":"publish","type":"page","link":"https:\/\/ferqui.com\/fr\/sunrisef3\/","title":{"rendered":"SUNRISEF3"},"content":{"rendered":"\n<div data-slider-type=\"slider\" data-per-view=\"1\" data-focus-at=\"center\" data-gap=\"10\" data-autoplay=\"5000\" data-hoverpause=\"true\" data-animation-duration=\"400\" data-animation-timing-func=\"cubic-bezier(0.165, 0.840, 0.440, 1.000)\" data-peek-before=\"0\" data-peek-after=\"0\" data-breakpoints=\"\" class=\"wp-block-sci-blocks-sci-slider sci-blocks-slider glide\"><div class=\"glide__track\" data-glide-el=\"track\"><div class=\"glide__slides is-layout-flow wp-block-sci-slider-is-layout-flow\">\n<figure class=\"wp-block-image size-large\" style=\"margin-top:0;margin-bottom:0\"><img loading=\"lazy\" decoding=\"async\" width=\"1600\" height=\"429\" src=\"https:\/\/ferqui.com\/wp-content\/uploads\/2025\/03\/SUNRISE-F3-WEB-IMAGEN-01-1600x429.jpg\" alt=\"\" class=\"wp-image-3424\" srcset=\"https:\/\/ferqui.com\/wp-content\/uploads\/2025\/03\/SUNRISE-F3-WEB-IMAGEN-01-1600x429.jpg 1600w, https:\/\/ferqui.com\/wp-content\/uploads\/2025\/03\/SUNRISE-F3-WEB-IMAGEN-01-800x214.jpg 800w, https:\/\/ferqui.com\/wp-content\/uploads\/2025\/03\/SUNRISE-F3-WEB-IMAGEN-01-768x206.jpg 768w, https:\/\/ferqui.com\/wp-content\/uploads\/2025\/03\/SUNRISE-F3-WEB-IMAGEN-01-1536x411.jpg 1536w, https:\/\/ferqui.com\/wp-content\/uploads\/2025\/03\/SUNRISE-F3-WEB-IMAGEN-01-2048x549.jpg 2048w\" sizes=\"auto, (max-width: 1600px) 100vw, 1600px\" \/><\/figure>\n\n\n\n<figure class=\"wp-block-image size-large\" style=\"margin-top:0;margin-bottom:0\"><img loading=\"lazy\" decoding=\"async\" width=\"1600\" height=\"429\" src=\"https:\/\/ferqui.com\/wp-content\/uploads\/2025\/03\/SUNRISE-F3-WEB-IMAGEN-02-1600x429.jpg\" alt=\"\" class=\"wp-image-3428\" srcset=\"https:\/\/ferqui.com\/wp-content\/uploads\/2025\/03\/SUNRISE-F3-WEB-IMAGEN-02-1600x429.jpg 1600w, https:\/\/ferqui.com\/wp-content\/uploads\/2025\/03\/SUNRISE-F3-WEB-IMAGEN-02-800x214.jpg 800w, https:\/\/ferqui.com\/wp-content\/uploads\/2025\/03\/SUNRISE-F3-WEB-IMAGEN-02-768x206.jpg 768w, https:\/\/ferqui.com\/wp-content\/uploads\/2025\/03\/SUNRISE-F3-WEB-IMAGEN-02-1536x411.jpg 1536w, https:\/\/ferqui.com\/wp-content\/uploads\/2025\/03\/SUNRISE-F3-WEB-IMAGEN-02-2048x549.jpg 2048w\" sizes=\"auto, (max-width: 1600px) 100vw, 1600px\" \/><\/figure>\n\n\n\n<figure class=\"wp-block-image size-large\" style=\"margin-top:0;margin-bottom:0\"><img loading=\"lazy\" decoding=\"async\" width=\"1600\" height=\"429\" src=\"https:\/\/ferqui.com\/wp-content\/uploads\/2025\/03\/SUNRISE-F3-WEB-IMAGEN-03-1600x429.jpg\" alt=\"\" class=\"wp-image-3432\" srcset=\"https:\/\/ferqui.com\/wp-content\/uploads\/2025\/03\/SUNRISE-F3-WEB-IMAGEN-03-1600x429.jpg 1600w, https:\/\/ferqui.com\/wp-content\/uploads\/2025\/03\/SUNRISE-F3-WEB-IMAGEN-03-800x214.jpg 800w, https:\/\/ferqui.com\/wp-content\/uploads\/2025\/03\/SUNRISE-F3-WEB-IMAGEN-03-768x206.jpg 768w, https:\/\/ferqui.com\/wp-content\/uploads\/2025\/03\/SUNRISE-F3-WEB-IMAGEN-03-1536x411.jpg 1536w, https:\/\/ferqui.com\/wp-content\/uploads\/2025\/03\/SUNRISE-F3-WEB-IMAGEN-03-2048x549.jpg 2048w\" sizes=\"auto, (max-width: 1600px) 100vw, 1600px\" \/><\/figure>\n<\/div><\/div><div class=\"glide__bullets\" data-glide-el=\"controls[nav]\"><button class=\"glide__bullet\" data-glide-dir=\"=0\"><\/button><button class=\"glide__bullet\" data-glide-dir=\"=1\"><\/button><button class=\"glide__bullet\" data-glide-dir=\"=2\"><\/button><\/div><div class=\"glide__arrows\" data-glide-el=\"controls\"><button class=\"glide__arrow glide__arrow--left\" data-glide-dir=\"<\"><span class=\"screen-reader-text\">Anterior<\/span><div><svg xmlns=\"http:\/\/www.w3.org\/2000\/svg\" width=\"18\" height=\"18\" viewBox=\"0 0 24 24\"><path fill=\"#fff\" d=\"M0 12l10.975 11 2.848-2.828-6.176-6.176H24v-3.992H7.646l6.176-6.176L10.975 1 0 12z\"><\/path><\/svg><\/div><\/button><button class=\"glide__arrow glide__arrow--right\" data-glide-dir=\"&gt;\"><span class=\"screen-reader-text\">Siguiente<\/span><div><svg xmlns=\"http:\/\/www.w3.org\/2000\/svg\" width=\"18\" height=\"18\" viewBox=\"0 0 24 24\"><path fill=\"#fff\" d=\"M24 12l-10.975 11-2.848-2.828 6.176-6.176H0v-3.992h16.354l-6.176-6.176L13.025 1 24 12z\"><\/path><\/svg><\/div><\/button><\/div><\/div>\n\n<div class=\"wp-block-columns is-layout-flex wp-container-core-columns-is-layout-28f84493 wp-block-columns-is-layout-flex\">\n<div class=\"wp-block-column is-vertically-aligned-center is-layout-flow wp-block-column-is-layout-flow\">\n<div style=\"height:42px\" aria-hidden=\"true\" class=\"wp-block-spacer\"><\/div>\n\n\n\n<figure class=\"wp-block-image aligncenter size-full\"><img loading=\"lazy\" decoding=\"async\" width=\"366\" height=\"67\" src=\"https:\/\/ferqui.com\/wp-content\/uploads\/2025\/03\/LOGOS-SUNRISE.png\" alt=\"\" class=\"wp-image-3436\"><\/figure>\n\n\n\n<div style=\"height:28px\" aria-hidden=\"true\" class=\"wp-block-spacer\"><\/div>\n\n\n\n<ul class=\"wp-block-list\">\n<li>Puissance : 210 ch.<\/li>\n\n\n\n<li>Bo\u00eete de vitesses : Automatique.<\/li>\n\n\n\n<li>Suspension : Pneumatique arri\u00e8re.<\/li>\n\n\n\n<li>Frein \u00e9lectrique.<\/li>\n\n\n\n<li>Climatisation dans la zone du conducteur : Original Iveco.<\/li>\n\n\n\n<li style=\"margin-top:var(--wp--preset--spacing--30)\">Taille:<br\/> Longueur : 8 590 mm.<br\/> Largeur : 2 500 mm.<br\/> Hauteur : 3 100 mm.<\/li>\n<\/ul>\n\n\n\n<p class=\"has-text-align-center\">CH\u00c2SSIS\u00a0: Iveco 70C21<\/p>\n<\/div>\n\n\n\n<div class=\"wp-block-column is-layout-flow wp-block-column-is-layout-flow\">\n<div style=\"height:42px\" aria-hidden=\"true\" class=\"wp-block-spacer\"><\/div>\n\n\n\n<p class=\"has-white-color has-primary-background-color has-text-color has-background\">FERQUI SUNRISE F3 IVECO 70C21<\/p>\n\n\n\n<p>Le nouveau midibus Sunrise F3 red\u00e9finit l\u2019exp\u00e9rience du voyage sur la route avec une combinaison unique de fonctionnalit\u00e9 et de design.<\/p>\n\n\n\n<p>Ses nouvelles lignes lat\u00e9rales et arri\u00e8re lui conf\u00e8rent un look moderne et a\u00e9rodynamique. Ces caract\u00e9ristiques am\u00e9liorent non seulement l\u2019efficacit\u00e9 \u00e9nerg\u00e9tique, mais contribuent \u00e9galement \u00e0 un design visuellement attrayant. <\/p>\n\n\n\n<p>Le coffre \u00e0 bagages arri\u00e8re a \u00e9t\u00e9 con\u00e7u pour augmenter la capacit\u00e9 de charge des bagages combin\u00e9e \u00e0 l\u2019installation de la plate-forme pour fauteuil roulant.<\/p>\n\n\n\n<p>Des compartiments lat\u00e9raux plus larges offrent un espace suppl\u00e9mentaire pour les bagages, avec des m\u00e9canismes d\u2019ouverture de type parall\u00e9logramme.<\/p>\n\n\n\n<p>Cette conception compl\u00e8te fait du Sunrise F3 un choix id\u00e9al pour les courts et les longs courriers, combinant style, espace et praticit\u00e9 dans un seul v\u00e9hicule, ce qui se traduit par un plus grand confort pour le voyageur, ainsi qu\u2019une rentabilit\u00e9 accrue pour l\u2019op\u00e9rateur.<\/p>\n<\/div>\n<\/div>\n\n<div class=\"wp-block-columns is-layout-flex wp-container-core-columns-is-layout-28f84493 wp-block-columns-is-layout-flex\">\n<div class=\"wp-block-column is-layout-flow wp-block-column-is-layout-flow\"><\/div>\n<\/div>\n\n<figure class=\"wp-block-image size-large\"><img loading=\"lazy\" decoding=\"async\" width=\"1600\" height=\"429\" src=\"https:\/\/ferqui.com\/wp-content\/uploads\/2025\/03\/PLANOS-F3-1600x429.jpg\" alt=\"\" class=\"wp-image-3440\" srcset=\"https:\/\/ferqui.com\/wp-content\/uploads\/2025\/03\/PLANOS-F3-1600x429.jpg 1600w, https:\/\/ferqui.com\/wp-content\/uploads\/2025\/03\/PLANOS-F3-800x214.jpg 800w, https:\/\/ferqui.com\/wp-content\/uploads\/2025\/03\/PLANOS-F3-768x206.jpg 768w, https:\/\/ferqui.com\/wp-content\/uploads\/2025\/03\/PLANOS-F3-1536x411.jpg 1536w, https:\/\/ferqui.com\/wp-content\/uploads\/2025\/03\/PLANOS-F3-2048x549.jpg 2048w\" sizes=\"auto, (max-width: 1600px) 100vw, 1600px\" \/><\/figure>\n\n<div class=\"wp-block-columns alignfull has-text-color has-background is-layout-flex wp-container-core-columns-is-layout-28f84493 wp-block-columns-is-layout-flex\" style=\"color:#000000;background-color:#ffffff\">\n<div class=\"wp-block-column is-layout-flow wp-block-column-is-layout-flow\">\n<p class=\"has-white-color has-primary-background-color has-text-color has-background\" style=\"padding-top:0.25em;padding-right:1em;padding-bottom:0.25em;padding-left:1em\"><strong>\u00c9QUIPEMENT STANDARD<\/strong><\/p>\n\n\n\n<ul class=\"wp-block-list\">\n<li>28 places assises + Guide + Conducteur + PMR lat\u00e9rale.<\/li>\n\n\n\n<li>Capacit\u00e9 de transport jusqu\u2019\u00e0 8 fauteuils roulants.<\/li>\n\n\n\n<li>Climatisation sur le toit pour les passagers.<\/li>\n\n\n\n<li>Chauffage par convecteur dans l\u2019espace passager.<\/li>\n\n\n\n<li>Radio CD. Micro-conducteur. <\/li>\n\n\n\n<li>Coffre arri\u00e8re de grande capacit\u00e9.<\/li>\n<\/ul>\n<\/div>\n\n\n\n<div class=\"wp-block-column is-layout-flow wp-block-column-is-layout-flow\">\n<p class=\"has-white-color has-text-color\" style=\"padding-top:0.25em;padding-right:1em;padding-bottom:0.25em;padding-left:1em\"> <\/p>\n\n\n\n<ul class=\"wp-block-list\">\n<li>Augmentation de la capacit\u00e9 de soute sous le conducteur pour l\u2019\u00e9quipement embarqu\u00e9.<\/li>\n\n\n\n<li>Ouverture de type parall\u00e9logramme dans les portes du coffre.<\/li>\n\n\n\n<li>Porte-bagages des deux c\u00f4t\u00e9s avec bouches d\u2019a\u00e9ration individuelles et lampes de lecture, haut-parleurs et USB.<\/li>\n\n\n\n<li>Activation automatique des feux ext\u00e9rieurs et int\u00e9rieurs du v\u00e9hicule<\/li>\n<\/ul>\n<\/div>\n\n\n\n<div class=\"wp-block-column is-layout-flow wp-block-column-is-layout-flow\">\n<p class=\"has-white-color has-text-color\" style=\"padding-top:0.25em;padding-right:1em;padding-bottom:0.25em;padding-left:1em\"> <\/p>\n\n\n\n<ul class=\"wp-block-list\">\n<li>L\u00e8ve-vitre \u00e9lectrique dans la fen\u00eatre conductrice<\/li>\n\n\n\n<li>Double vitrage et teint\u00e9 fonc\u00e9<\/li>\n\n\n\n<li>Rideaux lat\u00e9raux<\/li>\n\n\n\n<li>Peinture ext\u00e9rieure bicouche d\u2019une seule couleur.<\/li>\n\n\n\n<li>Convient pour le transport scolaire.<\/li>\n<\/ul>\n<\/div>\n<\/div>\n\n<div class=\"wp-block-columns alignfull has-text-color has-background is-layout-flex wp-container-core-columns-is-layout-b6100464 wp-block-columns-is-layout-flex\" style=\"color:#000000;background-color:#ffffff\">\n<div class=\"wp-block-column is-layout-flow wp-block-column-is-layout-flow\">\n<figure class=\"wp-block-image size-full\"><img loading=\"lazy\" decoding=\"async\" width=\"799\" height=\"531\" src=\"https:\/\/ferqui.com\/wp-content\/uploads\/2025\/03\/PLATAFORMA-F3-.jpg\" alt=\"\" class=\"wp-image-3444\" srcset=\"https:\/\/ferqui.com\/wp-content\/uploads\/2025\/03\/PLATAFORMA-F3-.jpg 799w, https:\/\/ferqui.com\/wp-content\/uploads\/2025\/03\/PLATAFORMA-F3--768x510.jpg 768w\" sizes=\"auto, (max-width: 799px) 100vw, 799px\" \/><\/figure>\n<\/div>\n\n\n\n<div class=\"wp-block-column is-layout-flow wp-block-column-is-layout-flow\">\n<p class=\"has-white-color has-primary-background-color has-text-color has-background\" style=\"padding-top:0.25em;padding-right:1em;padding-bottom:0.25em;padding-left:1em\"><strong>CONFIGURATIONS<\/strong> *<\/p>\n\n\n\n<ul class=\"wp-block-list\">\n<li>24+G+C + grand coffre arri\u00e8re<\/li>\n\n\n\n<li>28 + G + C<\/li>\n\n\n\n<li>28 + G + C + PMR lat\u00e9ral<\/li>\n\n\n\n<li>32+C<\/li>\n<\/ul>\n\n\n\n<p>*V\u00e9rifier l\u2019\u00e9quipement avec l\u2019\u00e9quipe de vente.<\/p>\n\n\n\n<p class=\"autobus__ficha-tecnica has-white-color has-primary-background-color has-text-color has-background\" style=\"margin-top:var(--wp--preset--spacing--40);padding-top:0.25em;padding-right:1em;padding-bottom:0.25em;padding-left:1em\"><a href=\"https:\/\/ferqui.com\/wp-content\/uploads\/2025\/03\/FICHA_SUNRISE_F3_ESP.pdf\" target=\"_blank\" rel=\"noreferrer noopener\"><strong>FEUILLE<\/strong> <img loading=\"lazy\" decoding=\"async\" width=\"40\" height=\"40\" class=\"wp-image-3453\" style=\"width: 40px;\" src=\"https:\/\/ferqui.com\/wp-content\/uploads\/2025\/03\/pdf.png\" alt=\"\" srcset=\"https:\/\/ferqui.com\/wp-content\/uploads\/2025\/03\/pdf.png 512w, https:\/\/ferqui.com\/wp-content\/uploads\/2025\/03\/pdf-500x500.png 500w\" sizes=\"auto, (max-width: 40px) 100vw, 40px\" \/><\/a><\/p>\n\n\n\n<p class=\"autobus__video has-white-color has-primary-background-color has-text-color has-background\" style=\"margin-top:var(--wp--preset--spacing--40);padding-top:0.25em;padding-right:1em;padding-bottom:0.25em;padding-left:1em\"><a href=\"https:\/\/ferqui.com\/wp-content\/uploads\/2025\/03\/Sunrise_F3_eng.mp4\" target=\"_blank\" rel=\"noreferrer noopener\"><strong>VOIR LA VID\u00c9O<\/strong> <img loading=\"lazy\" decoding=\"async\" width=\"40\" height=\"40\" class=\"wp-image-3457\" style=\"width: 40px;\" src=\"https:\/\/ferqui.com\/wp-content\/uploads\/2025\/03\/boton-de-play.png\" alt=\"\" srcset=\"https:\/\/ferqui.com\/wp-content\/uploads\/2025\/03\/boton-de-play.png 512w, https:\/\/ferqui.com\/wp-content\/uploads\/2025\/03\/boton-de-play-500x500.png 500w\" sizes=\"auto, (max-width: 40px) 100vw, 40px\" \/><\/a><\/p>\n<\/div>\n<\/div>\n","protected":false},"excerpt":{"rendered":"<p>CH\u00c2SSIS\u00a0: Iveco 70C21 FERQUI SUNRISE F3 IVECO 70C21 Le nouveau midibus Sunrise F3 red\u00e9finit l\u2019exp\u00e9rience du voyage sur la route avec une combinaison unique de fonctionnalit\u00e9 et de design. Ses nouvelles lignes lat\u00e9rales et arri\u00e8re lui conf\u00e8rent un look moderne et a\u00e9rodynamique. Ces caract\u00e9ristiques am\u00e9liorent non seulement l\u2019efficacit\u00e9 \u00e9nerg\u00e9tique, mais contribuent \u00e9galement \u00e0 un design [&hellip;]<\/p>\n","protected":false},"author":1,"featured_media":0,"parent":0,"menu_order":0,"comment_status":"closed","ping_status":"closed","template":"","meta":{"footnotes":""},"class_list":["post-3482","page","type-page","status-publish","hentry"],"_links":{"self":[{"href":"https:\/\/ferqui.com\/fr\/wp-json\/wp\/v2\/pages\/3482","targetHints":{"allow":["GET"]}}],"collection":[{"href":"https:\/\/ferqui.com\/fr\/wp-json\/wp\/v2\/pages"}],"about":[{"href":"https:\/\/ferqui.com\/fr\/wp-json\/wp\/v2\/types\/page"}],"author":[{"embeddable":true,"href":"https:\/\/ferqui.com\/fr\/wp-json\/wp\/v2\/users\/1"}],"replies":[{"embeddable":true,"href":"https:\/\/ferqui.com\/fr\/wp-json\/wp\/v2\/comments?post=3482"}],"version-history":[{"count":1,"href":"https:\/\/ferqui.com\/fr\/wp-json\/wp\/v2\/pages\/3482\/revisions"}],"predecessor-version":[{"id":3483,"href":"https:\/\/ferqui.com\/fr\/wp-json\/wp\/v2\/pages\/3482\/revisions\/3483"}],"wp:attachment":[{"href":"https:\/\/ferqui.com\/fr\/wp-json\/wp\/v2\/media?parent=3482"}],"curies":[{"name":"wp","href":"https:\/\/api.w.org\/{rel}","templated":true}]}}