{"id":4020,"date":"2025-05-12T10:53:35","date_gmt":"2025-05-12T08:53:35","guid":{"rendered":"https:\/\/ferqui.com\/ventes\/"},"modified":"2025-05-12T11:33:56","modified_gmt":"2025-05-12T09:33:56","slug":"ventes","status":"publish","type":"page","link":"https:\/\/ferqui.com\/fr\/ventes\/","title":{"rendered":"Ventes"},"content":{"rendered":"\n<div class=\"wp-block-columns are-vertically-aligned-top is-layout-flex wp-container-core-columns-is-layout-7fc3d43a wp-block-columns-is-layout-flex\">\n<div class=\"wp-block-column is-vertically-aligned-top is-layout-flow wp-block-column-is-layout-flow\" style=\"flex-basis:40%\">\n<h2 class=\"wp-block-heading has-text-align-left has-primary-color has-text-color has-link-color has-large-font-size wp-elements-1054cbe64d5451c74b39ef0eb1bc942a\"><strong>Notre engagement<\/strong> <strong>ne s\u2019arr\u00eate pas \u00e0 la vente<\/strong><\/h2>\n\n\n\n<p>Chez CARROCER\u00cdAS FERQUI, nous comprenons qu\u2019un excellent service apr\u00e8s-vente est essentiel. C\u2019est pourquoi nous mettons \u00e0 disposition nos canaux de service (t\u00e9l\u00e9phone et e-mail) pour r\u00e9pondre \u00e0 toutes les questions relatives aux v\u00e9hicules FERQUI tout au long de leur dur\u00e9e de vie. <\/p>\n\n\n\n<p>Nous disposons d\u2019un d\u00e9partement sp\u00e9cialis\u00e9 dans les homologations, qui vous aidera \u00e0 r\u00e9soudre tous les doutes qui pourraient survenir lors des processus d\u2019inspection (ITV) ou avec d\u2019\u00e9ventuelles modifications ou adaptations de votre v\u00e9hicule.<\/p>\n<\/div>\n\n\n\n<div class=\"wp-block-column is-vertically-aligned-top is-layout-flow wp-block-column-is-layout-flow\" style=\"flex-basis:20%\">\n<p class=\"has-primary-color has-text-color has-link-color wp-elements-095117e94a6ca505e8a2a3a1171a917f\" style=\"text-decoration:underline\"><strong>Contact apr\u00e8s-vente<\/strong><\/p>\n\n\n\n<ul class=\"wp-block-list\">\n<li><strong>Dami\u00e1n L\u00f3pez Giuliboni<\/strong><\/li>\n\n\n\n<li><strong>Email:<\/strong> <a href=\"mailto:postventa@ferqui.com\">postventa@ferqui.com<\/a><\/li>\n\n\n\n<li><strong>T\u00e9l\u00e9phone portable :<\/strong> <a href=\"tel:649549617\" data-type=\"tel\" data-id=\"tel:649549617\">649 549 617<\/a><\/li>\n<\/ul>\n\n\n\n<p class=\"has-primary-color has-text-color has-link-color wp-elements-639b5e0bbbf61f09281b0f2fffa212d0\" style=\"text-decoration:underline\"><strong>Contact Pi\u00e8ces de rechange<\/strong><\/p>\n\n\n\n<ul class=\"wp-block-list\">\n<li><strong>Rebeca Orviz Palacios<\/strong><\/li>\n\n\n\n<li><strong>Email:<\/strong> <a href=\"mailto:recambios@ferqui.com\">recambios@ferqui.com<\/a><\/li>\n\n\n\n<li><strong>Cellulaire :<\/strong> <a href=\"tel:649549617\" data-type=\"tel\" data-id=\"tel:649549617\">689 484 253<\/a><\/li>\n<\/ul>\n<\/div>\n\n\n\n<div class=\"wp-block-column is-vertically-aligned-top is-layout-flow wp-block-column-is-layout-flow\" style=\"flex-basis:30%\">\n<p>De plus, nous offrons un certain nombre de services suppl\u00e9mentaires :<\/p>\n\n\n\n<ul class=\"wp-block-list\">\n<li>Gestion des garanties<\/li>\n\n\n\n<li>Service de pi\u00e8ces de rechange<\/li>\n\n\n\n<li>Attention aux demandes de r\u00e9paration et\/ou techniques<\/li>\n\n\n\n<li>R\u00e9seau concert\u00e9 d\u2019ateliers<\/li>\n<\/ul>\n<\/div>\n<\/div>\n\n<h2 class=\"wp-block-heading has-primary-color has-text-color has-link-color has-large-font-size wp-elements-54dd68988a7008dde8c0945c11c43128\" style=\"margin-top:var(--wp--preset--spacing--50);margin-bottom:1.5rem\"><strong>Recherche d\u2019atelier<\/strong><\/h2>\n\n<div class=\"wp-block-group mapa__buscador has-global-padding is-layout-constrained wp-container-core-group-is-layout-acb8e69e wp-block-group-is-layout-constrained\" style=\"margin-top:0;margin-bottom:0;padding-top:0;padding-right:0;padding-bottom:0;padding-left:0\"><style>\r\n\t#wpsl-stores .wpsl-store-thumb {height:45px !important; width:45px !important;}\r\n\t#wpsl-stores, #wpsl-direction-details, #wpsl-gmap {height:350px !important;}\r\n\t#wpsl-gmap .wpsl-info-window {max-width:225px !important;}\r\n\t.wpsl-input label, #wpsl-radius label, #wpsl-category label {width:95px;}\r\n\t#wpsl-search-input  {width:179px;}\r\n<\/style>\r\n<div id=\"wpsl-wrap\">\r\n\t<div class=\"wpsl-search wpsl-clearfix wpsl-checkboxes-enabled\">\r\n\t\t<div id=\"wpsl-search-wrap\">\r\n\t\t\t<form autocomplete=\"off\">\r\n\t\t\t<div class=\"wpsl-input\">\r\n\t\t\t\t<div><label for=\"wpsl-search-input\">Your location<\/label><\/div>\r\n\t\t\t\t<input id=\"wpsl-search-input\" type=\"text\" value=\"\" name=\"wpsl-search-input\" placeholder=\"\" aria-required=\"true\" \/>\r\n\t\t\t<\/div>\r\n<ul id=\"wpsl-checkbox-filter\" class=\"wpsl-checkbox-3-columns\"><li><label><input type=\"checkbox\" value=\"27\"  \/>Carrocer\u00eda<\/label><\/li><li><label><input type=\"checkbox\" value=\"29\"  \/>Chasis<\/label><\/li><li><label><input type=\"checkbox\" value=\"26\"  \/>Climatizaci\u00f3n<\/label><\/li><li><label><input type=\"checkbox\" value=\"25\"  \/>Electromec\u00e1nica<\/label><\/li><li><label><input type=\"checkbox\" value=\"28\"  \/>Lunas<\/label><\/li><\/ul>\t\t\t\t<div class=\"wpsl-search-btn-wrap\"><input id=\"wpsl-search-btn\" type=\"submit\" value=\"Search\"><\/div>\r\n\t\t<\/form>\r\n\t\t<\/div>\r\n\t<\/div>\r\n\t<div id=\"wpsl-gmap\" class=\"wpsl-gmap-canvas\"><\/div>\r\n\t<div id=\"wpsl-result-list\">\r\n\t\t<div id=\"wpsl-stores\" >\r\n\t\t\t<ul><\/ul>\r\n\t\t<\/div>\r\n\t\t<div id=\"wpsl-direction-details\">\r\n\t\t\t<ul><\/ul>\r\n\t\t<\/div>\r\n\t<\/div>\r\n<\/div>\r\n\n<\/div>\n","protected":false},"excerpt":{"rendered":"<p>Notre engagement ne s\u2019arr\u00eate pas \u00e0 la vente Chez CARROCER\u00cdAS FERQUI, nous comprenons qu\u2019un excellent service apr\u00e8s-vente est essentiel. C\u2019est pourquoi nous mettons \u00e0 disposition nos canaux de service (t\u00e9l\u00e9phone et e-mail) pour r\u00e9pondre \u00e0 toutes les questions relatives aux v\u00e9hicules FERQUI tout au long de leur dur\u00e9e de vie. Nous disposons d\u2019un d\u00e9partement sp\u00e9cialis\u00e9 [&hellip;]<\/p>\n","protected":false},"author":1,"featured_media":0,"parent":0,"menu_order":0,"comment_status":"closed","ping_status":"closed","template":"","meta":{"footnotes":""},"class_list":["post-4020","page","type-page","status-publish","hentry"],"_links":{"self":[{"href":"https:\/\/ferqui.com\/fr\/wp-json\/wp\/v2\/pages\/4020","targetHints":{"allow":["GET"]}}],"collection":[{"href":"https:\/\/ferqui.com\/fr\/wp-json\/wp\/v2\/pages"}],"about":[{"href":"https:\/\/ferqui.com\/fr\/wp-json\/wp\/v2\/types\/page"}],"author":[{"embeddable":true,"href":"https:\/\/ferqui.com\/fr\/wp-json\/wp\/v2\/users\/1"}],"replies":[{"embeddable":true,"href":"https:\/\/ferqui.com\/fr\/wp-json\/wp\/v2\/comments?post=4020"}],"version-history":[{"count":1,"href":"https:\/\/ferqui.com\/fr\/wp-json\/wp\/v2\/pages\/4020\/revisions"}],"predecessor-version":[{"id":4021,"href":"https:\/\/ferqui.com\/fr\/wp-json\/wp\/v2\/pages\/4020\/revisions\/4021"}],"wp:attachment":[{"href":"https:\/\/ferqui.com\/fr\/wp-json\/wp\/v2\/media?parent=4020"}],"curies":[{"name":"wp","href":"https:\/\/api.w.org\/{rel}","templated":true}]}}