{"id":4026,"date":"2024-07-31T09:13:59","date_gmt":"2024-07-31T07:13:59","guid":{"rendered":"https:\/\/ferqui.com\/ventes\/conditions-de-garantie\/"},"modified":"2025-05-12T11:39:24","modified_gmt":"2025-05-12T09:39:24","slug":"conditions-de-garantie","status":"publish","type":"page","link":"https:\/\/ferqui.com\/fr\/conditions-de-garantie\/","title":{"rendered":"Conditions de garantie"},"content":{"rendered":"\n<div class=\"wp-block-group has-global-padding is-layout-constrained wp-block-group-is-layout-constrained\">\n<p class=\"has-text-align-justify\"><strong>CARROCER\u00cdAS FERQUI, S.L. (FERQUI) communique<\/strong> les pr\u00e9sentes conditions de garantie pour la carrosserie et les syst\u00e8mes install\u00e9s par le carrossier pour le cadre attach\u00e9, dans les termes et conditions indiqu\u00e9s.<\/p>\n\n\n\n<p class=\"has-text-align-justify\">La garantie \u00e9mise par <strong>CARROCER\u00cdAS FERQUI, S.L.<\/strong>, en sa qualit\u00e9 de fabricant de la carrosserie, couvre les zones et les syst\u00e8mes \u00e9num\u00e9r\u00e9s dans ce document.<br\/><br\/>L\u2019\u00e9mission des pr\u00e9sentes Conditions de Garantie par le repr\u00e9sentant l\u00e9gal de la soci\u00e9t\u00e9 indiqu\u00e9 dans la case \u00ab Donn\u00e9es Client \u00bb implique :<\/p>\n\n\n\n<ol class=\"wp-block-list\">\n<li>Acceptation de la garantie selon les termes du pr\u00e9sent document, en acceptant express\u00e9ment les exclusions qui y sont contenues.<\/li>\n\n\n\n<li>R\u00e9ception des manuels d\u2019utilisation et d\u2019entretien du v\u00e9hicule et des \u00e9quipements qui y sont install\u00e9s.<\/li>\n\n\n\n<li>Connaissance du r\u00e9seau d\u2019ateliers agr\u00e9\u00e9s par FERQUI \u00e0 contacter en cas de n\u00e9cessit\u00e9 d\u2019une intervention sous garantie.<\/li>\n\n\n\n<li>L\u2019engagement du client ou de l\u2019atelier d\u2019informer FERQUI par courrier \u00e9lectronique \u00e0 l\u2019adresse : postventa@ferqui.com, de l\u2019incident dans le produit dans un d\u00e9lai inf\u00e9rieur \u00e0 quinze (15) jours calendaires \u00e0 compter de la survenance de l\u2019incident. Dans le cas contraire, le client sera responsable de tout dommage caus\u00e9 par le retard de communication. <\/li>\n\n\n\n<li>Le client communiquera de mani\u00e8re fiable \u00e0 FERQUI l\u2019identit\u00e9 des acheteurs successifs du v\u00e9hicule d\u00e9crit ci-dessus, afin de maintenir la validit\u00e9 de cette garantie pour la p\u00e9riode restante \u00e0 ce moment-l\u00e0.<\/li>\n\n\n\n<li>La p\u00e9riode de garantie prendra fin dans les termes et conditions indiqu\u00e9s tout au long du pr\u00e9sent document. Ces d\u00e9lais seront calcul\u00e9s \u00e0 compter de la date d\u2019\u00e9mission de ce document, qui devra \u00eatre sign\u00e9 par le client et tamponn\u00e9 par FERQUI, au moment de la livraison du v\u00e9hicule carross\u00e9. L\u2019envoi du document \u00e0 l\u2019adresse e-mail du client ou sa remise physique, en cas d\u2019absence de r\u00e9ponse expresse dans un d\u00e9lai maximum de sept (7) jours, donnera lieu \u00e0 l\u2019acceptation tacite des pr\u00e9sentes Conditions.  <\/li>\n\n\n\n<li>Les p\u00e9riodes de garantie indiqu\u00e9es dans ce document ne seront pas suspendues pour quelque raison que ce soit, \u00e9tant en tout cas compt\u00e9es de date en date.<\/li>\n\n\n\n<li>Le client autorise les ateliers du r\u00e9seau officiel FERQUI \u00e0 envoyer les pi\u00e8ces remplac\u00e9es dans les interventions de garantie \u00e0 cette soci\u00e9t\u00e9, aux fins de leur \u00e9tude et analyse ult\u00e9rieures.<\/li>\n\n\n\n<li>Toute r\u00e9paration qui souhaite \u00eatre effectu\u00e9e dans des ateliers en dehors du r\u00e9seau officiel doit \u00eatre notifi\u00e9e \u00e0 l\u2019avance et recevoir une approbation expresse.<\/li>\n\n\n\n<li>Dans tous les cas, les \u00e9l\u00e9ments suivants seront exclus de la garantie :\n<ul class=\"wp-block-list\">\n<li>Les frais de d\u00e9placement, de d\u00e9placement, d\u2019h\u00e9bergement, les indemnit\u00e9s de s\u00e9jour, les frais fixes\/variables de traitement des garanties et\/ou des r\u00e9clamations, les frais de d\u00e9tection des d\u00e9fauts et\/ou de contr\u00f4le en cas d\u2019inapplicabilit\u00e9 de la r\u00e9clamation, les v\u00e9hicules de remplacement, les v\u00e9hicules auxiliaires, les autres frais d\u00e9coulant de l\u2019immobilisation du v\u00e9hicule, les transferts de v\u00e9hicules ou les frais de remorquage \u00e0 la suite d\u2019une panne du v\u00e9hicule,  les mat\u00e9riaux de r\u00e9paration non fournis par FERQUI, les frais li\u00e9s aux op\u00e9rations d\u2019entretien d\u00e9termin\u00e9s dans chaque cas dans les manuels mentionn\u00e9s aux points au dos, les pi\u00e8ces et assemblages soumis \u00e0 une usure normale, pas d\u2019op\u00e9rations ou de mat\u00e9riaux d\u2019entretien.<\/li>\n<\/ul>\n<\/li>\n\n\n\n<li>La garantie est perdue si des dommages sont survenus en raison de chocs, d\u2019accidents, d\u2019une mauvaise utilisation et\/ou d\u2019interventions de toute nature effectu\u00e9es par des tiers non autoris\u00e9s par \u00e9crit par FERQUI ou si des composants non originaux de FERQUI ont \u00e9t\u00e9 modifi\u00e9s et\/ou remplac\u00e9s ont \u00e9t\u00e9 modifi\u00e9s. De m\u00eame, la validit\u00e9 de la garantie sera \u00e9galement perdue lorsque la carrosserie est manipul\u00e9e et\/ou stock\u00e9e dans des conditions qui ne sont pas optimales pour sa conservation. <\/li>\n\n\n\n<li>Les modifications ou r\u00e9parations d\u2019\u00e9l\u00e9ments, d\u2019installations (totalement ou partiellement) et\/ou de syst\u00e8mes du v\u00e9hicule autres que celles demand\u00e9es dans le bon de commande de carrosserie ne seront pas accept\u00e9es au titre de la garantie.<\/li>\n\n\n\n<li>FERQUI est exon\u00e9r\u00e9 de toute responsabilit\u00e9 et obligation pour tout dommage aux personnes ou aux biens, qui pourrait survenir lors de l\u2019utilisation des produits fournis et en raison de ou de la d\u00e9pendance de ceux-ci, \u00e0 condition qu\u2019il soit prouv\u00e9 que les exigences r\u00e9glementaires \u00e9tablies ont \u00e9t\u00e9 respect\u00e9es, apr\u00e8s avoir fait preuve de diligence raisonnable. FERQUI est exon\u00e9r\u00e9 de toute responsabilit\u00e9 dans le cas o\u00f9 des dommages r\u00e9sulteraient d\u2019actions frauduleuses ou n\u00e9gligentes des utilisateurs. <\/li>\n<\/ol>\n\n\n\n<p class=\"has-text-align-right\"><br\/><strong>CARROCER\u00cdAS FERQUI, S. L.<\/strong><\/p>\n<\/div>\n\n<div class=\"wp-block-group has-global-padding is-layout-constrained wp-block-group-is-layout-constrained\" style=\"margin-top:var(--wp--preset--spacing--40);margin-bottom:var(--wp--preset--spacing--40)\">\n<h3 class=\"wp-block-heading\">Dur\u00e9e de la garantie<\/h3>\n\n\n\n<p>Une garantie de deux (2) ans est offerte qui couvrira les \u00e9l\u00e9ments, syst\u00e8mes et composants suivants, sans inclure les exclusions et r\u00e9ductions qui figurent dans ce document ainsi que dans les instructions, manuels d\u2019utilisation et d\u2019entretien de ceux mentionn\u00e9s ci-dessous : Climatisation ou climatisation, Chauffage, Plate-forme \u00e9l\u00e9vatrice pour PMR (Personnes \u00e0 Mobilit\u00e9 R\u00e9duite),  Rampe PMR (Personnes \u00e0 Mobilit\u00e9 R\u00e9duite), porte de service servo-assist\u00e9e, syst\u00e8me audio et vid\u00e9o.<br\/><br\/><strong>R\u00e9sistance de la structure.<\/strong><br\/>Le maintien des conditions de r\u00e9sistance de la structure est garanti conform\u00e9ment \u00e0 la l\u00e9gislation en vigueur au moment de sa premi\u00e8re immatriculation.<\/p>\n\n\n\n<div class=\"wp-block-columns is-layout-flex wp-container-core-columns-is-layout-28f84493 wp-block-columns-is-layout-flex\">\n<div class=\"wp-block-column is-vertically-aligned-center is-layout-flow wp-block-column-is-layout-flow\" style=\"flex-basis:15%\">\n<p class=\"has-text-align-center\"><strong>Exclusions<\/strong><\/p>\n<\/div>\n\n\n\n<div class=\"wp-block-column is-layout-flow wp-block-column-is-layout-flow\" style=\"flex-basis:85%\">\n<ul class=\"wp-block-list has-cyan-bluish-gray-background-color has-background\">\n<li>Le fonctionnement continu ou ponctuel du v\u00e9hicule dans des conditions de charge autres que celles d\u00e9termin\u00e9es dans la fiche technique ou sa destination pour une utilisation autre que conventionnelle : transport de personnes sur autoroutes, routes et routes propices \u00e0 la circulation des v\u00e9hicules lourds.<\/li>\n\n\n\n<li>Dommages \u00e0 la structure caus\u00e9s par le manque d\u2019entretien ou le manque de bonne conservation des \u00e9l\u00e9ments et\/ou des syst\u00e8mes qui att\u00e9nuent ou isolent les vibrations.<\/li>\n\n\n\n<li>Les cons\u00e9quences d\u00e9coulant de l\u2019absence d\u2019entretien ou d\u2019\u00e9tat pouvant affecter directement ou indirectement la structure ou du non-respect des conditions d\u00e9finies ci-dessus.<\/li>\n<\/ul>\n<\/div>\n<\/div>\n<\/div>\n\n<div class=\"wp-block-group has-global-padding is-layout-constrained wp-block-group-is-layout-constrained\" style=\"margin-top:var(--wp--preset--spacing--40);margin-bottom:var(--wp--preset--spacing--40)\">\n<h3 class=\"wp-block-heading\">Protection contre la corrosion des structures<\/h3>\n\n\n\n<p>La protection anti-corrosion de la structure est garantie afin de maintenir ses param\u00e8tres de r\u00e9sistance dans des conditions climatiques et d\u2019utilisation courante en Europe.<\/p>\n\n\n\n<div class=\"wp-block-columns is-layout-flex wp-container-core-columns-is-layout-28f84493 wp-block-columns-is-layout-flex\">\n<div class=\"wp-block-column is-vertically-aligned-center is-layout-flow wp-block-column-is-layout-flow\" style=\"flex-basis:15%\">\n<p class=\"has-text-align-center\"><strong>Exclusions<\/strong><\/p>\n<\/div>\n\n\n\n<div class=\"wp-block-column is-layout-flow wp-block-column-is-layout-flow\" style=\"flex-basis:85%\">\n<ul class=\"wp-block-list has-cyan-bluish-gray-background-color has-background\">\n<li>Dommages caus\u00e9s par le manque d\u2019entretien du rez-de-chauss\u00e9e ou le manque de diligence dans la r\u00e9paration des dommages qui y sont caus\u00e9s.<\/li>\n\n\n\n<li>Dommages caus\u00e9s par une attaque chimique ou physique entra\u00eenant des dommages \u00e0 la protection contre la corrosion.<\/li>\n<\/ul>\n<\/div>\n<\/div>\n<\/div>\n\n<div class=\"wp-block-group has-global-padding is-layout-constrained wp-container-core-group-is-layout-7ba72ce2 wp-block-group-is-layout-constrained\" style=\"margin-top:var(--wp--preset--spacing--40);margin-bottom:var(--wp--preset--spacing--40)\">\n<h3 class=\"wp-block-heading\">Peinture<\/h3>\n\n\n\n<p>Le bon \u00e9tat de la peinture de la carrosserie est garanti dans les limites normales chaque fois que des incidents sont signal\u00e9s au responsable apr\u00e8s-vente de FERQUI, d\u00e8s qu\u2019ils sont d\u00e9tect\u00e9s. La p\u00e9riode de garantie sp\u00e9cifi\u00e9e ne doit pas \u00eatre interrompue en raison de la notification de d\u00e9fauts, d\u2019une compensation pour les frais r\u00e9sultant d\u2019une r\u00e9paration ou de travaux de r\u00e9paration effectu\u00e9s lors de la livraison de mat\u00e9riaux de rev\u00eatement \u00e0 des fins de r\u00e9paration. <\/p>\n\n\n\n<div class=\"wp-block-columns is-layout-flex wp-container-core-columns-is-layout-28f84493 wp-block-columns-is-layout-flex\">\n<div class=\"wp-block-column is-vertically-aligned-center is-layout-flow wp-block-column-is-layout-flow\" style=\"flex-basis:15%\">\n<p class=\"has-text-align-center\"><strong>Exclusions<\/strong><\/p>\n<\/div>\n\n\n\n<div class=\"wp-block-column is-layout-flow wp-block-column-is-layout-flow\" style=\"flex-basis:85%\">\n<ul class=\"wp-block-list has-cyan-bluish-gray-background-color has-background\">\n<li>Dommages indirects et\/ou manque \u00e0 gagner caus\u00e9s par des incidents avec la peinture de la carrosserie.<\/li>\n\n\n\n<li>Dommages m\u00e9caniques (rayures, abrasions, \u00e9caillages, bosses, impacts de pierres ou d\u2019animaux) et\/ou dommages caus\u00e9s par des accidents.<\/li>\n\n\n\n<li>D\u00e9coloration (perte de teinte) caus\u00e9e par les fientes d\u2019oiseaux et\/ou l\u2019immobilisation avec une exposition aux UV pendant une p\u00e9riode de plus de 6 mois.<\/li>\n\n\n\n<li>Les dommages \u00e0 la peinture dus \u00e0 l\u2019utilisation de produits de nettoyage chimiques ou abrasifs ou \u00e0 l\u2019application de cires non adapt\u00e9es \u00e0 une utilisation sur la carrosserie, ainsi que les dommages caus\u00e9s par des facteurs m\u00e9t\u00e9orologiques (pluie, pluies acides, gr\u00eale, etc.).<\/li>\n<\/ul>\n<\/div>\n<\/div>\n<\/div>\n\n<div class=\"wp-block-group has-global-padding is-layout-constrained wp-block-group-is-layout-constrained\" style=\"margin-top:var(--wp--preset--spacing--40);margin-bottom:var(--wp--preset--spacing--40)\">\n<h3 class=\"wp-block-heading\">\u00c9quipement audio et vid\u00e9o<\/h3>\n\n\n\n<p>Les \u00e9quipements audio et vid\u00e9o sont garantis \u00e0 condition que les conditions suivantes soient remplies : Les conditions d\u2019utilisation et de s\u00e9curit\u00e9 pour lesquelles l\u2019appareil a \u00e9t\u00e9 con\u00e7u et install\u00e9 doivent \u00eatre maintenues (voir le manuel d\u2019utilisation du fabricant).<\/p>\n\n\n\n<div class=\"wp-block-columns is-layout-flex wp-container-core-columns-is-layout-28f84493 wp-block-columns-is-layout-flex\">\n<div class=\"wp-block-column is-vertically-aligned-center is-layout-flow wp-block-column-is-layout-flow\" style=\"flex-basis:15%\">\n<p class=\"has-text-align-center\"><strong>Exclusions<\/strong><\/p>\n<\/div>\n\n\n\n<div class=\"wp-block-column is-layout-flow wp-block-column-is-layout-flow\" style=\"flex-basis:85%\">\n<ul class=\"wp-block-list has-cyan-bluish-gray-background-color has-background\">\n<li>Dommages aux \u00e9l\u00e9ments ou composants de l\u2019\u00e9quipement produits directement ou indirectement par des causes externes et\/ou un manque d\u2019entretien (\u00e9tabli dans le manuel).<\/li>\n\n\n\n<li>Le remplacement de pi\u00e8ces par d\u2019autres qui ne sont pas d\u2019origine chez le carrossier et\/ou remplac\u00e9es ou r\u00e9par\u00e9es par du personnel des ateliers agr\u00e9\u00e9s FERQUI.<\/li>\n\n\n\n<li>Dommages caus\u00e9s par une mauvaise utilisation de l\u2019\u00e9quipement.<\/li>\n\n\n\n<li>Dommages caus\u00e9s par la manipulation de l\u2019\u00e9quipement par du personnel qui ne fait pas partie du r\u00e9seau d\u2019ateliers agr\u00e9\u00e9s FERQUI.<\/li>\n<\/ul>\n<\/div>\n<\/div>\n<\/div>\n\n<div class=\"wp-block-group has-global-padding is-layout-constrained wp-block-group-is-layout-constrained\" style=\"margin-top:var(--wp--preset--spacing--40);margin-bottom:var(--wp--preset--spacing--40)\">\n<h3 class=\"wp-block-heading\">\u00c9tanch\u00e9it\u00e9<\/h3>\n\n\n\n<p>Assurez-vous que l\u2019eau ne p\u00e9n\u00e8tre pas dans l\u2019habitacle, le tiroir des batteries ou dans les soutes dans des conditions normales de pluie et de lavage doux.<\/p>\n\n\n\n<div class=\"wp-block-columns is-layout-flex wp-container-core-columns-is-layout-28f84493 wp-block-columns-is-layout-flex\">\n<div class=\"wp-block-column is-vertically-aligned-center is-layout-flow wp-block-column-is-layout-flow\" style=\"flex-basis:15%\">\n<p class=\"has-text-align-center\"><strong>Exclusions<\/strong><\/p>\n<\/div>\n\n\n\n<div class=\"wp-block-column is-layout-flow wp-block-column-is-layout-flow\" style=\"flex-basis:85%\">\n<ul class=\"wp-block-list has-cyan-bluish-gray-background-color has-background\">\n<li>La couverture des concepts ci-dessus est exclue si les vitres ou le pare-brise ont \u00e9t\u00e9 chang\u00e9s dans des ateliers non agr\u00e9\u00e9s par la FERQUI, car cela peut entra\u00eener des pertes dues aux fuites.<\/li>\n\n\n\n<li>L\u2019utilisation inappropri\u00e9e de d\u00e9tergents ou d\u2019agents de nettoyage qui attaquent les joints scell\u00e9s et les caoutchoucs d\u2019\u00e9tanch\u00e9it\u00e9 signifie la perte de la garantie d\u2019\u00e9tanch\u00e9it\u00e9.<\/li>\n\n\n\n<li>Infiltrations d\u2019eau dues \u00e0 une mauvaise fermeture des portes ou des portails.<\/li>\n<\/ul>\n<\/div>\n<\/div>\n<\/div>\n\n<div class=\"wp-block-group has-global-padding is-layout-constrained wp-block-group-is-layout-constrained\" style=\"margin-top:var(--wp--preset--spacing--40);margin-bottom:var(--wp--preset--spacing--40)\">\n<h3 class=\"wp-block-heading\">Installations \u00e9lectriques<\/h3>\n\n\n\n<p>Le maintien des conditions de service et de s\u00e9curit\u00e9 qui permettent le fonctionnement des diff\u00e9rents organes, syst\u00e8mes et dispositifs d\u2019alimentation \u00e9lectrique, dans le cadre d\u2019une utilisation normale de la carrosserie, est garanti.<\/p>\n\n\n\n<div class=\"wp-block-columns is-layout-flex wp-container-core-columns-is-layout-28f84493 wp-block-columns-is-layout-flex\">\n<div class=\"wp-block-column is-vertically-aligned-center is-layout-flow wp-block-column-is-layout-flow\" style=\"flex-basis:15%\">\n<p class=\"has-text-align-center\"><strong>Exclusions<\/strong><\/p>\n<\/div>\n\n\n\n<div class=\"wp-block-column is-layout-flow wp-block-column-is-layout-flow\" style=\"flex-basis:85%\">\n<ul class=\"wp-block-list has-cyan-bluish-gray-background-color has-background\">\n<li>Le manque d\u2019attention ou de soin dans les \u00e9l\u00e9ments qui peuvent affecter directement ou indirectement le syst\u00e8me \u00e9lectrique entra\u00eenera la perte de la garantie sur celui-ci.<\/li>\n\n\n\n<li>La manipulation ou le remplacement inappropri\u00e9s d\u2019\u00e9l\u00e9ments \u00e9lectriques ou autres qui peuvent affecter directement ou indirectement la s\u00e9curit\u00e9 du v\u00e9hicule et le bon fonctionnement des \u00e9l\u00e9ments, ainsi que leur \u00e9tat de conservation, entra\u00eenera la perte de la garantie sur ceux-ci.<\/li>\n\n\n\n<li>L\u2019installation d\u2019\u00e9l\u00e9ments ext\u00e9rieurs \u00e0 FERQUI, dont aucune pr\u00e9-installation n\u2019a \u00e9t\u00e9 laiss\u00e9e, sans l\u2019accord expr\u00e8s du carrossier.<\/li>\n<\/ul>\n<\/div>\n<\/div>\n<\/div>\n\n<div class=\"wp-block-group has-global-padding is-layout-constrained wp-block-group-is-layout-constrained\" style=\"margin-top:var(--wp--preset--spacing--40);margin-bottom:var(--wp--preset--spacing--40)\">\n<h3 class=\"wp-block-heading\">Pare-brise et vitres<\/h3>\n\n\n\n<p>Les pare-brise sont garantis pour maintenir la visibilit\u00e9 et prot\u00e9ger de la pluie et du vent apparent cr\u00e9\u00e9s lors de la conduite.<\/p>\n\n\n\n<div class=\"wp-block-columns is-layout-flex wp-container-core-columns-is-layout-28f84493 wp-block-columns-is-layout-flex\">\n<div class=\"wp-block-column is-vertically-aligned-center is-layout-flow wp-block-column-is-layout-flow\" style=\"flex-basis:15%\">\n<p class=\"has-text-align-center\"><strong>Exclusions<\/strong><\/p>\n<\/div>\n\n\n\n<div class=\"wp-block-column is-layout-flow wp-block-column-is-layout-flow\" style=\"flex-basis:85%\">\n<ul class=\"wp-block-list has-cyan-bluish-gray-background-color has-background\">\n<li>Dommages caus\u00e9s par : l\u2019utilisation de produits abrasifs, des changements brusques de temp\u00e9rature qui affectent les vitres du v\u00e9hicule et\/ou des dommages caus\u00e9s par des impacts externes ou internes.<\/li>\n\n\n\n<li>Perte de visibilit\u00e9 ou d\u2019apparence visuelle due \u00e0 des causes d\u00e9riv\u00e9es d\u2019une attaque physique ou chimique.<\/li>\n<\/ul>\n<\/div>\n<\/div>\n<\/div>\n\n<div class=\"wp-block-group has-global-padding is-layout-constrained wp-block-group-is-layout-constrained\" style=\"margin-top:var(--wp--preset--spacing--40);margin-bottom:var(--wp--preset--spacing--40)\">\n<h3 class=\"wp-block-heading\">Si\u00e8ges<\/h3>\n\n\n\n<p>Le maintien des conditions d\u2019utilisation et de l\u2019esth\u00e9tique pour lesquelles les si\u00e8ges ont \u00e9t\u00e9 con\u00e7us est garanti.<\/p>\n\n\n\n<div class=\"wp-block-columns is-layout-flex wp-container-core-columns-is-layout-28f84493 wp-block-columns-is-layout-flex\">\n<div class=\"wp-block-column is-vertically-aligned-center is-layout-flow wp-block-column-is-layout-flow\" style=\"flex-basis:15%\">\n<p class=\"has-text-align-center\"><strong>Exclusions<\/strong><\/p>\n<\/div>\n\n\n\n<div class=\"wp-block-column is-layout-flow wp-block-column-is-layout-flow\" style=\"flex-basis:85%\">\n<ul class=\"wp-block-list has-cyan-bluish-gray-background-color has-background\">\n<li>Dommages caus\u00e9s par l\u2019abrasion des tissus dans des conditions normales d\u2019utilisation.<\/li>\n\n\n\n<li>Attaque physique ou chimique due \u00e0 un entretien et\/ou un nettoyage inappropri\u00e9s.<\/li>\n\n\n\n<li>Actes de vandalisme ou conditions d\u2019utilisation inhabituelles.<\/li>\n<\/ul>\n<\/div>\n<\/div>\n<\/div>\n\n<div class=\"wp-block-file\"><a href=\"https:\/\/ferqui.com\/wp-content\/uploads\/2024\/07\/24-07-24-CONDICIONES-GARANTIA-DE-FERQUI-WEB.pdf\" class=\"wp-block-file__button wp-element-button\" download=\"\">T\u00e9l\u00e9charger les conditions de garantie<\/a><\/div>\n\n<p class=\"has-text-align-right\"><br\/><strong>CARROCER\u00cdAS FERQUI, S. L.<\/strong><\/p>\n","protected":false},"excerpt":{"rendered":"<p>CARROCER\u00cdAS FERQUI, S.L. (FERQUI) communique les pr\u00e9sentes conditions de garantie pour la carrosserie et les syst\u00e8mes install\u00e9s par le carrossier pour le cadre attach\u00e9, dans les termes et conditions indiqu\u00e9s. La garantie \u00e9mise par CARROCER\u00cdAS FERQUI, S.L., en sa qualit\u00e9 de fabricant de la carrosserie, couvre les zones et les syst\u00e8mes \u00e9num\u00e9r\u00e9s dans ce document. [&hellip;]<\/p>\n","protected":false},"author":1,"featured_media":0,"parent":0,"menu_order":0,"comment_status":"closed","ping_status":"closed","template":"","meta":{"footnotes":""},"class_list":["post-4026","page","type-page","status-publish","hentry"],"_links":{"self":[{"href":"https:\/\/ferqui.com\/fr\/wp-json\/wp\/v2\/pages\/4026","targetHints":{"allow":["GET"]}}],"collection":[{"href":"https:\/\/ferqui.com\/fr\/wp-json\/wp\/v2\/pages"}],"about":[{"href":"https:\/\/ferqui.com\/fr\/wp-json\/wp\/v2\/types\/page"}],"author":[{"embeddable":true,"href":"https:\/\/ferqui.com\/fr\/wp-json\/wp\/v2\/users\/1"}],"replies":[{"embeddable":true,"href":"https:\/\/ferqui.com\/fr\/wp-json\/wp\/v2\/comments?post=4026"}],"version-history":[{"count":1,"href":"https:\/\/ferqui.com\/fr\/wp-json\/wp\/v2\/pages\/4026\/revisions"}],"predecessor-version":[{"id":4027,"href":"https:\/\/ferqui.com\/fr\/wp-json\/wp\/v2\/pages\/4026\/revisions\/4027"}],"wp:attachment":[{"href":"https:\/\/ferqui.com\/fr\/wp-json\/wp\/v2\/media?parent=4026"}],"curies":[{"name":"wp","href":"https:\/\/api.w.org\/{rel}","templated":true}]}}