{"id":2304,"date":"2023-10-05T22:50:40","date_gmt":"2023-10-05T20:50:40","guid":{"rendered":"https:\/\/ferqui.com\/especiales\/"},"modified":"2025-03-28T11:29:50","modified_gmt":"2025-03-28T10:29:50","slug":"especiales","status":"publish","type":"page","link":"https:\/\/ferqui.com\/it\/especiales\/","title":{"rendered":"SPECIALE"},"content":{"rendered":"\n<div data-slider-type=\"slider\" data-per-view=\"1\" data-focus-at=\"center\" data-gap=\"10\" data-autoplay=\"5000\" data-hoverpause=\"true\" data-animation-duration=\"400\" data-animation-timing-func=\"cubic-bezier(0.165, 0.840, 0.440, 1.000)\" data-peek-before=\"0\" data-peek-after=\"0\" data-breakpoints=\"\" class=\"wp-block-sci-blocks-sci-slider sci-blocks-slider glide\"><div class=\"glide__track\" data-glide-el=\"track\"><div class=\"glide__slides is-layout-flow wp-block-sci-slider-is-layout-flow\">\n<figure class=\"wp-block-image size-large\" style=\"margin-top:0;margin-bottom:0\"><img loading=\"lazy\" decoding=\"async\" width=\"1600\" height=\"429\" src=\"https:\/\/ferqui.com\/wp-content\/uploads\/2025\/03\/VEHICULOS-ESPECIALES-FERQUI-IMAGEN-01-1600x429.jpg\" alt=\"\" class=\"wp-image-3403\" srcset=\"https:\/\/ferqui.com\/wp-content\/uploads\/2025\/03\/VEHICULOS-ESPECIALES-FERQUI-IMAGEN-01-1600x429.jpg 1600w, https:\/\/ferqui.com\/wp-content\/uploads\/2025\/03\/VEHICULOS-ESPECIALES-FERQUI-IMAGEN-01-800x214.jpg 800w, https:\/\/ferqui.com\/wp-content\/uploads\/2025\/03\/VEHICULOS-ESPECIALES-FERQUI-IMAGEN-01-768x206.jpg 768w, https:\/\/ferqui.com\/wp-content\/uploads\/2025\/03\/VEHICULOS-ESPECIALES-FERQUI-IMAGEN-01-1536x411.jpg 1536w, https:\/\/ferqui.com\/wp-content\/uploads\/2025\/03\/VEHICULOS-ESPECIALES-FERQUI-IMAGEN-01-2048x549.jpg 2048w\" sizes=\"auto, (max-width: 1600px) 100vw, 1600px\" \/><\/figure>\n\n\n\n<figure class=\"wp-block-image size-large\" style=\"margin-top:0;margin-bottom:0\"><img loading=\"lazy\" decoding=\"async\" width=\"1600\" height=\"429\" src=\"https:\/\/ferqui.com\/wp-content\/uploads\/2025\/03\/VEHICULOS-ESPECIALES-FERQUI-IMAGEN-02-1600x429.jpg\" alt=\"\" class=\"wp-image-3407\" srcset=\"https:\/\/ferqui.com\/wp-content\/uploads\/2025\/03\/VEHICULOS-ESPECIALES-FERQUI-IMAGEN-02-1600x429.jpg 1600w, https:\/\/ferqui.com\/wp-content\/uploads\/2025\/03\/VEHICULOS-ESPECIALES-FERQUI-IMAGEN-02-800x214.jpg 800w, https:\/\/ferqui.com\/wp-content\/uploads\/2025\/03\/VEHICULOS-ESPECIALES-FERQUI-IMAGEN-02-768x206.jpg 768w, https:\/\/ferqui.com\/wp-content\/uploads\/2025\/03\/VEHICULOS-ESPECIALES-FERQUI-IMAGEN-02-1536x411.jpg 1536w, https:\/\/ferqui.com\/wp-content\/uploads\/2025\/03\/VEHICULOS-ESPECIALES-FERQUI-IMAGEN-02-2048x549.jpg 2048w\" sizes=\"auto, (max-width: 1600px) 100vw, 1600px\" \/><\/figure>\n\n\n\n<figure class=\"wp-block-image size-large\" style=\"margin-top:0;margin-bottom:0\"><img loading=\"lazy\" decoding=\"async\" width=\"1600\" height=\"429\" src=\"https:\/\/ferqui.com\/wp-content\/uploads\/2025\/03\/VEHICULOS-ESPECIALES-FERQUI-IMAGEN-03-1600x429.jpg\" alt=\"\" class=\"wp-image-3411\" srcset=\"https:\/\/ferqui.com\/wp-content\/uploads\/2025\/03\/VEHICULOS-ESPECIALES-FERQUI-IMAGEN-03-1600x429.jpg 1600w, https:\/\/ferqui.com\/wp-content\/uploads\/2025\/03\/VEHICULOS-ESPECIALES-FERQUI-IMAGEN-03-800x214.jpg 800w, https:\/\/ferqui.com\/wp-content\/uploads\/2025\/03\/VEHICULOS-ESPECIALES-FERQUI-IMAGEN-03-768x206.jpg 768w, https:\/\/ferqui.com\/wp-content\/uploads\/2025\/03\/VEHICULOS-ESPECIALES-FERQUI-IMAGEN-03-1536x411.jpg 1536w, https:\/\/ferqui.com\/wp-content\/uploads\/2025\/03\/VEHICULOS-ESPECIALES-FERQUI-IMAGEN-03-2048x549.jpg 2048w\" sizes=\"auto, (max-width: 1600px) 100vw, 1600px\" \/><\/figure>\n\n\n\n<figure class=\"wp-block-image size-large\" style=\"margin-top:0;margin-bottom:0\"><img loading=\"lazy\" decoding=\"async\" width=\"1600\" height=\"429\" src=\"https:\/\/ferqui.com\/wp-content\/uploads\/2025\/03\/VEHICULOS-ESPECIALES-FERQUI-IMAGEN-04-1600x429.jpg\" alt=\"\" class=\"wp-image-3415\" srcset=\"https:\/\/ferqui.com\/wp-content\/uploads\/2025\/03\/VEHICULOS-ESPECIALES-FERQUI-IMAGEN-04-1600x429.jpg 1600w, https:\/\/ferqui.com\/wp-content\/uploads\/2025\/03\/VEHICULOS-ESPECIALES-FERQUI-IMAGEN-04-800x214.jpg 800w, https:\/\/ferqui.com\/wp-content\/uploads\/2025\/03\/VEHICULOS-ESPECIALES-FERQUI-IMAGEN-04-768x206.jpg 768w, https:\/\/ferqui.com\/wp-content\/uploads\/2025\/03\/VEHICULOS-ESPECIALES-FERQUI-IMAGEN-04-1536x411.jpg 1536w, https:\/\/ferqui.com\/wp-content\/uploads\/2025\/03\/VEHICULOS-ESPECIALES-FERQUI-IMAGEN-04-2048x549.jpg 2048w\" sizes=\"auto, (max-width: 1600px) 100vw, 1600px\" \/><\/figure>\n<\/div><\/div><div class=\"glide__bullets\" data-glide-el=\"controls[nav]\"><button class=\"glide__bullet\" data-glide-dir=\"=0\"><\/button><button class=\"glide__bullet\" data-glide-dir=\"=1\"><\/button><button class=\"glide__bullet\" data-glide-dir=\"=2\"><\/button><button class=\"glide__bullet\" data-glide-dir=\"=3\"><\/button><\/div><div class=\"glide__arrows\" data-glide-el=\"controls\"><button class=\"glide__arrow glide__arrow--left\" data-glide-dir=\"<\"><span class=\"screen-reader-text\">Anterior<\/span><div><svg xmlns=\"http:\/\/www.w3.org\/2000\/svg\" width=\"18\" height=\"18\" viewBox=\"0 0 24 24\"><path fill=\"#fff\" d=\"M0 12l10.975 11 2.848-2.828-6.176-6.176H24v-3.992H7.646l6.176-6.176L10.975 1 0 12z\"><\/path><\/svg><\/div><\/button><button class=\"glide__arrow glide__arrow--right\" data-glide-dir=\"&gt;\"><span class=\"screen-reader-text\">Siguiente<\/span><div><svg xmlns=\"http:\/\/www.w3.org\/2000\/svg\" width=\"18\" height=\"18\" viewBox=\"0 0 24 24\"><path fill=\"#fff\" d=\"M24 12l-10.975 11-2.848-2.828 6.176-6.176H0v-3.992h16.354l-6.176-6.176L13.025 1 24 12z\"><\/path><\/svg><\/div><\/button><\/div><\/div>\n\n\n\n<div class=\"wp-block-columns is-layout-flex wp-container-core-columns-is-layout-28f84493 wp-block-columns-is-layout-flex\">\n<div class=\"wp-block-column is-layout-flow wp-block-column-is-layout-flow\">\n<div style=\"height:22px\" aria-hidden=\"true\" class=\"wp-block-spacer\"><\/div>\n\n\n\n<p class=\"has-white-color has-primary-background-color has-text-color has-background\">IVECO CC100 NORA VEICOLO PERSONALIZZATO<\/p>\n\n\n\n<p>I Bibliobus, che rientrano nella categoria dei veicoli speciali, sono costruiti su un telaio Iveco, modello CC 100, con un passo di 4.815 mm e una lunghezza totale di 9 m. Sono progettati in formato biblioteca mobile e hanno una capacit\u00e0 fino a 3.000 volumi, oltre a una numerosa documentazione in formato digitale.<\/p>\n\n\n\n<p>Tra le sue caratteristiche meccaniche pi\u00f9 spiccano il motore da 220 CV, Euro VI step E, con cambio automatico, sospensioni pneumatiche su entrambi gli assi, freno elettrico e sistemi ABS, ASR, WDLS, EABS, che contribuiscono ad una maggiore sicurezza del veicolo, sia attivo che passivo.<\/p>\n\n\n\n<p>Il suo interno, oltre agli scaffali per libri, dvd, ecc., si completa con un&#8217;area per l&#8217;accoglienza e l&#8217;assistenza ai cittadini, dotata dei pi\u00f9 moderni sistemi per ufficio.<br>Una piattaforma elevatrice per persone a mobilit\u00e0 ridotta e sedie a rotelle, installata sul lato destro, conferisce al veicolo il suo sigillo di accessibilit\u00e0.<\/p>\n<\/div>\n<\/div>\n\n\n\n<div class=\"wp-block-columns is-layout-flex wp-container-core-columns-is-layout-28f84493 wp-block-columns-is-layout-flex\">\n<div class=\"wp-block-column is-layout-flow wp-block-column-is-layout-flow\"><\/div>\n<\/div>\n\n\n\n<div style=\"height:72px\" aria-hidden=\"true\" class=\"wp-block-spacer\"><\/div>\n","protected":false},"excerpt":{"rendered":"<p>IVECO CC100 NORA VEICOLO PERSONALIZZATO I Bibliobus, che rientrano nella categoria dei veicoli speciali, sono costruiti su un telaio Iveco, modello CC 100, con un passo di 4.815 mm e una lunghezza totale di 9 m. Sono progettati in formato biblioteca mobile e hanno una capacit\u00e0 fino a 3.000 volumi, oltre a una numerosa documentazione [&hellip;]<\/p>\n","protected":false},"author":1,"featured_media":0,"parent":0,"menu_order":0,"comment_status":"closed","ping_status":"closed","template":"","meta":{"footnotes":""},"class_list":["post-2304","page","type-page","status-publish","hentry"],"_links":{"self":[{"href":"https:\/\/ferqui.com\/it\/wp-json\/wp\/v2\/pages\/2304","targetHints":{"allow":["GET"]}}],"collection":[{"href":"https:\/\/ferqui.com\/it\/wp-json\/wp\/v2\/pages"}],"about":[{"href":"https:\/\/ferqui.com\/it\/wp-json\/wp\/v2\/types\/page"}],"author":[{"embeddable":true,"href":"https:\/\/ferqui.com\/it\/wp-json\/wp\/v2\/users\/1"}],"replies":[{"embeddable":true,"href":"https:\/\/ferqui.com\/it\/wp-json\/wp\/v2\/comments?post=2304"}],"version-history":[{"count":4,"href":"https:\/\/ferqui.com\/it\/wp-json\/wp\/v2\/pages\/2304\/revisions"}],"predecessor-version":[{"id":3422,"href":"https:\/\/ferqui.com\/it\/wp-json\/wp\/v2\/pages\/2304\/revisions\/3422"}],"wp:attachment":[{"href":"https:\/\/ferqui.com\/it\/wp-json\/wp\/v2\/media?parent=2304"}],"curies":[{"name":"wp","href":"https:\/\/api.w.org\/{rel}","templated":true}]}}