{"id":2310,"date":"2023-10-05T15:33:27","date_gmt":"2023-10-05T13:33:27","guid":{"rendered":"https:\/\/ferqui.com\/sunset\/"},"modified":"2025-03-28T17:34:30","modified_gmt":"2025-03-28T16:34:30","slug":"sunset","status":"publish","type":"page","link":"https:\/\/ferqui.com\/it\/sunset\/","title":{"rendered":"SUNSETS4"},"content":{"rendered":"\n<div data-slider-type=\"slider\" data-per-view=\"1\" data-focus-at=\"center\" data-gap=\"10\" data-autoplay=\"5000\" data-hoverpause=\"true\" data-animation-duration=\"400\" data-animation-timing-func=\"cubic-bezier(0.165, 0.840, 0.440, 1.000)\" data-peek-before=\"0\" data-peek-after=\"0\" data-breakpoints=\"\" class=\"wp-block-sci-blocks-sci-slider sci-blocks-slider glide\"><div class=\"glide__track\" data-glide-el=\"track\"><div class=\"glide__slides is-layout-flow wp-block-sci-slider-is-layout-flow\">\n<figure class=\"wp-block-image size-large\"><img loading=\"lazy\" decoding=\"async\" width=\"1600\" height=\"429\" src=\"https:\/\/ferqui.com\/wp-content\/uploads\/2023\/10\/ese-1600x429.jpg\" alt=\"\" class=\"wp-image-501\" srcset=\"https:\/\/ferqui.com\/wp-content\/uploads\/2023\/10\/ese-1600x429.jpg 1600w, https:\/\/ferqui.com\/wp-content\/uploads\/2023\/10\/ese-800x214.jpg 800w, https:\/\/ferqui.com\/wp-content\/uploads\/2023\/10\/ese-768x206.jpg 768w, https:\/\/ferqui.com\/wp-content\/uploads\/2023\/10\/ese-1536x411.jpg 1536w, https:\/\/ferqui.com\/wp-content\/uploads\/2023\/10\/ese.jpg 1900w\" sizes=\"auto, (max-width: 1600px) 100vw, 1600px\" \/><\/figure>\n\n\n\n<figure class=\"wp-block-image size-large\"><img loading=\"lazy\" decoding=\"async\" width=\"1600\" height=\"429\" src=\"https:\/\/ferqui.com\/wp-content\/uploads\/2023\/11\/SUNSET-S4-01M_web-1600x429.jpg\" alt=\"\" class=\"wp-image-875\" srcset=\"https:\/\/ferqui.com\/wp-content\/uploads\/2023\/11\/SUNSET-S4-01M_web-1600x429.jpg 1600w, https:\/\/ferqui.com\/wp-content\/uploads\/2023\/11\/SUNSET-S4-01M_web-800x214.jpg 800w, https:\/\/ferqui.com\/wp-content\/uploads\/2023\/11\/SUNSET-S4-01M_web-768x206.jpg 768w, https:\/\/ferqui.com\/wp-content\/uploads\/2023\/11\/SUNSET-S4-01M_web-1536x411.jpg 1536w, https:\/\/ferqui.com\/wp-content\/uploads\/2023\/11\/SUNSET-S4-01M_web.jpg 1904w\" sizes=\"auto, (max-width: 1600px) 100vw, 1600px\" \/><\/figure>\n\n\n\n<figure class=\"wp-block-image size-large\"><img loading=\"lazy\" decoding=\"async\" width=\"1600\" height=\"429\" src=\"https:\/\/ferqui.com\/wp-content\/uploads\/2023\/11\/SUNSET-S4-02M_web-1600x429.jpg\" alt=\"\" class=\"wp-image-881\" srcset=\"https:\/\/ferqui.com\/wp-content\/uploads\/2023\/11\/SUNSET-S4-02M_web-1600x429.jpg 1600w, https:\/\/ferqui.com\/wp-content\/uploads\/2023\/11\/SUNSET-S4-02M_web-800x214.jpg 800w, https:\/\/ferqui.com\/wp-content\/uploads\/2023\/11\/SUNSET-S4-02M_web-768x206.jpg 768w, https:\/\/ferqui.com\/wp-content\/uploads\/2023\/11\/SUNSET-S4-02M_web-1536x411.jpg 1536w, https:\/\/ferqui.com\/wp-content\/uploads\/2023\/11\/SUNSET-S4-02M_web.jpg 1904w\" sizes=\"auto, (max-width: 1600px) 100vw, 1600px\" \/><\/figure>\n\n\n\n<figure class=\"wp-block-image size-large\"><img loading=\"lazy\" decoding=\"async\" width=\"1600\" height=\"429\" src=\"https:\/\/ferqui.com\/wp-content\/uploads\/2023\/11\/FERQUI-SUNSET-S4-03M_actualizado_dentro-1600x429.jpg\" alt=\"\" class=\"wp-image-886\" srcset=\"https:\/\/ferqui.com\/wp-content\/uploads\/2023\/11\/FERQUI-SUNSET-S4-03M_actualizado_dentro-1600x429.jpg 1600w, https:\/\/ferqui.com\/wp-content\/uploads\/2023\/11\/FERQUI-SUNSET-S4-03M_actualizado_dentro-800x214.jpg 800w, https:\/\/ferqui.com\/wp-content\/uploads\/2023\/11\/FERQUI-SUNSET-S4-03M_actualizado_dentro-768x206.jpg 768w, https:\/\/ferqui.com\/wp-content\/uploads\/2023\/11\/FERQUI-SUNSET-S4-03M_actualizado_dentro-1536x411.jpg 1536w, https:\/\/ferqui.com\/wp-content\/uploads\/2023\/11\/FERQUI-SUNSET-S4-03M_actualizado_dentro.jpg 1904w\" sizes=\"auto, (max-width: 1600px) 100vw, 1600px\" \/><\/figure>\n<\/div><\/div><div class=\"glide__bullets\" data-glide-el=\"controls[nav]\"><button class=\"glide__bullet\" data-glide-dir=\"=0\"><\/button><button class=\"glide__bullet\" data-glide-dir=\"=1\"><\/button><button class=\"glide__bullet\" data-glide-dir=\"=2\"><\/button><button class=\"glide__bullet\" data-glide-dir=\"=3\"><\/button><\/div><div class=\"glide__arrows\" data-glide-el=\"controls\"><button class=\"glide__arrow glide__arrow--left\" data-glide-dir=\"<\"><span class=\"screen-reader-text\">Anterior<\/span><div><svg xmlns=\"http:\/\/www.w3.org\/2000\/svg\" width=\"18\" height=\"18\" viewBox=\"0 0 24 24\"><path fill=\"#fff\" d=\"M0 12l10.975 11 2.848-2.828-6.176-6.176H24v-3.992H7.646l6.176-6.176L10.975 1 0 12z\"><\/path><\/svg><\/div><\/button><button class=\"glide__arrow glide__arrow--right\" data-glide-dir=\"&gt;\"><span class=\"screen-reader-text\">Siguiente<\/span><div><svg xmlns=\"http:\/\/www.w3.org\/2000\/svg\" width=\"18\" height=\"18\" viewBox=\"0 0 24 24\"><path fill=\"#fff\" d=\"M24 12l-10.975 11-2.848-2.828 6.176-6.176H0v-3.992h16.354l-6.176-6.176L13.025 1 24 12z\"><\/path><\/svg><\/div><\/button><\/div><\/div>\n\n<div class=\"wp-block-columns is-layout-flex wp-container-core-columns-is-layout-28f84493 wp-block-columns-is-layout-flex\">\n<div class=\"wp-block-column is-layout-flow wp-block-column-is-layout-flow\">\n<div style=\"height:100px\" aria-hidden=\"true\" class=\"wp-block-spacer\"><\/div>\n\n\n\n<figure class=\"wp-block-image aligncenter size-full is-resized\"><img loading=\"lazy\" decoding=\"async\" width=\"692\" height=\"565\" src=\"https:\/\/ferqui.com\/wp-content\/uploads\/2023\/10\/s41.jpg\" alt=\"\" class=\"wp-image-499\" style=\"width:481px;height:393px\"><\/figure>\n<\/div>\n\n\n\n<div class=\"wp-block-column is-layout-flow wp-block-column-is-layout-flow\">\n<div style=\"height:42px\" aria-hidden=\"true\" class=\"wp-block-spacer\"><\/div>\n\n\n\n<p class=\"has-white-color has-primary-background-color has-text-color has-background\">MERCEDES-BENZ SPRINTER 516 &#8211; FERQUI SUNSET S4R (11+C )<\/p>\n\n\n\n<p>Carrozzeria ELEGANTE grazie al suo design dalle linee morbide; CONFORTEVOLE grazie al suo ampio spazio interno nel corridoio e tra i sedili, che si traduce in una maggiore abitabilit\u00e0 e FUNZIONALE grazie al suo grande volume di tronchi, sia nella parte posteriore che sui lati.<br\/>Questa carrozzeria, montata su un telaio Mercedes-Benz Sprinter, conferisce al veicolo grande robustezza, flessibilit\u00e0 e inalterabilit\u00e0.<br\/>Questa versione di alta qualit\u00e0 \u00e8 progettata per effettuare il trasporto ottimale dei passeggeri pi\u00f9 esigenti, essendo uno dei minibus pi\u00f9 comodi sul mercato, grazie al suo design interno, che offre ampi spazi e ampio comfort per i suoi passeggeri.<br\/><br\/>Su questo telaio Mercedes-Benz vengono prodotte anche le seguenti varianti:<\/p>\n\n\n\n<ul class=\"wp-block-list\">\n<li>22 posti pi\u00f9 conducente.<\/li>\n\n\n\n<li>19 posti a sedere, pi\u00f9 guida e pi\u00f9 conducente.<\/li>\n\n\n\n<li>19 posti pi\u00f9 conducente pi\u00f9 piattaforma elevatrice per un massimo di 6 persone a mobilit\u00e0 ridotta.<br\/>Inoltre, dispone di una versione semiurbana con un massimo di 15 passeggeri seduti e 5 in piedi o 15 seduti con 1 passeggero in piedi pi\u00f9 1 sedia a rotelle.<\/li>\n<\/ul>\n\n\n\n<p>Si sviluppa in tre versioni:<\/p>\n\n\n\n<ul class=\"wp-block-list\">\n<li>Tramonto S4 STANDARD<\/li>\n\n\n\n<li>Tramonto S4 PRM<\/li>\n\n\n\n<li>Tramonto S4 SEMI-URBANO.<\/li>\n<\/ul>\n\n\n\n<p>La sua lunghezza \u00e8 di 7.730 mm e il suo passo \u00e8 di 4.325 mm.<\/p>\n<\/div>\n<\/div>\n\n<div class=\"wp-block-columns is-layout-flex wp-container-core-columns-is-layout-28f84493 wp-block-columns-is-layout-flex\">\n<div class=\"wp-block-column is-layout-flow wp-block-column-is-layout-flow\"><\/div>\n<\/div>\n\n<figure class=\"wp-block-image aligncenter size-large\"><img loading=\"lazy\" decoding=\"async\" width=\"1600\" height=\"531\" src=\"https:\/\/ferqui.com\/wp-content\/uploads\/2023\/10\/centro-1600x531.jpg\" alt=\"\" class=\"wp-image-503\" srcset=\"https:\/\/ferqui.com\/wp-content\/uploads\/2023\/10\/centro-1600x531.jpg 1600w, https:\/\/ferqui.com\/wp-content\/uploads\/2023\/10\/centro-800x266.jpg 800w, https:\/\/ferqui.com\/wp-content\/uploads\/2023\/10\/centro-768x255.jpg 768w, https:\/\/ferqui.com\/wp-content\/uploads\/2023\/10\/centro-1536x510.jpg 1536w, https:\/\/ferqui.com\/wp-content\/uploads\/2023\/10\/centro.jpg 1900w\" sizes=\"auto, (max-width: 1600px) 100vw, 1600px\" \/><\/figure>\n\n<div class=\"wp-block-columns alignfull has-text-color has-background is-layout-flex wp-container-core-columns-is-layout-28f84493 wp-block-columns-is-layout-flex\" style=\"color:#000000;background-color:#ffffff\">\n<div class=\"wp-block-column is-layout-flow wp-block-column-is-layout-flow\">\n<ul class=\"wp-block-list\">\n<li>Aria condizionata a soffitto<\/li>\n\n\n\n<li>Riscaldamento termoconvettori<\/li>\n\n\n\n<li>Portapacchi a mano con prese d&#8217;aria individuali e<\/li>\n\n\n\n<li>Luci di lettura individuali<\/li>\n\n\n\n<li>Ampio bagagliaio posteriore<\/li>\n\n\n\n<li>2 Bauli laterali<\/li>\n<\/ul>\n<\/div>\n\n\n\n<div class=\"wp-block-column is-layout-flow wp-block-column-is-layout-flow\"><\/div>\n\n\n\n<div class=\"wp-block-column is-layout-flow wp-block-column-is-layout-flow\">\n<p class=\"has-white-color has-primary-background-color has-text-color has-background\"><strong>DOTAZIONI STANDARD<\/strong><\/p>\n\n\n\n<ul class=\"wp-block-list\">\n<li>Microfono del conducente<\/li>\n\n\n\n<li>Centralizzata<\/li>\n\n\n\n<li>Attivazione automatica delle luci<\/li>\n\n\n\n<li>Adattato alle normative sul trasporto scolastico<\/li>\n\n\n\n<li>Sistema di avviso di deviazione dalla corsia (LDWS)<\/li>\n\n\n\n<li>Possibilit\u00e0 di allestire tavoli (consultare)<\/li>\n<\/ul>\n<\/div>\n<\/div>\n\n<div class=\"wp-block-columns alignfull has-text-color has-background is-layout-flex wp-container-core-columns-is-layout-b6100464 wp-block-columns-is-layout-flex\" style=\"color:#000000;background-color:#ffffff\">\n<div class=\"wp-block-column is-layout-flow wp-block-column-is-layout-flow\"><\/div>\n\n\n\n<div class=\"wp-block-column is-layout-flow wp-block-column-is-layout-flow\">\n<p class=\"autobus__ficha-tecnica has-white-color has-primary-background-color has-text-color has-background\" style=\"margin-top:var(--wp--preset--spacing--40);padding-top:0.25em;padding-right:1em;padding-bottom:0.25em;padding-left:1em\"><a href=\"https:\/\/ferqui.com\/wp-content\/uploads\/2025\/03\/FICHA_SUNSET_S4_ESP.pdf\" target=\"_blank\" rel=\"noreferrer noopener\"><strong>FOGLIO<\/strong> <img loading=\"lazy\" decoding=\"async\" width=\"40\" height=\"40\" class=\"wp-image-3453\" style=\"width: 40px;\" src=\"https:\/\/ferqui.com\/wp-content\/uploads\/2025\/03\/pdf.png\" alt=\"\" srcset=\"https:\/\/ferqui.com\/wp-content\/uploads\/2025\/03\/pdf.png 512w, https:\/\/ferqui.com\/wp-content\/uploads\/2025\/03\/pdf-500x500.png 500w\" sizes=\"auto, (max-width: 40px) 100vw, 40px\" \/><\/a><\/p>\n\n\n\n<p class=\"autobus__video has-white-color has-primary-background-color has-text-color has-background\" style=\"margin-top:var(--wp--preset--spacing--40);padding-top:0.25em;padding-right:1em;padding-bottom:0.25em;padding-left:1em\"><a href=\"https:\/\/ferqui.com\/wp-content\/uploads\/2025\/03\/ferqui_sunset_s4_esp.mp4\" target=\"_blank\" rel=\"noreferrer noopener\"><strong>GUARDA IL VIDEO<\/strong> <img loading=\"lazy\" decoding=\"async\" width=\"40\" height=\"40\" class=\"wp-image-3457\" style=\"width: 40px;\" src=\"https:\/\/ferqui.com\/wp-content\/uploads\/2025\/03\/boton-de-play.png\" alt=\"\" srcset=\"https:\/\/ferqui.com\/wp-content\/uploads\/2025\/03\/boton-de-play.png 512w, https:\/\/ferqui.com\/wp-content\/uploads\/2025\/03\/boton-de-play-500x500.png 500w\" sizes=\"auto, (max-width: 40px) 100vw, 40px\" \/><\/a><\/p>\n<\/div>\n<\/div>\n\n<div style=\"height:72px\" aria-hidden=\"true\" class=\"wp-block-spacer\"><\/div>\n\n<div class=\"wp-block-columns is-layout-flex wp-container-core-columns-is-layout-28f84493 wp-block-columns-is-layout-flex\">\n<div class=\"wp-block-column is-layout-flow wp-block-column-is-layout-flow\">\n<figure class=\"wp-block-image aligncenter size-full is-resized\"><a href=\"https:\/\/ferqui.com\/it\/sunsets4pmr\/\"><img loading=\"lazy\" decoding=\"async\" width=\"503\" height=\"216\" src=\"https:\/\/ferqui.com\/wp-content\/uploads\/2023\/10\/s41-2.jpg\" alt=\"\" class=\"wp-image-506\" style=\"width:387px;height:166px\" srcset=\"https:\/\/ferqui.com\/wp-content\/uploads\/2023\/10\/s41-2.jpg 503w, https:\/\/ferqui.com\/wp-content\/uploads\/2023\/10\/s41-2-500x216.jpg 500w\" sizes=\"auto, (max-width: 503px) 100vw, 503px\" \/><\/a><\/figure>\n<\/div>\n\n\n\n<div class=\"wp-block-column is-layout-flow wp-block-column-is-layout-flow\">\n<figure class=\"wp-block-image aligncenter size-full is-resized\"><a href=\"https:\/\/ferqui.com\/it\/sunsets4semiurbano\/\"><img loading=\"lazy\" decoding=\"async\" width=\"503\" height=\"216\" src=\"https:\/\/ferqui.com\/wp-content\/uploads\/2023\/10\/s42.jpg\" alt=\"\" class=\"wp-image-507\" style=\"width:379px;height:163px\" srcset=\"https:\/\/ferqui.com\/wp-content\/uploads\/2023\/10\/s42.jpg 503w, https:\/\/ferqui.com\/wp-content\/uploads\/2023\/10\/s42-500x216.jpg 500w\" sizes=\"auto, (max-width: 503px) 100vw, 503px\" \/><\/a><\/figure>\n<\/div>\n<\/div>\n\n<div style=\"height:72px\" aria-hidden=\"true\" class=\"wp-block-spacer\"><\/div>\n\n<div class=\"wp-block-buttons is-content-justification-center is-layout-flex wp-container-core-buttons-is-layout-a89b3969 wp-block-buttons-is-layout-flex\">\n<div class=\"wp-block-button\"><a class=\"wp-block-button__link has-primary-background-color has-background wp-element-button\" href=\"https:\/\/ferqui.com\/wp-content\/uploads\/2023\/12\/23-07-27-FOLLETO-SUNSET-S4-2023-FERQUI.pdf\" style=\"border-radius:12px\" target=\"_blank\" rel=\"noreferrer noopener\">Scarica il catalogo<\/a><\/div>\n<\/div>\n","protected":false},"excerpt":{"rendered":"<p>MERCEDES-BENZ SPRINTER 516 &#8211; FERQUI SUNSET S4R (11+C ) Carrozzeria ELEGANTE grazie al suo design dalle linee morbide; CONFORTEVOLE grazie al suo ampio spazio interno nel corridoio e tra i sedili, che si traduce in una maggiore abitabilit\u00e0 e FUNZIONALE grazie al suo grande volume di tronchi, sia nella parte posteriore che sui lati.Questa carrozzeria, [&hellip;]<\/p>\n","protected":false},"author":1,"featured_media":0,"parent":0,"menu_order":0,"comment_status":"closed","ping_status":"closed","template":"","meta":{"footnotes":""},"class_list":["post-2310","page","type-page","status-publish","hentry"],"_links":{"self":[{"href":"https:\/\/ferqui.com\/it\/wp-json\/wp\/v2\/pages\/2310","targetHints":{"allow":["GET"]}}],"collection":[{"href":"https:\/\/ferqui.com\/it\/wp-json\/wp\/v2\/pages"}],"about":[{"href":"https:\/\/ferqui.com\/it\/wp-json\/wp\/v2\/types\/page"}],"author":[{"embeddable":true,"href":"https:\/\/ferqui.com\/it\/wp-json\/wp\/v2\/users\/1"}],"replies":[{"embeddable":true,"href":"https:\/\/ferqui.com\/it\/wp-json\/wp\/v2\/comments?post=2310"}],"version-history":[{"count":3,"href":"https:\/\/ferqui.com\/it\/wp-json\/wp\/v2\/pages\/2310\/revisions"}],"predecessor-version":[{"id":3576,"href":"https:\/\/ferqui.com\/it\/wp-json\/wp\/v2\/pages\/2310\/revisions\/3576"}],"wp:attachment":[{"href":"https:\/\/ferqui.com\/it\/wp-json\/wp\/v2\/media?parent=2310"}],"curies":[{"name":"wp","href":"https:\/\/api.w.org\/{rel}","templated":true}]}}