{"id":2318,"date":"2023-10-05T10:50:41","date_gmt":"2023-10-05T08:50:41","guid":{"rendered":"https:\/\/ferqui.com\/cares\/"},"modified":"2025-03-28T17:25:18","modified_gmt":"2025-03-28T16:25:18","slug":"cares","status":"publish","type":"page","link":"https:\/\/ferqui.com\/it\/cares\/","title":{"rendered":"Se ne frega"},"content":{"rendered":"\n<div data-slider-type=\"slider\" data-per-view=\"1\" data-focus-at=\"center\" data-gap=\"10\" data-autoplay=\"5000\" data-hoverpause=\"true\" data-animation-duration=\"400\" data-animation-timing-func=\"cubic-bezier(0.165, 0.840, 0.440, 1.000)\" data-peek-before=\"0\" data-peek-after=\"0\" data-breakpoints=\"\" class=\"wp-block-sci-blocks-sci-slider sci-blocks-slider glide\"><div class=\"glide__track\" data-glide-el=\"track\"><div class=\"glide__slides is-layout-flow wp-block-sci-slider-is-layout-flow\">\n<figure class=\"wp-block-image aligncenter size-large\"><img loading=\"lazy\" decoding=\"async\" width=\"1600\" height=\"428\" src=\"https:\/\/ferqui.com\/wp-content\/uploads\/2023\/10\/CONTENIDO-SLIDER-03-1600x428.jpg\" alt=\"\" class=\"wp-image-470\" srcset=\"https:\/\/ferqui.com\/wp-content\/uploads\/2023\/10\/CONTENIDO-SLIDER-03-1600x428.jpg 1600w, https:\/\/ferqui.com\/wp-content\/uploads\/2023\/10\/CONTENIDO-SLIDER-03-800x214.jpg 800w, https:\/\/ferqui.com\/wp-content\/uploads\/2023\/10\/CONTENIDO-SLIDER-03-768x205.jpg 768w, https:\/\/ferqui.com\/wp-content\/uploads\/2023\/10\/CONTENIDO-SLIDER-03-1536x411.jpg 1536w, https:\/\/ferqui.com\/wp-content\/uploads\/2023\/10\/CONTENIDO-SLIDER-03.jpg 1900w\" sizes=\"auto, (max-width: 1600px) 100vw, 1600px\" \/><\/figure>\n\n\n\n<figure class=\"wp-block-image aligncenter size-large\"><img loading=\"lazy\" decoding=\"async\" width=\"1600\" height=\"429\" src=\"https:\/\/ferqui.com\/wp-content\/uploads\/2023\/11\/CARES-F2-01M_web-1600x429.jpg\" alt=\"\" class=\"wp-image-861\" srcset=\"https:\/\/ferqui.com\/wp-content\/uploads\/2023\/11\/CARES-F2-01M_web-1600x429.jpg 1600w, https:\/\/ferqui.com\/wp-content\/uploads\/2023\/11\/CARES-F2-01M_web-800x214.jpg 800w, https:\/\/ferqui.com\/wp-content\/uploads\/2023\/11\/CARES-F2-01M_web-768x206.jpg 768w, https:\/\/ferqui.com\/wp-content\/uploads\/2023\/11\/CARES-F2-01M_web-1536x411.jpg 1536w, https:\/\/ferqui.com\/wp-content\/uploads\/2023\/11\/CARES-F2-01M_web.jpg 1904w\" sizes=\"auto, (max-width: 1600px) 100vw, 1600px\" \/><\/figure>\n\n\n\n<figure class=\"wp-block-image aligncenter size-large\"><img loading=\"lazy\" decoding=\"async\" width=\"1600\" height=\"429\" src=\"https:\/\/ferqui.com\/wp-content\/uploads\/2023\/11\/CARES-F2-02M_web-1-1600x429.jpg\" alt=\"\" class=\"wp-image-873\" srcset=\"https:\/\/ferqui.com\/wp-content\/uploads\/2023\/11\/CARES-F2-02M_web-1-1600x429.jpg 1600w, https:\/\/ferqui.com\/wp-content\/uploads\/2023\/11\/CARES-F2-02M_web-1-800x214.jpg 800w, https:\/\/ferqui.com\/wp-content\/uploads\/2023\/11\/CARES-F2-02M_web-1-768x206.jpg 768w, https:\/\/ferqui.com\/wp-content\/uploads\/2023\/11\/CARES-F2-02M_web-1-1536x411.jpg 1536w, https:\/\/ferqui.com\/wp-content\/uploads\/2023\/11\/CARES-F2-02M_web-1.jpg 1904w\" sizes=\"auto, (max-width: 1600px) 100vw, 1600px\" \/><\/figure>\n<\/div><\/div><div class=\"glide__bullets\" data-glide-el=\"controls[nav]\"><button class=\"glide__bullet\" data-glide-dir=\"=0\"><\/button><button class=\"glide__bullet\" data-glide-dir=\"=1\"><\/button><button class=\"glide__bullet\" data-glide-dir=\"=2\"><\/button><\/div><div class=\"glide__arrows\" data-glide-el=\"controls\"><button class=\"glide__arrow glide__arrow--left\" data-glide-dir=\"<\"><span class=\"screen-reader-text\">Anterior<\/span><div><svg xmlns=\"http:\/\/www.w3.org\/2000\/svg\" width=\"18\" height=\"18\" viewBox=\"0 0 24 24\"><path fill=\"#fff\" d=\"M0 12l10.975 11 2.848-2.828-6.176-6.176H24v-3.992H7.646l6.176-6.176L10.975 1 0 12z\"><\/path><\/svg><\/div><\/button><button class=\"glide__arrow glide__arrow--right\" data-glide-dir=\"&gt;\"><span class=\"screen-reader-text\">Siguiente<\/span><div><svg xmlns=\"http:\/\/www.w3.org\/2000\/svg\" width=\"18\" height=\"18\" viewBox=\"0 0 24 24\"><path fill=\"#fff\" d=\"M24 12l-10.975 11-2.848-2.828 6.176-6.176H0v-3.992h16.354l-6.176-6.176L13.025 1 24 12z\"><\/path><\/svg><\/div><\/button><\/div><\/div>\n\n<div style=\"height:57px\" aria-hidden=\"true\" class=\"wp-block-spacer\"><\/div>\n\n<div class=\"wp-block-columns is-layout-flex wp-container-core-columns-is-layout-28f84493 wp-block-columns-is-layout-flex\">\n<div class=\"wp-block-column is-layout-flow wp-block-column-is-layout-flow\">\n<div style=\"height:57px\" aria-hidden=\"true\" class=\"wp-block-spacer\"><\/div>\n\n\n\n<figure class=\"wp-block-image aligncenter size-full is-resized\"><img loading=\"lazy\" decoding=\"async\" width=\"579\" height=\"223\" src=\"https:\/\/ferqui.com\/wp-content\/uploads\/2023\/10\/ferqui_cares.jpg\" alt=\"\" class=\"wp-image-435\" style=\"width:595px;height:229px\"><\/figure>\n<\/div>\n\n\n\n<div class=\"wp-block-column is-layout-flow wp-block-column-is-layout-flow\">\n<p class=\"has-white-color has-primary-background-color has-text-color has-background\"><strong>FORD E-TRANSIT &#8211; FERQUI CARES (13 + C)<\/strong><\/p>\n\n\n\n<p>Primo minibus elettrico su furgone Ford E-Transit, con capacit\u00e0 di 13 passeggeri pi\u00f9 conducente, con nome commerciale Cares.<br\/>Incorpora un bagagliaio nella parte posteriore con capacit\u00e0 per carrelli passeggeri, ha un eccellente accesso attraverso un&#8217;ampia porta elettrica e comodi gradini, oltre a un&#8217;altezza interna di 1.940 mm che consente una comoda mobilit\u00e0 all&#8217;interno dell&#8217;area passeggeri, il che lo rende un veicolo spazioso e molto confortevole. Incorpora una batteria da 75 kWh, raggiunge un&#8217;autonomia fino a 317 km.<\/p>\n\n\n\n<p>Veicolo con le ultime innovazioni tecnologiche applicate per dare al viaggiatore un elevato grado di sicurezza e comfort, oltre a un grande rispetto per l&#8217;ambiente a zero emissioni.<br\/>Ha avuto l&#8217;eccezionale collaborazione del team Ford Otosan.<\/p>\n\n\n\n<div style=\"height:57px\" aria-hidden=\"true\" class=\"wp-block-spacer\"><\/div>\n<\/div>\n<\/div>\n\n<div class=\"wp-block-columns is-layout-flex wp-container-core-columns-is-layout-28f84493 wp-block-columns-is-layout-flex\">\n<div class=\"wp-block-column is-layout-flow wp-block-column-is-layout-flow\">\n<figure class=\"wp-block-image size-full\"><img loading=\"lazy\" decoding=\"async\" width=\"1379\" height=\"657\" src=\"https:\/\/ferqui.com\/wp-content\/uploads\/2023\/10\/CARES-FERQUI-SEC.-01.png\" alt=\"\" class=\"wp-image-438\" srcset=\"https:\/\/ferqui.com\/wp-content\/uploads\/2023\/10\/CARES-FERQUI-SEC.-01.png 1379w, https:\/\/ferqui.com\/wp-content\/uploads\/2023\/10\/CARES-FERQUI-SEC.-01-800x381.png 800w, https:\/\/ferqui.com\/wp-content\/uploads\/2023\/10\/CARES-FERQUI-SEC.-01-768x366.png 768w\" sizes=\"auto, (max-width: 1379px) 100vw, 1379px\" \/><\/figure>\n<\/div>\n\n\n\n<div class=\"wp-block-column is-layout-flow wp-block-column-is-layout-flow\">\n<figure class=\"wp-block-image size-full\"><img loading=\"lazy\" decoding=\"async\" width=\"1379\" height=\"657\" src=\"https:\/\/ferqui.com\/wp-content\/uploads\/2023\/10\/CARES-FERQUI-SEC.-02.png\" alt=\"\" class=\"wp-image-439\" srcset=\"https:\/\/ferqui.com\/wp-content\/uploads\/2023\/10\/CARES-FERQUI-SEC.-02.png 1379w, https:\/\/ferqui.com\/wp-content\/uploads\/2023\/10\/CARES-FERQUI-SEC.-02-800x381.png 800w, https:\/\/ferqui.com\/wp-content\/uploads\/2023\/10\/CARES-FERQUI-SEC.-02-768x366.png 768w\" sizes=\"auto, (max-width: 1379px) 100vw, 1379px\" \/><\/figure>\n<\/div>\n<\/div>\n\n<div style=\"height:57px\" aria-hidden=\"true\" class=\"wp-block-spacer\"><\/div>\n\n<div class=\"wp-block-columns is-layout-flex wp-container-core-columns-is-layout-28f84493 wp-block-columns-is-layout-flex\">\n<div class=\"wp-block-column is-layout-flow wp-block-column-is-layout-flow\">\n<div style=\"height:69px\" aria-hidden=\"true\" class=\"wp-block-spacer\"><\/div>\n\n\n\n<ul class=\"wp-block-list\">\n<li>Fino a 13 posti pi\u00f9 conducente<\/li>\n\n\n\n<li>Motore elettrico da 430 Nm<\/li>\n\n\n\n<li>Cambio automatico con manopola<\/li>\n\n\n\n<li>Trazione posteriore<\/li>\n\n\n\n<li>Avviamento senza chiave<\/li>\n\n\n\n<li>Freno a mano elettrico<\/li>\n\n\n\n<li>Batteria posizionata sotto il pianale del veicolo e protetta da una struttura perimetrale contro possibili urti<\/li>\n<\/ul>\n<\/div>\n\n\n\n<div class=\"wp-block-column is-layout-flow wp-block-column-is-layout-flow\">\n<div style=\"height:69px\" aria-hidden=\"true\" class=\"wp-block-spacer\"><\/div>\n\n\n\n<ul class=\"wp-block-list\">\n<li>Batteria da 75 Kwh (68 Kwh utilizzabili)<\/li>\n\n\n\n<li>Ricarica alternata da 11 kW, passando dal 10% al 100% in 7 ore<\/li>\n\n\n\n<li>Ricarica rapida continua da 115 kW, passando dal 15% all&#8217;80% in 34 minuti<\/li>\n\n\n\n<li>Autonomia fino a 317 Km.<\/li>\n\n\n\n<li>Garanzia batteria: 8 anni \/ 160.000 Km.<\/li>\n\n\n\n<li>Porta di servizio scorrevole elettrica<\/li>\n\n\n\n<li>Parabrezza anteriore riscaldato<\/li>\n\n\n\n<li>Vetri laterali oscurati<\/li>\n<\/ul>\n<\/div>\n\n\n\n<div class=\"wp-block-column is-layout-flow wp-block-column-is-layout-flow\">\n<p class=\"has-white-color has-primary-background-color has-text-color has-background\"><strong>DOTAZIONI STANDARD<\/strong><\/p>\n\n\n\n<ul class=\"wp-block-list\">\n<li>Sedili riscaldati del conducente e del passeggero anteriore<\/li>\n\n\n\n<li>Sedile del conducente regolabile elettricamente<\/li>\n\n\n\n<li>Display da 12&#8243; con climatizzatore e navigazione integrati<\/li>\n\n\n\n<li>Telecamera a 360\u00b0<\/li>\n\n\n\n<li>Rilevamento dell&#8217;angolo cieco con mantenimento della corsia<\/li>\n\n\n\n<li>Sistema di assistenza pre-collisione agli incroci e ai tamponamenti<\/li>\n\n\n\n<li>Lane Departure Assist &amp; Alert<\/li>\n\n\n\n<li>Veicolo connesso con soluzioni telematiche<\/li>\n<\/ul>\n<\/div>\n<\/div>\n\n<div class=\"wp-block-columns alignfull has-text-color has-background is-layout-flex wp-container-core-columns-is-layout-b6100464 wp-block-columns-is-layout-flex\" style=\"color:#000000;background-color:#ffffff\">\n<div class=\"wp-block-column is-layout-flow wp-block-column-is-layout-flow\"><\/div>\n\n\n\n<div class=\"wp-block-column is-layout-flow wp-block-column-is-layout-flow\">\n<p class=\"autobus__ficha-tecnica has-white-color has-primary-background-color has-text-color has-background\" style=\"margin-top:var(--wp--preset--spacing--40);padding-top:0.25em;padding-right:1em;padding-bottom:0.25em;padding-left:1em\"><a href=\"https:\/\/ferqui.com\/wp-content\/uploads\/2025\/03\/FICHA_CARES_ESP.pdf\" target=\"_blank\" rel=\"noreferrer noopener\"><strong>FOGLIO<\/strong> <img loading=\"lazy\" decoding=\"async\" width=\"40\" height=\"40\" class=\"wp-image-3453\" style=\"width: 40px;\" src=\"https:\/\/ferqui.com\/wp-content\/uploads\/2025\/03\/pdf.png\" alt=\"\" srcset=\"https:\/\/ferqui.com\/wp-content\/uploads\/2025\/03\/pdf.png 512w, https:\/\/ferqui.com\/wp-content\/uploads\/2025\/03\/pdf-500x500.png 500w\" sizes=\"auto, (max-width: 40px) 100vw, 40px\" \/><\/a><\/p>\n\n\n\n<p class=\"autobus__video has-white-color has-primary-background-color has-text-color has-background\" style=\"margin-top:var(--wp--preset--spacing--40);padding-top:0.25em;padding-right:1em;padding-bottom:0.25em;padding-left:1em\"><a href=\"https:\/\/ferqui.com\/wp-content\/uploads\/2025\/03\/ferqui_cares_esp.mp4\" target=\"_blank\" rel=\"noreferrer noopener\"><strong>GUARDA IL VIDEO<\/strong> <img loading=\"lazy\" decoding=\"async\" width=\"40\" height=\"40\" class=\"wp-image-3457\" style=\"width: 40px;\" src=\"https:\/\/ferqui.com\/wp-content\/uploads\/2025\/03\/boton-de-play.png\" alt=\"\" srcset=\"https:\/\/ferqui.com\/wp-content\/uploads\/2025\/03\/boton-de-play.png 512w, https:\/\/ferqui.com\/wp-content\/uploads\/2025\/03\/boton-de-play-500x500.png 500w\" sizes=\"auto, (max-width: 40px) 100vw, 40px\" \/><\/a><\/p>\n<\/div>\n<\/div>\n","protected":false},"excerpt":{"rendered":"<p>FORD E-TRANSIT &#8211; FERQUI CARES (13 + C) Primo minibus elettrico su furgone Ford E-Transit, con capacit\u00e0 di 13 passeggeri pi\u00f9 conducente, con nome commerciale Cares.Incorpora un bagagliaio nella parte posteriore con capacit\u00e0 per carrelli passeggeri, ha un eccellente accesso attraverso un&#8217;ampia porta elettrica e comodi gradini, oltre a un&#8217;altezza interna di 1.940 mm che [&hellip;]<\/p>\n","protected":false},"author":1,"featured_media":0,"parent":0,"menu_order":0,"comment_status":"closed","ping_status":"closed","template":"","meta":{"footnotes":""},"class_list":["post-2318","page","type-page","status-publish","hentry"],"_links":{"self":[{"href":"https:\/\/ferqui.com\/it\/wp-json\/wp\/v2\/pages\/2318","targetHints":{"allow":["GET"]}}],"collection":[{"href":"https:\/\/ferqui.com\/it\/wp-json\/wp\/v2\/pages"}],"about":[{"href":"https:\/\/ferqui.com\/it\/wp-json\/wp\/v2\/types\/page"}],"author":[{"embeddable":true,"href":"https:\/\/ferqui.com\/it\/wp-json\/wp\/v2\/users\/1"}],"replies":[{"embeddable":true,"href":"https:\/\/ferqui.com\/it\/wp-json\/wp\/v2\/comments?post=2318"}],"version-history":[{"count":4,"href":"https:\/\/ferqui.com\/it\/wp-json\/wp\/v2\/pages\/2318\/revisions"}],"predecessor-version":[{"id":3558,"href":"https:\/\/ferqui.com\/it\/wp-json\/wp\/v2\/pages\/2318\/revisions\/3558"}],"wp:attachment":[{"href":"https:\/\/ferqui.com\/it\/wp-json\/wp\/v2\/media?parent=2318"}],"curies":[{"name":"wp","href":"https:\/\/api.w.org\/{rel}","templated":true}]}}