{"id":2342,"date":"2023-09-29T16:49:50","date_gmt":"2023-09-29T14:49:50","guid":{"rendered":"https:\/\/ferqui.com\/responsabilidad-social-corporativa\/"},"modified":"2024-03-01T12:46:05","modified_gmt":"2024-03-01T11:46:05","slug":"responsabilidad-social-corporativa","status":"publish","type":"page","link":"https:\/\/ferqui.com\/it\/responsabilidad-social-corporativa\/","title":{"rendered":"RESPONSABILIT\u00c0 SOCIALE D&#8217;IMPRESA"},"content":{"rendered":"\n<p data-aos=\"fade-up\" data-aos-duration=\"1400\">Fin dalla sua nascita, CARROCER\u00cdAS FERQUI S.L. ha concentrato i suoi sforzi sulla gestione proattiva degli impatti derivanti dalla sua attivit\u00e0, impegnandosi nei confronti dei diversi attori coinvolti, come clienti, dipendenti, azionisti, comunit\u00e0 locali, ambiente e societ\u00e0 nel suo complesso, riuscendo a formare sinergie di ogni tipo.<\/p>\n\n<p class=\"has-contrast-color has-text-color has-link-color wp-elements-c886cf57c825b638e3882baab710e99f\" data-aos=\"fade-up\" data-aos-duration=\"1400\">Nel corso di oltre mezzo secolo, l&#8217;azienda ha costruito un forte impegno per la responsabilit\u00e0 sociale d&#8217;impresa. Il suo approccio \u00e8 caratterizzato dall&#8217;esecuzione del proprio core business in modo etico e sostenibile, ponendo le persone al centro della propria mission aziendale. La visione di CARROCER\u00cdAS FERQUI S.L. proietta nel futuro obiettivi incentrati sulla sostenibilit\u00e0, offrendo prodotti con i pi\u00f9 alti standard di qualit\u00e0 e operando in modo responsabile ed efficiente.<\/p>\n\n<div class=\"wp-block-columns is-layout-flex wp-container-core-columns-is-layout-28f84493 wp-block-columns-is-layout-flex\">\n<div class=\"wp-block-column is-layout-flow wp-block-column-is-layout-flow\" style=\"flex-basis:100%\">\n<p data-aos=\"fade-up\" data-aos-duration=\"1400\">CARROCER\u00cdAS FERQUI S.L. mantiene una costante dedizione alla promozione di una cultura etica e di conformit\u00e0, sottolineando l&#8217;importanza della formazione professionale dei suoi dipendenti e della formazione continua su questi temi, con un Codice Etico, Conformit\u00e0 Normativa e politiche attive sull&#8217;uguaglianza. Sostiene inoltre attivamente lo sviluppo degli ambienti sociali in cui opera, sostenendo l&#8217;uso sostenibile delle risorse naturali necessarie alla sua attivit\u00e0.<\/p>\n\n\n\n<p>Per tutti questi motivi, con l&#8217;obiettivo di continuare a migliorare e al fine di facilitare la comunicazione e la segnalazione delle comunicazioni, sia per il personale aziendale che esterno ad essa, CARROCER\u00cdAS FERQUI S.L. ha implementato un sistema informativo interno o &#8220;canale di segnalazione&#8221; accessibile tramite l&#8217;indirizzo e-mail: &#8220;<a href=\"https:\/\/mailto:canaletico@ferqui.com\" target=\"_blank\" rel=\"noreferrer noopener\">canaletico@ferqui.com<\/a>.&#8221;<br\/><br\/>Per ulteriori informazioni sulle modalit\u00e0 di rendicontazione o su altri aspetti legati alla responsabilit\u00e0 sociale d&#8217;impresa, si invita a consultare il seguente link: <a href=\"https:\/\/ferqui.com\/it\/responsabilidad-social-corporativa\/canal-etico\/\" target=\"_blank\" rel=\"noreferrer noopener\">\n  <strong>\n    <em>Canale Etico<\/em>\n  <\/strong>\n<\/a>, <a href=\"https:\/\/ferqui.com\/it\/responsabilidad-social-corporativa\/codigo-etico\/\" target=\"_blank\" rel=\"noreferrer noopener\">\n  <strong>\n    <em>Codice Etico<\/em>\n  <\/strong>\n<\/a>, <a href=\"https:\/\/ferqui.com\/it\/politica-de-igualdad\/\" target=\"_blank\" rel=\"noreferrer noopener\">\n  <strong>\n    <em>Politica per le<\/em>\n  <\/strong>\n<\/a> <em>\n  <strong><a href=\"https:\/\/ferqui.com\/it\/politica-integrada\/\" target=\"_blank\" rel=\"noreferrer noopener\">Pari Opportunit\u00e0 e Politica Integrata<\/a>.<\/strong>\n<\/em><\/p>\n\n\n\n<p><\/p>\n<\/div>\n<\/div>\n\n<figure class=\"wp-block-image size-full is-resized has-custom-border is-style-rounded wp-duotone-unset-1\" data-aos=\"fade-up\" data-aos-duration=\"1850\"><img loading=\"lazy\" decoding=\"async\" width=\"2362\" height=\"1467\" src=\"https:\/\/ferqui.com\/wp-content\/uploads\/2024\/01\/shutterstock_65736883.jpg\" alt=\"\" class=\"wp-image-1081\" style=\"border-style:none;border-width:0px;border-radius:100px;aspect-ratio:1.7777777777777777;object-fit:contain;width:849px;height:auto\" srcset=\"https:\/\/ferqui.com\/wp-content\/uploads\/2024\/01\/shutterstock_65736883.jpg 2362w, https:\/\/ferqui.com\/wp-content\/uploads\/2024\/01\/shutterstock_65736883-800x497.jpg 800w, https:\/\/ferqui.com\/wp-content\/uploads\/2024\/01\/shutterstock_65736883-1600x994.jpg 1600w, https:\/\/ferqui.com\/wp-content\/uploads\/2024\/01\/shutterstock_65736883-768x477.jpg 768w, https:\/\/ferqui.com\/wp-content\/uploads\/2024\/01\/shutterstock_65736883-1536x954.jpg 1536w, https:\/\/ferqui.com\/wp-content\/uploads\/2024\/01\/shutterstock_65736883-2048x1272.jpg 2048w\" sizes=\"auto, (max-width: 2362px) 100vw, 2362px\" \/><\/figure>","protected":false},"excerpt":{"rendered":"<p>Fin dalla sua nascita, CARROCER\u00cdAS FERQUI S.L. ha concentrato i suoi sforzi sulla gestione proattiva degli impatti derivanti dalla sua attivit\u00e0, impegnandosi nei confronti dei diversi attori coinvolti, come clienti, dipendenti, azionisti, comunit\u00e0 locali, ambiente e societ\u00e0 nel suo complesso, riuscendo a formare sinergie di ogni tipo. Nel corso di oltre mezzo secolo, l&#8217;azienda ha [&hellip;]<\/p>\n","protected":false},"author":1,"featured_media":0,"parent":0,"menu_order":0,"comment_status":"closed","ping_status":"closed","template":"","meta":{"footnotes":""},"class_list":["post-2342","page","type-page","status-publish","hentry"],"_links":{"self":[{"href":"https:\/\/ferqui.com\/it\/wp-json\/wp\/v2\/pages\/2342","targetHints":{"allow":["GET"]}}],"collection":[{"href":"https:\/\/ferqui.com\/it\/wp-json\/wp\/v2\/pages"}],"about":[{"href":"https:\/\/ferqui.com\/it\/wp-json\/wp\/v2\/types\/page"}],"author":[{"embeddable":true,"href":"https:\/\/ferqui.com\/it\/wp-json\/wp\/v2\/users\/1"}],"replies":[{"embeddable":true,"href":"https:\/\/ferqui.com\/it\/wp-json\/wp\/v2\/comments?post=2342"}],"version-history":[{"count":3,"href":"https:\/\/ferqui.com\/it\/wp-json\/wp\/v2\/pages\/2342\/revisions"}],"predecessor-version":[{"id":2644,"href":"https:\/\/ferqui.com\/it\/wp-json\/wp\/v2\/pages\/2342\/revisions\/2644"}],"wp:attachment":[{"href":"https:\/\/ferqui.com\/it\/wp-json\/wp\/v2\/media?parent=2342"}],"curies":[{"name":"wp","href":"https:\/\/api.w.org\/{rel}","templated":true}]}}