{"id":2346,"date":"2023-09-29T13:59:33","date_gmt":"2023-09-29T11:59:33","guid":{"rendered":"https:\/\/ferqui.com\/politica-de-igualdad\/"},"modified":"2025-02-20T11:05:59","modified_gmt":"2025-02-20T10:05:59","slug":"politica-de-igualdad","status":"publish","type":"page","link":"https:\/\/ferqui.com\/it\/politica-de-igualdad\/","title":{"rendered":"Uguaglianza"},"content":{"rendered":"\n<p>La Direzione di CARROCER\u00cdAS FERQUI, S.L., basa la sua politica di uguaglianza sui seguenti principi e impegni:<\/p>\n\n<p><br\/>\u25aa Tutti i dipendenti hanno il diritto al rispetto della propria dignit\u00e0, nonch\u00e9 l&#8217;obbligo di trattare con rispetto le persone con cui interagiscono per motivi di lavoro (clienti, fornitori, ecc.). Pertanto, la direzione dell&#8217;azienda dichiara che le molestie sessuali e\/o le molestie basate sul sesso non saranno consentite o tollerate in nessun caso. Non dovrebbero essere ignorati. E saranno puniti pesantemente.<\/p>\n\n<p><br\/>\u25aa L&#8217;azienda si impegna a stabilire meccanismi per l&#8217;individuazione di nuove disuguaglianze, nonch\u00e9 a implementare le procedure necessarie che contribuiscano al miglioramento continuo in termini di uguaglianza.<\/p>\n\n<p><br\/>\u25aa CARROCER\u00cdAS FERQUI, S.L. \u00e8 uno dei gruppi imprenditoriali con pi\u00f9 di 50 lavoratori, motivo per cui ha elaborato e sta attuando un Piano di Uguaglianza con la portata e il contenuto stabiliti dalla legge, che \u00e8 stato oggetto di negoziazione con la Rappresentanza Sociale, e quindi esprime l&#8217;obbligo normativo e anche l&#8217;obbligo morale e sociale.  per conformarsi ad essa.<\/p>\n\n<p><br\/>\u25aa Le nuove normative sono molto attive in termini di disposizioni aggiuntive in materia di Lavoro e Previdenza Sociale, rispetto delle norme di legge e dei regolamenti interni dell&#8217;azienda, che rappresentano uno degli obiettivi prioritari per l&#8217;azienda, in termini di uguaglianza e violenza di genere.<\/p>\n\n<p><br\/>\u25aa Stabilire una cultura del miglioramento continuo, attraverso la definizione di obiettivi di uguaglianza che saranno periodicamente rivisti.<br\/>Al fine di continuare ad avanzare nella gestione dell&#8217;uguaglianza, questa politica sar\u00e0 rivista periodicamente per il suo continuo adattamento, viene comunicata e comunicata a tutte le persone che lavorano per l&#8217;organizzazione e viene mantenuta a disposizione delle parti interessate.<\/p>\n\n<p><br\/><strong>Firmato a Nore\u00f1a, il 12 febbraio 2024.<\/strong><\/p>\n\n<div style=\"height:100px\" aria-hidden=\"true\" class=\"wp-block-spacer\"><\/div>\n\n<div class=\"wp-block-columns is-layout-flex wp-container-core-columns-is-layout-28f84493 wp-block-columns-is-layout-flex\">\n<div class=\"wp-block-column is-layout-flow wp-block-column-is-layout-flow\">\n<div class=\"wp-block-file alignright\"><a id=\"wp-block-file--media-64a3041e-8975-4e7f-8017-7c274a2382de\" href=\"https:\/\/ferqui.com\/wp-content\/uploads\/2024\/02\/24-02-12-Politica_Igualdad.pdf\">Politica per l&#8217;uguaglianza<\/a><a href=\"https:\/\/ferqui.com\/wp-content\/uploads\/2024\/02\/24-02-12-Politica_Igualdad.pdf\" class=\"wp-block-file__button wp-element-button\" download=\"\" aria-describedby=\"wp-block-file--media-64a3041e-8975-4e7f-8017-7c274a2382de\">Scarica<\/a><\/div>\n<\/div>\n\n\n\n<div class=\"wp-block-column is-layout-flow wp-block-column-is-layout-flow\">\n<div class=\"wp-block-file alignright\"><a id=\"wp-block-file--media-6aa94b02-de9f-41a6-9da4-ac0e75cd258f\" href=\"https:\/\/ferqui.com\/wp-content\/uploads\/2025\/02\/H.-PROTOCOLO-CONTRA-EL-ACOSO-SEXUAL.pdf\">H.- PROTOCOLLO CONTRO LE MOLESTIE SESSUALI<\/a><a href=\"https:\/\/ferqui.com\/wp-content\/uploads\/2025\/02\/H.-PROTOCOLO-CONTRA-EL-ACOSO-SEXUAL.pdf\" class=\"wp-block-file__button wp-element-button\" download=\"\" aria-describedby=\"wp-block-file--media-6aa94b02-de9f-41a6-9da4-ac0e75cd258f\">Scarica<\/a><\/div>\n<\/div>\n\n\n\n<div class=\"wp-block-column is-layout-flow wp-block-column-is-layout-flow\">\n<div class=\"wp-block-file alignright\"><a id=\"wp-block-file--media-7b1b45b9-702c-4beb-ab6a-92ef1f5678db\" href=\"https:\/\/ferqui.com\/wp-content\/uploads\/2025\/02\/K.-PROTOCOLO-CONTRA-EL-ACOSO-POR-ORIENTACION-SEXUAL.pdf\">K.- PROTOCOLLO CONTRO LE MOLESTIE-ORIENTAMENTO SESSUALE<\/a><a href=\"https:\/\/ferqui.com\/wp-content\/uploads\/2025\/02\/K.-PROTOCOLO-CONTRA-EL-ACOSO-POR-ORIENTACION-SEXUAL.pdf\" class=\"wp-block-file__button wp-element-button\" download=\"\" aria-describedby=\"wp-block-file--media-7b1b45b9-702c-4beb-ab6a-92ef1f5678db\">Scarica<\/a><\/div>\n<\/div>\n<\/div>\n\n<p><\/p>\n","protected":false},"excerpt":{"rendered":"<p>La Direzione di CARROCER\u00cdAS FERQUI, S.L., basa la sua politica di uguaglianza sui seguenti principi e impegni: \u25aa Tutti i dipendenti hanno il diritto al rispetto della propria dignit\u00e0, nonch\u00e9 l&#8217;obbligo di trattare con rispetto le persone con cui interagiscono per motivi di lavoro (clienti, fornitori, ecc.). Pertanto, la direzione dell&#8217;azienda dichiara che le molestie [&hellip;]<\/p>\n","protected":false},"author":1,"featured_media":0,"parent":0,"menu_order":0,"comment_status":"closed","ping_status":"closed","template":"","meta":{"footnotes":""},"class_list":["post-2346","page","type-page","status-publish","hentry"],"_links":{"self":[{"href":"https:\/\/ferqui.com\/it\/wp-json\/wp\/v2\/pages\/2346","targetHints":{"allow":["GET"]}}],"collection":[{"href":"https:\/\/ferqui.com\/it\/wp-json\/wp\/v2\/pages"}],"about":[{"href":"https:\/\/ferqui.com\/it\/wp-json\/wp\/v2\/types\/page"}],"author":[{"embeddable":true,"href":"https:\/\/ferqui.com\/it\/wp-json\/wp\/v2\/users\/1"}],"replies":[{"embeddable":true,"href":"https:\/\/ferqui.com\/it\/wp-json\/wp\/v2\/comments?post=2346"}],"version-history":[{"count":5,"href":"https:\/\/ferqui.com\/it\/wp-json\/wp\/v2\/pages\/2346\/revisions"}],"predecessor-version":[{"id":3117,"href":"https:\/\/ferqui.com\/it\/wp-json\/wp\/v2\/pages\/2346\/revisions\/3117"}],"wp:attachment":[{"href":"https:\/\/ferqui.com\/it\/wp-json\/wp\/v2\/media?parent=2346"}],"curies":[{"name":"wp","href":"https:\/\/api.w.org\/{rel}","templated":true}]}}