{"id":2348,"date":"2023-09-29T13:45:53","date_gmt":"2023-09-29T11:45:53","guid":{"rendered":"https:\/\/ferqui.com\/politica-integrada\/"},"modified":"2025-05-08T14:02:40","modified_gmt":"2025-05-08T12:02:40","slug":"politica-integrada","status":"publish","type":"page","link":"https:\/\/ferqui.com\/it\/politica-integrada\/","title":{"rendered":"Politica Integrata"},"content":{"rendered":"\n<h2 class=\"wp-block-heading\">(Salute e Sicurezza sul Lavoro, Qualit\u00e0 e Ambiente)<\/h2>\n\n<p>CARROCER\u00cdAS FERQUI S.L. \u00e8 un&#8217;azienda del settore metalmeccanico \/ automobilistico che sviluppa attivit\u00e0 di Progettazione e produzione di carrozzerie per minibus e midibuses.<\/p>\n\n<p>La politica di gestione integrata fornisce un quadro di riferimento per stabilire gli obiettivi e i principi per la gestione della sicurezza informatica in tutti i processi relativi al ciclo di vita dei prodotti che integrano i sistemi elettronici ed elettrici dei veicoli.<\/p>\n\n<p>L&#8217;Organizzazione si impegna a raggiungere la soddisfazione dei propri clienti garantendo la massima qualit\u00e0 in tutti i suoi processi produttivi, a fornire un ambiente e condizioni di lavoro pi\u00f9 sicuri e sani, eliminando i pericoli e riducendo i rischi per la SSL, nonch\u00e9 il deterioramento della salute del proprio personale e ad attuare misure per prevenire l&#8217;inquinamento e l&#8217;uso sostenibile delle risorse. Allo stesso modo, la Direzione si impegna a garantire risorse adeguate, a rispettare i requisiti normativi e a promuovere una cultura della sicurezza informatica. <\/p>\n\n<p>I pilastri su cui si basa la Politica Integrata di CARROCERIAS FERQUI, S.L. sono:<\/p>\n\n<ul class=\"wp-block-list\">\n<li>Svolgere il nostro lavoro quotidiano, con la massima qualit\u00e0 nell&#8217;innovazione permanente, in modo da fornire ai nostri clienti sicurezza, comfort e redditivit\u00e0 nei loro investimenti in carrozzeria.<\/li>\n\n\n\n<li>Garantire un servizio post-vendita agile che risolva le richieste dei nostri clienti, offrendo la consulenza di un team di professionisti di grande esperienza.<\/li>\n\n\n\n<li>Identificare, comunicare e rispettare i requisiti legali o normativi applicabili, nonch\u00e9 i requisiti del cliente e altri requisiti che l&#8217;organizzazione sottoscrive.<\/li>\n\n\n\n<li>Attuare processi che favoriscano la prevenzione dei danni e del deterioramento della salute del proprio personale e delle persone che accedono ai luoghi di lavoro.<\/li>\n\n\n\n<li>Promuovere la formazione e la sensibilizzazione del personale sugli aspetti legati alla salute e sicurezza sul lavoro e agli aspetti ambientali legati alla nostra attivit\u00e0. Informare e formare in modo approfondito i nostri dipendenti sui rischi legati alla nostra attivit\u00e0 e alle loro funzioni. Promuovere un efficace coordinamento interno ed esterno sugli aspetti critici della sicurezza informatica e fornire una formazione continua al personale interessato su minacce, rischi e misure di mitigazione.<\/li>\n\n\n\n<li>Promuovere attivit\u00e0 di consultazione e partecipazione da parte del personale, nonch\u00e9 dei loro rappresentanti.<\/li>\n\n\n\n<li>Ridurre gli impatti ambientali generati dall&#8217;uso e dalla manipolazione di sostanze chimiche e pericolose, dal consumo di acqua ed energia, dal consumo di carburante, dalla generazione di emissioni, rumore e scarichi e da una gestione inadeguata dei rifiuti.<\/li>\n\n\n\n<li>Ricercare una maggiore compatibilit\u00e0 ambientale dei materiali utilizzati, tenendo conto del loro ciclo di vita e utilizzando le materie prime, l&#8217;energia e l&#8217;acqua con la massima parsimonia possibile. Richiedere ai nostri fornitori di soddisfare speciali standard ambientali.<\/li>\n\n\n\n<li>Migliorare continuamente la gestione della Qualit\u00e0, della Salute e Sicurezza sul Lavoro e dell&#8217;Ambiente e le prestazioni dell&#8217;organizzazione in tutti i sensi.<\/li>\n\n\n\n<li>Implementare e mantenere un sistema di gestione della sicurezza informatica conforme alle normative che consenta di sviluppare misure di sicurezza durante l&#8217;intero ciclo di vita dei sistemi del veicolo.<\/li>\n\n\n\n<li>Identificare, valutare e affrontare i rischi per la cibersicurezza utilizzando la metodologia TARA su base continuativa.<\/li>\n\n\n\n<li>Stabilire procedure di segnalazione e risposta per gli incidenti e le vulnerabilit\u00e0 rilevate.<\/li>\n<\/ul>\n\n<p>La Direzione riconosce come suo obiettivo ultimo il miglioramento continuo del Sistema di Gestione, il miglioramento della soddisfazione del cliente, la prevenzione dei danni e del deterioramento della salute, la protezione dell&#8217;ambiente e la prevenzione dell&#8217;inquinamento e della sicurezza informatica dei propri prodotti. Pertanto, gli obiettivi prefissati cercheranno di migliorare in questi quattro aspetti, tenendo conto dell&#8217;adeguatezza del prodotto con le aspettative del cliente. <\/p>\n\n<p><br\/><strong>15 aprile 2025<\/strong><\/p>\n\n<div class=\"wp-block-file alignright\"><a id=\"wp-block-file--media-a5284597-9f2c-488d-9508-1d6d87fb3eb7\" href=\"https:\/\/ferqui.com\/wp-content\/uploads\/2025\/05\/Politica_Integrada_ferqui-Abril-2025.pdf\">Politica integrata<\/a><a href=\"https:\/\/ferqui.com\/wp-content\/uploads\/2025\/05\/Politica_Integrada_ferqui-Abril-2025.pdf\" class=\"wp-block-file__button wp-element-button\" download=\"\" aria-describedby=\"wp-block-file--media-a5284597-9f2c-488d-9508-1d6d87fb3eb7\">Scarica<\/a><\/div>\n\n<div class=\"wp-block-file alignright\"><a id=\"wp-block-file--media-c8273a34-f59c-44d8-8671-195c21d72f45\" href=\"https:\/\/ferqui.com\/wp-content\/uploads\/2024\/11\/CARROCERIAS-FERQUI_ISO45001_2024-01.pdf\">CORPI FERQUI_ISO45001_2024-01<\/a><a href=\"https:\/\/ferqui.com\/wp-content\/uploads\/2024\/11\/CARROCERIAS-FERQUI_ISO45001_2024-01.pdf\" class=\"wp-block-file__button wp-element-button\" download=\"\" aria-describedby=\"wp-block-file--media-c8273a34-f59c-44d8-8671-195c21d72f45\">Scarica<\/a><\/div>\n\n<div class=\"wp-block-file alignright\"><a id=\"wp-block-file--media-878076b5-f10a-4221-9ebd-b69633042413\" href=\"https:\/\/ferqui.com\/wp-content\/uploads\/2024\/11\/CARROCERIAS-FERQUI_ISO9001_2024-01.pdf\">CORPI FERQUI_ISO9001_2024-01<\/a><a href=\"https:\/\/ferqui.com\/wp-content\/uploads\/2024\/11\/CARROCERIAS-FERQUI_ISO9001_2024-01.pdf\" class=\"wp-block-file__button wp-element-button\" download=\"\" aria-describedby=\"wp-block-file--media-878076b5-f10a-4221-9ebd-b69633042413\">Scarica<\/a><\/div>\n\n<div class=\"wp-block-file alignright\"><a id=\"wp-block-file--media-d0c8e508-f1c5-4f13-9258-9608a8b6e4aa\" href=\"https:\/\/ferqui.com\/wp-content\/uploads\/2024\/11\/CARROCERIAS-FERQUI_ISO14001_2024-01.pdf\">CORPI FERQUI_ISO14001_2024-01<\/a><a href=\"https:\/\/ferqui.com\/wp-content\/uploads\/2024\/11\/CARROCERIAS-FERQUI_ISO14001_2024-01.pdf\" class=\"wp-block-file__button wp-element-button\" download=\"\" aria-describedby=\"wp-block-file--media-d0c8e508-f1c5-4f13-9258-9608a8b6e4aa\">Scarica<\/a><\/div>\n","protected":false},"excerpt":{"rendered":"<p>(Salute e Sicurezza sul Lavoro, Qualit\u00e0 e Ambiente) CARROCER\u00cdAS FERQUI S.L. \u00e8 un&#8217;azienda del settore metalmeccanico \/ automobilistico che sviluppa attivit\u00e0 di Progettazione e produzione di carrozzerie per minibus e midibuses. La politica di gestione integrata fornisce un quadro di riferimento per stabilire gli obiettivi e i principi per la gestione della sicurezza informatica in [&hellip;]<\/p>\n","protected":false},"author":1,"featured_media":0,"parent":0,"menu_order":0,"comment_status":"closed","ping_status":"closed","template":"","meta":{"footnotes":""},"class_list":["post-2348","page","type-page","status-publish","hentry"],"_links":{"self":[{"href":"https:\/\/ferqui.com\/it\/wp-json\/wp\/v2\/pages\/2348","targetHints":{"allow":["GET"]}}],"collection":[{"href":"https:\/\/ferqui.com\/it\/wp-json\/wp\/v2\/pages"}],"about":[{"href":"https:\/\/ferqui.com\/it\/wp-json\/wp\/v2\/types\/page"}],"author":[{"embeddable":true,"href":"https:\/\/ferqui.com\/it\/wp-json\/wp\/v2\/users\/1"}],"replies":[{"embeddable":true,"href":"https:\/\/ferqui.com\/it\/wp-json\/wp\/v2\/comments?post=2348"}],"version-history":[{"count":6,"href":"https:\/\/ferqui.com\/it\/wp-json\/wp\/v2\/pages\/2348\/revisions"}],"predecessor-version":[{"id":3998,"href":"https:\/\/ferqui.com\/it\/wp-json\/wp\/v2\/pages\/2348\/revisions\/3998"}],"wp:attachment":[{"href":"https:\/\/ferqui.com\/it\/wp-json\/wp\/v2\/media?parent=2348"}],"curies":[{"name":"wp","href":"https:\/\/api.w.org\/{rel}","templated":true}]}}