{"id":2350,"date":"2023-09-28T17:21:07","date_gmt":"2023-09-28T15:21:07","guid":{"rendered":"https:\/\/ferqui.com\/responsabilidad-social-corporativa\/canal-etico\/"},"modified":"2024-03-01T12:46:18","modified_gmt":"2024-03-01T11:46:18","slug":"canal-etico","status":"publish","type":"page","link":"https:\/\/ferqui.com\/it\/responsabilidad-social-corporativa\/canal-etico\/","title":{"rendered":"Ethics Channel &#8211; Whistleblowing Channel"},"content":{"rendered":"\n<p>Lo scopo del Canale Reclami dell&#8217;Organismo Ferqui \u00e8 quello di proteggere i segnalanti da possibili illeciti o infrazioni amministrative gravi o gravissime di cui siano venuti a conoscenza sul luogo di lavoro, nonch\u00e9 di migliorare la trasparenza e l&#8217;etica che dovrebbero governare il comportamento delle persone e delle aziende nella societ\u00e0.<\/p>\n\n<p>Il Canale Whistleblowing \u00e8 il meccanismo confidenziale messo a disposizione dei dipendenti dell&#8217;azienda ricompresi nell&#8217;ambito soggettivo descritto nell&#8217;articolo 3 della Legge 2\/2023, del 20 febbraio 2023, che disciplina la tutela delle persone che segnalano violazioni normative e anticorruzione, in particolare su possibili reati o infrazioni di cui all&#8217;articolo 2 della citata legge<\/p>\n\n<p>La societ\u00e0 si \u00e8 dotata di un Sistema Informativo Interno, individuando un soggetto responsabile, e ha redatto una Politica Interna del Sistema, basata sui principi di riservatezza e anonimato, trasparenza e accessibilit\u00e0, rispetto della presunzione di innocenza, riservatezza, tutela del segnalante e miglioramento continuo.<\/p>\n\n<p>A tal fine, la societ\u00e0 ha istituito un Canale Whistleblowing composto dal seguente indirizzo email:<\/p>\n\n<p class=\"has-text-align-center\"><strong><a href=\"mailto:canaletico@ferqui.com\">canaletico@ferqui.com<\/a><\/strong><\/p>\n\n<p>Il reclamo pu\u00f2 essere presentato anche verbalmente, tramite telefonata chiedendo di parlare con il responsabile del sistema al telefono 985740420, oppure pu\u00f2 anche essere richiesto di essere presentato di persona davanti al responsabile del sistema. Se desidera rimanere anonimo, il denunciante che invia il proprio reclamo via e-mail lo far\u00e0 da un indirizzo che non lo identifica, evitando la comparsa di nomi, cognomi o dati alfanumerici che permettano di dedurne l&#8217;identit\u00e0.<\/p>\n\n<p>Entro un termine massimo di 7 giorni verr\u00e0 data risposta all&#8217;e-mail con la richiesta di informazioni sugli aspetti fondamentali del reclamo.<\/p>\n\n<p>Una volta raccolti i dati necessari, il reclamo sar\u00e0 esaminato all&#8217;interno del sistema informativo interno, garantendo la riservatezza, l&#8217;anonimato ove opportuno, la protezione dei dati personali e il rispetto della presunzione di innocenza. E&#8217; inoltre garantita l&#8217;assenza di ritorsioni nei confronti del segnalante, per cui devono essere presentate in buona fede e con indicazioni di veridicit\u00e0. L&#8217;indagine pu\u00f2 durare 3 mesi o anche fino a sei mesi nei casi pi\u00f9 difficili.<\/p>\n\n<p>Allo stesso modo, l&#8217;utente ha il diritto di ricorrere ad altri canali di informazione esterni che possono essere abilitati a tal fine dai diversi organismi pubblici e, se del caso, dinanzi alle istituzioni, agli organi o alle agenzie dell&#8217;Unione europea.<\/p>\n\n<p><\/p>\n\n<p><\/p>\n\n<p><strong>Informazioni relative ai dati personali, ai diritti, al trattamento e alla privacy:<\/strong><\/p>\n\n<figure class=\"wp-block-table\"><table><tbody><tr><td><strong>Responsabile<\/strong><\/td><td>Carrocer\u00edas Ferqui S.L<\/td><\/tr><tr><td><strong>Dati oggetto di trattamento e provenienza<\/strong><\/td><td>Tratteremo i dati che ci hai fornito e che sono necessari per indagare sul fatto segnalato.<br\/><br\/>In qualit\u00e0 di informatore, devi fornire solo quei dati che sono adeguati, minimi, pertinenti e strettamente correlati al fatto che intendi comunicare.<\/td><\/tr><tr><td><strong>Finalit\u00e0 e base giuridica del trattamento<\/strong><\/td><td>Finalit\u00e0: -Elaborare la comunicazione e decidere in merito alla sua ammissione o inammissibilit\u00e0 e, in caso di ammissione, indagare in modo confidenziale sui reclami di possibile non conformit\u00e0 e adottare le corrispondenti misure correttive e disciplinari<br\/><br\/>Base legittima: adempimento di un obbligo legale, ai sensi della legge 2\/2023 e della direttiva 2019\/1937<\/td><\/tr><tr><td><strong>Destinatari dei dati<\/strong><\/td><td>I destinatari sono i soggetti individuati nel Sistema Informativo aziendale quali responsabili dell&#8217;attuazione del Sistema e i suoi collaboratori, nonch\u00e9 quelli individuati dall&#8217;articolo 32 della Legge 2\/2023.<br\/><br\/>Saranno comunicati solo i dati minimi, essenziali e le persone necessarie per svolgere l&#8217;indagine.<\/td><\/tr><tr><td><strong>Diritti dell&#8217;interessato<\/strong><\/td><td>Gli interessati possono esercitare i propri diritti di accesso, rettifica, opposizione, cancellazione, limitazione del trattamento, portabilit\u00e0 o qualsiasi altro diritto alla protezione dei dati riconosciuto dalla normativa. L&#8217;utente pu\u00f2 esercitare tali diritti inviando una comunicazione al Responsabile della protezione dei dati <a href=\"mailto:protecci%C3%B3ndatos@ferqui.com\">all&#8217;indirizzo protecci\u00f3ndatos@ferqui.com<\/a>. L&#8217;utente pu\u00f2 inoltre proporre reclamo all&#8217;Autorit\u00e0 di controllo in qualsiasi momento.<br\/><br\/>In ogni caso, ti informiamo che, se preferisci, hai anche la facolt\u00e0 di sottoporre la tua comunicazione, alternativamente, alle autorit\u00e0 competenti attraverso i canali esterni esistenti.<\/td><\/tr><tr><td><strong>Durata del trattamento<\/strong><\/td><td>I dati personali saranno conservati nel canale solo per il tempo necessario a decidere sull&#8217;opportunit\u00e0 di avviare un&#8217;indagine sui fatti segnalati. In ogni caso, saranno rimossi dal sistema dei reclami dopo tre mesi se non \u00e8 stato avviato alcun procedimento di indagine.<br\/><br\/>Se la comunicazione \u00e8 ammessa, i dati potranno continuare ad essere trattati dal team incaricato dell&#8217;indagine. Una volta conclusa l&#8217;indagine, li conserveremo per il tempo necessario all&#8217;adozione e all&#8217;esecuzione dei provvedimenti corrispondenti e, successivamente, saranno bloccati, per prescrizione delle responsabilit\u00e0 penali, civili, commerciali, del lavoro e\/o amministrative. In nessun caso i dati saranno conservati per un periodo superiore a 10 anni.<\/td><\/tr><\/tbody><\/table><\/figure>\n<p class=\"has-text-align-center\"><strong>Carrocer\u00edas Ferqui S.L<\/strong>.<\/p>\n\n<p class=\"has-text-align-center\">Pol. Ind. La Barreda, lotto 15<\/p>\n\n<p class=\"has-text-align-center\">33180 \u2013 Nore\u00f1a \u2013 Asturie<\/p>\n","protected":false},"excerpt":{"rendered":"<p>Lo scopo del Canale Reclami dell&#8217;Organismo Ferqui \u00e8 quello di proteggere i segnalanti da possibili illeciti o infrazioni amministrative gravi o gravissime di cui siano venuti a conoscenza sul luogo di lavoro, nonch\u00e9 di migliorare la trasparenza e l&#8217;etica che dovrebbero governare il comportamento delle persone e delle aziende nella societ\u00e0. Il Canale Whistleblowing \u00e8 [&hellip;]<\/p>\n","protected":false},"author":1,"featured_media":0,"parent":2342,"menu_order":0,"comment_status":"closed","ping_status":"closed","template":"","meta":{"footnotes":""},"class_list":["post-2350","page","type-page","status-publish","hentry"],"_links":{"self":[{"href":"https:\/\/ferqui.com\/it\/wp-json\/wp\/v2\/pages\/2350","targetHints":{"allow":["GET"]}}],"collection":[{"href":"https:\/\/ferqui.com\/it\/wp-json\/wp\/v2\/pages"}],"about":[{"href":"https:\/\/ferqui.com\/it\/wp-json\/wp\/v2\/types\/page"}],"author":[{"embeddable":true,"href":"https:\/\/ferqui.com\/it\/wp-json\/wp\/v2\/users\/1"}],"replies":[{"embeddable":true,"href":"https:\/\/ferqui.com\/it\/wp-json\/wp\/v2\/comments?post=2350"}],"version-history":[{"count":3,"href":"https:\/\/ferqui.com\/it\/wp-json\/wp\/v2\/pages\/2350\/revisions"}],"predecessor-version":[{"id":2675,"href":"https:\/\/ferqui.com\/it\/wp-json\/wp\/v2\/pages\/2350\/revisions\/2675"}],"up":[{"embeddable":true,"href":"https:\/\/ferqui.com\/it\/wp-json\/wp\/v2\/pages\/2342"}],"wp:attachment":[{"href":"https:\/\/ferqui.com\/it\/wp-json\/wp\/v2\/media?parent=2350"}],"curies":[{"name":"wp","href":"https:\/\/api.w.org\/{rel}","templated":true}]}}