{"id":2352,"date":"2023-09-28T17:15:25","date_gmt":"2023-09-28T15:15:25","guid":{"rendered":"https:\/\/ferqui.com\/responsabilidad-social-corporativa\/codigo-etico\/"},"modified":"2024-03-01T12:46:22","modified_gmt":"2024-03-01T11:46:22","slug":"codigo-etico","status":"publish","type":"page","link":"https:\/\/ferqui.com\/it\/responsabilidad-social-corporativa\/codigo-etico\/","title":{"rendered":"Codice Etico"},"content":{"rendered":"\n<h3 class=\"wp-block-heading\">1. Lealt\u00e0 all&#8217;azienda<\/h3>\n\n<p>Tutti i soggetti soggetti al presente Codice Etico devono agire con lealt\u00e0, cercando di evitare situazioni che possano arrecare danno all&#8217;azienda o generare conflitti di interesse.<\/p>\n\n<h3 class=\"wp-block-heading\">2. Costruzione della reputazione<\/h3>\n\n<p>CARROCER\u00cdAS FERQUI S.L. e il suo team di professionisti svolgono il loro lavoro con solvibilit\u00e0, onest\u00e0, lealt\u00e0 e impegno, rafforzando, giorno dopo giorno, il nome della loro azienda.<\/p>\n\n<h3 class=\"wp-block-heading\">3. Diritti umani e protezione delle persone<\/h3>\n\n<p>Tutte le azioni e le pratiche compiute dalle persone soggette al presente codice etico devono essere compiute in conformit\u00e0 e scrupolosamente nel rispetto delle disposizioni della Dichiarazione Universale dei Diritti dell&#8217;Uomo; i principi guida su imprese e diritti umani; nella Dichiarazione dell&#8217;OIL sui principi fondamentali del diritto del lavoro e nel Global Compact delle Nazioni Unite sui diritti umani, il lavoro, l&#8217;ambiente e la lotta alla corruzione. Inoltre, si impegna a non ricorrere al lavoro minorile, forzato, coercitivo e a non assumere lavoratori stabiliti illegalmente in Spagna.<\/p>\n\n<h3 class=\"wp-block-heading\">4. Uguaglianza e non discriminazione<\/h3>\n\n<p>Non \u00e8 tollerato il disprezzo o l&#8217;atteggiamento ostile nei confronti di altri lavoratori, collaboratori e terzi, e la dignit\u00e0 delle persone e la non discriminazione sono principi fondamentali che devono governare il comportamento di tutto il personale dell&#8217;azienda.<\/p>\n\n<h3 class=\"wp-block-heading\">5. Evitare i conflitti di interesse<\/h3>\n\n<p>Conformemente alle disposizioni del paragrafo 1, le persone si astengono dall&#8217;influenzare o intervenire nel processo decisionale in situazioni in cui hanno direttamente o indirettamente un interesse personale. Si asterranno inoltre dal prendere parte a qualsiasi attivit\u00e0 privata o personale, evitando qualsiasi situazione che possa rappresentare un conflitto tra interessi personali e interessi commerciali.<\/p>\n\n<h3 class=\"wp-block-heading\">6. Misure anticorruzione e anticorruzione<\/h3>\n\n<p>Nessuna persona soggetta al presente codice etico accetter\u00e0 o consegner\u00e0 regali, doni, omaggi o qualsiasi altra attenzione commerciale, che, per il loro valore, le loro caratteristiche o circostanze, siano al di fuori degli usi sociali o possano implicare un&#8217;alterazione nello sviluppo delle loro attivit\u00e0.<\/p>\n\n<h3 class=\"wp-block-heading\">7. Riservatezza<\/h3>\n\n<p>CARROCERRIAS FERQUI S.L. ha l&#8217;obbligo di rispettare la legislazione vigente in materia di protezione dei dati personali, sia dei suoi clienti, fornitori e dipendenti, mantenendo il segreto professionale.<\/p>\n\n<h3 class=\"wp-block-heading\">8. Relazioni con i dipendenti<\/h3>\n\n<p>Si impegna a mettere a disposizione tutte le risorse e le misure necessarie per raggiungere i pi\u00f9 elevati standard qualitativi, nonch\u00e9 a realizzare piani di formazione per i propri lavoratori, nel rispetto di quanto previsto dalla normativa in materia di lavoro e salute e sicurezza sul lavoro, in particolare in materia di contratto collettivo e di sicurezza sociale. Inoltre, si impegna a promuovere un clima di cameratismo, lavoro di squadra, uguaglianza e non discriminazione.<\/p>\n\n<h3 class=\"wp-block-heading\">9. Relazioni con i clienti<\/h3>\n\n<p>Per CARROCER\u00cdAS FERQUI S.L., le relazioni basate sulla fiducia, il rispetto reciproco e la stabilit\u00e0 sono un valore fondamentale. Verr\u00e0 mantenuto un elevato impegno di onest\u00e0, rispetto e professionalit\u00e0 nei confronti dei clienti, comunicando con loro in modo chiaro e trasparente.<\/p>\n\n<h3 class=\"wp-block-heading\">10. Rapporti con i fornitori<\/h3>\n\n<p>I fornitori sono un asset fondamentale per il raggiungimento dei propri obiettivi di crescita, eccellenza e qualit\u00e0. La loro scelta avverr\u00e0 sulla base dell&#8217;obiettivit\u00e0, dell&#8217;imparzialit\u00e0 e della trasparenza, senza tener conto dei conflitti di interesse.<\/p>\n\n<h3 class=\"wp-block-heading\">11. Relazioni di mercato<\/h3>\n\n<p>Lavora ogni giorno per raggiungere i pi\u00f9 alti standard di qualit\u00e0 e comfort nei suoi prodotti, compreso il rispetto per i suoi concorrenti, evitando pratiche o comportamenti ingannevoli, fraudolenti, dolosi o degradanti, rispettando rigorosamente le leggi di difesa della concorrenza e le leggi che regolano la propriet\u00e0 intellettuale e industriale.<\/p>\n\n<h3 class=\"wp-block-heading\">12. Uso falso dei metodi di pagamento<\/h3>\n\n<p>CARROCER\u00cdAS FERQUI S.L. offre ai suoi clienti meccanismi di pagamento semplici, sicuri ed efficienti, quindi garantir\u00e0 che le transazioni finanziarie e i pagamenti siano sicuri e confidenziali.<\/p>\n\n<h3 class=\"wp-block-heading\">13. Rispetto della normativa contabile e finanziaria<\/h3>\n\n<p>CARROCER\u00cdAS FERQUI S.L. si impegna a rispettare fedelmente le norme contabili e finanziarie, per le quali tutte le transazioni devono essere chiaramente registrate nei libri contabili e commerciali.<\/p>\n\n<h3 class=\"wp-block-heading\">14. Rispetto delle normative fiscali e tributarie<\/h3>\n\n<p>CARROCER\u00cdAS FERQUI S.L. si impegna a rispettare fedelmente le normative fiscali, fiscali e doganali.<\/p>\n\n<h3 class=\"wp-block-heading\">15. Prevenzione del riciclaggio di denaro e del terrorismo<\/h3>\n\n<p>CARROCER\u00cdAS FERQUI S.L. si impegna a non intrattenere alcun tipo di relazione commerciale o effettuare operazioni commerciali o operazioni di qualsiasi natura con societ\u00e0 o enti che possano avere finalit\u00e0 di riciclaggio di denaro.<\/p>\n\n<h3 class=\"wp-block-heading\">16. Partiti politici<\/h3>\n\n<p>CARROCER\u00cdAS FERQUI S.L. non effettua alcun tipo di donazione, n\u00e9 riceve regali, denaro, regali o omaggi a partiti politici.<\/p>\n\n<h3 class=\"wp-block-heading\">17. Tutela dell&#8217;ambiente e del territorio<\/h3>\n\n<p>CARROCER\u00cdAS FERQUI S.L. \u00e8 un&#8217;azienda impegnata e responsabile nei confronti dell&#8217;ambiente, pertanto garantisce il rispetto delle normative e delle legislazioni vigenti, delle politiche e degli standard internazionali per la protezione dell&#8217;ambiente e del territorio. I soggetti soggetti al presente codice etico devono svolgere le proprie attivit\u00e0 e funzioni nel rispetto dell&#8217;ambiente, assumendo linee guida comportamentali volte a ridurre il consumo di risorse naturali, l&#8217;inquinamento e i rifiuti e a promuovere il risparmio energetico.<\/p>\n\n<figure class=\"wp-block-image aligncenter size-full\"><img loading=\"lazy\" decoding=\"async\" width=\"1024\" height=\"286\" src=\"https:\/\/ferqui.com\/wp-content\/uploads\/2023\/09\/Codigo-etico-firmas_SKM_C25822030407180-1024x286-1.jpg\" alt=\"\" class=\"wp-image-269\" srcset=\"https:\/\/ferqui.com\/wp-content\/uploads\/2023\/09\/Codigo-etico-firmas_SKM_C25822030407180-1024x286-1.jpg 1024w, https:\/\/ferqui.com\/wp-content\/uploads\/2023\/09\/Codigo-etico-firmas_SKM_C25822030407180-1024x286-1-800x223.jpg 800w, https:\/\/ferqui.com\/wp-content\/uploads\/2023\/09\/Codigo-etico-firmas_SKM_C25822030407180-1024x286-1-768x215.jpg 768w\" sizes=\"auto, (max-width: 1024px) 100vw, 1024px\" \/><\/figure>","protected":false},"excerpt":{"rendered":"<p>1. Lealt\u00e0 all&#8217;azienda Tutti i soggetti soggetti al presente Codice Etico devono agire con lealt\u00e0, cercando di evitare situazioni che possano arrecare danno all&#8217;azienda o generare conflitti di interesse. 2. Costruzione della reputazione CARROCER\u00cdAS FERQUI S.L. e il suo team di professionisti svolgono il loro lavoro con solvibilit\u00e0, onest\u00e0, lealt\u00e0 e impegno, rafforzando, giorno dopo [&hellip;]<\/p>\n","protected":false},"author":1,"featured_media":0,"parent":2342,"menu_order":0,"comment_status":"closed","ping_status":"closed","template":"","meta":{"footnotes":""},"class_list":["post-2352","page","type-page","status-publish","hentry"],"_links":{"self":[{"href":"https:\/\/ferqui.com\/it\/wp-json\/wp\/v2\/pages\/2352","targetHints":{"allow":["GET"]}}],"collection":[{"href":"https:\/\/ferqui.com\/it\/wp-json\/wp\/v2\/pages"}],"about":[{"href":"https:\/\/ferqui.com\/it\/wp-json\/wp\/v2\/types\/page"}],"author":[{"embeddable":true,"href":"https:\/\/ferqui.com\/it\/wp-json\/wp\/v2\/users\/1"}],"replies":[{"embeddable":true,"href":"https:\/\/ferqui.com\/it\/wp-json\/wp\/v2\/comments?post=2352"}],"version-history":[{"count":4,"href":"https:\/\/ferqui.com\/it\/wp-json\/wp\/v2\/pages\/2352\/revisions"}],"predecessor-version":[{"id":2645,"href":"https:\/\/ferqui.com\/it\/wp-json\/wp\/v2\/pages\/2352\/revisions\/2645"}],"up":[{"embeddable":true,"href":"https:\/\/ferqui.com\/it\/wp-json\/wp\/v2\/pages\/2342"}],"wp:attachment":[{"href":"https:\/\/ferqui.com\/it\/wp-json\/wp\/v2\/media?parent=2352"}],"curies":[{"name":"wp","href":"https:\/\/api.w.org\/{rel}","templated":true}]}}