{"id":2379,"date":"2023-09-22T11:48:34","date_gmt":"2023-09-22T09:48:34","guid":{"rendered":"https:\/\/ferqui.com\/politica-de-privacidad\/"},"modified":"2024-03-01T12:46:43","modified_gmt":"2024-03-01T11:46:43","slug":"politica-de-privacidad","status":"publish","type":"page","link":"https:\/\/ferqui.com\/it\/politica-de-privacidad\/","title":{"rendered":"Informativa sulla privacy"},"content":{"rendered":"\n<p>CARROCER\u00cdAS FERQUI, S.L. informa l&#8217;utente sulla sua politica sulla privacy relativa al trattamento e alla protezione dei dati personali degli utenti che possono essere raccolti durante la navigazione attraverso il sito web <a href=\"https:\/\/ferqui.com\/it\/\">https:\/\/ferqui.com\/<\/a><\/p>\n\n<p>In questo senso, CARROCER\u00cdAS FERQUI, S.L. garantisce il rispetto della normativa vigente in materia di protezione dei dati personali, riflessa nella Legge Organica 3\/2018, del 5 dicembre, sulla Protezione dei Dati Personali e la Garanzia dei Diritti Digitali (LOPD GDD). \u00c8 inoltre conforme al Regolamento (UE) 2016\/679 del Parlamento europeo e del Consiglio, del 27 aprile 2016, relativo alla protezione delle persone fisiche (GDPR).<\/p>\n\n<p>L&#8217;utilizzo del sito web implica l&#8217;accettazione della presente Informativa sulla privacy e delle condizioni incluse <a href=\"https:\/\/ferqui.com\/it\/aviso-legal\/\">nell&#8217;Avviso legale<\/a>.<\/p>\n\n<h3 class=\"wp-block-heading\">Identit\u00e0 del titolare del trattamento<\/h3>\n\n<ul class=\"wp-block-list\">\n<li><strong>Detentore:<\/strong> CARROCER\u00cdAS FERQUI, S.L.<\/li>\n\n\n\n<li><strong>NIF:<\/strong> B33011644<\/li>\n\n\n\n<li><strong>Domicilio:<\/strong> Pol\u00edgono de la Barreda, Parcela 15, 33180 \u2013 Nore\u00f1a, Asturie, Spagna.<\/li>\n\n\n\n<li><strong>Indirizzo e-mail:<\/strong> <a href=\"mailto:protecci%C3%B3ndatos@ferqui.com\">protecci\u00f3ndatos@ferqui.com<\/a><\/li>\n\n\n\n<li><strong>Sito web:<\/strong> <a href=\"https:\/\/ferqui.com\/it\/\">https:\/\/ferqui.com\/<\/a><\/li>\n\n\n\n<li>\u00a0<\/li>\n<\/ul>\n\n<h3 class=\"wp-block-heading\">Principi applicati nell&#8217;elaborazione dei dati<\/h3>\n\n<p>Nel trattamento dei Suoi dati personali, il Titolare applicher\u00e0 i seguenti principi conformi ai requisiti del nuovo Regolamento Europeo sulla Protezione dei Dati (GDPR):<\/p>\n\n<ul class=\"wp-block-list\">\n<li><strong>Principio di liceit\u00e0, correttezza e trasparenza:<\/strong> Il Titolare richieder\u00e0 sempre il consenso per il trattamento dei dati personali, che potr\u00e0 essere per una o pi\u00f9 specifiche finalit\u00e0, di cui il Titolare informer\u00e0 preventivamente l&#8217;Utente con assoluta trasparenza.<\/li>\n\n\n\n<li><strong>Principio di minimizzazione dei dati:<\/strong> Il Titolare richieder\u00e0 solo i dati strettamente necessari allo scopo o agli scopi per i quali sono richiesti.<\/li>\n\n\n\n<li><strong>Principio di limitazione del periodo di conservazione:<\/strong> Il Titolare conserver\u00e0 i dati personali raccolti per il tempo strettamente necessario alla finalit\u00e0 o alle finalit\u00e0 del trattamento. Il Titolare informer\u00e0 l&#8217;Utente del periodo di conservazione corrispondente in base alla finalit\u00e0.<br\/>Nel caso di sottoscrizioni, il Titolare provveder\u00e0 periodicamente a rivedere le liste e a cancellare quelle iscrizioni rimaste inattive per un periodo di tempo considerevole.<\/li>\n\n\n\n<li><strong>Principio di integrit\u00e0 e riservatezza:<\/strong> I dati personali raccolti saranno trattati in modo tale da garantirne la sicurezza, la riservatezza e l&#8217;integrit\u00e0.<br\/>Il Titolare adotta le cautele necessarie per impedire l&#8217;accesso non autorizzato o l&#8217;uso improprio dei dati dei propri utenti da parte di terzi.<\/li>\n<\/ul>\n\n<h3 class=\"wp-block-heading\">Raccolta dei dati personali<\/h3>\n\n<p>Per navigare <a href=\"https:\/\/ferqui.com\/it\/\">https:\/\/ferqui.com\/<\/a> non \u00e8 necessario fornire alcun dato personale.<\/p>\n\n<p>I casi in cui fornisci i tuoi dati personali sono i seguenti:<\/p>\n\n<ul class=\"wp-block-list\">\n<li>Contattandoci tramite i moduli di contatto o inviando una mail.<\/li>\n<\/ul>\n\n<h3 class=\"wp-block-heading\">Diritti<\/h3>\n\n<p>Il Titolare La informa che Lei ha il diritto di:<\/p>\n\n<ul class=\"wp-block-list\">\n<li>Richiedere l&#8217;accesso ai dati memorizzati.<\/li>\n\n\n\n<li>Richiedere una rettifica o una cancellazione.<\/li>\n\n\n\n<li>Richiedere la limitazione del trattamento.<\/li>\n\n\n\n<li>Opporsi al trattamento.<\/li>\n<\/ul>\n\n<p>Non \u00e8 possibile esercitare il diritto alla portabilit\u00e0 dei dati.<\/p>\n\n<p>L&#8217;esercizio di questi diritti \u00e8 personale e, pertanto, deve essere esercitato direttamente dall&#8217;interessato, richiedendolo direttamente al Titolare, il che significa che qualsiasi cliente, abbonato o collaboratore che abbia fornito i propri dati in qualsiasi momento, pu\u00f2 contattare CARROCER\u00cdAS FERQUI, S.L. e chiedere informazioni sui dati che ha conservato e su come li ha ottenuti.  richiedere la rettifica degli stessi, opporsi al trattamento, limitarne l&#8217;utilizzo o chiedere la cancellazione di tali dati negli archivi del Titolare.<\/p>\n\n<p>Per esercitare i diritti di accesso, rettifica, cancellazione e opposizione, \u00e8 necessario inviare <a href=\"mailto:protecci%C3%B3ndatos@ferqui.com\">un&#8217;e-mail all&#8217;indirizzo protecci\u00f3ndatos@ferqui.com<\/a> insieme a una prova legale valida come una fotocopia della carta d&#8217;identit\u00e0 o equivalente.<\/p>\n\n<p>L&#8217;utente ha il diritto a una tutela giurisdizionale effettiva e di presentare un reclamo all&#8217;autorit\u00e0 di controllo, in questo caso l&#8217;Agenzia spagnola per la protezione dei dati, qualora ritenga che il trattamento dei dati personali che lo riguardano violi il Regolamento.<\/p>\n\n<h3 class=\"wp-block-heading\">Finalit\u00e0 del trattamento dei dati personali<\/h3>\n\n<p>Quando ti connetti al sito web per inviare un&#8217;e-mail al Titolare, fornisci informazioni personali di cui CARROCER\u00cdAS FERQUI, S.L. \u00e8 responsabile. Queste informazioni possono includere dati personali come l&#8217;indirizzo IP, il nome e il cognome, l&#8217;indirizzo fisico, l&#8217;indirizzo e-mail, il numero di telefono e altre informazioni. Fornendo queste informazioni, acconsenti alla raccolta, all&#8217;utilizzo, alla gestione e all&#8217;archiviazione delle tue informazioni da parte di Ferqui solo come descritto <a href=\"https:\/\/ferqui.com\/it\/aviso-legal\/\">nell&#8217;Avviso Legale<\/a> e nella presente Informativa sulla privacy.<\/p>\n\n<p>I dati personali e le finalit\u00e0 del trattamento da parte del Titolare sono diversi a seconda del sistema di acquisizione delle informazioni:<\/p>\n\n<ul class=\"wp-block-list\">\n<li><strong>Moduli di contatto:<\/strong> Il Titolare richiede dati personali, che possono includere: nome e cognome, indirizzo email, numero di telefono e indirizzo del sito web al fine di rispondere alle richieste degli Utenti.<br\/>Ad esempio, CARROCER\u00cdAS FERQUI, S.L. utilizza questi dati per rispondere a messaggi, dubbi, reclami, commenti o preoccupazioni che gli Utenti possono avere in merito alle informazioni incluse nel Sito Web, al trattamento dei dati personali, alle questioni relative ai testi legali inclusi nel Sito Web, nonch\u00e9 a qualsiasi altra domanda che l&#8217;Utente possa avere e che non sia soggetta alle condizioni del Sito Web.<\/li>\n<\/ul>\n\n<p>Ci sono altre finalit\u00e0 per le quali il Titolare tratta i dati personali:<\/p>\n\n<ul class=\"wp-block-list\">\n<li>Per garantire il rispetto delle condizioni stabilite <a href=\"https:\/\/ferqui.com\/it\/aviso-legal\/\">nell&#8217;Avviso Legale<\/a> e nella legge applicabile. Ci\u00f2 pu\u00f2 includere lo sviluppo di strumenti e algoritmi che aiutano questo sito Web a garantire la riservatezza dei dati personali che raccoglie.<\/li>\n\n\n\n<li>Per supportare e migliorare i servizi offerti da questo sito web.<\/li>\n\n\n\n<li>Per analizzare la navigazione degli utenti. Il Titolare raccoglie altri dati non identificativi che si ottengono attraverso l&#8217;uso di cookie che vengono scaricati sul computer dell&#8217;Utente durante la navigazione sul Sito, le cui caratteristiche e finalit\u00e0 sono dettagliate nella <a href=\"https:\/\/ferqui.com\/it\/politica-de-cookies\/\">Cookies Policy<\/a>.<\/li>\n\n\n\n<li>Per gestire i social media. CARROCER\u00cdAS FERQUI, S.L. \u00e8 presente sui social network. Se diventi un follower sui social network del Titolare, il trattamento dei dati personali sar\u00e0 regolato dalla presente sezione, nonch\u00e9 da quelle condizioni d&#8217;uso, politiche sulla privacy e regolamenti di accesso che appartengono al social network in questione in ogni caso e che hai precedentemente accettato.<\/li>\n\n\n\n<li>Puoi consultare le privacy policy dei principali social network a questi link:\n<ol class=\"wp-block-list\">\n<li><a href=\"https:\/\/www.facebook.com\/help\/cookies\" target=\"_blank\" rel=\"noreferrer noopener nofollow\">Seguici su Facebook<\/a><\/li>\n\n\n\n<li><a href=\"https:\/\/twitter.com\/privacy\" target=\"_blank\" rel=\"noreferrer noopener nofollow\">Cinguettare<\/a><\/li>\n\n\n\n<li><a href=\"https:\/\/www.linkedin.com\/legal\/cookie-policy\" target=\"_blank\" rel=\"noreferrer noopener nofollow\">Linkedin<\/a><\/li>\n\n\n\n<li><a href=\"https:\/\/www.youtube.com\/privacy\" target=\"_blank\" rel=\"noreferrer noopener nofollow\">Canale YouTube<\/a><\/li>\n\n\n\n<li><a href=\"https:\/\/www.instagram.com\/legal\/privacy\/\" target=\"_blank\" rel=\"noreferrer noopener nofollow\">Seguici su Instagram<\/a><\/li>\n<\/ol>\n<\/li>\n<\/ul>\n\n<p>Il Titolare tratter\u00e0 i tuoi dati personali al fine di gestire correttamente la tua presenza sul social network, informarti delle sue attivit\u00e0, nonch\u00e9 per ogni altra finalit\u00e0 che la normativa dei social network consenta.<\/p>\n\n<p>In nessun caso il Titolare utilizzer\u00e0 i profili dei follower sui social network per inviare pubblicit\u00e0 su base individuale.<\/p>\n\n<h3 class=\"wp-block-heading\">Sicurezza dei dati personali<\/h3>\n\n<p>Per proteggere i propri dati personali, l&#8217;Interessato adotta tutte le precauzioni ragionevoli e segue le migliori pratiche del settore per prevenirne la perdita, l&#8217;uso improprio, l&#8217;accesso improprio, la divulgazione, l&#8217;alterazione o la distruzione degli stessi.<\/p>\n\n<p>Il sito web \u00e8 ospitato da Common Sense Internet. La sicurezza dei dati \u00e8 garantita, in quanto adottano tutte le misure di sicurezza necessarie per questo. Per ulteriori informazioni, \u00e8 possibile fare riferimento alla loro Informativa sulla privacy.<\/p>\n\n<h3 class=\"wp-block-heading\">Contenuti da altri siti web<\/h3>\n\n<p>Le pagine di questo sito web possono includere contenuti incorporati (ad esempio, video, immagini, articoli, ecc.). I contenuti incorporati da altri siti Web si comportano esattamente come se l&#8217;utente avesse visitato l&#8217;altro sito Web.<\/p>\n\n<p>Questi siti Web possono raccogliere dati su di te, utilizzare cookie, incorporare un codice di tracciamento di terze parti aggiuntivo e monitorare la tua interazione utilizzando questo codice.<\/p>\n\n<h3 class=\"wp-block-heading\">Politica sui cookie<\/h3>\n\n<p>Affinch\u00e9 questo sito web funzioni correttamente \u00e8 necessario utilizzare i cookie, che sono informazioni che vengono memorizzate nel browser web.<\/p>\n\n<p>Alla pagina <a href=\"https:\/\/ferqui.com\/it\/politica-de-cookies\/\">Cookies Policy<\/a> puoi trovare tutte le informazioni riguardanti la politica di raccolta, le finalit\u00e0 e il trattamento dei cookie.<\/p>\n\n<h3 class=\"wp-block-heading\">Legittimit\u00e0 del trattamento dei dati<\/h3>\n\n<p>La base giuridica per il trattamento dei tuoi dati \u00e8 il consenso.<\/p>\n\n<p>Per poter contattare il Titolare, iscriversi ad una newsletter o effettuare commenti su questo sito web, \u00e8 necessario accettare la presente Privacy Policy.<\/p>\n\n<h3 class=\"wp-block-heading\">Categorie di dati personali<\/h3>\n\n<p>Le categorie di dati personali trattati dal Titolare sono:<\/p>\n\n<ul class=\"wp-block-list\">\n<li>Dati identificativi.<\/li>\n\n\n\n<li>Non vengono trattate categorie di dati particolarmente protetti.<\/li>\n<\/ul>\n\n<h3 class=\"wp-block-heading\">Conservazione dei dati personali<\/h3>\n\n<p>I dati personali da Lei forniti al Titolare saranno conservati fino a quando Lei non ne richieder\u00e0 la cancellazione.<\/p>\n\n<h3 class=\"wp-block-heading\">Navigazione web<\/h3>\n\n<p>Durante la navigazione <a href=\"https:\/\/ferqui.com\/it\/\">https:\/\/ferqui.com\/<\/a> possono essere raccolti dati non identificativi, che possono includere l&#8217;indirizzo IP, la geolocalizzazione, un registro di come vengono utilizzati i servizi e i siti, le abitudini di navigazione e altri dati che non possono essere utilizzati per identificare l&#8217;utente.<\/p>\n\n<p>Il Sito utilizza i seguenti servizi di analisi di terze parti:<\/p>\n\n<p>Il Titolare utilizza le informazioni ottenute per ottenere dati statistici, analizzare le tendenze, amministrare il sito, studiare i modelli di navigazione e raccogliere informazioni demografiche.<\/p>\n\n<p>Il Titolare non \u00e8 responsabile del trattamento dei dati personali effettuato dalle pagine web a cui \u00e8 possibile accedere tramite i diversi link contenuti nel sito web.<\/p>\n\n<h3 class=\"wp-block-heading\">Accuratezza e veridicit\u00e0 dei dati personali<\/h3>\n\n<p>Si impegna a garantire che i dati forniti al Titolare siano corretti, completi, accurati e aggiornati, nonch\u00e9 a mantenerli debitamente aggiornati.<\/p>\n\n<p>In qualit\u00e0 di Utente del sito web, l&#8217;utente \u00e8 l&#8217;unico responsabile della veridicit\u00e0 e della correttezza dei dati inviati al sito web, esonerando CARROCER\u00cdAS FERQUI, S.L. da qualsiasi responsabilit\u00e0 al riguardo.<\/p>\n\n<h3 class=\"wp-block-heading\">Accettazione e consenso<\/h3>\n\n<p>In qualit\u00e0 di Utente del Sito Web, dichiara di essere stato informato delle condizioni sulla Protezione dei Dati Personali, accetta e acconsente al trattamento degli stessi da parte di CARROCER\u00cdAS FERQUI, S.L. secondo le modalit\u00e0 e per le finalit\u00e0 indicate nella presente Informativa sulla Privacy.<\/p>\n\n<h3 class=\"wp-block-heading\">Revocabilit\u00e0<\/h3>\n\n<p>Per esercitare i diritti di accesso, rettifica, cancellazione e opposizione, \u00e8 necessario inviare <a href=\"https:\/\/ferqui.com\/it\/\">un&#8217;e-mail all&#8217;indirizzo https:\/\/ferqui.com\/<\/a> insieme a una prova valida come una fotocopia della carta d&#8217;identit\u00e0 o equivalente.<\/p>\n\n<p>L&#8217;esercizio di questi diritti non include i dati che CARROCER\u00cdAS FERQUI, S.L. \u00e8 obbligata a conservare per scopi amministrativi, legali o di sicurezza.<\/p>\n\n<h3 class=\"wp-block-heading\">Modifiche all&#8217;Informativa sulla privacy<\/h3>\n\n<p>Il Titolare si riserva il diritto di modificare la presente Privacy Policy al fine di adeguarla a nuova normativa o giurisprudenza, nonch\u00e9 alle prassi di settore.<\/p>\n\n<p>Queste politiche saranno in vigore fino a quando non saranno modificate da altre politiche debitamente pubblicate.<\/p>\n","protected":false},"excerpt":{"rendered":"<p>CARROCER\u00cdAS FERQUI, S.L. informa l&#8217;utente sulla sua politica sulla privacy relativa al trattamento e alla protezione dei dati personali degli utenti che possono essere raccolti durante la navigazione attraverso il sito web https:\/\/ferqui.com\/ In questo senso, CARROCER\u00cdAS FERQUI, S.L. garantisce il rispetto della normativa vigente in materia di protezione dei dati personali, riflessa nella Legge [&hellip;]<\/p>\n","protected":false},"author":1,"featured_media":0,"parent":0,"menu_order":0,"comment_status":"closed","ping_status":"closed","template":"","meta":{"footnotes":""},"class_list":["post-2379","page","type-page","status-publish","hentry"],"_links":{"self":[{"href":"https:\/\/ferqui.com\/it\/wp-json\/wp\/v2\/pages\/2379","targetHints":{"allow":["GET"]}}],"collection":[{"href":"https:\/\/ferqui.com\/it\/wp-json\/wp\/v2\/pages"}],"about":[{"href":"https:\/\/ferqui.com\/it\/wp-json\/wp\/v2\/types\/page"}],"author":[{"embeddable":true,"href":"https:\/\/ferqui.com\/it\/wp-json\/wp\/v2\/users\/1"}],"replies":[{"embeddable":true,"href":"https:\/\/ferqui.com\/it\/wp-json\/wp\/v2\/comments?post=2379"}],"version-history":[{"count":4,"href":"https:\/\/ferqui.com\/it\/wp-json\/wp\/v2\/pages\/2379\/revisions"}],"predecessor-version":[{"id":2695,"href":"https:\/\/ferqui.com\/it\/wp-json\/wp\/v2\/pages\/2379\/revisions\/2695"}],"wp:attachment":[{"href":"https:\/\/ferqui.com\/it\/wp-json\/wp\/v2\/media?parent=2379"}],"curies":[{"name":"wp","href":"https:\/\/api.w.org\/{rel}","templated":true}]}}