{"id":2381,"date":"2023-09-22T11:48:23","date_gmt":"2023-09-22T09:48:23","guid":{"rendered":"https:\/\/ferqui.com\/aviso-legal\/"},"modified":"2024-03-01T12:46:31","modified_gmt":"2024-03-01T11:46:31","slug":"aviso-legal","status":"publish","type":"page","link":"https:\/\/ferqui.com\/it\/aviso-legal\/","title":{"rendered":"Note legali"},"content":{"rendered":"\n<h3 class=\"wp-block-heading\">Identificazione e propriet\u00e0<\/h3>\n\n<p>In conformit\u00e0 con l&#8217;articolo 10 della Legge 34\/2002, dell&#8217;11 luglio, sui Servizi della Societ\u00e0 dell&#8217;Informazione e del Commercio Elettronico, il Titolare espone i propri dati identificativi.<\/p>\n\n<ul class=\"wp-block-list\">\n<li><strong>Detentore:<\/strong> CARROCER\u00cdAS FERQUI, S.L.<\/li>\n\n\n\n<li><strong>NIF:<\/strong> B33011644<\/li>\n\n\n\n<li><strong>Domicilio:<\/strong> Pol\u00edgono de la Barreda, Parcela 15, 33180 \u2013 Nore\u00f1a, Asturie, Spagna.<\/li>\n\n\n\n<li><strong>Indirizzo e-mail:<\/strong> <a href=\"mailto:protecci%C3%B3ndatos@ferqui.com\">protecci\u00f3ndatos@ferqui.com<\/a><\/li>\n\n\n\n<li><strong>Sito web:<\/strong> <a href=\"https:\/\/ferqui.com\/it\/\">https:\/\/ferqui.com\/<\/a><\/li>\n\n\n\n<li>\u00a0<\/li>\n<\/ul>\n\n<h3 class=\"wp-block-heading\">Scopo<\/h3>\n\n<p>Lo scopo del <a href=\"https:\/\/ferqui.com\/it\/\">https:\/\/ferqui.com\/<\/a> del sito web \u00e8 quello di promuovere, informare e diffondere contenuti relativi all&#8217;oggetto sociale di CARROCER\u00cdAS FERQUI, S.L.  <\/p>\n\n<h3 class=\"wp-block-heading\">Termini d&#8217;uso (Inglese)<\/h3>\n\n<p>L&#8217;utilizzo del sito web conferisce all&#8217;utente lo status di Utente, e implica la completa accettazione di tutte le clausole e condizioni d&#8217;uso incluse nelle pagine:<\/p>\n\n<ul class=\"wp-block-list\">\n<li><a href=\"https:\/\/ferqui.com\/it\/aviso-legal\/\">Note legali<\/a><\/li>\n\n\n\n<li><a href=\"https:\/\/ferqui.com\/it\/politica-de-privacidad\/\">Informativa sulla privacy<\/a><\/li>\n\n\n\n<li><a href=\"https:\/\/ferqui.com\/it\/politica-de-cookies\/\">Politica sui cookie<\/a><\/li>\n<\/ul>\n\n<p>Se non si accettano tutti questi termini e condizioni, ci si asterr\u00e0 dall&#8217;utilizzare questo sito web.<\/p>\n\n<p>L&#8217;accesso a questo sito web non implica, in alcun modo, l&#8217;inizio di una relazione commerciale con CARROCER\u00cdAS FERQUI, S.L.<\/p>\n\n<p>Attraverso questo sito web, il Titolare fornisce l&#8217;accesso e l&#8217;utilizzo di vari contenuti che il Titolare o i suoi collaboratori hanno pubblicato attraverso Internet.<\/p>\n\n<p>A tal fine, si impegna a NON utilizzare nessuno dei contenuti del sito web per scopi o effetti illeciti, vietati nel presente Avviso Legale o dalla legislazione vigente, lesivi dei diritti e degli interessi di terzi, o che in qualsiasi modo possano danneggiare, disabilitare, sovraccaricare, deteriorare o impedire il normale utilizzo dei contenuti.  apparecchiature informatiche o documenti, file e tutti i tipi di contenuti memorizzati in qualsiasi apparecchiatura informatica di propriet\u00e0 o contrattata da CARROCER\u00cdAS FERQUI, S.L., da altri utenti o da qualsiasi utente di Internet.<\/p>\n\n<h3 class=\"wp-block-heading\">Misure di sicurezza<\/h3>\n\n<p>I dati personali forniti al Titolare possono essere conservati in database automatizzati o non automatizzati, la cui propriet\u00e0 esclusiva \u00e8 detenuta da CARROCER\u00cdAS FERQUI, S.L., che adotta tutte le misure tecniche, organizzative e di sicurezza che garantiscono la riservatezza, l&#8217;integrit\u00e0 e la qualit\u00e0 delle informazioni in essi contenute in conformit\u00e0 con le disposizioni della normativa vigente in materia di protezione dei dati.<\/p>\n\n<p>Tuttavia, devi essere consapevole che le misure di sicurezza dei sistemi informatici su Internet non sono del tutto affidabili e che, pertanto, il Titolare non pu\u00f2 garantire l&#8217;assenza di virus o altri elementi che possano causare alterazioni nei sistemi informatici dell&#8217;Utente (software e hardware) o nei suoi documenti elettronici e file in essi contenuti.  sebbene il Titolare metta in atto tutti i mezzi necessari e adotti le opportune misure di sicurezza per evitare la presenza di tali elementi dannosi.<\/p>\n\n<h3 class=\"wp-block-heading\">Trattamento dei dati personali<\/h3>\n\n<p>Puoi consultare tutte le informazioni relative al trattamento dei dati personali raccolti dal Titolare alla pagina Privacy Policy.<\/p>\n\n<h3 class=\"wp-block-heading\">Contenuto<\/h3>\n\n<p>Il Titolare ha ottenuto le informazioni, i contenuti multimediali e i materiali inclusi nel Sito Web da fonti che ritiene affidabili, ma, sebbene abbia adottato tutte le misure ragionevoli per garantire che le informazioni contenute siano corrette, il Titolare non garantisce che siano accurate, complete o aggiornate. CARROCER\u00cdAS FERQUI, S.L. declina espressamente ogni responsabilit\u00e0 per errori o omissioni nelle informazioni contenute nelle pagine di questo sito web.<\/p>\n\n<p>\u00c8 vietato trasmettere o inviare attraverso il Sito Web qualsiasi contenuto illegale o illecito, virus informatici, o messaggi che, in generale, pregiudichino o violino i diritti del Titolare o di terzi.<\/p>\n\n<p>I contenuti di <a href=\"https:\/\/ferqui.com\/it\/\">https:\/\/ferqui.com\/<\/a> sono solo a scopo informativo e in nessun caso devono essere utilizzati o considerati come un&#8217;offerta di vendita, una sollecitazione di un&#8217;offerta di acquisto o una raccomandazione a compiere qualsiasi altra operazione, se non espressamente indicato.<\/p>\n\n<p>CARROCER\u00cdAS FERQUI, S.L. si riserva il diritto di modificare, sospendere, cancellare o limitare il contenuto dei link o delle informazioni ottenute attraverso <a href=\"https:\/\/ferqui.com\/it\/\">https:\/\/ferqui.com\/<\/a> sito web, senza preavviso.<\/p>\n\n<p>CARROCER\u00cdAS FERQUI, S.L. non \u00e8 responsabile per eventuali danni che possono derivare dall&#8217;uso delle informazioni presenti sul sito web o contenute nei social network del Titolare.<\/p>\n\n<h3 class=\"wp-block-heading\">Politica dei cookie<\/h3>\n\n<p>Alla pagina <a href=\"http:\/\/%22https\/\/ferqui.com\/politica-de-cookies\">Cookies Policy<\/a> \u00e8 possibile consultare tutte le informazioni riguardanti la politica di raccolta e trattamento dei cookie.<\/p>\n\n<h3 class=\"wp-block-heading\">Collegamenti ad altri siti Web<\/h3>\n\n<p>Il Titolare pu\u00f2 fornirti l&#8217;accesso a siti web di terzi tramite link al solo scopo di informarti sull&#8217;esistenza di altre fonti di informazione su Internet in cui puoi ampliare i dati offerti sul sito web.<\/p>\n\n<p>Questi collegamenti ad altri siti Web non implicano in alcun modo un suggerimento o una raccomandazione per visitare i siti Web di destinazione, che sono al di fuori del controllo del Titolare, pertanto CARROCER\u00cdAS FERQUI S.L. non \u00e8 responsabile del contenuto dei siti Web collegati o del risultato che si ottiene seguendo i collegamenti.<\/p>\n\n<p>Allo stesso modo, CARROCER\u00cdAS FERQUI, S.L. non \u00e8 responsabile dei link che si trovano sui siti web collegati a cui fornisce l&#8217;accesso.<\/p>\n\n<p>La creazione del link non implica in nessun caso l&#8217;esistenza di una relazione tra CARROCER\u00cdAS FERQUI, S.L. e il proprietario del sito su cui \u00e8 stabilito il link, n\u00e9 l&#8217;accettazione o l&#8217;approvazione da parte del Titolare dei suoi contenuti o servizi.<\/p>\n\n<p>Se accedi a un sito web esterno da un link che trovi su <a href=\"https:\/\/ferqui.com\/it\/\">https:\/\/ferqui.com\/<\/a> ti consigliamo di leggere l&#8217;informativa sulla privacy dell&#8217;altro sito web, che potrebbe essere diversa da quella di questo sito web.<\/p>\n\n<h3 class=\"wp-block-heading\">Propriet\u00e0 intellettuale e industriale<\/h3>\n\n<p>Tutti i diritti riservati.<\/p>\n\n<p>L&#8217;accesso a questo sito web \u00e8 soggetto alle seguenti condizioni: la riproduzione, la memorizzazione permanente e la diffusione dei contenuti o qualsiasi altro uso per scopi pubblici o commerciali sono espressamente vietati senza il previo consenso scritto di CARROCER\u00cdAS FERQUI, S.L.<\/p>\n\n<h3 class=\"wp-block-heading\">Limitazione di responsabilit\u00e0<\/h3>\n\n<p>CARROCER\u00cdAS FERQUI, S.L. declina ogni responsabilit\u00e0 in caso di interruzioni o malfunzionamenti dei Servizi o dei contenuti offerti su Internet, qualunque ne sia la causa. Allo stesso modo, il Titolare non \u00e8 responsabile per guasti alla rete, perdite commerciali a seguito di tali guasti, interruzioni temporanee dell&#8217;elettricit\u00e0 o qualsiasi altro tipo di danno indiretto che possa essere causato da cause al di fuori del controllo del Titolare.<\/p>\n\n<p>Prima di prendere decisioni e\/o azioni sulla base delle informazioni contenute nel sito web, il Titolare raccomanda di verificare e confrontare le informazioni ricevute con altre fonti.<\/p>\n\n<h3 class=\"wp-block-heading\">Giurisdizione<\/h3>\n\n<p>Il presente Avviso Legale \u00e8 interamente regolato dalla legge spagnola.<\/p>\n\n<h3 class=\"wp-block-heading\">Contatto<\/h3>\n\n<p>In caso di domande sui presenti Termini e condizioni o se si desidera fare commenti su questo sito web, \u00e8 possibile inviare un&#8217;e-mail <a href=\"mailto:protecci%C3%B3ndatos@ferqui.com\">all&#8217;indirizzo protecci\u00f3ndatos@ferqui.com<\/a><\/p>\n","protected":false},"excerpt":{"rendered":"<p>Identificazione e propriet\u00e0 In conformit\u00e0 con l&#8217;articolo 10 della Legge 34\/2002, dell&#8217;11 luglio, sui Servizi della Societ\u00e0 dell&#8217;Informazione e del Commercio Elettronico, il Titolare espone i propri dati identificativi. Scopo Lo scopo del https:\/\/ferqui.com\/ del sito web \u00e8 quello di promuovere, informare e diffondere contenuti relativi all&#8217;oggetto sociale di CARROCER\u00cdAS FERQUI, S.L. Termini d&#8217;uso (Inglese) [&hellip;]<\/p>\n","protected":false},"author":1,"featured_media":0,"parent":0,"menu_order":0,"comment_status":"closed","ping_status":"closed","template":"","meta":{"footnotes":""},"class_list":["post-2381","page","type-page","status-publish","hentry"],"_links":{"self":[{"href":"https:\/\/ferqui.com\/it\/wp-json\/wp\/v2\/pages\/2381","targetHints":{"allow":["GET"]}}],"collection":[{"href":"https:\/\/ferqui.com\/it\/wp-json\/wp\/v2\/pages"}],"about":[{"href":"https:\/\/ferqui.com\/it\/wp-json\/wp\/v2\/types\/page"}],"author":[{"embeddable":true,"href":"https:\/\/ferqui.com\/it\/wp-json\/wp\/v2\/users\/1"}],"replies":[{"embeddable":true,"href":"https:\/\/ferqui.com\/it\/wp-json\/wp\/v2\/comments?post=2381"}],"version-history":[{"count":3,"href":"https:\/\/ferqui.com\/it\/wp-json\/wp\/v2\/pages\/2381\/revisions"}],"predecessor-version":[{"id":2684,"href":"https:\/\/ferqui.com\/it\/wp-json\/wp\/v2\/pages\/2381\/revisions\/2684"}],"wp:attachment":[{"href":"https:\/\/ferqui.com\/it\/wp-json\/wp\/v2\/media?parent=2381"}],"curies":[{"name":"wp","href":"https:\/\/api.w.org\/{rel}","templated":true}]}}