{"id":3544,"date":"2025-03-28T14:20:31","date_gmt":"2025-03-28T13:20:31","guid":{"rendered":"https:\/\/ferqui.com\/lagos\/"},"modified":"2025-03-31T12:09:02","modified_gmt":"2025-03-31T10:09:02","slug":"lagos","status":"publish","type":"page","link":"https:\/\/ferqui.com\/it\/lagos\/","title":{"rendered":"LAGOS"},"content":{"rendered":"\n<div data-slider-type=\"slider\" data-per-view=\"1\" data-focus-at=\"center\" data-gap=\"10\" data-autoplay=\"5000\" data-hoverpause=\"true\" data-animation-duration=\"400\" data-animation-timing-func=\"cubic-bezier(0.165, 0.840, 0.440, 1.000)\" data-peek-before=\"0\" data-peek-after=\"0\" data-breakpoints=\"\" class=\"wp-block-sci-blocks-sci-slider sci-blocks-slider glide\"><div class=\"glide__track\" data-glide-el=\"track\"><div class=\"glide__slides is-layout-flow wp-block-sci-slider-is-layout-flow\">\n<figure class=\"wp-block-image size-large\" style=\"margin-top:0;margin-bottom:0\"><img loading=\"lazy\" decoding=\"async\" width=\"1600\" height=\"429\" src=\"https:\/\/ferqui.com\/wp-content\/uploads\/2025\/03\/LAGOS-WEB-IMAGEN-01-1600x429.jpg\" alt=\"\" class=\"wp-image-3494\" srcset=\"https:\/\/ferqui.com\/wp-content\/uploads\/2025\/03\/LAGOS-WEB-IMAGEN-01-1600x429.jpg 1600w, https:\/\/ferqui.com\/wp-content\/uploads\/2025\/03\/LAGOS-WEB-IMAGEN-01-800x214.jpg 800w, https:\/\/ferqui.com\/wp-content\/uploads\/2025\/03\/LAGOS-WEB-IMAGEN-01-768x206.jpg 768w, https:\/\/ferqui.com\/wp-content\/uploads\/2025\/03\/LAGOS-WEB-IMAGEN-01-1536x411.jpg 1536w, https:\/\/ferqui.com\/wp-content\/uploads\/2025\/03\/LAGOS-WEB-IMAGEN-01-2048x549.jpg 2048w\" sizes=\"auto, (max-width: 1600px) 100vw, 1600px\" \/><\/figure>\n\n\n\n<figure class=\"wp-block-image size-large\" style=\"margin-top:0;margin-bottom:0\"><img loading=\"lazy\" decoding=\"async\" width=\"1600\" height=\"429\" src=\"https:\/\/ferqui.com\/wp-content\/uploads\/2025\/03\/LAGOS-WEB-IMAGEN-02-1600x429.jpg\" alt=\"\" class=\"wp-image-3498\" srcset=\"https:\/\/ferqui.com\/wp-content\/uploads\/2025\/03\/LAGOS-WEB-IMAGEN-02-1600x429.jpg 1600w, https:\/\/ferqui.com\/wp-content\/uploads\/2025\/03\/LAGOS-WEB-IMAGEN-02-800x214.jpg 800w, https:\/\/ferqui.com\/wp-content\/uploads\/2025\/03\/LAGOS-WEB-IMAGEN-02-768x206.jpg 768w, https:\/\/ferqui.com\/wp-content\/uploads\/2025\/03\/LAGOS-WEB-IMAGEN-02-1536x411.jpg 1536w, https:\/\/ferqui.com\/wp-content\/uploads\/2025\/03\/LAGOS-WEB-IMAGEN-02-2048x549.jpg 2048w\" sizes=\"auto, (max-width: 1600px) 100vw, 1600px\" \/><\/figure>\n\n\n\n<figure class=\"wp-block-image size-large\" style=\"margin-top:0;margin-bottom:0\"><img loading=\"lazy\" decoding=\"async\" width=\"1600\" height=\"429\" src=\"https:\/\/ferqui.com\/wp-content\/uploads\/2025\/03\/LAGOS-WEB-IMAGEN-03-1600x429.jpg\" alt=\"\" class=\"wp-image-3502\" srcset=\"https:\/\/ferqui.com\/wp-content\/uploads\/2025\/03\/LAGOS-WEB-IMAGEN-03-1600x429.jpg 1600w, https:\/\/ferqui.com\/wp-content\/uploads\/2025\/03\/LAGOS-WEB-IMAGEN-03-800x214.jpg 800w, https:\/\/ferqui.com\/wp-content\/uploads\/2025\/03\/LAGOS-WEB-IMAGEN-03-768x206.jpg 768w, https:\/\/ferqui.com\/wp-content\/uploads\/2025\/03\/LAGOS-WEB-IMAGEN-03-1536x411.jpg 1536w, https:\/\/ferqui.com\/wp-content\/uploads\/2025\/03\/LAGOS-WEB-IMAGEN-03-2048x549.jpg 2048w\" sizes=\"auto, (max-width: 1600px) 100vw, 1600px\" \/><\/figure>\n\n\n\n<figure class=\"wp-block-image size-large\" style=\"margin-top:0;margin-bottom:0\"><img loading=\"lazy\" decoding=\"async\" width=\"1600\" height=\"429\" src=\"https:\/\/ferqui.com\/wp-content\/uploads\/2025\/03\/LAGOS-WEB-IMAGEN-04-1600x429.jpg\" alt=\"\" class=\"wp-image-3506\" srcset=\"https:\/\/ferqui.com\/wp-content\/uploads\/2025\/03\/LAGOS-WEB-IMAGEN-04-1600x429.jpg 1600w, https:\/\/ferqui.com\/wp-content\/uploads\/2025\/03\/LAGOS-WEB-IMAGEN-04-800x214.jpg 800w, https:\/\/ferqui.com\/wp-content\/uploads\/2025\/03\/LAGOS-WEB-IMAGEN-04-768x206.jpg 768w, https:\/\/ferqui.com\/wp-content\/uploads\/2025\/03\/LAGOS-WEB-IMAGEN-04-1536x411.jpg 1536w, https:\/\/ferqui.com\/wp-content\/uploads\/2025\/03\/LAGOS-WEB-IMAGEN-04-2048x549.jpg 2048w\" sizes=\"auto, (max-width: 1600px) 100vw, 1600px\" \/><\/figure>\n<\/div><\/div><div class=\"glide__bullets\" data-glide-el=\"controls[nav]\"><button class=\"glide__bullet\" data-glide-dir=\"=0\"><\/button><button class=\"glide__bullet\" data-glide-dir=\"=1\"><\/button><button class=\"glide__bullet\" data-glide-dir=\"=2\"><\/button><button class=\"glide__bullet\" data-glide-dir=\"=3\"><\/button><\/div><div class=\"glide__arrows\" data-glide-el=\"controls\"><button class=\"glide__arrow glide__arrow--left\" data-glide-dir=\"<\"><span class=\"screen-reader-text\">Anterior<\/span><div><svg xmlns=\"http:\/\/www.w3.org\/2000\/svg\" width=\"18\" height=\"18\" viewBox=\"0 0 24 24\"><path fill=\"#fff\" d=\"M0 12l10.975 11 2.848-2.828-6.176-6.176H24v-3.992H7.646l6.176-6.176L10.975 1 0 12z\"><\/path><\/svg><\/div><\/button><button class=\"glide__arrow glide__arrow--right\" data-glide-dir=\"&gt;\"><span class=\"screen-reader-text\">Siguiente<\/span><div><svg xmlns=\"http:\/\/www.w3.org\/2000\/svg\" width=\"18\" height=\"18\" viewBox=\"0 0 24 24\"><path fill=\"#fff\" d=\"M24 12l-10.975 11-2.848-2.828 6.176-6.176H0v-3.992h16.354l-6.176-6.176L13.025 1 24 12z\"><\/path><\/svg><\/div><\/button><\/div><\/div>\n\n\n\n<div class=\"wp-block-columns is-layout-flex wp-container-core-columns-is-layout-08c01c1c wp-block-columns-is-layout-flex\">\n<div class=\"wp-block-column is-vertically-aligned-center is-layout-flow wp-block-column-is-layout-flow\" style=\"flex-basis:40%\">\n<div style=\"height:42px\" aria-hidden=\"true\" class=\"wp-block-spacer\"><\/div>\n\n\n\n<figure class=\"wp-block-image aligncenter size-full is-resized\"><img loading=\"lazy\" decoding=\"async\" width=\"617\" height=\"221\" src=\"https:\/\/ferqui.com\/wp-content\/uploads\/2025\/03\/lagos.png\" alt=\"\" class=\"wp-image-3586\" style=\"width:420px\"><\/figure>\n\n\n\n<div style=\"height:28px\" aria-hidden=\"true\" class=\"wp-block-spacer\"><\/div>\n\n\n\n<figure class=\"wp-block-image size-full\"><img loading=\"lazy\" decoding=\"async\" width=\"943\" height=\"418\" src=\"https:\/\/ferqui.com\/wp-content\/uploads\/2025\/03\/LAGOS-FERQUI-INT.jpg\" alt=\"\" class=\"wp-image-3512\" srcset=\"https:\/\/ferqui.com\/wp-content\/uploads\/2025\/03\/LAGOS-FERQUI-INT.jpg 943w, https:\/\/ferqui.com\/wp-content\/uploads\/2025\/03\/LAGOS-FERQUI-INT-800x355.jpg 800w, https:\/\/ferqui.com\/wp-content\/uploads\/2025\/03\/LAGOS-FERQUI-INT-768x340.jpg 768w\" sizes=\"auto, (max-width: 943px) 100vw, 943px\" \/><\/figure>\n\n\n\n<ul class=\"wp-block-list has-small-font-size\">\n<li>Motore elettrico sincrono a magneti permanenti, 140 kW e 400 Nm di coppia.<\/li>\n\n\n\n<li>Configurazione modulare di 3 batterie da 37 kWh ciascuna. Totale 111 kWh (300 km di autonomia). <\/li>\n\n\n\n<li>Peso massimo (PTT): 7,2 tonnellate<\/li>\n\n\n\n<li>Tecnologia delle batterie: tecnologia NMC agli ioni di litio, con elevata densit\u00e0 di energia (265 Wh\/kg) ed elevato rapporto tra energia utilizzabile e installata (95%).<\/li>\n\n\n\n<li>Modalit\u00e0 di ricarica 2 e 3: monofase AC (230 V) e trifase (400 V).<\/li>\n\n\n\n<li>Punto di ricarica sulla parte anteriore del veicolo.<\/li>\n\n\n\n<li style=\"margin-top:var(--wp--preset--spacing--30)\">Dimensioni:<br> Lunghezza: 8.721 mm<br> Larghezza: 2.350 mm<br> Altezza: 3.061 mm<\/li>\n\n\n\n<li style=\"margin-top:0.75rem\">MAPPA: 7.200 kg<\/li>\n<\/ul>\n\n\n\n<p class=\"has-text-align-center has-small-font-size\">Modello Iveco e-Daily<\/p>\n<\/div>\n\n\n\n<div class=\"wp-block-column is-layout-flow wp-block-column-is-layout-flow\" style=\"flex-basis:60%\">\n<div style=\"height:42px\" aria-hidden=\"true\" class=\"wp-block-spacer\"><\/div>\n\n\n\n<p class=\"has-white-color has-primary-background-color has-text-color has-background\">FERQUI LAGOS 100% ELETTRICO<\/p>\n\n\n\n<p class=\"has-small-font-size\">Il midibus elettrico configurato con il modello di carrozzeria Ferqui Lagos su telaio Iveco e-Daily si presenta come una soluzione all&#8217;avanguardia per il trasporto urbano, i percorsi pendolari e a media percorrenza, coniugando tecnologia avanzata, sostenibilit\u00e0 ed efficienza. Sviluppato per offrire un&#8217;esperienza di mobilit\u00e0 moderna, pulita e confortevole, questo veicolo segna una pietra miliare nella transizione verso ambienti pi\u00f9 ecologici e sostenibili. <\/p>\n\n\n\n<p class=\"has-small-font-size\">Uno degli aspetti pi\u00f9 importanti del midibus elettrico di Lagos \u00e8 il suo sistema di propulsione 100% elettrico, che lo rende un&#8217;opzione completamente priva di emissioni. Operando senza combustibili fossili, elimina l&#8217;emissione di gas inquinanti come l&#8217;anidride carbonica (CO2), contribuendo al miglioramento della qualit\u00e0 dell&#8217;aria nelle citt\u00e0. Questo tipo di veicolo, non generando inquinamento acustico, permette anche la creazione di un ambiente urbano pi\u00f9 silenzioso e salubre.  <\/p>\n\n\n\n<p class=\"has-small-font-size\">Inoltre, l&#8217;utilizzo di batterie di ultima generazione nel telaio dell&#8217;Iveco eDaily garantisce una maggiore efficienza energetica, fornendo un&#8217;autonomia sufficiente per i percorsi urbani, pendolari e di media distanza senza comprometterne le prestazioni. In questo modo, le citt\u00e0 possono passare a un modello di trasporto pi\u00f9 pulito, con un impatto ambientale minimo. <\/p>\n\n\n\n<p class=\"has-small-font-size\">Ferqui Lagos si distingue anche per il buon rapporto tra il numero di posti a sedere e il peso massimo autorizzato del veicolo, che lo rende il veicolo pi\u00f9 leggero sul mercato nel suo segmento. La sua struttura integrale in alluminio ad alta resistenza consente un risparmio di circa 500 kg rispetto al suo equivalente in propulsione Diesel. A seconda della configurazione, questo modello pu\u00f2 ospitare tra i 25 e i 33 passeggeri, con la versione da 29 posti pi\u00f9 conducente che viene presentata per il premio della rivista Viajeros 2025; Un perfetto equilibrio tra capacit\u00e0 di carico e design compatto. La sua disposizione interna \u00e8 progettata per massimizzare il comfort dei viaggiatori, con sedili comodi e ampio spazio per muoversi.   <\/p>\n\n\n\n<p class=\"has-small-font-size\">Il design del pannello consente di raggiungere livelli di isolamento acustico esterno superiori agli standard di mercato.<\/p>\n\n\n\n<p class=\"has-small-font-size\">Grazie al suo design ottimizzato, il midibus \u00e8 ideale per percorsi urbani, pendolari e di media percorrenza, come quelli che collegano quartieri, aree residenziali e centri commerciali. Inoltre, \u00e8 prevista la configurazione per il servizio delle persone a mobilit\u00e0 ridotta, il che la rende un&#8217;opzione che garantisce l&#8217;accessibilit\u00e0 per tutti. <\/p>\n\n\n\n<p class=\"has-small-font-size\">Il telaio dell&#8217;Iveco eDaily, su cui \u00e8 montata la carrozzeria del Ferqui Lagos, \u00e8 rinomato per la sua robustezza e affidabilit\u00e0. Rinomata per la sua durata e capacit\u00e0 di resistere a condizioni operative difficili, questa fondazione fornisce un&#8217;eccellente piattaforma per lo sviluppo di un veicolo elettrico che non \u00e8 solo efficiente, ma anche robusto. Il risultato \u00e8 un midibus dalla struttura affidabile, in grado di sostenere il peso delle batterie e garantire prestazioni ottimali per tutto il suo ciclo di vita.  <\/p>\n\n\n\n<p class=\"has-small-font-size\">Con il midibus elettrico Iveco eDaily Ferqui Lagos su un telaio, le citt\u00e0 non solo riescono a muoversi verso un sistema di trasporto pi\u00f9 ecologico, ma migliorano anche l&#8217;efficienza operativa e riducono i costi a lungo termine. Grazie alla sua tecnologia elettrica, i costi di manutenzione ed energia sono notevolmente ridotti rispetto ai tradizionali veicoli a combustione. Questo lo rende un&#8217;opzione interessante sia per gli operatori di trasporto che per gli utenti stessi, che beneficiano di un trasporto pubblico pi\u00f9 accessibile, economico ed ecologico.  <\/p>\n\n\n\n<p class=\"has-small-font-size\">In breve, il midibus elettrico Iveco eDaily Ferqui Lagos su telaio rappresenta un importante passo avanti nel trasporto urbano, pendolare e a media distanza. Le sue emissioni zero, l&#8217;eccellente numero di posti a sedere e il rapporto di peso totale, insieme alla tecnologia avanzata, lo rendono uno strumento essenziale per creare un futuro pi\u00f9 verde promuovendo una mobilit\u00e0 pi\u00f9 efficiente e pulita. <\/p>\n<\/div>\n<\/div>\n\n\n\n<div class=\"wp-block-columns is-layout-flex wp-container-core-columns-is-layout-28f84493 wp-block-columns-is-layout-flex\">\n<div class=\"wp-block-column is-layout-flow wp-block-column-is-layout-flow\"><\/div>\n<\/div>\n\n\n\n<figure class=\"wp-block-image size-large\"><img loading=\"lazy\" decoding=\"async\" width=\"1600\" height=\"700\" src=\"https:\/\/ferqui.com\/wp-content\/uploads\/2025\/03\/PLANOS-LAGOS-1600x700.jpg\" alt=\"\" class=\"wp-image-3517\" srcset=\"https:\/\/ferqui.com\/wp-content\/uploads\/2025\/03\/PLANOS-LAGOS-1600x700.jpg 1600w, https:\/\/ferqui.com\/wp-content\/uploads\/2025\/03\/PLANOS-LAGOS-800x350.jpg 800w, https:\/\/ferqui.com\/wp-content\/uploads\/2025\/03\/PLANOS-LAGOS-768x336.jpg 768w, https:\/\/ferqui.com\/wp-content\/uploads\/2025\/03\/PLANOS-LAGOS-1536x672.jpg 1536w, https:\/\/ferqui.com\/wp-content\/uploads\/2025\/03\/PLANOS-LAGOS-2048x896.jpg 2048w\" sizes=\"auto, (max-width: 1600px) 100vw, 1600px\" \/><\/figure>\n\n\n\n<div class=\"wp-block-columns alignfull has-text-color has-background is-layout-flex wp-container-core-columns-is-layout-28f84493 wp-block-columns-is-layout-flex\" style=\"color:#000000;background-color:#ffffff\">\n<div class=\"wp-block-column is-layout-flow wp-block-column-is-layout-flow\">\n<p class=\"has-white-color has-primary-background-color has-text-color has-background\" style=\"padding-top:0.25em;padding-right:1em;padding-bottom:0.25em;padding-left:1em\"><strong>DOTAZIONI STANDARD<\/strong><\/p>\n\n\n\n<ul class=\"wp-block-list\">\n<li>Carrozzeria Lagos su Iveco e-daily<\/li>\n\n\n\n<li>29 sedili reclinabili in ecopelle con finiture e cintura a 3 punti Tutte le et\u00e0<\/li>\n\n\n\n<li>Sedile guida originale Iveco<\/li>\n\n\n\n<li>1 porta di servizio elettrica<\/li>\n\n\n\n<li>1 porta di emergenza sul lato destro<\/li>\n\n\n\n<li>2 botole di uscita di emergenza sul tetto e praticabili<\/li>\n<\/ul>\n<\/div>\n\n\n\n<div class=\"wp-block-column is-layout-flow wp-block-column-is-layout-flow\">\n<p class=\"has-white-color has-text-color\" style=\"padding-top:0.25em;padding-right:1em;padding-bottom:0.25em;padding-left:1em\"><\/p>\n\n\n\n<ul class=\"wp-block-list\">\n<li>Aria condizionata a soffitto<\/li>\n\n\n\n<li>Riscaldamento termoconvettori<\/li>\n\n\n\n<li>Radio CD-mic con bluetooth<\/li>\n\n\n\n<li>Microfono del conducente<\/li>\n\n\n\n<li>USB,s sui fianchi interni<\/li>\n\n\n\n<li>Portapacchi leggero per il bagaglio a mano<\/li>\n<\/ul>\n<\/div>\n\n\n\n<div class=\"wp-block-column is-layout-flow wp-block-column-is-layout-flow\">\n<p class=\"has-white-color has-text-color\" style=\"padding-top:0.25em;padding-right:1em;padding-bottom:0.25em;padding-left:1em\"><\/p>\n\n\n\n<ul class=\"wp-block-list\">\n<li>Attivazione automatica delle luci esterne e interne del veicolo<\/li>\n\n\n\n<li>Vetri laterali singoli con manine<\/li>\n\n\n\n<li>Vernice esterna in colore bianco di base<\/li>\n\n\n\n<li>Adattato alle normative sul trasporto scolastico<\/li>\n\n\n\n<li>Sistema di avviso di deviazione dalla corsia<\/li>\n<\/ul>\n<\/div>\n<\/div>\n\n\n\n<div class=\"wp-block-columns alignfull has-text-color has-background is-layout-flex wp-container-core-columns-is-layout-b6100464 wp-block-columns-is-layout-flex\" style=\"color:#000000;background-color:#ffffff\">\n<div class=\"wp-block-column is-layout-flow wp-block-column-is-layout-flow\">\n<figure class=\"wp-block-image size-full\"><img loading=\"lazy\" decoding=\"async\" width=\"1157\" height=\"606\" src=\"https:\/\/ferqui.com\/wp-content\/uploads\/2025\/03\/LAGOS-FERQUI-INTERIOR-2.jpg\" alt=\"\" class=\"wp-image-3522\" srcset=\"https:\/\/ferqui.com\/wp-content\/uploads\/2025\/03\/LAGOS-FERQUI-INTERIOR-2.jpg 1157w, https:\/\/ferqui.com\/wp-content\/uploads\/2025\/03\/LAGOS-FERQUI-INTERIOR-2-800x419.jpg 800w, https:\/\/ferqui.com\/wp-content\/uploads\/2025\/03\/LAGOS-FERQUI-INTERIOR-2-768x402.jpg 768w\" sizes=\"auto, (max-width: 1157px) 100vw, 1157px\" \/><\/figure>\n<\/div>\n\n\n\n<div class=\"wp-block-column is-layout-flow wp-block-column-is-layout-flow\">\n<p class=\"has-white-color has-primary-background-color has-text-color has-background\" style=\"padding-top:0.25em;padding-right:1em;padding-bottom:0.25em;padding-left:1em\"><strong>CONFIGURAZIONI<\/strong> *<\/p>\n\n\n\n<ul class=\"wp-block-list\">\n<li>Scuola: 29 + C (versione che viene presentata per il premio della rivista Viajeros 2025)<\/li>\n\n\n\n<li>PRM PT: Adatto per PRM con doppia porta posteriore<\/li>\n<\/ul>\n\n\n\n<p class=\"autobus__ficha-tecnica has-white-color has-primary-background-color has-text-color has-background\" style=\"margin-top:var(--wp--preset--spacing--40);padding-top:0.25em;padding-right:1em;padding-bottom:0.25em;padding-left:1em\"><a href=\"https:\/\/ferqui.com\/wp-content\/uploads\/2025\/03\/FICHA_LAGOS_ESP.pdf\" target=\"_blank\" rel=\"noreferrer noopener\"><strong>FOGLIO<\/strong> <img loading=\"lazy\" decoding=\"async\" width=\"40\" height=\"40\" class=\"wp-image-3453\" style=\"width: 40px;\" src=\"https:\/\/ferqui.com\/wp-content\/uploads\/2025\/03\/pdf.png\" alt=\"\" srcset=\"https:\/\/ferqui.com\/wp-content\/uploads\/2025\/03\/pdf.png 512w, https:\/\/ferqui.com\/wp-content\/uploads\/2025\/03\/pdf-500x500.png 500w\" sizes=\"auto, (max-width: 40px) 100vw, 40px\" \/><\/a><\/p>\n\n\n\n<p class=\"autobus__video has-white-color has-primary-background-color has-text-color has-background\" style=\"margin-top:var(--wp--preset--spacing--40);padding-top:0.25em;padding-right:1em;padding-bottom:0.25em;padding-left:1em\"><a href=\"https:\/\/ferqui.com\/wp-content\/uploads\/2025\/03\/ferqui_lagos_esp.mp4\" target=\"_blank\" rel=\"noreferrer noopener\"><strong>GUARDA IL VIDEO<\/strong> <img loading=\"lazy\" decoding=\"async\" width=\"40\" height=\"40\" class=\"wp-image-3457\" style=\"width: 40px;\" src=\"https:\/\/ferqui.com\/wp-content\/uploads\/2025\/03\/boton-de-play.png\" alt=\"\" srcset=\"https:\/\/ferqui.com\/wp-content\/uploads\/2025\/03\/boton-de-play.png 512w, https:\/\/ferqui.com\/wp-content\/uploads\/2025\/03\/boton-de-play-500x500.png 500w\" sizes=\"auto, (max-width: 40px) 100vw, 40px\" \/><\/a><\/p>\n<\/div>\n<\/div>\n","protected":false},"excerpt":{"rendered":"<p>Modello Iveco e-Daily FERQUI LAGOS 100% ELETTRICO Il midibus elettrico configurato con il modello di carrozzeria Ferqui Lagos su telaio Iveco e-Daily si presenta come una soluzione all&#8217;avanguardia per il trasporto urbano, i percorsi pendolari e a media percorrenza, coniugando tecnologia avanzata, sostenibilit\u00e0 ed efficienza. Sviluppato per offrire un&#8217;esperienza di mobilit\u00e0 moderna, pulita e confortevole, [&hellip;]<\/p>\n","protected":false},"author":1,"featured_media":0,"parent":0,"menu_order":0,"comment_status":"closed","ping_status":"closed","template":"","meta":{"footnotes":""},"class_list":["post-3544","page","type-page","status-publish","hentry"],"_links":{"self":[{"href":"https:\/\/ferqui.com\/it\/wp-json\/wp\/v2\/pages\/3544","targetHints":{"allow":["GET"]}}],"collection":[{"href":"https:\/\/ferqui.com\/it\/wp-json\/wp\/v2\/pages"}],"about":[{"href":"https:\/\/ferqui.com\/it\/wp-json\/wp\/v2\/types\/page"}],"author":[{"embeddable":true,"href":"https:\/\/ferqui.com\/it\/wp-json\/wp\/v2\/users\/1"}],"replies":[{"embeddable":true,"href":"https:\/\/ferqui.com\/it\/wp-json\/wp\/v2\/comments?post=3544"}],"version-history":[{"count":2,"href":"https:\/\/ferqui.com\/it\/wp-json\/wp\/v2\/pages\/3544\/revisions"}],"predecessor-version":[{"id":3593,"href":"https:\/\/ferqui.com\/it\/wp-json\/wp\/v2\/pages\/3544\/revisions\/3593"}],"wp:attachment":[{"href":"https:\/\/ferqui.com\/it\/wp-json\/wp\/v2\/media?parent=3544"}],"curies":[{"name":"wp","href":"https:\/\/api.w.org\/{rel}","templated":true}]}}