{"id":4028,"date":"2024-07-31T09:13:59","date_gmt":"2024-07-31T07:13:59","guid":{"rendered":"https:\/\/ferqui.com\/vendite\/condizioni-di-garanzia\/"},"modified":"2025-05-12T11:39:25","modified_gmt":"2025-05-12T09:39:25","slug":"condizioni-di-garanzia","status":"publish","type":"page","link":"https:\/\/ferqui.com\/it\/condizioni-di-garanzia\/","title":{"rendered":"Condizioni di garanzia"},"content":{"rendered":"\n<div class=\"wp-block-group has-global-padding is-layout-constrained wp-block-group-is-layout-constrained\">\n<p class=\"has-text-align-justify\"><strong>CARROCER\u00cdAS FERQUI, S.L. (FERQUI) comunica<\/strong> le presenti Condizioni di Garanzia per la carrozzeria e i sistemi installati dal produttore della carrozzeria per il telaio allegato, secondo i termini e le condizioni indicate.<\/p>\n\n\n\n<p class=\"has-text-align-justify\">La garanzia rilasciata da <strong>CARROCER\u00cdAS FERQUI, S.L.<\/strong>, in qualit\u00e0 di produttore della carrozzeria, copre le aree e gli impianti elencati in questo documento.<br\/><br\/>L&#8217;emissione delle presenti Condizioni di Garanzia da parte del legale rappresentante dell&#8217;azienda indicato nella casella &#8220;Dati Cliente&#8221; comporta:<\/p>\n\n\n\n<ol class=\"wp-block-list\">\n<li>Accettazione della garanzia ai sensi del presente documento, accettando espressamente le esclusioni in esso contenute.<\/li>\n\n\n\n<li>Ricezione dei manuali d&#8217;uso e manutenzione del veicolo e delle attrezzature in esso installate.<\/li>\n\n\n\n<li>Conoscenza della rete di officine autorizzate da FERQUI a cui rivolgersi in caso di necessit\u00e0 di intervento in garanzia.<\/li>\n\n\n\n<li>L&#8217;impegno del cliente o dell&#8217;officina a informare FERQUI via e-mail all&#8217;indirizzo: postventa@ferqui.com, l&#8217;incidente nel prodotto entro un periodo inferiore a quindici (15) giorni di calendario dalla comparsa dell&#8217;incidente. In caso contrario, il cliente sar\u00e0 responsabile di eventuali danni causati dal ritardo nella comunicazione. <\/li>\n\n\n\n<li>Il cliente comunicher\u00e0 in modo affidabile a FERQUI l&#8217;identit\u00e0 degli acquirenti successivi del veicolo sopra descritto, al fine di mantenere la validit\u00e0 della presente garanzia per il periodo rimanente in quel momento.<\/li>\n\n\n\n<li>Il periodo di garanzia terminer\u00e0 entro i termini e le condizioni indicati nel presente documento. Tali termini saranno calcolati a partire dalla data di emissione del presente documento, che dovr\u00e0 essere firmato dal cliente e timbrato da FERQUI, al momento della consegna del veicolo carrozzato. L&#8217;invio del documento all&#8217;indirizzo e-mail del cliente o la sua consegna fisica, nel caso in cui non vi sia una risposta espressa entro un termine massimo di sette (7) giorni, dar\u00e0 luogo all&#8217;accettazione tacita delle presenti Condizioni.  <\/li>\n\n\n\n<li>I periodi di garanzia indicati nel presente documento non saranno sospesi per nessun motivo, essendo in ogni caso conteggiati di data in data.<\/li>\n\n\n\n<li>Il cliente autorizza le officine della rete ufficiale FERQUI a inviare a questa societ\u00e0 le parti sostituite negli interventi di garanzia, ai fini del loro successivo studio e analisi.<\/li>\n\n\n\n<li>Qualsiasi riparazione che voglia essere effettuata in officine al di fuori della rete ufficiale deve essere preventivamente avvisata e ricevere espressa approvazione.<\/li>\n\n\n\n<li>In ogni caso, saranno esclusi dalla garanzia i seguenti articoli:\n<ul class=\"wp-block-list\">\n<li>Spese di viaggio, di viaggio, di alloggio, di soggiorno, costi fissi\/variabili per l&#8217;elaborazione di garanzie e\/o sinistri, costi per l&#8217;individuazione di guasti e\/o per l&#8217;ispezione in caso di sinistro non applicabile, veicoli sostitutivi, veicoli ausiliari, altre spese derivanti dall&#8217;immobilizzazione del veicolo, trasferimenti di veicoli o costi di traino a seguito di guasto del veicolo,  materiali di riparazione non forniti da FERQUI, spese relative alle operazioni di manutenzione determinate di volta in volta nei manuali di cui ai punti sul retro, parti e assiemi soggetti a normale usura, nessuna operazione di manutenzione o materiali.<\/li>\n<\/ul>\n<\/li>\n\n\n\n<li>La garanzia decade quando si sono verificati danni dovuti a urti, incidenti, uso improprio e\/o interventi di qualsiasi tipo effettuati da terzi non autorizzati per iscritto da FERQUI o sono stati modificati e\/o sostituiti componenti non originali FERQUI. Allo stesso modo, si perder\u00e0 anche la validit\u00e0 della garanzia, quando la carrozzeria viene maneggiata e\/o stoccata in condizioni non ottimali per la sua conservazione. <\/li>\n\n\n\n<li>Non saranno accettate in garanzia modifiche o riparazioni di elementi, installazioni (totali o parziali) e\/o sistemi del veicolo diversi da quelli richiesti nell&#8217;ordine di acquisto della carrozzeria.<\/li>\n\n\n\n<li>FERQUI \u00e8 esonerata da ogni responsabilit\u00e0 e obbligo per eventuali danni a persone o cose, che dovessero verificarsi durante l&#8217;uso dei prodotti forniti e a causa o dipendenza da essi, a condizione che sia dimostrato che i requisiti normativi stabiliti sono stati rispettati, avendo usato la dovuta diligenza. FERQUI \u00e8 esonerata da ogni responsabilit\u00e0 nel caso in cui i danni derivino da azioni fraudolente o negligenti degli utenti. <\/li>\n<\/ol>\n\n\n\n<p class=\"has-text-align-right\"><br\/><strong>CARROCER\u00cdAS FERQUI, S. L.<\/strong><\/p>\n<\/div>\n\n<div class=\"wp-block-group has-global-padding is-layout-constrained wp-block-group-is-layout-constrained\" style=\"margin-top:var(--wp--preset--spacing--40);margin-bottom:var(--wp--preset--spacing--40)\">\n<h3 class=\"wp-block-heading\">Durata della garanzia<\/h3>\n\n\n\n<p>Viene offerta una garanzia di due (2) anni che copre i seguenti elementi, sistemi e componenti, senza includere le esclusioni e le riduzioni che compaiono in questo documento e anche nei manuali di istruzioni, uso e manutenzione di quelli menzionati di seguito: Aria condizionata o aria condizionata, Riscaldamento, Piattaforma elevatrice per PRM (Persone a Mobilit\u00e0 Ridotta),  Rampa PRM (Persone a Mobilit\u00e0 Ridotta), porta di servizio servoassistita, impianto audio e video.<br\/><br\/><strong>Resistenza della struttura.<\/strong><br\/>Il mantenimento delle condizioni di resistenza della struttura \u00e8 garantito in conformit\u00e0 alla normativa vigente al momento della sua prima immatricolazione.<\/p>\n\n\n\n<div class=\"wp-block-columns is-layout-flex wp-container-core-columns-is-layout-28f84493 wp-block-columns-is-layout-flex\">\n<div class=\"wp-block-column is-vertically-aligned-center is-layout-flow wp-block-column-is-layout-flow\" style=\"flex-basis:15%\">\n<p class=\"has-text-align-center\"><strong>Esclusioni<\/strong><\/p>\n<\/div>\n\n\n\n<div class=\"wp-block-column is-layout-flow wp-block-column-is-layout-flow\" style=\"flex-basis:85%\">\n<ul class=\"wp-block-list has-cyan-bluish-gray-background-color has-background\">\n<li>La guida continua o puntuale del veicolo in condizioni di carico diverse da quelle determinate nella scheda tecnica o la sua destinazione per un uso diverso da quello convenzionale: trasporto di passeggeri su autostrade, strade e strade idonee alla circolazione di veicoli pesanti.<\/li>\n\n\n\n<li>Danni alla struttura causati dalla mancata manutenzione o dalla mancata buona conservazione di elementi e\/o sistemi che attenuano o isolano le vibrazioni.<\/li>\n\n\n\n<li>Le conseguenze derivate dalla mancanza di manutenzione o condizione in modo che possa influenzare direttamente o indirettamente la struttura o il mancato rispetto delle condizioni sopra definite.<\/li>\n<\/ul>\n<\/div>\n<\/div>\n<\/div>\n\n<div class=\"wp-block-group has-global-padding is-layout-constrained wp-block-group-is-layout-constrained\" style=\"margin-top:var(--wp--preset--spacing--40);margin-bottom:var(--wp--preset--spacing--40)\">\n<h3 class=\"wp-block-heading\">Protezione dalla corrosione della struttura<\/h3>\n\n\n\n<p>La protezione anticorrosione della struttura \u00e8 garantita al fine di mantenerne i parametri di resistenza in condizioni climatiche e di uso comune in Europa.<\/p>\n\n\n\n<div class=\"wp-block-columns is-layout-flex wp-container-core-columns-is-layout-28f84493 wp-block-columns-is-layout-flex\">\n<div class=\"wp-block-column is-vertically-aligned-center is-layout-flow wp-block-column-is-layout-flow\" style=\"flex-basis:15%\">\n<p class=\"has-text-align-center\"><strong>Esclusioni<\/strong><\/p>\n<\/div>\n\n\n\n<div class=\"wp-block-column is-layout-flow wp-block-column-is-layout-flow\" style=\"flex-basis:85%\">\n<ul class=\"wp-block-list has-cyan-bluish-gray-background-color has-background\">\n<li>Danni causati dalla mancata manutenzione del piano terra o dalla mancanza di diligenza nel riparare i danni allo stesso.<\/li>\n\n\n\n<li>Danni causati da attacchi chimici o fisici con conseguenti danni alla protezione dalla corrosione.<\/li>\n<\/ul>\n<\/div>\n<\/div>\n<\/div>\n\n<div class=\"wp-block-group has-global-padding is-layout-constrained wp-container-core-group-is-layout-7ba72ce2 wp-block-group-is-layout-constrained\" style=\"margin-top:var(--wp--preset--spacing--40);margin-bottom:var(--wp--preset--spacing--40)\">\n<h3 class=\"wp-block-heading\">Pittura<\/h3>\n\n\n\n<p>Il buono stato della vernice della carrozzeria \u00e8 garantito entro i normali parametri ogni volta che vengono segnalati incidenti al responsabile post-vendita FERQUI, non appena vengono rilevati. Il periodo di garanzia specificato non deve essere interrotto a causa della notifica di carenze, del risarcimento delle spese derivanti da una riparazione o di lavori di riparazione eseguiti sulla fornitura di materiali di rivestimento a scopo di riparazione. <\/p>\n\n\n\n<div class=\"wp-block-columns is-layout-flex wp-container-core-columns-is-layout-28f84493 wp-block-columns-is-layout-flex\">\n<div class=\"wp-block-column is-vertically-aligned-center is-layout-flow wp-block-column-is-layout-flow\" style=\"flex-basis:15%\">\n<p class=\"has-text-align-center\"><strong>Esclusioni<\/strong><\/p>\n<\/div>\n\n\n\n<div class=\"wp-block-column is-layout-flow wp-block-column-is-layout-flow\" style=\"flex-basis:85%\">\n<ul class=\"wp-block-list has-cyan-bluish-gray-background-color has-background\">\n<li>Danni indiretti e\/o perdita di profitto causati da incidenti con la vernice della carrozzeria.<\/li>\n\n\n\n<li>Danni meccanici (graffi, abrasioni, scheggiature, ammaccature, urti di pietre o animali) e\/o danni causati da incidenti.<\/li>\n\n\n\n<li>Scolorimento (perdita di tonalit\u00e0) causato da escrementi di uccelli e\/o immobilizzazione con esposizione ai raggi UV per un periodo superiore a 6 mesi.<\/li>\n\n\n\n<li>Danni alla vernice dovuti all&#8217;uso di prodotti chimici o abrasivi per la pulizia o all&#8217;applicazione di cere non adatte all&#8217;uso su carrozzerie, nonch\u00e9 danni causati da fattori atmosferici (pioggia, piogge acide, grandine, ecc.).<\/li>\n<\/ul>\n<\/div>\n<\/div>\n<\/div>\n\n<div class=\"wp-block-group has-global-padding is-layout-constrained wp-block-group-is-layout-constrained\" style=\"margin-top:var(--wp--preset--spacing--40);margin-bottom:var(--wp--preset--spacing--40)\">\n<h3 class=\"wp-block-heading\">Apparecchiature audio e video<\/h3>\n\n\n\n<p>Le apparecchiature audio e video sono garantite a condizione che siano soddisfatte le seguenti condizioni: Le condizioni d&#8217;uso e di sicurezza per le quali il dispositivo \u00e8 stato progettato e installato devono essere mantenute (vedere il manuale utente del produttore).<\/p>\n\n\n\n<div class=\"wp-block-columns is-layout-flex wp-container-core-columns-is-layout-28f84493 wp-block-columns-is-layout-flex\">\n<div class=\"wp-block-column is-vertically-aligned-center is-layout-flow wp-block-column-is-layout-flow\" style=\"flex-basis:15%\">\n<p class=\"has-text-align-center\"><strong>Esclusioni<\/strong><\/p>\n<\/div>\n\n\n\n<div class=\"wp-block-column is-layout-flow wp-block-column-is-layout-flow\" style=\"flex-basis:85%\">\n<ul class=\"wp-block-list has-cyan-bluish-gray-background-color has-background\">\n<li>Danni a elementi o componenti dell&#8217;apparecchiatura prodotti direttamente o indirettamente da cause esterne e\/o mancanza di manutenzione (stabiliti nel manuale).<\/li>\n\n\n\n<li>La sostituzione di parti con altre non originali del produttore della carrozzeria e\/o sostituite o riparate da personale di officine autorizzate FERQUI.<\/li>\n\n\n\n<li>Danni causati da un uso improprio dell&#8217;attrezzatura.<\/li>\n\n\n\n<li>Danni causati dalla manipolazione dell&#8217;attrezzatura da parte di personale che non fa parte della rete di officine autorizzate FERQUI.<\/li>\n<\/ul>\n<\/div>\n<\/div>\n<\/div>\n\n<div class=\"wp-block-group has-global-padding is-layout-constrained wp-block-group-is-layout-constrained\" style=\"margin-top:var(--wp--preset--spacing--40);margin-bottom:var(--wp--preset--spacing--40)\">\n<h3 class=\"wp-block-heading\">Tenuta stagna<\/h3>\n\n\n\n<p>Assicurarsi che l&#8217;acqua non penetri nell&#8217;abitacolo, nel cassetto della batteria o nelle stive in condizioni normali di pioggia e lavaggio delicato.<\/p>\n\n\n\n<div class=\"wp-block-columns is-layout-flex wp-container-core-columns-is-layout-28f84493 wp-block-columns-is-layout-flex\">\n<div class=\"wp-block-column is-vertically-aligned-center is-layout-flow wp-block-column-is-layout-flow\" style=\"flex-basis:15%\">\n<p class=\"has-text-align-center\"><strong>Esclusioni<\/strong><\/p>\n<\/div>\n\n\n\n<div class=\"wp-block-column is-layout-flow wp-block-column-is-layout-flow\" style=\"flex-basis:85%\">\n<ul class=\"wp-block-list has-cyan-bluish-gray-background-color has-background\">\n<li>La copertura dei concetti di cui sopra \u00e8 esclusa se i finestrini o il parabrezza sono stati sostituiti in officine non autorizzate da FERQUI, in quanto ci\u00f2 potrebbe comportare perdite di perdita.<\/li>\n\n\n\n<li>L&#8217;uso improprio di detergenti o detergenti che attaccano i giunti sigillati e le gomme sigillanti comporta la perdita della garanzia di tenuta.<\/li>\n\n\n\n<li>Infiltrazioni d&#8217;acqua dovute a una cattiva chiusura delle porte o dei cancelli.<\/li>\n<\/ul>\n<\/div>\n<\/div>\n<\/div>\n\n<div class=\"wp-block-group has-global-padding is-layout-constrained wp-block-group-is-layout-constrained\" style=\"margin-top:var(--wp--preset--spacing--40);margin-bottom:var(--wp--preset--spacing--40)\">\n<h3 class=\"wp-block-heading\">Impianti elettrici<\/h3>\n\n\n\n<p>E&#8217; garantito il mantenimento del servizio e le condizioni di sicurezza che consentono il funzionamento dei diversi organi, sistemi e dispositivi elettrici di potenza, in un normale utilizzo della carrozzeria.<\/p>\n\n\n\n<div class=\"wp-block-columns is-layout-flex wp-container-core-columns-is-layout-28f84493 wp-block-columns-is-layout-flex\">\n<div class=\"wp-block-column is-vertically-aligned-center is-layout-flow wp-block-column-is-layout-flow\" style=\"flex-basis:15%\">\n<p class=\"has-text-align-center\"><strong>Esclusioni<\/strong><\/p>\n<\/div>\n\n\n\n<div class=\"wp-block-column is-layout-flow wp-block-column-is-layout-flow\" style=\"flex-basis:85%\">\n<ul class=\"wp-block-list has-cyan-bluish-gray-background-color has-background\">\n<li>La mancanza di attenzione o cura in elementi che possono direttamente o indirettamente influenzare l&#8217;impianto elettrico comporter\u00e0 la perdita della garanzia su di esso.<\/li>\n\n\n\n<li>L&#8217;uso improprio o la sostituzione di elementi elettrici o di altro tipo che possano, direttamente o indirettamente, pregiudicare la sicurezza del veicolo e il corretto funzionamento degli elementi, nonch\u00e9 pregiudicarne lo stato di conservazione, comporteranno la decadenza della garanzia sugli stessi.<\/li>\n\n\n\n<li>L&#8217;installazione di elementi esterni a FERQUI, di cui non \u00e8 stata lasciata alcuna preinstallazione, senza l&#8217;espresso consenso dell&#8217;allestitore.<\/li>\n<\/ul>\n<\/div>\n<\/div>\n<\/div>\n\n<div class=\"wp-block-group has-global-padding is-layout-constrained wp-block-group-is-layout-constrained\" style=\"margin-top:var(--wp--preset--spacing--40);margin-bottom:var(--wp--preset--spacing--40)\">\n<h3 class=\"wp-block-heading\">Parabrezza e finestrini<\/h3>\n\n\n\n<p>I parabrezza sono garantiti per mantenere la visibilit\u00e0 e proteggere dalla pioggia e dal vento apparente creati durante la guida.<\/p>\n\n\n\n<div class=\"wp-block-columns is-layout-flex wp-container-core-columns-is-layout-28f84493 wp-block-columns-is-layout-flex\">\n<div class=\"wp-block-column is-vertically-aligned-center is-layout-flow wp-block-column-is-layout-flow\" style=\"flex-basis:15%\">\n<p class=\"has-text-align-center\"><strong>Esclusioni<\/strong><\/p>\n<\/div>\n\n\n\n<div class=\"wp-block-column is-layout-flow wp-block-column-is-layout-flow\" style=\"flex-basis:85%\">\n<ul class=\"wp-block-list has-cyan-bluish-gray-background-color has-background\">\n<li>Danni causati da: l&#8217;uso di prodotti abrasivi, sbalzi di temperatura che influiscono sui vetri del veicolo e\/o danni causati da urti esterni o interni.<\/li>\n\n\n\n<li>Perdita di visibilit\u00e0 o aspetto visivo dovuta a cause derivate da un attacco fisico o chimico.<\/li>\n<\/ul>\n<\/div>\n<\/div>\n<\/div>\n\n<div class=\"wp-block-group has-global-padding is-layout-constrained wp-block-group-is-layout-constrained\" style=\"margin-top:var(--wp--preset--spacing--40);margin-bottom:var(--wp--preset--spacing--40)\">\n<h3 class=\"wp-block-heading\">Sedili<\/h3>\n\n\n\n<p>E&#8217; garantito il mantenimento delle condizioni d&#8217;uso e dell&#8217;estetica per cui i sedili sono stati progettati.<\/p>\n\n\n\n<div class=\"wp-block-columns is-layout-flex wp-container-core-columns-is-layout-28f84493 wp-block-columns-is-layout-flex\">\n<div class=\"wp-block-column is-vertically-aligned-center is-layout-flow wp-block-column-is-layout-flow\" style=\"flex-basis:15%\">\n<p class=\"has-text-align-center\"><strong>Esclusioni<\/strong><\/p>\n<\/div>\n\n\n\n<div class=\"wp-block-column is-layout-flow wp-block-column-is-layout-flow\" style=\"flex-basis:85%\">\n<ul class=\"wp-block-list has-cyan-bluish-gray-background-color has-background\">\n<li>Danni causati dall&#8217;abrasione dei tessuti in normali condizioni d&#8217;uso.<\/li>\n\n\n\n<li>Attacco fisico o chimico dovuto a manutenzione e\/o pulizia impropria.<\/li>\n\n\n\n<li>Atti di vandalismo o condizioni d&#8217;uso insolite.<\/li>\n<\/ul>\n<\/div>\n<\/div>\n<\/div>\n\n<div class=\"wp-block-file\"><a href=\"https:\/\/ferqui.com\/wp-content\/uploads\/2024\/07\/24-07-24-CONDICIONES-GARANTIA-DE-FERQUI-WEB.pdf\" class=\"wp-block-file__button wp-element-button\" download=\"\">Scarica le Condizioni di Garanzia<\/a><\/div>\n\n<p class=\"has-text-align-right\"><br\/><strong>CARROCER\u00cdAS FERQUI, S. L.<\/strong><\/p>\n","protected":false},"excerpt":{"rendered":"<p>CARROCER\u00cdAS FERQUI, S.L. (FERQUI) comunica le presenti Condizioni di Garanzia per la carrozzeria e i sistemi installati dal produttore della carrozzeria per il telaio allegato, secondo i termini e le condizioni indicate. La garanzia rilasciata da CARROCER\u00cdAS FERQUI, S.L., in qualit\u00e0 di produttore della carrozzeria, copre le aree e gli impianti elencati in questo documento. [&hellip;]<\/p>\n","protected":false},"author":1,"featured_media":0,"parent":0,"menu_order":0,"comment_status":"closed","ping_status":"closed","template":"","meta":{"footnotes":""},"class_list":["post-4028","page","type-page","status-publish","hentry"],"_links":{"self":[{"href":"https:\/\/ferqui.com\/it\/wp-json\/wp\/v2\/pages\/4028","targetHints":{"allow":["GET"]}}],"collection":[{"href":"https:\/\/ferqui.com\/it\/wp-json\/wp\/v2\/pages"}],"about":[{"href":"https:\/\/ferqui.com\/it\/wp-json\/wp\/v2\/types\/page"}],"author":[{"embeddable":true,"href":"https:\/\/ferqui.com\/it\/wp-json\/wp\/v2\/users\/1"}],"replies":[{"embeddable":true,"href":"https:\/\/ferqui.com\/it\/wp-json\/wp\/v2\/comments?post=4028"}],"version-history":[{"count":1,"href":"https:\/\/ferqui.com\/it\/wp-json\/wp\/v2\/pages\/4028\/revisions"}],"predecessor-version":[{"id":4029,"href":"https:\/\/ferqui.com\/it\/wp-json\/wp\/v2\/pages\/4028\/revisions\/4029"}],"wp:attachment":[{"href":"https:\/\/ferqui.com\/it\/wp-json\/wp\/v2\/media?parent=4028"}],"curies":[{"name":"wp","href":"https:\/\/api.w.org\/{rel}","templated":true}]}}